{"id":70,"date":"2020-12-11T13:36:15","date_gmt":"2020-12-11T12:36:15","guid":{"rendered":"http:\/\/dev.imj-prg.fr\/doctorants\/?page_id=70"},"modified":"2025-07-08T14:54:13","modified_gmt":"2025-07-08T12:54:13","slug":"etre-agregee-en-these","status":"publish","type":"page","link":"https:\/\/www.imj-prg.fr\/doctorants\/etre-agregee-en-these\/","title":{"rendered":"\u00catre agr\u00e9g\u00e9-e en th\u00e8se"},"content":{"rendered":"\n<p>Article en cours d\u2019\u00e9dition. Toutes les remarques, conseils sont les bienvenus. Cette page a pour but d\u2019\u00e9claircir les d\u00e9marches administratives \u00e0 suivre pour les doctorant-es et post-doctorantes agr\u00e9g\u00e9-es.<\/p>\n\n\n\n<p><br><strong>Validation du stage d\u2019agr\u00e9gation par le monitorat :<\/strong><\/p>\n\n\n\n<p>Il est possible de valider son stage d&rsquo;agr\u00e9gation pendant la th\u00e8se. Pour cela, il faut r\u00e9aliser 128h d\u2019enseignement en monitorat sur une dur\u00e9e de deux ans. Les missions d\u2019enseignement classiques propos\u00e9es \u00e0 l\u2019universit\u00e9 sont de 64h par an. <strong>Attention, il n&rsquo;est pas possible de valider son stage en r\u00e9alisant des vacations.<\/strong><\/p>\n\n\n\n<p>Des pages explicatives des modalit\u00e9s alternatives d&rsquo;accomplissement du stage se trouve sur le <a href=\"https:\/\/sial.adc.education.fr\/sial\/media\/guide\/00-option.htm\" data-type=\"link\" data-id=\"https:\/\/sial.adc.education.fr\/sial\/media\/guide\/00-option.htm\">site de l&rsquo;application SIAL<\/a> et sur le <a href=\"https:\/\/www.ac-paris.fr\/les-doctorants-contractuels-et-aters-fonctionnaires-stagiaires-125450\" data-type=\"link\" data-id=\"https:\/\/www.ac-paris.fr\/les-doctorants-contractuels-et-aters-fonctionnaires-stagiaires-125450\">site de l&rsquo;acad\u00e9mie de Paris<\/a>.<\/p>\n\n\n\n<p>En d\u00e9but de premi\u00e8re ann\u00e9e, il est n\u00e9cessaire d&rsquo;envoyer \u00e0 la Direction G\u00e9n\u00e9rale des Ressources Humaines des personnels du second degr\u00e9 du minist\u00e8re de l\u2019\u00c9ducation Nationale une copie de votre contrat doctoral afin d\u2019\u00eatre nomm\u00e9 stagiaire dans l\u2019acad\u00e9mie de Paris (ou dans une autre acad\u00e9mie).<\/p>\n\n\n\n<p>Il faudra ensuite transmettre les avenants au contrat doctoral justifiant de vos missions d\u2019enseignement au rectorat de l\u2019acad\u00e9mie dans laquelle vous \u00eates stagiaire (division des personnels enseignants du second degr\u00e9) afin de valider votre stage. Ces avenants sont en g\u00e9n\u00e9ral r\u00e9dig\u00e9 entre la mi-octobre et novembre, chaque ann\u00e9e o\u00f9 se d\u00e9roule la mission d&rsquo;enseignement.<\/p>\n\n\n\n<p>En premi\u00e8re ann\u00e9e, vous ne pourrez donc probablement pas envoyer tous ces documents d\u2019un coup : envoyer ce que vous pouvez.<\/p>\n\n\n\n<p>Il est \u00e0 noter que vous devez aussi obtenir une confirmation que vous \u00eates bien en cong\u00e9 sans solde pendant la dur\u00e9e de votre contrat doctoral sinon, vous avez peut-\u00eatre \u00e9t\u00e9 affect\u00e9 dans un \u00e9tablissement, et si vous n\u2019y \u00eates pas, la situation est \u00e0 clarifier le plus rapidement possible. En cas de bourde, si vous \u00eates affect\u00e9 \u00e0 un poste en coll\u00e8ge ou lyc\u00e9e, alors que vous avez fait une demande de disponibilit\u00e9, r\u00e9f\u00e9rez-vous au document ci-dessous pour faire un recours (allez tout de m\u00eame enseigner dans le secondaire le temps de r\u00e9gler votre situation afin de ne pas perdre votre agr\u00e9gation pour abandon de poste).<\/p>\n\n\n\n<p><strong>Conserver son agr\u00e9gation, lors d\u2019une poursuite d\u2019\u00e9tude doctorale, au del\u00e0 du contrat doctoral initial :<\/strong><\/p>\n\n\n\n<p>Vous souhaitez faire un ATER ou un post-doc, mais aussi conserver le b\u00e9n\u00e9fice de l\u2019agr\u00e9gation ? C\u2019est en g\u00e9n\u00e9ral possible, mais pas toujours \u00e9vident.<br>Pour vous aider, voici les conseils et d\u00e9marches pas-\u00e0-pas d\u2019un ancien doctorant :<a href=\"https:\/\/www.imj-prg.fr\/doctorants\/IMG\/pdf\/detachement.pdf\"><\/a><\/p>\n\n\n\n<div class=\"wp-block-file\"><a href=\"http:\/\/dev.imj-prg.fr\/doctorants\/wp-content\/uploads\/sites\/14\/2020\/12\/detachement.pdf\">D\u00e9tachement<\/a><a href=\"http:\/\/dev.imj-prg.fr\/doctorants\/wp-content\/uploads\/sites\/14\/2020\/12\/detachement.pdf\" class=\"wp-block-file__button wp-element-button\" download>T\u00e9l\u00e9charger<\/a><\/div>\n","protected":false},"excerpt":{"rendered":"<p>Article en cours d\u2019\u00e9dition. Toutes les remarques, conseils sont les bienvenus. Cette page a pour but d\u2019\u00e9claircir les d\u00e9marches administratives \u00e0 suivre pour les doctorant-es et post-doctorantes agr\u00e9g\u00e9-es. Validation du stage d\u2019agr\u00e9gation par le monitorat : Il est possible de valider son stage d&rsquo;agr\u00e9gation pendant la th\u00e8se. Pour cela, il faut r\u00e9aliser 128h d\u2019enseignement en [&hellip;]<\/p>\n","protected":false},"author":1,"featured_media":0,"parent":0,"menu_order":0,"comment_status":"closed","ping_status":"closed","template":"","meta":{"footnotes":""},"class_list":["post-70","page","type-page","status-publish","hentry"],"_links":{"self":[{"href":"https:\/\/www.imj-prg.fr\/doctorants\/wp-json\/wp\/v2\/pages\/70","targetHints":{"allow":["GET"]}}],"collection":[{"href":"https:\/\/www.imj-prg.fr\/doctorants\/wp-json\/wp\/v2\/pages"}],"about":[{"href":"https:\/\/www.imj-prg.fr\/doctorants\/wp-json\/wp\/v2\/types\/page"}],"author":[{"embeddable":true,"href":"https:\/\/www.imj-prg.fr\/doctorants\/wp-json\/wp\/v2\/users\/1"}],"replies":[{"embeddable":true,"href":"https:\/\/www.imj-prg.fr\/doctorants\/wp-json\/wp\/v2\/comments?post=70"}],"version-history":[{"count":7,"href":"https:\/\/www.imj-prg.fr\/doctorants\/wp-json\/wp\/v2\/pages\/70\/revisions"}],"predecessor-version":[{"id":517,"href":"https:\/\/www.imj-prg.fr\/doctorants\/wp-json\/wp\/v2\/pages\/70\/revisions\/517"}],"wp:attachment":[{"href":"https:\/\/www.imj-prg.fr\/doctorants\/wp-json\/wp\/v2\/media?parent=70"}],"curies":[{"name":"wp","href":"https:\/\/api.w.org\/{rel}","templated":true}]}}