{"id":83,"date":"2020-12-16T10:47:57","date_gmt":"2020-12-16T09:47:57","guid":{"rendered":"http:\/\/dev.imj-prg.fr\/doctorants\/?page_id=83"},"modified":"2021-09-01T11:30:04","modified_gmt":"2021-09-01T09:30:04","slug":"formalites-administratives","status":"publish","type":"page","link":"https:\/\/www.imj-prg.fr\/doctorants\/formalites-administratives\/","title":{"rendered":"Formalit\u00e9s administratives"},"content":{"rendered":"\n<p>En premier lieu, il faut s\u2019inscrire \u00e0 l\u2019universit\u00e9 via le site<\/p>\n\n\n\n<p><a href=\"https:\/\/www.sorbonne-universite.fr\/offre-de-formation\/candidater-et-sinscrire\">https:\/\/www.sorbonne-universite.fr\/offre-de-formation\/candidater-et-sinscrire<\/a><\/p>\n\n\n\n<p>Vous trouverez plus d\u2019informations sur le site de l\u2019ifd\u00a0:<\/p>\n\n\n\n<p><a href=\"https:\/\/www.sorbonne-universite.fr\/recherche-et-innovation\/le-doctorat\/demarches-administratives\/inscriptions-reinscriptions-en\">https:\/\/www.sorbonne-universite.fr\/recherche-et-innovation\/le-doctorat\/demarches-administratives\/inscriptions-reinscriptions-en<\/a><\/p>\n\n\n\n<p>Vous obtiendrez ainsi votre carte d\u2019\u00e9tudiant.<\/p>\n\n\n\n<p>Ensuite, votre directeur de th\u00e8se doit contacter le chef de projet de son \u00e9quipe pour lui signaler votre arriv\u00e9e. Ce dernier vous contacte alors pour \u00e9tablir une demande d\u2019ouverture de compte mail \u00e0 votre nom,<strong> indispensable pour la suite<\/strong>.<br>Votre mail professionnel sera de la forme pr\u00e9nom.nom@imj-prg.fr.<\/p>\n\n\n\n<p>Il vous sera indiqu\u00e9, apr\u00e8s votre inscription \u00e0 l\u2019universit\u00e9, la proc\u00e9dure \u00e0 suivre pour signer son contrat doctoral et s\u2019inscrire \u00e0 l\u2019\u00e9cole doctorale.<\/p>\n","protected":false},"excerpt":{"rendered":"<p>En premier lieu, il faut s\u2019inscrire \u00e0 l\u2019universit\u00e9 via le site https:\/\/www.sorbonne-universite.fr\/offre-de-formation\/candidater-et-sinscrire Vous trouverez plus d\u2019informations sur le site de l\u2019ifd\u00a0: https:\/\/www.sorbonne-universite.fr\/recherche-et-innovation\/le-doctorat\/demarches-administratives\/inscriptions-reinscriptions-en Vous obtiendrez ainsi votre carte d\u2019\u00e9tudiant. Ensuite, votre directeur de th\u00e8se doit contacter le chef de projet de son \u00e9quipe pour lui signaler votre arriv\u00e9e. Ce dernier vous contacte alors pour \u00e9tablir une [&hellip;]<\/p>\n","protected":false},"author":1,"featured_media":0,"parent":0,"menu_order":0,"comment_status":"closed","ping_status":"closed","template":"","meta":{"footnotes":""},"class_list":["post-83","page","type-page","status-publish","hentry"],"_links":{"self":[{"href":"https:\/\/www.imj-prg.fr\/doctorants\/wp-json\/wp\/v2\/pages\/83","targetHints":{"allow":["GET"]}}],"collection":[{"href":"https:\/\/www.imj-prg.fr\/doctorants\/wp-json\/wp\/v2\/pages"}],"about":[{"href":"https:\/\/www.imj-prg.fr\/doctorants\/wp-json\/wp\/v2\/types\/page"}],"author":[{"embeddable":true,"href":"https:\/\/www.imj-prg.fr\/doctorants\/wp-json\/wp\/v2\/users\/1"}],"replies":[{"embeddable":true,"href":"https:\/\/www.imj-prg.fr\/doctorants\/wp-json\/wp\/v2\/comments?post=83"}],"version-history":[{"count":3,"href":"https:\/\/www.imj-prg.fr\/doctorants\/wp-json\/wp\/v2\/pages\/83\/revisions"}],"predecessor-version":[{"id":231,"href":"https:\/\/www.imj-prg.fr\/doctorants\/wp-json\/wp\/v2\/pages\/83\/revisions\/231"}],"wp:attachment":[{"href":"https:\/\/www.imj-prg.fr\/doctorants\/wp-json\/wp\/v2\/media?parent=83"}],"curies":[{"name":"wp","href":"https:\/\/api.w.org\/{rel}","templated":true}]}}