{"id":87,"date":"2020-12-16T10:51:33","date_gmt":"2020-12-16T09:51:33","guid":{"rendered":"http:\/\/dev.imj-prg.fr\/doctorants\/?page_id=87"},"modified":"2021-08-31T11:35:04","modified_gmt":"2021-08-31T09:35:04","slug":"demande-de-bureau-jussieu","status":"publish","type":"page","link":"https:\/\/www.imj-prg.fr\/doctorants\/demande-de-bureau-jussieu\/","title":{"rendered":"Demande de bureau Jussieu"},"content":{"rendered":"\n<p>Une fois votre adresse mail obtenue, vous devez contacter le bureau des doctorants <span class=\"has-inline-color has-vivid-cyan-blue-color\">bdd-jussieu(AT)imj-prg.fr<\/span> pour l\u2019attribution d\u2019un bureau sur le site Jussieu, en mettant en copie votre directeur de th\u00e8se.<\/p>\n\n\n\n<p>Ce dernier vous r\u00e9pondra d\u00e8s l\u2019obtention de votre clef, il faudra alors aller la chercher sur l\u2019endroit intitul\u00e9 \u00ab\u00a0service des clefs\u00a0\u00bb sur le plan ci dessous.<\/p>\n\n\n\n<div class=\"wp-block-file\"><a href=\"https:\/\/www.imj-prg.fr\/doctorants\/wp-content\/uploads\/sites\/14\/2020\/12\/acces_imj-prg_1_.pdf\">Plan<\/a><a href=\"https:\/\/www.imj-prg.fr\/doctorants\/wp-content\/uploads\/sites\/14\/2020\/12\/acces_imj-prg_1_.pdf\" class=\"wp-block-file__button\" download>T\u00e9l\u00e9charger<\/a><\/div>\n","protected":false},"excerpt":{"rendered":"<p>Une fois votre adresse mail obtenue, vous devez contacter le bureau des doctorants bdd-jussieu(AT)imj-prg.fr pour l\u2019attribution d\u2019un bureau sur le site Jussieu, en mettant en copie votre directeur de th\u00e8se. Ce dernier vous r\u00e9pondra d\u00e8s l\u2019obtention de votre clef, il faudra alors aller la chercher sur l\u2019endroit intitul\u00e9 \u00ab\u00a0service des clefs\u00a0\u00bb sur le plan ci [&hellip;]<\/p>\n","protected":false},"author":1,"featured_media":0,"parent":0,"menu_order":0,"comment_status":"closed","ping_status":"closed","template":"","meta":{"footnotes":""},"class_list":["post-87","page","type-page","status-publish","hentry"],"_links":{"self":[{"href":"https:\/\/www.imj-prg.fr\/doctorants\/wp-json\/wp\/v2\/pages\/87","targetHints":{"allow":["GET"]}}],"collection":[{"href":"https:\/\/www.imj-prg.fr\/doctorants\/wp-json\/wp\/v2\/pages"}],"about":[{"href":"https:\/\/www.imj-prg.fr\/doctorants\/wp-json\/wp\/v2\/types\/page"}],"author":[{"embeddable":true,"href":"https:\/\/www.imj-prg.fr\/doctorants\/wp-json\/wp\/v2\/users\/1"}],"replies":[{"embeddable":true,"href":"https:\/\/www.imj-prg.fr\/doctorants\/wp-json\/wp\/v2\/comments?post=87"}],"version-history":[{"count":5,"href":"https:\/\/www.imj-prg.fr\/doctorants\/wp-json\/wp\/v2\/pages\/87\/revisions"}],"predecessor-version":[{"id":221,"href":"https:\/\/www.imj-prg.fr\/doctorants\/wp-json\/wp\/v2\/pages\/87\/revisions\/221"}],"wp:attachment":[{"href":"https:\/\/www.imj-prg.fr\/doctorants\/wp-json\/wp\/v2\/media?parent=87"}],"curies":[{"name":"wp","href":"https:\/\/api.w.org\/{rel}","templated":true}]}}