{"id":35,"date":"2020-12-17T09:29:55","date_gmt":"2020-12-17T08:29:55","guid":{"rendered":"http:\/\/dev.imj-prg.fr\/fa\/?page_id=35"},"modified":"2020-12-17T09:29:55","modified_gmt":"2020-12-17T08:29:55","slug":"presentation","status":"publish","type":"page","link":"https:\/\/www.imj-prg.fr\/fa\/presentation\/","title":{"rendered":"Pr\u00e9sentation"},"content":{"rendered":"\n<p>Le s\u00e9minaire \u201dGroupes r\u00e9ductifs et formes automorphes\u201d existe depuis les ann\u00e9es 1970. A l\u2019\u00e9poque, on y \u00e9tudiait les nouvelles m\u00e9thodes et perspectives qui venaient d\u2019appara\u0131\u0302tre dans la th\u00e9orie et qui sont associ\u00e9es au nom de Robert P. Langlands. Celles-ci faisaient une large place \u00e0 la th\u00e9orie des groupes et c\u2019est tr\u00e8s naturellement qu\u2019une bonne partie des participants au s\u00e9minaire et de ses organisateurs s\u2019est retrouv\u00e9e dans les ann\u00e9es 1980 \u00e0 l\u2019int\u00e9rieur de l\u2019\u00e9quipe de th\u00e9orie des groupes de Paris 7, que Michel Duflo venait de cr\u00e9er. Ce groupe de personnes a fini par prendre son autonomie une vingtaine d\u2019ann\u00e9es plus tard, en formant le projet \u201dFormes automorphes\u201d de l\u2019IMJ et en emmenant le s\u00e9minaire avec lui.<\/p>\n\n\n\n<p>Conform\u00e9ment \u00e0 l\u2019\u00e9volution g\u00e9n\u00e9rale de la th\u00e9orie automorphe, les sujets d\u2019\u00e9tude de l\u2019\u00e9quipe se sont diversifi\u00e9s. Si la th\u00e9orie des groupes est toujours pr\u00e9sente, on \u00e9tudie davantage les aspects plus arithm\u00e9tiques des formes automorphes. Citons quelques th\u00e8mes plus pr\u00e9cis auxquels on peut rattacher les travaux des membres de l\u2019\u00e9quipe&nbsp;:<\/p>\n\n\n\n<ul class=\"wp-block-list\"><li>formule des traces et formule des traces relative&nbsp;;<\/li><li>th\u00e9orie des repr\u00e9sentations&nbsp;;<\/li><li>th\u00e9orie des repr\u00e9sentations sur Qp , Zp , Fp&nbsp;;<\/li><li>formes modulaires p-adiques&nbsp;;<\/li><li>vari\u00e9t\u00e9s de Shimura et applications arithm\u00e9tiques&nbsp;;<\/li><li>version g\u00e9om\u00e9trique du programme de Langlands.<\/li><\/ul>\n\n\n\n<p>Naturellement, ce sont surtout ces th\u00e8mes que l\u2019on trouvera trait\u00e9s au s\u00e9minaire.<\/p>\n\n\n\n<p>L\u2019\u00e9quipe elle-m\u00eame se r\u00e9partit entre les deux sites de l\u2019IMJ&nbsp;: Jussieu (couloir 15-25, 4\u00e8me \u00e9tage) et Sophie Germain (7\u00e8me \u00e9tage). Le s\u00e9minaire a lieu alternativement en ces deux lieux, le lundi de 10h30 \u00e0 12h. Actuellement, il est organis\u00e9 par Alexis Bouthier et Benoit Stroh, le responsable de l\u2019\u00e9quipe est Pierre-Henri Chaudouard, la gestionnaire est Kahina Bencheikh, et le site web est maintenu par Christophe Cornut.<\/p>\n\n\n\n<hr class=\"wp-block-separator\" id=\"ligne-pied\"\/>\n","protected":false},"excerpt":{"rendered":"<p>Le s\u00e9minaire \u201dGroupes r\u00e9ductifs et formes automorphes\u201d existe depuis les ann\u00e9es 1970. A l\u2019\u00e9poque, on y \u00e9tudiait les nouvelles m\u00e9thodes et perspectives qui venaient d\u2019appara\u0131\u0302tre dans la th\u00e9orie et qui sont associ\u00e9es au nom de Robert P. Langlands. Celles-ci faisaient une large place \u00e0 la th\u00e9orie des groupes et c\u2019est tr\u00e8s naturellement qu\u2019une bonne partie [&hellip;]<\/p>\n","protected":false},"author":1,"featured_media":0,"parent":0,"menu_order":0,"comment_status":"closed","ping_status":"closed","template":"","meta":{"footnotes":""},"class_list":["post-35","page","type-page","status-publish","hentry"],"_links":{"self":[{"href":"https:\/\/www.imj-prg.fr\/fa\/wp-json\/wp\/v2\/pages\/35","targetHints":{"allow":["GET"]}}],"collection":[{"href":"https:\/\/www.imj-prg.fr\/fa\/wp-json\/wp\/v2\/pages"}],"about":[{"href":"https:\/\/www.imj-prg.fr\/fa\/wp-json\/wp\/v2\/types\/page"}],"author":[{"embeddable":true,"href":"https:\/\/www.imj-prg.fr\/fa\/wp-json\/wp\/v2\/users\/1"}],"replies":[{"embeddable":true,"href":"https:\/\/www.imj-prg.fr\/fa\/wp-json\/wp\/v2\/comments?post=35"}],"version-history":[{"count":1,"href":"https:\/\/www.imj-prg.fr\/fa\/wp-json\/wp\/v2\/pages\/35\/revisions"}],"predecessor-version":[{"id":36,"href":"https:\/\/www.imj-prg.fr\/fa\/wp-json\/wp\/v2\/pages\/35\/revisions\/36"}],"wp:attachment":[{"href":"https:\/\/www.imj-prg.fr\/fa\/wp-json\/wp\/v2\/media?parent=35"}],"curies":[{"name":"wp","href":"https:\/\/api.w.org\/{rel}","templated":true}]}}