{"id":4,"date":"2020-12-15T14:36:46","date_gmt":"2020-12-15T13:36:46","guid":{"rendered":"http:\/\/dev.imj-prg.fr\/fa\/?page_id=4"},"modified":"2026-01-05T11:52:46","modified_gmt":"2026-01-05T10:52:46","slug":"accueil","status":"publish","type":"page","link":"https:\/\/www.imj-prg.fr\/fa\/","title":{"rendered":"Accueil"},"content":{"rendered":"\n<div class=\"wp-block-columns is-layout-flex wp-container-core-columns-is-layout-9d6595d7 wp-block-columns-is-layout-flex\">\n<div class=\"wp-block-column is-layout-flow wp-block-column-is-layout-flow\" style=\"flex-basis:33.33%\">\n<figure class=\"wp-block-image size-large is-resized data-toggle=&quot;tooltip&quot; data-placement=&quot;bottom&quot; title=&quot;Tableau d'Anne-Marie Aubert&quot;\"><img loading=\"lazy\" decoding=\"async\" width=\"266\" height=\"400\" src=\"http:\/\/dev.imj-prg.fr\/fa\/wp-content\/uploads\/sites\/7\/2020\/12\/accueil.png\" alt=\"\" class=\"wp-image-8\" style=\"width:293px;height:441px\" title=\"Tableau d'Anne-Marie Aubert\" srcset=\"https:\/\/www.imj-prg.fr\/fa\/wp-content\/uploads\/sites\/7\/2020\/12\/accueil.png 266w, https:\/\/www.imj-prg.fr\/fa\/wp-content\/uploads\/sites\/7\/2020\/12\/accueil-200x300.png 200w\" sizes=\"auto, (max-width: 266px) 100vw, 266px\" \/><\/figure>\n<\/div>\n\n\n\n<div class=\"wp-block-column is-layout-flow wp-block-column-is-layout-flow\" style=\"flex-basis:66.66%\">\n<h3 class=\"wp-block-heading\">Equipe Formes Automorphes<\/h3>\n\n\n\n<p><strong>Responsable d\u2019\u00e9quipe\u00a0:<\/strong> <a href=\"https:\/\/perso.imj-prg.fr\/annemarie-aubert\/\">Anne-Marie Aubert<\/a><\/p>\n\n\n\n<p><strong>Responsable adjoint :<\/strong> <a href=\"https:\/\/webusers.imj-prg.fr\/~pierre-henri.chaudouard\/\">Pierre-Henri Chaudouard<\/a><br><strong>Gestionnaire\u00a0:<\/strong> Julienne Passave<\/p>\n\n\n\n<p><a href=\"https:\/\/www.imj-prg.fr\/acces\/\">Campus Jussieu (couloir 15-25, 4e \u00e9tage)<\/a> et <a href=\"https:\/\/www.imj-prg.fr\/acces\/\">B\u00e2timent Sophie Germain (6e \u00e9tage)<\/a>.<\/p>\n<\/div>\n<\/div>\n","protected":false},"excerpt":{"rendered":"<p>Equipe Formes Automorphes Responsable d\u2019\u00e9quipe\u00a0: Anne-Marie Aubert Responsable adjoint : Pierre-Henri ChaudouardGestionnaire\u00a0: Julienne Passave Campus Jussieu (couloir 15-25, 4e \u00e9tage) et B\u00e2timent Sophie Germain (6e \u00e9tage).<\/p>\n","protected":false},"author":1,"featured_media":0,"parent":0,"menu_order":0,"comment_status":"closed","ping_status":"closed","template":"","meta":{"footnotes":""},"class_list":["post-4","page","type-page","status-publish","hentry"],"_links":{"self":[{"href":"https:\/\/www.imj-prg.fr\/fa\/wp-json\/wp\/v2\/pages\/4","targetHints":{"allow":["GET"]}}],"collection":[{"href":"https:\/\/www.imj-prg.fr\/fa\/wp-json\/wp\/v2\/pages"}],"about":[{"href":"https:\/\/www.imj-prg.fr\/fa\/wp-json\/wp\/v2\/types\/page"}],"author":[{"embeddable":true,"href":"https:\/\/www.imj-prg.fr\/fa\/wp-json\/wp\/v2\/users\/1"}],"replies":[{"embeddable":true,"href":"https:\/\/www.imj-prg.fr\/fa\/wp-json\/wp\/v2\/comments?post=4"}],"version-history":[{"count":10,"href":"https:\/\/www.imj-prg.fr\/fa\/wp-json\/wp\/v2\/pages\/4\/revisions"}],"predecessor-version":[{"id":108,"href":"https:\/\/www.imj-prg.fr\/fa\/wp-json\/wp\/v2\/pages\/4\/revisions\/108"}],"wp:attachment":[{"href":"https:\/\/www.imj-prg.fr\/fa\/wp-json\/wp\/v2\/media?parent=4"}],"curies":[{"name":"wp","href":"https:\/\/api.w.org\/{rel}","templated":true}]}}