{"id":43,"date":"2020-12-17T09:32:49","date_gmt":"2020-12-17T08:32:49","guid":{"rendered":"http:\/\/dev.imj-prg.fr\/fa\/?page_id=43"},"modified":"2020-12-17T09:32:49","modified_gmt":"2020-12-17T08:32:49","slug":"seminaires","status":"publish","type":"page","link":"https:\/\/www.imj-prg.fr\/fa\/seminaires\/","title":{"rendered":"S\u00e9minaires"},"content":{"rendered":"\n<p class=\"has-text-align-right\"><a href=\"\/fa\/anciens-seminaires\/\">Historique<\/a><\/p>\n\n\n\n   <script type=\"text\/javascript\" src=\"https:\/\/www.imj-prg.fr\/js\/jquery.tablesorter.min.js\"><\/script>\n\n  \n    <div class=\"well\">\n                 \n     \t                                        \n\t\t<h2><a href ='\/gestion\/evenement\/1'>S\u00e9minaires\n     2025-2026    <\/a><\/h2>\n    <table class=\"table table-striped\">\n\n  <script type=\"text\/javascript\" id=\"js\">$(document).ready(function() {\n\n   $(\"table\").tablesorter({\n     sortList: [[0,0]]\n   });\n   });\n  }); <\/script>\n  <\/table>\n     <table  class=\"tabsem tablesorter table\"> <thead>\n      <tr>\n\t   <th> S\u00e9minaires<\/th>  <th>Responsables<\/th>  <th>Prochain <\/th><th>Prochain(s) intervenant(s)<\/th><th>Date<\/th>\n      <\/tr><\/thead>\n\t                                   \n            \n    \n\t<tr>\n\t<td><a href='\/gestion\/evenement\/affEvenement\/4'>S\u00e9minaire Groupes R\u00e9ductifs et Formes Automorphes<\/a><\/td>\n\t<td>Alexis Bouthier, Francesco Lemma<\/td>\n                  <td>Rel\u00e2che (lundi de P\u00e2ques)<\/td>\n    <td><\/td>\n    <td>06\/04\/2026 10:30 <\/td>\n                                                                                                                  <td><\/td>\n    <td><\/td>\n    <td><\/td>\n  \n\t<\/tr>          \n     \t                                            \n            \n    \n\t<tr>\n\t<td><a href='\/gestion\/evenement\/affEvenement\/82'>S\u00e9minaire Th\u00e9orie des Nombres<\/a><\/td>\n\t<td>K\u0119stutis \u010cesnavi\u010dius, Marc Hindry, Wieslawa Nizio\u0142, Cathy Swaenepoel<\/td>\n                                                                                                                  <td>Singularit\u00e9s des hypersurfaces sur les entiers $p$-adiques<\/td>\n    <td>    Marta Benozzo - IMJ-PRG,\n        <\/td>\n    <td>13\/04\/2026 14:00 <\/td>\n              \n\t<\/tr>          \n     \t       \n    \n\t<tr>\n\t<td><a href='\/gestion\/evenement\/affEvenement\/91'>S\u00e9minaire Arithmetic Geometry Preprint Seminar<\/a><\/td>\n\t<td>Yves Andr\u00e9, Javier Fres\u00e1n, Wies\u0142awa Nizio\u0142<\/td>\n                                                                                                                        <td>&quot;Global sections of equivariant line bundles on the p-adic upper half plane&quot; after Ardakov and Wadsley<\/td>\n    <td>    Raoul Hallopeau - IMJ_PRG,\n        <\/td>\n    <td>06\/05\/2026 16:00 <\/td>\n        \n\t<\/tr>          \n     \t       \n    \n\t<tr>\n\t<td><a href='\/gestion\/evenement\/affEvenement\/112'>S\u00e9minaire ANR Franco-Suisse &quot;Etiene&quot;<\/a><\/td>\n\t<td>Farrell Brumley<\/td>\n                                                                                                                            <td><\/td>\n    <td><\/td>\n    <td><\/td>\n  \n\t<\/tr>     <\/table>\n<\/div>\n\n   \n    <div class=\"well\">\n                 \n              \n              \n              \n         <\/table>\n<\/div>\n\n   \n    <div class=\"well\">\n                 \n              \n              \n              \n         <\/table>\n<\/div>\n\n   \n    <div class=\"well\">\n                 \n              \n              \n              \n         <\/table>\n<\/div>\n\n   \n    <div class=\"well\">\n                 \n              \n              \n              \n         <\/table>\n<\/div>\n\n  \n","protected":false},"excerpt":{"rendered":"<p>Historique<\/p>\n","protected":false},"author":1,"featured_media":0,"parent":0,"menu_order":0,"comment_status":"closed","ping_status":"closed","template":"","meta":{"footnotes":""},"class_list":["post-43","page","type-page","status-publish","hentry"],"_links":{"self":[{"href":"https:\/\/www.imj-prg.fr\/fa\/wp-json\/wp\/v2\/pages\/43","targetHints":{"allow":["GET"]}}],"collection":[{"href":"https:\/\/www.imj-prg.fr\/fa\/wp-json\/wp\/v2\/pages"}],"about":[{"href":"https:\/\/www.imj-prg.fr\/fa\/wp-json\/wp\/v2\/types\/page"}],"author":[{"embeddable":true,"href":"https:\/\/www.imj-prg.fr\/fa\/wp-json\/wp\/v2\/users\/1"}],"replies":[{"embeddable":true,"href":"https:\/\/www.imj-prg.fr\/fa\/wp-json\/wp\/v2\/comments?post=43"}],"version-history":[{"count":1,"href":"https:\/\/www.imj-prg.fr\/fa\/wp-json\/wp\/v2\/pages\/43\/revisions"}],"predecessor-version":[{"id":44,"href":"https:\/\/www.imj-prg.fr\/fa\/wp-json\/wp\/v2\/pages\/43\/revisions\/44"}],"wp:attachment":[{"href":"https:\/\/www.imj-prg.fr\/fa\/wp-json\/wp\/v2\/media?parent=43"}],"curies":[{"name":"wp","href":"https:\/\/api.w.org\/{rel}","templated":true}]}}