{"id":45,"date":"2020-12-17T09:33:21","date_gmt":"2020-12-17T08:33:21","guid":{"rendered":"http:\/\/dev.imj-prg.fr\/fa\/?page_id=45"},"modified":"2020-12-17T09:33:21","modified_gmt":"2020-12-17T08:33:21","slug":"theses","status":"publish","type":"page","link":"https:\/\/www.imj-prg.fr\/fa\/theses\/","title":{"rendered":"Th\u00e8ses"},"content":{"rendered":"<link rel=\"stylesheet\" type=\"text\/css\" href=\"https:\/\/cdn.datatables.net\/v\/dt\/dt-1.10.23\/datatables.min.css\"\/>\n \n<script type=\"text\/javascript\" src=\"https:\/\/cdn.datatables.net\/v\/dt\/dt-1.10.23\/datatables.min.js\"><\/script>\n\n<script>\njQuery(document).ready(function($){\n\t\n    $('#tabthese').DataTable({\n\t\tlanguage: {\turl: 'https:\/\/cdn.datatables.net\/plug-ins\/1.10.22\/i18n\/French.json'},\n\t\tpageLength: 50,\n\t\torder: [[ 2, 'desc' ]],\n\t\tdrawCallback: function(settings) {\n\t\t\tvar pagination = $(this).closest('.dataTables_wrapper').find('.dataTables_paginate');\n\t\t\tpagination.toggle(this.api().page.info().pages > 1);\n\t\t\trowCount = $('#tabthese tr').length;\n\t\t\tif(rowCount < 50){\n\t\t\t\n\t\t\t\t$( \"#tabthese_length\" ).hide();\n\t\t\t\t\n\t\t\t\t$( \"#tabthese_info\" ).text(rowCount+ ' \u00e9l\u00e9ments');\n\t\t\t}\n\t\t}\n\t\t\t\t\t\n        });\n\t} );\n<\/script>\n\t\t<table id=\"tabthese\" class=\"display\" ><thead><tr><th>Nom<\/th> <th>Titre<\/th><th>Ann\u00e9e<\/th><th>Directeur de th\u00e8se<\/th><th> <\/th><\/tr><\/thead><tr><td>Landim Thiago<\/td><td>La correspondance de Springer et les motifs<\/td><td>2025<\/td><td>Anne-Marie Aubert<\/td><td><br><a href=\"https:\/\/www.theses.fr\/s385526\">Lien theses.fr<\/a><\/td><\/tr><tr><td>Coto Mora Edward<\/td><td>Sur la conjecture de Beilinson pour certaines repr\u00e9sentations automorphes endoscopiques de GSp(4)xGL(2)<\/td><td>2024<\/td><td>Francesco Lemma<\/td><td><br><a href=\"https:\/\/www.theses.fr\/s268066\">Lien theses.fr<\/a><\/td><\/tr><tr><td>Lu Yan der<\/td><td>Comparaison des formules des traces non-invariantes : application \u00e0 la correspondance de Jacquet-Langlands<\/td><td>2024<\/td><td>Chaudouard<\/td><td><br><a href=\"https:\/\/www.theses.fr\/s261200\">Lien theses.fr<\/a><\/td><\/tr><tr><td>Qin Chuan<\/td><td>Involution for representations of Hecke algebras<\/td><td>2024<\/td><td>Anne-Marie Aubert<\/td><td><\/td><\/tr><tr><td>Eteve Arnaud<\/td><td>Faisceaux monodromiques, th\u00e9orie de Deligne-Lusztig, et cohomologie des champs de chtoucas en profondeur 0<\/td><td>2023<\/td><td>Jean-Fran\u00e7ois Dat<\/td><td><br><a href=\"https:\/\/www.theses.fr\/2023SORUS285\">Lien theses.fr<\/a><\/td><\/tr><tr><td>Alexandre Thibault<\/td><td>Cohomologie coh\u00e9rente et g\u00e9om\u00e9trie de la fibre sp\u00e9ciale des vari\u00e9t\u00e9s de Siegel<\/td><td>2022<\/td><td>Beno\u00eet Stroh<\/td><td><\/td><\/tr><tr><td>Bartling Sebastian<\/td><td>Mod\u00e8les entiers de vari\u00e9t\u00e9s de Shimura locales<\/td><td>2022<\/td><td>Laurent Fargues<\/td><td><\/td><\/tr><tr><td>Iriarte Hernan<\/td><td>Polyhedral, tropical and analytic geometry of higher rank<\/td><td>2022<\/td><td>Marco Maculan (et Omid Amini ENS)<\/td><td><\/td><\/tr><tr><td>Li Tzu-jan<\/td><td>Sur l'alg\u00e8bre d'endomorphismes des repr\u00e9sentations de Gelfand-Graev et le l-bloc unipotent de GL_2 p-adique avec l diff\u00e9rent de p<\/td><td>2022<\/td><td>Jean-Fran\u00e7ois Dat<\/td><td><br><a href=\"https:\/\/www.theses.fr\/2022SORUS271\">Lien theses.fr<\/a><\/td><\/tr><tr><td>Panetta Alex<\/td><td>R\u00e9gulateurs sup\u00e9rieurs et valeurs sp\u00e9ciales de la fonction L de degr\u00e9 huit de GSp(4)xGL(2)<\/td><td>2021<\/td><td>Francesco Lemma<\/td><td><br><a href=\"http:\/\/www.imj-prg.fr\/theses\/\/pdf\/alex_panetta.pdf\"><img decoding=\"async\" src=\"http:\/\/www.imj-prg.fr\/wp-content\/themes\/imjprg\/images\/pdf.png\"> <\/a><\/td><\/tr><tr><td>Chen Jiaming<\/td><td>Topology at infinity and atypical intersections for variations of Hodge structures<\/td><td>2020<\/td><td>Bruno Klingler<\/td><td><\/td><\/tr><tr><td>Li Huajie<\/td><td>Contributions \u00e0 la formule des traces relative de Jacquet-Guo<\/td><td>2020<\/td><td>Pierre-Henri Chaudouard<\/td><td><\/td><\/tr><tr><td>Cui Peiyi<\/td><td>Modulo l representations of p-adic groups SL?n(F)<\/td><td>2019<\/td><td>Anne-Marie AUBERT<\/td><td><\/td><\/tr><tr><td>Lanard Thomas<\/td><td>Sur les l-blocs de niveau z\u00e9ro des groupes p-adiques<\/td><td>2019<\/td><td>Jean-Fran\u00e7ois DAT<\/td><td><br><a href=\"http:\/\/www.imj-prg.fr\/theses\/\/pdf\/thomas_lanard.pdf\"><img decoding=\"async\" src=\"http:\/\/www.imj-prg.fr\/wp-content\/themes\/imjprg\/images\/pdf.png\"> <\/a><\/td><\/tr><tr><td>Mayeux Arnaud<\/td><td>Dual unitaire de GL N sur un corps local.<\/td><td>2019<\/td><td>Anne-Marie AUBERT<\/td><td><\/td><\/tr><tr><td>Szumowicz Anna<\/td><td>Doctorat de math\u00e9matiques<\/td><td>2019<\/td><td>Anne-Marie AUBERT<\/td><td><\/td><\/tr><tr><td>Trias Justin<\/td><td><\/td><td>2019<\/td><td>Alberto Minguez<\/td><td><\/td><\/tr><tr><td>Epequin chavez Jesua israel<\/td><td>Extremal representations for the finite Howe correspondence<\/td><td>2018<\/td><td>Anne-Marie Aubert<\/td><td><\/td><\/tr><tr><td>Yu Hongjie<\/td><td>Comptage des syst\u00e8mes locaux l-adiques sur unecourbe<\/td><td>2018<\/td><td>Pierre-Henri CHAUDOUARD<\/td><td><\/td><\/tr><tr><td>Gaisin Ildar<\/td><td>Contributions to the Langlands program<\/td><td>2017<\/td><td>Jean-Fran\u00e7ois Dat et Laurent Fargues<\/td><td><\/td><\/tr><tr><td>Hernandez Valentin<\/td><td>G\u00e9om\u00e9trie p-adique des vari\u00e9t\u00e9s de Shimura de type P.E.L et familles de formes automorphes<\/td><td>2017<\/td><td>Laurent Fargues et Vincent Pilloni<\/td><td><\/td><\/tr><tr><td>Le bras Arthur-c\u00e9sar<\/td><td>Anneaux de Fontaine et g\u00e9om\u00e9trie : deux exemples d?interaction<\/td><td>2017<\/td><td>Laurent Fargues - Michael Harris<\/td><td><\/td><\/tr><tr><td>Peche irissarry Macarena<\/td><td>The reduction of G-ordinary crystalline representations with G-structure\"<\/td><td>2016<\/td><td>CHRISTOPHE CORNU ET LAURENT FARGUES<\/td><td><\/td><\/tr><tr><td>Porta Mauro<\/td><td>Derived Analytic Geometry<\/td><td>2016<\/td><td>Gabriele Vezzosi et Bruno Klingler<\/td><td><\/td><\/tr><tr><td>Arancibia Nicolas<\/td><td>\"Paquets d'Arthur des repr\u00e9sentations cohomologiques\"<\/td><td>2015<\/td><td>COLETTE MOEGLIN<\/td><td><\/td><\/tr><tr><td>Chojecki Przemyslaw<\/td><td>\"p-adic Langlands program and geometry\"<\/td><td>2015<\/td><td>JEAN-FRANCOIS DAT<\/td><td><\/td><\/tr><tr><td>Daniel Jeremy<\/td><td>\"Variations de structures de Hodge lac\u00e9es et fibr\u00e9s harmoniques\"<\/td><td>2015<\/td><td>BRUNO KLINGLER<\/td><td><\/td><\/tr><tr><td>Lin Jie<\/td><td>\"Valeurs sp\u00e9ciales de Fonctions L Automorphes pour GL_n*GL_n' sur corps CM, Factorisation et Fonctorialit\u00e9 de P\u00e9riodes Arithm\u00e9tiques Automorphes\"<\/td><td>2015<\/td><td>MICHAEL HARRIS<\/td><td><\/td><\/tr><tr><td>Moussaoui Ahmed<\/td><td>\u00ab  Centre de Bernstein stable et conjecture d\u0092Aubert-Baum-Plymen-Solleveld \u00bb<\/td><td>2015<\/td><td>ANNE-MARIE AUBERT<\/td><td><\/td><\/tr><tr><td>Zydor Michal<\/td><td>Formule des traces de Jacquet-Rallis<\/td><td>2015<\/td><td>PIERRE HENRI CHAUDOUARD<\/td><td><\/td><\/tr><tr><td>Brunebarbe Yohan<\/td><td>\"Formes diff\u00e9rentielles sym\u00e9triques, variations de structures de Hodge et groupes fondamentaux des vari\u00e9t\u00e9s complexes\"<\/td><td>2014<\/td><td>BRUNO KLINGLER<\/td><td><\/td><\/tr><tr><td>Beuzart Raphael<\/td><td>\"La conjecture locale de Gan-Gross-Prasad pour les repr\u00e9sentationstemp\u00e9r\u00e9es des groupes unitaires\"<\/td><td>2013<\/td><td>JEAN-LOUP WALDSPURGER<\/td><td><\/td><\/tr><tr><td>Koskivirta Jean-stefan<\/td><td>\"Relation de congruence pour les vari\u00e9t\u00e9s de Shimura associ\u00e9es aux groupes unitaires GU(n-1,1)\"<\/td><td>2013<\/td><td>CHRISTOPHE CORNUT et HENRI Carayol<\/td><td><br><a href=\"http:\/\/www.imj-prg.fr\/theses\/\/pdf\/jean-stefan_koskivirta.pdf\"><img decoding=\"async\" src=\"http:\/\/www.imj-prg.fr\/wp-content\/themes\/imjprg\/images\/pdf.png\"> <\/a><\/td><\/tr><tr><td>Ly Tony<\/td><td>\"Repr\u00e9sentations modulo p de GL(m,D), D alg\u00e8bre \u00e0 division sur un corpslocal\"<\/td><td>2013<\/td><td>MARIE-FRANCE VIGNERAS<\/td><td><\/td><\/tr><tr><td>Wang Haoran<\/td><td>\"G\u00e9om\u00e9trie et Cohomologie de l\u0092Espace de Drinfeld et Correspondance deLanglands Locale\"<\/td><td>2013<\/td><td>JEAN-FRANCOIS DAT<\/td><td><\/td><\/tr><tr><td>Li Wen-wei<\/td><td>\"Vers une formule des traces stablepour le groupe m\u00e9taplectique\"<\/td><td>2011<\/td><td>JEAN-LOUP WALDSPURGER<\/td><td><br><a href=\"http:\/\/www.imj-prg.fr\/theses\/\/pdf\/wen-wei_li.pdf\"><img decoding=\"async\" src=\"http:\/\/www.imj-prg.fr\/wp-content\/themes\/imjprg\/images\/pdf.png\"> <\/a><\/td><\/tr><tr><td>White Paul-james romeo<\/td><td>Le produit tensoriel automorphe et l'endoscopie sur le groupe unitaire<\/td><td>2010<\/td><td>MICHAEL HARRIS<\/td><td><\/td><\/tr><tr><td>Ollivier Rachel<\/td><td>Modules sur l'alg\u00e8bre de Hecke du pro-p-Iwahori de GL_n (F) en caract\u00e9ristique p<\/td><td>2005<\/td><td>MARIE-FRANCE VIGNERAS<\/td><td><br><a href=\"http:\/\/www.imj-prg.fr\/theses\/\/pdf\/rachel_ollivier.pdf\"><img decoding=\"async\" src=\"http:\/\/www.imj-prg.fr\/wp-content\/themes\/imjprg\/images\/pdf.png\"> <\/a><\/td><\/tr><tr><td>Chenevier Gaetan<\/td><td>Familles p-adiques de formes automorphes et applications aux conjectures de Bloch-Kato<\/td><td>2003<\/td><td>MICHAEL HARRIS<\/td><td><br><a href=\"http:\/\/www.imj-prg.fr\/theses\/\/pdf\/gaetan_chenevier.pdf\"><img decoding=\"async\" src=\"http:\/\/www.imj-prg.fr\/wp-content\/themes\/imjprg\/images\/pdf.png\"> <\/a><\/td><\/tr><tr><td>Chaudouard Pierre-henri<\/td><td>La formule des traces pour les alg\u00e8bres de Lie et applications<\/td><td>2002<\/td><td>JEAN-LOUP WALDSPURGER<\/td><td><\/td><\/tr><tr><td>Nguyen-chu Gia-vuong<\/td><td>Int\u00e9grales orbitales unipotentes stables et transformations de Satake<\/td><td>2002<\/td><td>JEAN-LOUP WALDSPURGER<\/td><td><\/td><\/tr><tr><td>Fargues Laurent<\/td><td>Correspondances de Langlands locales dans la cohomologie des espaces de Rapoport-Zink<\/td><td>2001<\/td><td>MICHAEL HARRIS<\/td><td><br><a href=\"http:\/\/www.imj-prg.fr\/theses\/\/pdf\/laurent_fargues.pdf\"><img decoding=\"async\" src=\"http:\/\/www.imj-prg.fr\/wp-content\/themes\/imjprg\/images\/pdf.png\"> <\/a><\/td><\/tr><tr><td>Dat Jean-fran\u00e7ois<\/td><td>Repr\u00e9sentations modulaires de type fini des groupes p-adiques<\/td><td>2000<\/td><td>MARIE-FRANCE VIGNERAS<\/td><td><\/td><\/tr><tr><td>Quibel Yann<\/td><td><\/td><td>1995<\/td><td>COLETTE MOEGLIN<\/td><td><\/td><\/tr><\/table>\n","protected":false},"excerpt":{"rendered":"","protected":false},"author":1,"featured_media":0,"parent":0,"menu_order":0,"comment_status":"closed","ping_status":"closed","template":"","meta":{"footnotes":""},"class_list":["post-45","page","type-page","status-publish","hentry"],"_links":{"self":[{"href":"https:\/\/www.imj-prg.fr\/fa\/wp-json\/wp\/v2\/pages\/45","targetHints":{"allow":["GET"]}}],"collection":[{"href":"https:\/\/www.imj-prg.fr\/fa\/wp-json\/wp\/v2\/pages"}],"about":[{"href":"https:\/\/www.imj-prg.fr\/fa\/wp-json\/wp\/v2\/types\/page"}],"author":[{"embeddable":true,"href":"https:\/\/www.imj-prg.fr\/fa\/wp-json\/wp\/v2\/users\/1"}],"replies":[{"embeddable":true,"href":"https:\/\/www.imj-prg.fr\/fa\/wp-json\/wp\/v2\/comments?post=45"}],"version-history":[{"count":1,"href":"https:\/\/www.imj-prg.fr\/fa\/wp-json\/wp\/v2\/pages\/45\/revisions"}],"predecessor-version":[{"id":46,"href":"https:\/\/www.imj-prg.fr\/fa\/wp-json\/wp\/v2\/pages\/45\/revisions\/46"}],"wp:attachment":[{"href":"https:\/\/www.imj-prg.fr\/fa\/wp-json\/wp\/v2\/media?parent=45"}],"curies":[{"name":"wp","href":"https:\/\/api.w.org\/{rel}","templated":true}]}}