{"id":47,"date":"2020-12-17T09:35:15","date_gmt":"2020-12-17T08:35:15","guid":{"rendered":"http:\/\/dev.imj-prg.fr\/fa\/?page_id=47"},"modified":"2020-12-17T09:47:22","modified_gmt":"2020-12-17T08:47:22","slug":"livre","status":"publish","type":"page","link":"https:\/\/www.imj-prg.fr\/fa\/livre\/","title":{"rendered":"Livre"},"content":{"rendered":"\n<h3 class=\"wp-block-heading\">Stabilisation de la formule des traces, vari\u00e9t\u00e9s de Shimura, et applications arithm\u00e9tiques.<\/h3>\n\n\n\n<div class=\"wp-block-file\"><a href=\"http:\/\/dev.imj-prg.fr\/fa\/wp-content\/uploads\/sites\/7\/2020\/12\/Introduction.pdf\">Introduction au projet (Michael HARRIS)<\/a><a href=\"http:\/\/dev.imj-prg.fr\/fa\/wp-content\/uploads\/sites\/7\/2020\/12\/Introduction.pdf\" class=\"wp-block-file__button\" download>T\u00e9l\u00e9charger<\/a><\/div>\n\n\n\n<p>Le <a href=\"http:\/\/intlpress.com\/site\/pub\/pages\/books\/items\/00000265\/index.html\">premier tome<\/a> est paru en 2011 chez International Press.<\/p>\n\n\n\n<ul class=\"wp-block-list\"><li><strong><a href=\"\/fa\/tome-1-sur-la-stabilisation-de-la-formule-des-traces\">Tome 1\u00a0: Sur la stabilisation de la formule des traces<\/a><\/strong><\/li><li><strong><a href=\"\/fa\/tome-2-autour-des-varietes-de-shimura\">Tome 2\u00a0: Autour des vari\u00e9t\u00e9s de Shimura<\/a><\/strong><\/li><\/ul>\n","protected":false},"excerpt":{"rendered":"<p>Stabilisation de la formule des traces, vari\u00e9t\u00e9s de Shimura, et applications arithm\u00e9tiques. Le premier tome est paru en 2011 chez International Press. Tome 1\u00a0: Sur la stabilisation de la formule des traces Tome 2\u00a0: Autour des vari\u00e9t\u00e9s de Shimura<\/p>\n","protected":false},"author":1,"featured_media":0,"parent":0,"menu_order":0,"comment_status":"closed","ping_status":"closed","template":"","meta":{"footnotes":""},"class_list":["post-47","page","type-page","status-publish","hentry"],"_links":{"self":[{"href":"https:\/\/www.imj-prg.fr\/fa\/wp-json\/wp\/v2\/pages\/47","targetHints":{"allow":["GET"]}}],"collection":[{"href":"https:\/\/www.imj-prg.fr\/fa\/wp-json\/wp\/v2\/pages"}],"about":[{"href":"https:\/\/www.imj-prg.fr\/fa\/wp-json\/wp\/v2\/types\/page"}],"author":[{"embeddable":true,"href":"https:\/\/www.imj-prg.fr\/fa\/wp-json\/wp\/v2\/users\/1"}],"replies":[{"embeddable":true,"href":"https:\/\/www.imj-prg.fr\/fa\/wp-json\/wp\/v2\/comments?post=47"}],"version-history":[{"count":3,"href":"https:\/\/www.imj-prg.fr\/fa\/wp-json\/wp\/v2\/pages\/47\/revisions"}],"predecessor-version":[{"id":55,"href":"https:\/\/www.imj-prg.fr\/fa\/wp-json\/wp\/v2\/pages\/47\/revisions\/55"}],"wp:attachment":[{"href":"https:\/\/www.imj-prg.fr\/fa\/wp-json\/wp\/v2\/media?parent=47"}],"curies":[{"name":"wp","href":"https:\/\/api.w.org\/{rel}","templated":true}]}}