{"id":50,"date":"2020-12-17T09:39:15","date_gmt":"2020-12-17T08:39:15","guid":{"rendered":"http:\/\/dev.imj-prg.fr\/fa\/?page_id=50"},"modified":"2020-12-17T09:39:15","modified_gmt":"2020-12-17T08:39:15","slug":"tome-1-sur-la-stabilisation-de-la-formule-des-traces","status":"publish","type":"page","link":"https:\/\/www.imj-prg.fr\/fa\/tome-1-sur-la-stabilisation-de-la-formule-des-traces\/","title":{"rendered":"Tome 1 : Sur la stabilisation de la formule des traces"},"content":{"rendered":"\n<hr class=\"wp-block-separator\" id=\"ligne-header\"\/>\n\n\n\n<p>Ce <a href=\"http:\/\/intlpress.com\/site\/pub\/pages\/books\/items\/00000265\/index.html\">premier tome<\/a> est publi\u00e9&nbsp;!<\/p>\n\n\n\n<ol class=\"wp-block-list\"><li><a href=\"http:\/\/www.imj-prg.fr\/fa\/bpFiles\/Introduction.pdf\">Pr\u00e9sentation<\/a> du projet de livres (Michael HARRIS, pdf)<\/li><li>Introduction \u00e0 la stabilisation de la formule des traces<ol><li><a href=\"http:\/\/www.imj-prg.fr\/fa\/bpFiles\/Intro_Harris.pdf\">Introduction<\/a> (Michael HARRIS, pdf)<\/li><li><a href=\"http:\/\/www.imj-prg.fr\/fa\/bpFiles\/Labesse.pdf\">Introduction<\/a> to Endoscopy &#8211; Snowbird Lectures (Jean-Pierre LABESSE, pdf)<br>+ <a href=\"http:\/\/www.ihes.fr\/IHES\/Scientifique\/Seminaires\/seminaire-LL.html\">Expos\u00e9s<\/a> du Groupe de Travail IHES-Paris 13<\/li><\/ol><\/li><\/ol>\n\n\n\n<ol class=\"wp-block-list\"><li>Endoscopie et transfert<ol><li><a href=\"http:\/\/www.imj-prg.fr\/fa\/bpFiles\/Renard.pdf\">Endoscopy for Real Reductive Groups<\/a> (David RENARD, pdf)<\/li><li>Lemme fondamental et transfert<ol><li><a href=\"http:\/\/www.imj-prg.fr\/fa\/bpFiles\/Chaudouard.pdf\">Sur le transfert lisse des int\u00e9grales orbitales d\u2019apr\u00e8s Waldspurger<\/a> (version pr\u00e9liminaire, Pierre-Henri CHAUDOUARD, pdf)<\/li><li><a href=\"http:\/\/www.imj-prg.fr\/fa\/bpFiles\/Waldspurger2.pdf\">A propos du lemme fondamental tordu<\/a> (Jean-Loup WALDSPURGER, pdf)<\/li><\/ol><\/li><li>Le lemme fondamental, d\u2019apr\u00e8s Laumon-Ngo, cas des groupes unitaires (articles de DAT, LAUMON-NGO, NGO)<ol><li><a href=\"http:\/\/www.imj-prg.fr\/fa\/bpFiles\/DatTuan.pdf\">Lemme Fondamental pour les alg\u00e8bres de Lie d\u2019apr\u00e8s Ng\u00f4 Bao-Ch\u00e2u<\/a> (Jean-Fran\u00e7ois DAT et Ngo Dac Tuan, pdf)<\/li><li><a href=\"http:\/\/www.imj-prg.fr\/fa\/bpFiles\/Ngo.pdf\">Decomposition theorem and abelian fibration<\/a> (Ba\u00f4 Chau NG\u00d4, pdf)<\/li><\/ol><\/li><li><a href=\"http:\/\/www.imj-prg.fr\/fa\/bpFiles\/Lemaire.pdf\">Endoscopie et Changement de Caract\u00e9ristique, d\u2019apr\u00e8s Waldspurger<\/a>(Bertand LEMAIRE, pdf ou dvi)<\/li><li><a href=\"http:\/\/www.imj-prg.fr\/fa\/bpFiles\/Transfer_fl.pdf\">Transfer Principle for the Fundamental Lemma<\/a> (Raf CLUCKERS\/ Thomas HALES\/ Fran\u00e7ois LOESER, pdf)<\/li><\/ol><\/li><li>Quelques rappels de la th\u00e9orie des repr\u00e9sentations<ol><li><a href=\"http:\/\/www.imj-prg.fr\/fa\/bpFiles\/Clozel.pdf\">Identit\u00e9s de caract\u00e8res en la place archim\u00e9dienne<\/a> (Laurent CLOZEL, pdf)<\/li><li><a href=\"http:\/\/www.imj-prg.fr\/fa\/bpFiles\/Adams.pdf\">Discrete Series and Characters of the Component Group<\/a> (Jeffrey ADAMS, pdf)<\/li><li><a href=\"http:\/\/www.imj-prg.fr\/fa\/bpFiles\/Minguez.pdf\">Unramified Representations of Unitary Groups<\/a> (Alberto MINGUEZ, pdf)<\/li><li><a href=\"http:\/\/www.imj-prg.fr\/fa\/bpFiles\/Labesse3.pdf\">Un exemple simple de facteurs de transfert<\/a> (Jean-Pierre LABESSE, pdf)<\/li><\/ol><\/li><li>Quelques cas de transfert stable<ol><li><a href=\"http:\/\/www.imj-prg.fr\/fa\/bpFiles\/Labesse2.pdf\">Changement de base CM et s\u00e9ries discr\u00e8tes.<\/a> (Jean-Pierre LABESSE, pdf)<\/li><li><a href=\"http:\/\/www.imj-prg.fr\/fa\/bpFiles\/EndoTrans.pdf\">Endoscopic transfer<\/a> (Laurent CLOZEL\/ Michael HARRIS\/ Jean-Pierre LABESSE, pdf)<\/li><li><a href=\"http:\/\/www.imj-prg.fr\/fa\/bpFiles\/CloHarLab.pdf\">Construction of automorphic Galois representations, I<\/a>(Laurent CLOZEL\/ Michael HARRIS\/ Jean-Pierre LABESSE, pdf)<\/li><\/ol><\/li><\/ol>\n","protected":false},"excerpt":{"rendered":"<p>Ce premier tome est publi\u00e9&nbsp;! Pr\u00e9sentation du projet de livres (Michael HARRIS, pdf) Introduction \u00e0 la stabilisation de la formule des traces Introduction (Michael HARRIS, pdf) Introduction to Endoscopy &#8211; Snowbird Lectures (Jean-Pierre LABESSE, pdf)+ Expos\u00e9s du Groupe de Travail IHES-Paris 13 Endoscopie et transfert Endoscopy for Real Reductive Groups (David RENARD, pdf) Lemme fondamental [&hellip;]<\/p>\n","protected":false},"author":1,"featured_media":0,"parent":0,"menu_order":0,"comment_status":"closed","ping_status":"closed","template":"","meta":{"footnotes":""},"class_list":["post-50","page","type-page","status-publish","hentry"],"_links":{"self":[{"href":"https:\/\/www.imj-prg.fr\/fa\/wp-json\/wp\/v2\/pages\/50","targetHints":{"allow":["GET"]}}],"collection":[{"href":"https:\/\/www.imj-prg.fr\/fa\/wp-json\/wp\/v2\/pages"}],"about":[{"href":"https:\/\/www.imj-prg.fr\/fa\/wp-json\/wp\/v2\/types\/page"}],"author":[{"embeddable":true,"href":"https:\/\/www.imj-prg.fr\/fa\/wp-json\/wp\/v2\/users\/1"}],"replies":[{"embeddable":true,"href":"https:\/\/www.imj-prg.fr\/fa\/wp-json\/wp\/v2\/comments?post=50"}],"version-history":[{"count":1,"href":"https:\/\/www.imj-prg.fr\/fa\/wp-json\/wp\/v2\/pages\/50\/revisions"}],"predecessor-version":[{"id":51,"href":"https:\/\/www.imj-prg.fr\/fa\/wp-json\/wp\/v2\/pages\/50\/revisions\/51"}],"wp:attachment":[{"href":"https:\/\/www.imj-prg.fr\/fa\/wp-json\/wp\/v2\/media?parent=50"}],"curies":[{"name":"wp","href":"https:\/\/api.w.org\/{rel}","templated":true}]}}