{"id":21,"date":"2020-12-17T10:45:32","date_gmt":"2020-12-17T09:45:32","guid":{"rendered":"http:\/\/dev.imj-prg.fr\/gd\/?page_id=21"},"modified":"2020-12-17T11:13:54","modified_gmt":"2020-12-17T10:13:54","slug":"anciens-seminaires","status":"publish","type":"page","link":"https:\/\/www.imj-prg.fr\/gd\/anciens-seminaires\/","title":{"rendered":"Anciens s\u00e9minaires"},"content":{"rendered":"\n   <script type=\"text\/javascript\" src=\"https:\/\/www.imj-prg.fr\/js\/jquery.tablesorter.min.js\"><\/script>\n\n  \n    <div class=\"well\">\n                 \n     \t                                        \n\t\t<h2><a href ='\/gestion\/evenement\/1'>S\u00e9minaires\n        <\/a><\/h2>\n    <table class=\"table table-striped\">\n\n  <script type=\"text\/javascript\" id=\"js\">$(document).ready(function() {\n\n   $(\"table\").tablesorter({\n     sortList: [[0,0]]\n   });\n   });\n  }); <\/script>\n  <\/table>\n     <table  class=\"tabsem tablesorter table\"> <thead>\n      <tr>\n\t   <th> S\u00e9minaires<\/th>  <th>Responsables<\/th>  <th>Prochain <\/th><th>Prochain(s) intervenant(s)<\/th><th>Date<\/th>\n      <\/tr><\/thead>\n\t                                   \n            \n    \n\t<tr>\n\t<td><a href='\/gestion\/evenement\/affEvenement\/46'>S\u00e9minaire de Syst\u00e8mes Dynamiques<\/a><\/td>\n\t<td>H. Eliasson, B. Fayad, R. Krikorian, P. Le Calvez<\/td>\n                              <td>F\u00e9ri\u00e9<\/td>\n    <td><\/td>\n    <td>08\/05\/2026 14:00 <\/td>\n                                                            <td><\/td>\n    <td><\/td>\n    <td><\/td>\n  \n\t<\/tr>          \n     \t                                            \n            \n    \n\t<tr>\n\t<td><a href='\/gestion\/evenement\/affEvenement\/47'>S\u00e9minaire de G\u00e9om\u00e9trie<\/a><\/td>\n\t<td>G. Franz, L. Hauswirth, P. Laurain, R. Petrides, R. Souam<\/td>\n                                    <td>Regularity for stable phase transitions<\/td>\n    <td>    Enric FLORIT-SIMON - ETH Zurich,\n        <\/td>\n    <td>11\/05\/2026 11:00 <\/td>\n                                                  \n\t<\/tr>          \n     \t       \n    \n\t<tr>\n\t<td><a href='\/gestion\/evenement\/affEvenement\/54'>S\u00e9minaire de G\u00e9om\u00e9trie Hamiltonienne<\/a><\/td>\n\t<td>Marie-Claude Arnaud, Marc Chaperon, Maylis Irigoyen, Laurent Lazzarini, Jean-Pierre Marco.<\/td>\n                                                                                  <td><\/td>\n    <td><\/td>\n    <td><\/td>\n  \n\t<\/tr>          \n     \t       \n    \n\t<tr>\n\t<td><a href='\/gestion\/evenement\/affEvenement\/61'>S\u00e9minaire sur les Singularit\u00e9s<\/a><\/td>\n\t<td>Andr\u00e9 BELOTTO, Hussein MOURTADA, Matteo RUGGIERO, Bernard TEISSIER<\/td>\n                                                                                  <td><\/td>\n    <td><\/td>\n    <td><\/td>\n  \n\t<\/tr>          \n     \t       \n    \n\t<tr>\n\t<td><a href='\/gestion\/evenement\/affEvenement\/62'>S\u00e9minaire de g\u00e9om\u00e9trie et physique math\u00e9matique<\/a><\/td>\n\t<td>S. Barannikov, D. Bennequin, F. H\u00e9lein, J. Kouneiher, V. Roubtsov.<\/td>\n                                                                                  <td><\/td>\n    <td><\/td>\n    <td><\/td>\n  \n\t<\/tr>          \n     \t       \n    \n\t<tr>\n\t<td><a href='\/gestion\/evenement\/affEvenement\/89'>S\u00e9minaire Dynamical systems and PDEs<\/a><\/td>\n\t<td>Sergei Kuksin, Dmitrii Treschev<\/td>\n                                                                                  <td><\/td>\n    <td><\/td>\n    <td><\/td>\n  \n\t<\/tr>          \n     \t       \n    \n\t<tr>\n\t<td><a href='\/gestion\/evenement\/affEvenement\/90'>S\u00e9minaire Colloquium G\u00e9om\u00e9trie et Dynamique<\/a><\/td>\n\t<td>Y. Martinez-Maure, R. Petrides, M. Ruggiero, A. Zorich<\/td>\n                                                                                  <td><\/td>\n    <td><\/td>\n    <td><\/td>\n  \n\t<\/tr>          \n     \t       \n    \n\t<tr>\n\t<td><a href='\/gestion\/evenement\/affEvenement\/105'>S\u00e9minaire G\u00e9om\u00e9trie et dynamique dans les espaces de modules<\/a><\/td>\n\t<td>Carlos Matheus, Bram Petri, Anton Zorich<\/td>\n                                                                                  <td><\/td>\n    <td><\/td>\n    <td><\/td>\n  \n\t<\/tr>     <\/table>\n<\/div>\n\n   \n    <div class=\"well\">\n                 \n              \n              \n              \n              \n              \n              \n              \n         <\/table>\n<\/div>\n\n   \n    <div class=\"well\">\n                 \n              \n              \n              \n              \n              \n              \n              \n         <\/table>\n<\/div>\n\n   \n    <div class=\"well\">\n                 \n              \n              \n              \n              \n              \n              \n              \n         <\/table>\n<\/div>\n\n   \n    <div class=\"well\">\n                 \n              \n              \n              \n              \n              \n              \n              \n         <\/table>\n<\/div>\n\n  \n\n\n\n<ul class=\"wp-block-list\"><li><a href=\"\/gd\/archive-seminaire-de-systemes-dynamiques\">Archives &#8211; S\u00e9minaire de Syst\u00e8mes Dynamiques<\/a><\/li><li><a href=\"\/gd\/archives-seminaire-sur-les-singularites\/\">Archives &#8211; S\u00e9minaire sur les singularit\u00e9s<\/a><\/li><li><a href=\"\/gd\/archives-geometrie-hamiltonienne\/\">Archives &#8211; G\u00e9om\u00e9trie hamiltonienne<\/a><\/li><li><a href=\"\/gd\/archives-geometrie-et-physique-mathematique\/\">Archives &#8211; G\u00e9om\u00e9trie et physique math\u00e9matique<\/a><\/li><\/ul>\n\n\n\n<p><\/p>\n","protected":false},"excerpt":{"rendered":"<p>Archives &#8211; S\u00e9minaire de Syst\u00e8mes Dynamiques Archives &#8211; S\u00e9minaire sur les singularit\u00e9s Archives &#8211; G\u00e9om\u00e9trie hamiltonienne Archives &#8211; G\u00e9om\u00e9trie et physique math\u00e9matique<\/p>\n","protected":false},"author":1,"featured_media":0,"parent":0,"menu_order":0,"comment_status":"closed","ping_status":"closed","template":"","meta":{"footnotes":""},"class_list":["post-21","page","type-page","status-publish","hentry"],"_links":{"self":[{"href":"https:\/\/www.imj-prg.fr\/gd\/wp-json\/wp\/v2\/pages\/21","targetHints":{"allow":["GET"]}}],"collection":[{"href":"https:\/\/www.imj-prg.fr\/gd\/wp-json\/wp\/v2\/pages"}],"about":[{"href":"https:\/\/www.imj-prg.fr\/gd\/wp-json\/wp\/v2\/types\/page"}],"author":[{"embeddable":true,"href":"https:\/\/www.imj-prg.fr\/gd\/wp-json\/wp\/v2\/users\/1"}],"replies":[{"embeddable":true,"href":"https:\/\/www.imj-prg.fr\/gd\/wp-json\/wp\/v2\/comments?post=21"}],"version-history":[{"count":6,"href":"https:\/\/www.imj-prg.fr\/gd\/wp-json\/wp\/v2\/pages\/21\/revisions"}],"predecessor-version":[{"id":75,"href":"https:\/\/www.imj-prg.fr\/gd\/wp-json\/wp\/v2\/pages\/21\/revisions\/75"}],"wp:attachment":[{"href":"https:\/\/www.imj-prg.fr\/gd\/wp-json\/wp\/v2\/media?parent=21"}],"curies":[{"name":"wp","href":"https:\/\/api.w.org\/{rel}","templated":true}]}}