{"id":24,"date":"2020-12-17T10:48:32","date_gmt":"2020-12-17T09:48:32","guid":{"rendered":"http:\/\/dev.imj-prg.fr\/gd\/?page_id=24"},"modified":"2020-12-17T10:48:32","modified_gmt":"2020-12-17T09:48:32","slug":"seminaires","status":"publish","type":"page","link":"https:\/\/www.imj-prg.fr\/gd\/seminaires\/","title":{"rendered":"S\u00e9minaires"},"content":{"rendered":"\n<p class=\"has-text-align-right\"><a href=\"\/gd\/anciens-seminaires\">Historique<\/a><\/p>\n\n\n\n   <script type=\"text\/javascript\" src=\"https:\/\/www.imj-prg.fr\/js\/jquery.tablesorter.min.js\"><\/script>\n\n  \n    <div class=\"well\">\n                 \n     \t                                        \n\t\t<h2><a href ='\/gestion\/evenement\/1'>S\u00e9minaires\n     2025-2026    <\/a><\/h2>\n    <table class=\"table table-striped\">\n\n  <script type=\"text\/javascript\" id=\"js\">$(document).ready(function() {\n\n   $(\"table\").tablesorter({\n     sortList: [[0,0]]\n   });\n   });\n  }); <\/script>\n  <\/table>\n     <table  class=\"tabsem tablesorter table\"> <thead>\n      <tr>\n\t   <th> S\u00e9minaires<\/th>  <th>Responsables<\/th>  <th>Prochain <\/th><th>Prochain(s) intervenant(s)<\/th><th>Date<\/th>\n      <\/tr><\/thead>\n\t                                   \n            \n    \n\t<tr>\n\t<td><a href='\/gestion\/evenement\/affEvenement\/46'>S\u00e9minaire de Syst\u00e8mes Dynamiques<\/a><\/td>\n\t<td>H. Eliasson, B. Fayad, R. Krikorian, P. Le Calvez<\/td>\n                                    <td>F\u00e9ri\u00e9<\/td>\n    <td><\/td>\n    <td>08\/05\/2026 14:00 <\/td>\n                                                                                    <td><\/td>\n    <td><\/td>\n    <td><\/td>\n  \n\t<\/tr>          \n     \t                                            \n            \n    \n\t<tr>\n\t<td><a href='\/gestion\/evenement\/affEvenement\/47'>S\u00e9minaire de G\u00e9om\u00e9trie<\/a><\/td>\n\t<td>G. Franz, L. Hauswirth, P. Laurain, R. Petrides, R. Souam<\/td>\n                                          <td>Regularity for stable phase transitions<\/td>\n    <td>    Enric FLORIT-SIMON - ETH Zurich,\n        <\/td>\n    <td>11\/05\/2026 11:00 <\/td>\n                                                                          \n\t<\/tr>          \n     \t       \n    \n\t<tr>\n\t<td><a href='\/gestion\/evenement\/affEvenement\/61'>S\u00e9minaire sur les Singularit\u00e9s<\/a><\/td>\n\t<td>Andr\u00e9 BELOTTO, Hussein MOURTADA, Matteo RUGGIERO, Bernard TEISSIER<\/td>\n                                                                                                                <td><\/td>\n    <td><\/td>\n    <td><\/td>\n  \n\t<\/tr>          \n     \t       \n    \n\t<tr>\n\t<td><a href='\/gestion\/evenement\/affEvenement\/105'>S\u00e9minaire G\u00e9om\u00e9trie et dynamique dans les espaces de modules<\/a><\/td>\n\t<td>Carlos Matheus, Bram Petri, Anton Zorich<\/td>\n                                                                                                                <td><\/td>\n    <td><\/td>\n    <td><\/td>\n  \n\t<\/tr>     <\/table>\n<\/div>\n\n   \n    <div class=\"well\">\n                 \n              \n              \n              \n         <\/table>\n<\/div>\n\n   \n    <div class=\"well\">\n                 \n              \n              \n              \n         <\/table>\n<\/div>\n\n   \n    <div class=\"well\">\n                 \n              \n              \n              \n         <\/table>\n<\/div>\n\n   \n    <div class=\"well\">\n                 \n              \n              \n              \n         <\/table>\n<\/div>\n\n  \n","protected":false},"excerpt":{"rendered":"<p>Historique<\/p>\n","protected":false},"author":1,"featured_media":0,"parent":0,"menu_order":0,"comment_status":"closed","ping_status":"closed","template":"","meta":{"footnotes":""},"class_list":["post-24","page","type-page","status-publish","hentry"],"_links":{"self":[{"href":"https:\/\/www.imj-prg.fr\/gd\/wp-json\/wp\/v2\/pages\/24","targetHints":{"allow":["GET"]}}],"collection":[{"href":"https:\/\/www.imj-prg.fr\/gd\/wp-json\/wp\/v2\/pages"}],"about":[{"href":"https:\/\/www.imj-prg.fr\/gd\/wp-json\/wp\/v2\/types\/page"}],"author":[{"embeddable":true,"href":"https:\/\/www.imj-prg.fr\/gd\/wp-json\/wp\/v2\/users\/1"}],"replies":[{"embeddable":true,"href":"https:\/\/www.imj-prg.fr\/gd\/wp-json\/wp\/v2\/comments?post=24"}],"version-history":[{"count":1,"href":"https:\/\/www.imj-prg.fr\/gd\/wp-json\/wp\/v2\/pages\/24\/revisions"}],"predecessor-version":[{"id":25,"href":"https:\/\/www.imj-prg.fr\/gd\/wp-json\/wp\/v2\/pages\/24\/revisions\/25"}],"wp:attachment":[{"href":"https:\/\/www.imj-prg.fr\/gd\/wp-json\/wp\/v2\/media?parent=24"}],"curies":[{"name":"wp","href":"https:\/\/api.w.org\/{rel}","templated":true}]}}