{"id":28,"date":"2020-12-17T10:49:47","date_gmt":"2020-12-17T09:49:47","guid":{"rendered":"http:\/\/dev.imj-prg.fr\/gd\/?page_id=28"},"modified":"2020-12-17T10:49:47","modified_gmt":"2020-12-17T09:49:47","slug":"theses","status":"publish","type":"page","link":"https:\/\/www.imj-prg.fr\/gd\/theses\/","title":{"rendered":"Th\u00e8ses"},"content":{"rendered":"<link rel=\"stylesheet\" type=\"text\/css\" href=\"https:\/\/cdn.datatables.net\/v\/dt\/dt-1.10.23\/datatables.min.css\"\/>\n \n<script type=\"text\/javascript\" src=\"https:\/\/cdn.datatables.net\/v\/dt\/dt-1.10.23\/datatables.min.js\"><\/script>\n\n<script>\njQuery(document).ready(function($){\n\t\n    $('#tabthese').DataTable({\n\t\tlanguage: {\turl: 'https:\/\/cdn.datatables.net\/plug-ins\/1.10.22\/i18n\/French.json'},\n\t\tpageLength: 50,\n\t\torder: [[ 2, 'desc' ]],\n\t\tdrawCallback: function(settings) {\n\t\t\tvar pagination = $(this).closest('.dataTables_wrapper').find('.dataTables_paginate');\n\t\t\tpagination.toggle(this.api().page.info().pages > 1);\n\t\t\trowCount = $('#tabthese tr').length;\n\t\t\tif(rowCount < 50){\n\t\t\t\n\t\t\t\t$( \"#tabthese_length\" ).hide();\n\t\t\t\t\n\t\t\t\t$( \"#tabthese_info\" ).text(rowCount+ ' \u00e9l\u00e9ments');\n\t\t\t}\n\t\t}\n\t\t\t\t\t\n        });\n\t} );\n<\/script>\n\t\t<table id=\"tabthese\" class=\"display\" ><thead><tr><th>Nom<\/th> <th>Titre<\/th><th>Ann\u00e9e<\/th><th>Directeur de th\u00e8se<\/th><th> <\/th><\/tr><\/thead><tr><td>Charfi Skander<\/td><td>R\u00e9currences des sous-vari\u00e9t\u00e9s lagrangiennes et des solutions de viscosit\u00e9 sous des actions symplectiques qui d\u00e9vient la verticale<\/td><td>2025<\/td><td>Marie-Claude Arnaud codirection \u00e0 20% par Jacques F\u00e9joz<\/td><td><br><a href=\"https:\/\/www.theses.fr\/s301370\">Lien theses.fr<\/a><\/td><\/tr><tr><td>Jiang Yueting<\/td><td>Sur la r\u00e9solution des faisceaux cotangents via les id\u00e9aux de Fitting logarithmiques<\/td><td>2025<\/td><td>Andr\u00e9 Belotto da Silva<\/td><td><br><a href=\"https:\/\/www.theses.fr\/s348897\">Lien theses.fr<\/a><\/td><\/tr><tr><td>Zhu Wenhao<\/td><td>Punctual Hilbert Schemes of Irreducible Curve Singularities<\/td><td>2025<\/td><td>Hussein Mourtada<\/td><td><br><a href=\"https:\/\/www.theses.fr\/s310224\">Lien theses.fr<\/a><\/td><\/tr><tr><td>Chatal Maxime<\/td><td>Presque r\u00e9ductibilit\u00e9 des cocycles quasi-p\u00e9riodiques en classes C infinie et ultra-diff\u00e9rentiables<\/td><td>2024<\/td><td>Marie Claude Arnaud, Claire Chavaudret<\/td><td><br><a href=\"https:\/\/www.theses.fr\/s261346\">Lien theses.fr<\/a><\/td><\/tr><tr><td>Levagnini Yann<\/td><td>Log-surfaces de Riemann<\/td><td>2024<\/td><td>Ricardo Perez Marco<\/td><td><br><a href=\"https:\/\/www.theses.fr\/2024SORUS469\">Lien theses.fr<\/a><\/td><\/tr><tr><td>Martino Dorian<\/td><td>Analyse des applications p-harmoniques et des surfaces de Willmore<\/td><td>2024<\/td><td>Paul Laurain<\/td><td><br><a href=\"https:\/\/www.theses.fr\/s301266\">Lien theses.fr<\/a><\/td><\/tr><tr><td>Pan Yi<\/td><td>Renormalisation des cocycles symplectiques quasi-p\u00e9riodiques<\/td><td>2023<\/td><td>Artur Avila, Rapha\u00ebl Krikorian<\/td><td><br><a href=\"https:\/\/www.theses.fr\/2023CYUN1204\">Lien theses.fr<\/a><\/td><\/tr><tr><td>Liu Mingkun<\/td><td>Random multi-geodesics on hyperbolic surfaces<\/td><td>2022<\/td><td>Anton Zorich<\/td><td><br><a href=\"http:\/\/www.imj-prg.fr\/theses\/\/pdf\/mingkun_liu.pdf\"><img decoding=\"async\" src=\"http:\/\/www.imj-prg.fr\/wp-content\/themes\/imjprg\/images\/pdf.png\"> <\/a><\/td><\/tr><tr><td>Mohsen Zahraa<\/td><td>Cycles and paths in digraphs, monomial ideals and integer partitions<\/td><td>2022<\/td><td>Hussein Mourtada<\/td><td><br><a href=\"https:\/\/www.theses.fr\/2022UNIP7253\">Lien theses.fr<\/a><\/td><\/tr><tr><td>Pierard de Maujouy Jeremie<\/td><td>G\u00e9om\u00e9trie de Cartan g\u00e9n\u00e9ralis\u00e9e et th\u00e9orie des champs<\/td><td>2022<\/td><td>Fr\u00e9d\u00e9ric H\u00e9lein<\/td><td><\/td><\/tr><tr><td>Tr\u00e9visan Julien<\/td><td>Estimation de l'erreur dans le probl\u00e8me des points d'un r\u00e9seau<\/td><td>2022<\/td><td>Bassam Fayad<\/td><td><br><a href=\"https:\/\/www.theses.fr\/s230543\">Lien theses.fr<\/a><\/td><\/tr><tr><td>Bengus-lasnier Andrei<\/td><td>Diskoids and extensions of valuations<\/td><td>2021<\/td><td>Hussein Mourtada<\/td><td><br><a href=\"https:\/\/www.theses.fr\/2021UNIP7080\">Lien theses.fr<\/a><\/td><\/tr><tr><td>Boulvard Pierre-marie<\/td><td>M\u00e9lange pour les \u00e9quations primitives stochastiques soumises \u00e0 un bruit al\u00e9atoire born\u00e9<\/td><td>2021<\/td><td>Sergei Kuksin<\/td><td><br><a href=\"https:\/\/www.theses.fr\/2021UNIP7051\">Lien theses.fr<\/a><\/td><\/tr><tr><td>Sergeant-perthuis Gr\u00e9goire<\/td><td>Deep learning, renormalisation, adaptation, information<\/td><td>2021<\/td><td>Daniel BENNEQUIN<\/td><td><br><a href=\"https:\/\/www.theses.fr\/s180849\">Lien theses.fr<\/a><\/td><\/tr><tr><td>Trujillo amezquita Frank<\/td><td>Doctorat de Math\u00e9matiques<\/td><td>2020<\/td><td>Bassam FAYAD<\/td><td><\/td><\/tr><tr><td>Gutierrez Rodolfo<\/td><td>Combinatorial theory of the Kontsevich?Zorich cocycle<\/td><td>2019<\/td><td>Anton Zorich<\/td><td><\/td><\/tr><tr><td>Marque Nicolas<\/td><td>Espaces de modules des immersions de Willmore<\/td><td>2019<\/td><td>Paul Laurain<\/td><td><br><a href=\"http:\/\/www.imj-prg.fr\/theses\/\/pdf\/nicolas_marque.pdf\"><img decoding=\"async\" src=\"http:\/\/www.imj-prg.fr\/wp-content\/themes\/imjprg\/images\/pdf.png\"> <\/a><\/td><\/tr><tr><td>Vigneaux Juan pablo<\/td><td>TOPOLOGY OF STATISTICAL SYSTEMS : A Cohomological approach to information theory.<\/td><td>2019<\/td><td>Daniel BENNEQUIN<\/td><td><\/td><\/tr><tr><td>Julia Antoine<\/td><td>Doctorat de Math\u00e9matiques<\/td><td>2018<\/td><td>Thierry De Pauw<\/td><td><\/td><\/tr><tr><td>Vasilyev Ioann<\/td><td>On the existence for the Plateau problem in finite dimensional Banach spaces<\/td><td>2018<\/td><td>Thierry DE PAUW<\/td><td><\/td><\/tr><tr><td>Fougeron Charles<\/td><td>Exposants de Lyapunov et variations destructures de Hodge<\/td><td>2017<\/td><td>Anton Zorich<\/td><td><\/td><\/tr><tr><td>Tahar Guillaume<\/td><td>Liens-selles des surfaces plates avec p\u00f4les<\/td><td>2017<\/td><td>M. Anton Zorich - M. Artur Avila<\/td><td><\/td><\/tr><tr><td>Zhang Zhiyuan<\/td><td>On some questions in surface dynamics, partially hyperbolic systems, and reducibility<\/td><td>2017<\/td><td>Artur Avila<\/td><td><\/td><\/tr><tr><td>Afgoustidis Alexandre<\/td><td>\u00ab Repr\u00e9sentations de groupes de Lie et fonctionnement g\u00e9om\u00e9trique du cerveau \u00bb<\/td><td>2016<\/td><td>Daniel Bennequin<\/td><td><\/td><\/tr><tr><td>Fiszka Christophe<\/td><td>\"Diffusion et localisation de l'op\u00e9rateur de Schr\u00f6dinger \u00e0 potentiel quasi-p\u00e9riodique\"<\/td><td>2016<\/td><td>LAURENT FARGUES<\/td><td><\/td><\/tr><tr><td>Jiang Kai<\/td><td>\"Normalisation C-infini des syst\u00e8me compl\u00e8tement int\u00e9grables\"<\/td><td>2016<\/td><td>MARC CHAPERON<\/td><td><\/td><\/tr><tr><td>Xu Disheng<\/td><td>\u00abLyapunov exponents and rigidity\u00bb<\/td><td>2016<\/td><td>ARTUR AVILA<\/td><td><\/td><\/tr><tr><td>Ghanem Sari<\/td><td>\"Maxwell and Yang-Mills Equations on Curved Black Hole Space-Times\"<\/td><td>2014<\/td><td>FREDERIC HELEIN<\/td><td><\/td><\/tr><tr><td>Wei Qiaoling<\/td><td>\"Solutions de viscosit\u00e9 des \u00e9quations de Hamilton-Jacobi et minmax it\u00e9r\u00e9s\"<\/td><td>2013<\/td><td>MARC CHAPERON<\/td><td><\/td><\/tr><tr><td>Zhao Lei<\/td><td>\"Solutions quasi-p\u00e9riodiques et solutions de quasi-collision du probl\u00e8me spatial des trois corps\"<\/td><td>2013<\/td><td>ALAIN CHENCINER<\/td><td><\/td><\/tr><tr><td>Imsatfia Moheddine<\/td><td>\"La g\u00e9om\u00e9trie de Cartan fond\u00e9e sur la notion d'aire et application du probl\u00e8me d'\u00e9quivalence\"<\/td><td>2012<\/td><td>FREDERIC HELEIN<\/td><td><br><a href=\"http:\/\/www.imj-prg.fr\/theses\/\/pdf\/moheddine_imsatfia.pdf\"><img decoding=\"async\" src=\"http:\/\/www.imj-prg.fr\/wp-content\/themes\/imjprg\/images\/pdf.png\"> <\/a><\/td><\/tr><tr><td>Pegourie-gonnard Manuel<\/td><td>\"approximation diophantienne dans les vari\u00e9t\u00e9s ab\u00e9liennes\"<\/td><td>2012<\/td><td>PATRICE PHILIPPON<\/td><td><br><a href=\"http:\/\/www.imj-prg.fr\/theses\/\/pdf\/manuel_pegourie-gonnard.pdf\"><img decoding=\"async\" src=\"http:\/\/www.imj-prg.fr\/wp-content\/themes\/imjprg\/images\/pdf.png\"> <\/a><\/td><\/tr><tr><td>Giles flores Arturo<\/td><td>Specialisation sur le c\u00f4ne tangent et equisingularit\u00e9 \u00e0 la  Whitney<\/td><td>2011<\/td><td>BERNARD TEISSIER<\/td><td><br><a href=\"http:\/\/www.imj-prg.fr\/theses\/\/pdf\/arturo_giles-flores.pdf\"><img decoding=\"async\" src=\"http:\/\/www.imj-prg.fr\/wp-content\/themes\/imjprg\/images\/pdf.png\"> <\/a><\/td><\/tr><tr><td>Zorin Evgeniy<\/td><td>Lemmes de z\u00e9ros et relations fonctionnelles<\/td><td>2010<\/td><td>PATRICE PHILIPPON<\/td><td><\/td><\/tr><tr><td>Desideri Laura<\/td><td>PROBLEME DE PLATEAU EQUATIONS FUCHSIENNES ET PROBLEME DE RIEMANN-HILBERT<\/td><td>2009<\/td><td>FREDERIC HELEIN<\/td><td><br><a href=\"http:\/\/www.imj-prg.fr\/theses\/\/pdf\/laura_desideri.pdf\"><img decoding=\"async\" src=\"http:\/\/www.imj-prg.fr\/wp-content\/themes\/imjprg\/images\/pdf.png\"> <\/a><\/td><\/tr><tr><td>Kahouadji Nabil<\/td><td>lois de conservations et plongements isometriques generalises<\/td><td>2009<\/td><td>FREDERIC HELEIN<\/td><td><br><a href=\"http:\/\/www.imj-prg.fr\/theses\/\/pdf\/nabil_kahouadji.pdf\"><img decoding=\"async\" src=\"http:\/\/www.imj-prg.fr\/wp-content\/themes\/imjprg\/images\/pdf.png\"> <\/a><\/td><\/tr><tr><td>Refai Walid<\/td><td>SUR LE SPECTRE PONCTUEL DES OPERATEURS DE SCHR\u00d6DINGER QUASI-PERIODIQUES<\/td><td>2009<\/td><td>HAKAN ELIASSON<\/td><td><\/td><\/tr><tr><td>Eriksson Dennis<\/td><td>formule de lefschetz fonctionnelle et applications g\u00e9om\u00e9triques<\/td><td>2008<\/td><td>DAMIEN ROESSLER<\/td><td><\/td><\/tr><tr><td>Dellinger Marie<\/td><td>Etude asymptotique et multiplicite pour l'\u00e9quation de Sobolev Poincar\u00e9<\/td><td>2007<\/td><td>MICHEL VAUGON<\/td><td><\/td><\/tr><tr><td>Egeileh Michel<\/td><td>GEOMETRIE DES CHAMPS DE HIGGS , COMPACTIFICATIONS ET SUPERGRAVITE<\/td><td>2007<\/td><td>DANIEL BENNEQUIN<\/td><td><br><a href=\"http:\/\/www.imj-prg.fr\/theses\/\/pdf\/michel_egeileh.pdf\"><img decoding=\"async\" src=\"http:\/\/www.imj-prg.fr\/wp-content\/themes\/imjprg\/images\/pdf.png\"> <\/a><\/td><\/tr><tr><td>Hachemi Aicha<\/td><td>ANALYSE DYNAMIQUE D'ALGORITHMES EUCLIDIENS ET THEOREMES LIMITE<\/td><td>2007<\/td><td>VIVIANE BALADI<\/td><td><br><a href=\"http:\/\/www.imj-prg.fr\/theses\/\/pdf\/aicha_hachemi.pdf\"><img decoding=\"async\" src=\"http:\/\/www.imj-prg.fr\/wp-content\/themes\/imjprg\/images\/pdf.png\"> <\/a><\/td><\/tr><tr><td>Ben hadj amor Sana<\/td><td>OPERATEURS DE SCHR\u00d6DINGER QUASI-PERIODIQUES UNI-DIMENSIONNELS<\/td><td>2006<\/td><td>HAKAN ELIASSON<\/td><td><\/td><\/tr><tr><td>Kammerer Mathilde<\/td><td>Bifurcation de vari\u00e9t\u00e9s invariantes<\/td><td>2006<\/td><td>MARC CHAPERON<\/td><td><\/td><\/tr><tr><td>Khemar Idrisse<\/td><td>SYSTEMES INTEGRALES INTERVENANT EN GEOMETRIE DIFFERENTIELLE ET EN PHYSIQUE MATHEMATIQUE<\/td><td>2006<\/td><td>FREDERIC HELEIN<\/td><td><br><a href=\"http:\/\/www.imj-prg.fr\/theses\/\/pdf\/idrisse_khemar.pdf\"><img decoding=\"async\" src=\"http:\/\/www.imj-prg.fr\/wp-content\/themes\/imjprg\/images\/pdf.png\"> <\/a><\/td><\/tr><tr><td>Robadey Anne<\/td><td>Diff\u00e9rentes modalit\u00e9s de travail sur le g\u00e9n\u00e9ral dans les recherches de Poincar\u00e9 sur les syst\u00e8mes dynamiques<\/td><td>2006<\/td><td>ALAIN CHENCINER<\/td><td><\/td><\/tr><tr><td>Forestier Jean-michel<\/td><td>Etude exploratroire de la pr\u00e9dilection en temps r\u00e9el des mouvements des navires sur la houle<\/td><td>2005<\/td><td>FREDERIC HELEIN<\/td><td><\/td><\/tr><tr><td>Harrivel Ramiaramanana<\/td><td>THEORIE DES CHAMPS, APPROCHE MULTISYMPLECTIQUE DE LA QUANTIFICATION, THEORIE PERTURBATIVE ET APPLICATIONS<\/td><td>2005<\/td><td>FREDERIC HELEIN<\/td><td><\/td><\/tr><tr><td>Saintier Nicolas<\/td><td>SUR QUELQUES PROBLEMES NON-LINEAIRES EN ANALYSE GEOMETRIQUE<\/td><td>2005<\/td><td>MICHEL VAUGON<\/td><td><br><a href=\"http:\/\/www.imj-prg.fr\/theses\/\/pdf\/nicolas_saintier.pdf\"><img decoding=\"async\" src=\"http:\/\/www.imj-prg.fr\/wp-content\/themes\/imjprg\/images\/pdf.png\"> <\/a><\/td><\/tr><tr><td>Tumpach Alice barbara<\/td><td><\/td><td>2005<\/td><td>PAUL GAUDUCHON<\/td><td><\/td><\/tr><tr><td>Bahraini Alireza<\/td><td>SUPERSYMETRIE ET GEOMETRIE COMPLEXE<\/td><td>2004<\/td><td>DANIEL BENNEQUIN<\/td><td><\/td><\/tr><tr><td>Capitanio Gianmarco<\/td><td>Familles tangentielles et solutions de minimax pour l'Equation de Hamilton-Jacobi<\/td><td>2004<\/td><td>MARC CHAPERON<\/td><td><br><a href=\"http:\/\/www.imj-prg.fr\/theses\/\/pdf\/gianmarco_capitanio.pdf\"><img decoding=\"async\" src=\"http:\/\/www.imj-prg.fr\/wp-content\/themes\/imjprg\/images\/pdf.png\"> <\/a><\/td><\/tr><tr><td>Collion Stephane<\/td><td>Fonctions critiques et \u00e9quations aux d\u00e9riv\u00e9es partielles elliptiques sur les vari\u00e9t\u00e9s Riemanniennes compactes<\/td><td>2004<\/td><td>MICHEL VAUGON<\/td><td><br><a href=\"http:\/\/www.imj-prg.fr\/theses\/\/pdf\/stephane_collion.pdf\"><img decoding=\"async\" src=\"http:\/\/www.imj-prg.fr\/wp-content\/themes\/imjprg\/images\/pdf.png\"> <\/a><\/td><\/tr><tr><td>Gouezel Sebastien<\/td><td>Vitesse de d\u00e9corr\u00e9lation et th\u00e9or\u00e8mes limites pour les applications non uniform\u00e9ment dilatantes<\/td><td>2004<\/td><td>VIVIANE BALADI<\/td><td><\/td><\/tr><tr><td>Bjerklov Kristian<\/td><td>Dynamical properties of quasi-periodic Schr\u00f6dinger equations<\/td><td>2003<\/td><td>HAKAN ELIASSON<\/td><td><\/td><\/tr><tr><td>Daniel Benoit<\/td><td>Sur les surfaces de Bryant et les disques minimaux d\u00e9limit\u00e9s par trois droites<\/td><td>2003<\/td><td>HAROLD ROSENBERG<\/td><td><br><a href=\"http:\/\/www.imj-prg.fr\/theses\/\/pdf\/benoit_daniel.pdf\"><img decoding=\"async\" src=\"http:\/\/www.imj-prg.fr\/wp-content\/themes\/imjprg\/images\/pdf.png\"> <\/a><\/td><\/tr><tr><td>Lenoble Olivier<\/td><td>Fonctions de corr\u00e9lation de syst\u00e8mes quantiques al\u00e9atoires<\/td><td>2003<\/td><td>LEONID PASTUR<\/td><td><\/td><\/tr><tr><td>Maspfuhl Oliver<\/td><td>Th\u00e9orie de Jauge et vari\u00e9t\u00e9s de Poisson<\/td><td>2003<\/td><td>DANIEL BENNEQUIN<\/td><td><\/td><\/tr><tr><td>Saprykina Maria<\/td><td>Non-linearizability, unique ergodicity and weak mixing in dynamics<\/td><td>2003<\/td><td>HAKAN ELIASSON<\/td><td><\/td><\/tr><tr><td>Faget Zoe<\/td><td>Meilleures constantes dans les in\u00e9galit\u00e9s de Sobolev en pr\u00e9sence de sym\u00e9tries<\/td><td>2002<\/td><td>MICHEL VAUGON<\/td><td><br><a href=\"http:\/\/www.imj-prg.fr\/theses\/\/pdf\/zoe_faget.pdf\"><img decoding=\"async\" src=\"http:\/\/www.imj-prg.fr\/wp-content\/themes\/imjprg\/images\/pdf.png\"> <\/a><\/td><\/tr><tr><td>Gonzalez-perez Pedro daniel<\/td><td>Etude des singularit\u00e9s quasi-ordinaires d'hypersurfaces au moyen de la g\u00e9om\u00e9trie torique<\/td><td>2002<\/td><td>BERNARD TEISSIER<\/td><td><br><a href=\"http:\/\/www.imj-prg.fr\/theses\/\/pdf\/pedro-daniel_gonzalez-perez.pdf\"><img decoding=\"async\" src=\"http:\/\/www.imj-prg.fr\/wp-content\/themes\/imjprg\/images\/pdf.png\"> <\/a><\/td><\/tr><tr><td>Le Thanh-tam<\/td><td>Surfaces lagrangiennes dans les surfaces projectives complexes<\/td><td>2002<\/td><td>DANIEL BENNEQUIN<\/td><td><\/td><\/tr><tr><td>Ortiz-rodriguez Adriana<\/td><td>G\u00e9om\u00e9trie diff\u00e9rentielle projective des surfaces alg\u00e9briques r\u00e9elles<\/td><td>2002<\/td><td>MARC CHAPERON<\/td><td><\/td><\/tr><tr><td>Tourtchine Victor<\/td><td>Sur les questions combinatoires de la th\u00e9orie spectrale des n\u009cuds<\/td><td>2002<\/td><td>MARC CHAPERON<\/td><td><\/td><\/tr><tr><td>Venturelli Andrea<\/td><td>Application de la minimisation de l'action au probleme des N corps dans le plan et dans l espace<\/td><td>2002<\/td><td>ALAIN CHENCINER<\/td><td><\/td><\/tr><tr><td>Abbaci Brahim<\/td><td>Vari\u00e9t\u00e9s invariantes et applications<\/td><td>2001<\/td><td>MARC CHAPERON<\/td><td><br><a href=\"http:\/\/www.imj-prg.fr\/theses\/\/pdf\/brahim_abbaci.pdf\"><img decoding=\"async\" src=\"http:\/\/www.imj-prg.fr\/wp-content\/themes\/imjprg\/images\/pdf.png\"> <\/a><\/td><\/tr><tr><td>Audoubert Benoit<\/td><td>Filtration polaire de la fibre de Milnor<\/td><td>2001<\/td><td>FOUAD ELZEIN<\/td><td><\/td><\/tr><tr><td>Garay Mauricio<\/td><td>Th\u00e9orie classique et Legendrienne des points d'aplatissements des courbes planes et spatiales<\/td><td>2001<\/td><td>VLADIMIR ARNOLD<\/td><td><\/td><\/tr><tr><td>Popescu-pampu Patrick<\/td><td>Arbres de contact des singularit\u00e9s quasi-ordinaires et graphes d'adjacence pour les 3-vari\u00e9t\u00e9s r\u00e9elles<\/td><td>2001<\/td><td>BERNARD TEISSIER<\/td><td><\/td><\/tr><tr><td>Roitman Pedro<\/td><td>One periodic Bryant surfaces and rigidity for generalized polyhedras<\/td><td>2001<\/td><td>HAROLD ROSENBERG<\/td><td><\/td><\/tr><tr><td>Uribe vargas Eduardo ricardo<\/td><td>Singularit\u00e9s symplectiques et de contact en g\u00e9om\u00e9trie diff\u00e9rentielle des courbes et des surfaces<\/td><td>2001<\/td><td>MARC CHAPERON<\/td><td><\/td><\/tr><tr><td>Besnard Fabien<\/td><td>Alg\u00e8bres \u00e0 op\u00e9rateurs de nombre de pr\u00e9sentation quadratique<\/td><td>2000<\/td><td>DANIEL BENNEQUIN<\/td><td><\/td><\/tr><tr><td>El mansouri Jamal<\/td><td>M\u00e9triques adapt\u00e9es bi-conformes sur le fibr\u00e9 cotangent holomorphe d'une surface de Riemann<\/td><td>2000<\/td><td>PAUL GAUDUCHON<\/td><td><\/td><\/tr><tr><td>Freire Ronaldo<\/td><td>Hypersurfaces de courbure moyenne constante et de courbure scalaire born\u00e9e dans l'espace euclidien et dans l'espace hyperbolique<\/td><td>2000<\/td><td>HAROLD ROSENBERG<\/td><td><\/td><\/tr><tr><td>Garcia-barroso Evelia<\/td><td>Courbes polaires et courbure des fibres de Milnor des courbes planes<\/td><td>2000<\/td><td>BERNARD TEISSIER<\/td><td><\/td><\/tr><tr><td>Humbert Emmanuel<\/td><td>In\u00e9galit\u00e9s optimales de types Nash et Sobolev en g\u00e9om\u00e9trie riemannienne<\/td><td>2000<\/td><td>MICHEL VAUGON<\/td><td><br><a href=\"http:\/\/www.imj-prg.fr\/theses\/\/pdf\/emmanuel_humbert.pdf\"><img decoding=\"async\" src=\"http:\/\/www.imj-prg.fr\/wp-content\/themes\/imjprg\/images\/pdf.png\"> <\/a><\/td><\/tr><tr><td>Belgun Florian<\/td><td>GEOMETRIE CONFORME ET GEOMETRIE CR EN DIMENSIONS 3 ET 4<\/td><td>1999<\/td><td>PAUL GAUDUCHON<\/td><td><\/td><\/tr><tr><td>Bonis Raphael<\/td><td>Relations Yang-Baxter dans les groupes de Lie<\/td><td>1999<\/td><td>DANIEL BENNEQUIN<\/td><td><\/td><\/tr><tr><td>Fejoz Jacques<\/td><td><\/td><td>1999<\/td><td>ALAIN CHENCINER<\/td><td><\/td><\/tr><tr><td>Lamari Ahcene<\/td><td>Classes de courants positifs et surfaces compactes<\/td><td>1999<\/td><td>SALOMON OFMAN<\/td><td><\/td><\/tr><tr><td>Balcer Philippe<\/td><td>Caract\u00e8res premiers des vari\u00e9t\u00e9s de dimension 3 et th\u00e9orie topologique des champs en genre 1<\/td><td>1998<\/td><td>DANIEL BENNEQUIN<\/td><td><\/td><\/tr><tr><td>Djadli Zinedine<\/td><td>Equations de Yamab\u00e9 perturb\u00e9es<\/td><td>1998<\/td><td>MICHEL VAUGON<\/td><td><\/td><\/tr><tr><td>Mercat Christian<\/td><td><\/td><td>1998<\/td><td>DANIEL BENNEQUIN<\/td><td><\/td><\/tr><tr><td>Petit Philippe<\/td><td><\/td><td>1998<\/td><td>MARC CHAPERON<\/td><td><\/td><\/tr><tr><td>Apostolov Vestislav<\/td><td>LE TENSEUR DE WEYL D'UNE SURFACE COMPLEXE HERMITIENNE<\/td><td>1997<\/td><td>PAUL GAUDUCHON<\/td><td><\/td><\/tr><tr><td>Coudray Fabienne<\/td><td><\/td><td>1997<\/td><td>MARC CHAPERON<\/td><td><\/td><\/tr><tr><td>Lazard-holly Hippolyte<\/td><td>SURFACES MINIMALES DOUBLEMENT P\u00c9RIODIQUES = DOUBLY PERIODIC MINIMAL SURFACES<\/td><td>1997<\/td><td>HAROLD ROSENBERG<\/td><td><\/td><\/tr><tr><td>Semmler Beate<\/td><td><\/td><td>1997<\/td><td>HAROLD ROSENBERG<\/td><td><\/td><\/tr><tr><td>Gosselin Pierre<\/td><td>Espace de Wiener et th\u00e9orie bidimensionnelle des champs<\/td><td>1996<\/td><td>DANIEL BENNEQUIN<\/td><td><\/td><\/tr><tr><td>Hauswirth Laurent<\/td><td>Surfaces de courbure de Gauss constante et positive<\/td><td>1996<\/td><td>HAROLD ROSENBERG<\/td><td><\/td><\/tr><tr><td>Krikorian Raphael<\/td><td>R\u00e9ductibilit\u00e9 des syst\u00e8mes produits crois\u00e9s quasi-p\u00e9riodiques \u00e0 valeurs dans des groupes compacts<\/td><td>1996<\/td><td>MICHEL HERMANN<\/td><td><\/td><\/tr><tr><td>Mawoussi Kodjo<\/td><td>Conditions de Whitney et vari\u00e9t\u00e9s polaires en g\u00e9om\u00e9trie analytique r\u00e9elle<\/td><td>1996<\/td><td>BERNARD TEISSIER<\/td><td><\/td><\/tr><tr><td>Taher Sinane<\/td><td>Sur le Lieu polaire des morphismes analytiques complexes<\/td><td>1996<\/td><td>FOUAD ELZEIN<\/td><td><\/td><\/tr><tr><td>Theret David<\/td><td>Utilisation des fonctions g\u00e9n\u00e9ratrices en g\u00e9om\u00e9trie symplectique globale<\/td><td>1996<\/td><td>MARC CHAPERON<\/td><td><\/td><\/tr><tr><td>Traizet Martin<\/td><td>Construction de surfaces minimales en recollant des surfaces de Schek<\/td><td>1996<\/td><td>HAROLD ROSENBERG<\/td><td><\/td><\/tr><\/table>\n","protected":false},"excerpt":{"rendered":"","protected":false},"author":1,"featured_media":0,"parent":0,"menu_order":0,"comment_status":"closed","ping_status":"closed","template":"","meta":{"footnotes":""},"class_list":["post-28","page","type-page","status-publish","hentry"],"_links":{"self":[{"href":"https:\/\/www.imj-prg.fr\/gd\/wp-json\/wp\/v2\/pages\/28","targetHints":{"allow":["GET"]}}],"collection":[{"href":"https:\/\/www.imj-prg.fr\/gd\/wp-json\/wp\/v2\/pages"}],"about":[{"href":"https:\/\/www.imj-prg.fr\/gd\/wp-json\/wp\/v2\/types\/page"}],"author":[{"embeddable":true,"href":"https:\/\/www.imj-prg.fr\/gd\/wp-json\/wp\/v2\/users\/1"}],"replies":[{"embeddable":true,"href":"https:\/\/www.imj-prg.fr\/gd\/wp-json\/wp\/v2\/comments?post=28"}],"version-history":[{"count":1,"href":"https:\/\/www.imj-prg.fr\/gd\/wp-json\/wp\/v2\/pages\/28\/revisions"}],"predecessor-version":[{"id":29,"href":"https:\/\/www.imj-prg.fr\/gd\/wp-json\/wp\/v2\/pages\/28\/revisions\/29"}],"wp:attachment":[{"href":"https:\/\/www.imj-prg.fr\/gd\/wp-json\/wp\/v2\/media?parent=28"}],"curies":[{"name":"wp","href":"https:\/\/api.w.org\/{rel}","templated":true}]}}