{"id":4,"date":"2020-12-15T14:37:57","date_gmt":"2020-12-15T13:37:57","guid":{"rendered":"http:\/\/dev.imj-prg.fr\/gd\/?page_id=4"},"modified":"2026-01-05T11:53:16","modified_gmt":"2026-01-05T10:53:16","slug":"accueil","status":"publish","type":"page","link":"https:\/\/www.imj-prg.fr\/gd\/","title":{"rendered":"Accueil"},"content":{"rendered":"\n<div class=\"wp-block-columns is-layout-flex wp-container-core-columns-is-layout-9d6595d7 wp-block-columns-is-layout-flex\">\n<div class=\"wp-block-column is-layout-flow wp-block-column-is-layout-flow\" style=\"flex-basis:33.33%\">\n<figure class=\"wp-block-image size-large is-resized\"><img decoding=\"async\" src=\"\/gd\/wp-content\/uploads\/sites\/8\/2020\/12\/accueil.png\" alt=\"\" style=\"width:315px;height:368px\" \/><\/figure>\n<\/div>\n\n\n\n<div class=\"wp-block-column is-layout-flow wp-block-column-is-layout-flow\" style=\"flex-basis:66.66%\">\n<h3 class=\"wp-block-heading\">Equipe G\u00e9om\u00e9trie et Dynamique<\/h3>\n\n\n\n<p><strong>Responsable d\u2019\u00e9quipe\u00a0:<\/strong> <a href=\"https:\/\/webusers.imj-prg.fr\/~anton.zorich\/\">Anton Zoritch<\/a><br><strong>Responsable adjoint\u00a0:<\/strong> <a href=\"https:\/\/perso.imj-prg.fr\/andre-belotto\/\">Andr\u00e9 Belotto<\/a><br><strong>Gestionnaire\u00a0:<\/strong> <a href=\"\/equipe-administrative\/\"><\/a>Marouane Abdelaziz<\/p>\n\n\n\n<p>Adresse postale&nbsp;:<\/p>\n\n\n\n<figure class=\"wp-block-table\"><table><tbody><tr><td>Universit\u00e9 Paris Diderot<br>Boite Courrier 7012<br>B\u00e2timent Sophie Germain<br>7e \u00e9tage<br>8 Place Aur\u00e9lie Nemours,<br>75205 Paris Cedex 13<\/td><\/tr><\/tbody><\/table><\/figure>\n<\/div>\n<\/div>\n\n\n\n<p><strong>Journ\u00e9es de dynamique<\/strong><\/p>\n\n\n\n<p><a href=\"https:\/\/journees-de-dynamique.imj-prg.fr\/\">https:\/\/journees-de-dynamique.imj-prg.fr\/<\/a><\/p>\n\n\n\n<pre class=\"wp-block-preformatted\">Du 5 au 7 novembre 2025, amphi Turing, B\u00e2timent Sophie Germain<\/pre>\n\n\n\n<figure class=\"wp-block-image size-large\"><img loading=\"lazy\" decoding=\"async\" width=\"1024\" height=\"682\" src=\"https:\/\/www.imj-prg.fr\/gd\/wp-content\/uploads\/sites\/8\/2024\/09\/Amphi-Turing-1024x682.png\" alt=\"\" class=\"wp-image-128\" srcset=\"https:\/\/www.imj-prg.fr\/gd\/wp-content\/uploads\/sites\/8\/2024\/09\/Amphi-Turing-1024x682.png 1024w, https:\/\/www.imj-prg.fr\/gd\/wp-content\/uploads\/sites\/8\/2024\/09\/Amphi-Turing-300x200.png 300w, https:\/\/www.imj-prg.fr\/gd\/wp-content\/uploads\/sites\/8\/2024\/09\/Amphi-Turing-768x512.png 768w, https:\/\/www.imj-prg.fr\/gd\/wp-content\/uploads\/sites\/8\/2024\/09\/Amphi-Turing.png 1256w\" sizes=\"auto, (max-width: 1024px) 100vw, 1024px\" \/><\/figure>\n","protected":false},"excerpt":{"rendered":"<p>Equipe G\u00e9om\u00e9trie et Dynamique Responsable d\u2019\u00e9quipe\u00a0: Anton ZoritchResponsable adjoint\u00a0: Andr\u00e9 BelottoGestionnaire\u00a0: Marouane Abdelaziz Adresse postale&nbsp;: Universit\u00e9 Paris DiderotBoite Courrier 7012B\u00e2timent Sophie Germain7e \u00e9tage8 Place Aur\u00e9lie Nemours,75205 Paris Cedex 13 Journ\u00e9es de dynamique https:\/\/journees-de-dynamique.imj-prg.fr\/ Du 5 au 7 novembre 2025, amphi Turing, B\u00e2timent Sophie Germain<\/p>\n","protected":false},"author":1,"featured_media":0,"parent":0,"menu_order":0,"comment_status":"closed","ping_status":"closed","template":"","meta":{"footnotes":""},"class_list":["post-4","page","type-page","status-publish","hentry"],"_links":{"self":[{"href":"https:\/\/www.imj-prg.fr\/gd\/wp-json\/wp\/v2\/pages\/4","targetHints":{"allow":["GET"]}}],"collection":[{"href":"https:\/\/www.imj-prg.fr\/gd\/wp-json\/wp\/v2\/pages"}],"about":[{"href":"https:\/\/www.imj-prg.fr\/gd\/wp-json\/wp\/v2\/types\/page"}],"author":[{"embeddable":true,"href":"https:\/\/www.imj-prg.fr\/gd\/wp-json\/wp\/v2\/users\/1"}],"replies":[{"embeddable":true,"href":"https:\/\/www.imj-prg.fr\/gd\/wp-json\/wp\/v2\/comments?post=4"}],"version-history":[{"count":23,"href":"https:\/\/www.imj-prg.fr\/gd\/wp-json\/wp\/v2\/pages\/4\/revisions"}],"predecessor-version":[{"id":145,"href":"https:\/\/www.imj-prg.fr\/gd\/wp-json\/wp\/v2\/pages\/4\/revisions\/145"}],"wp:attachment":[{"href":"https:\/\/www.imj-prg.fr\/gd\/wp-json\/wp\/v2\/media?parent=4"}],"curies":[{"name":"wp","href":"https:\/\/api.w.org\/{rel}","templated":true}]}}