{"id":41,"date":"2020-12-17T10:54:03","date_gmt":"2020-12-17T09:54:03","guid":{"rendered":"http:\/\/dev.imj-prg.fr\/gd\/?page_id=41"},"modified":"2023-09-20T08:53:41","modified_gmt":"2023-09-20T06:53:41","slug":"journee-dynamique","status":"publish","type":"page","link":"https:\/\/www.imj-prg.fr\/gd\/journee-dynamique\/","title":{"rendered":"Journ\u00e9e dynamique"},"content":{"rendered":"\n<p><a href=\"http:\/\/journees-de-dynamique.imj-prg.fr\/\">http:\/\/journees-de-dynamique.imj-prg.fr\/<\/a><\/p>\n\n\n\n<hr class=\"wp-block-separator has-css-opacity\"\/>\n\n\n\n<p>Journ\u00e9es pr\u00e9c\u00e9dentes&nbsp;:<\/p>\n\n\n\n<p><a href=\"http:\/\/www.ceremade.dauphine.fr\/~fejoz\/Colloques\/jd2010.html\">19 Novembre 2010<\/a><\/p>\n\n\n\n<p><a href=\"http:\/\/dev.imj-prg.fr\/gd\/wp-content\/uploads\/sites\/8\/2020\/12\/jd2006pdf.pdf\">24 Novembre 2006<\/a><br><a href=\"http:\/\/dev.imj-prg.fr\/gd\/wp-content\/uploads\/sites\/8\/2020\/12\/jd2005.pdf\">25 Novembre 2005<\/a><br><a href=\"\/wp-content\/uploads\/sites\/8\/2020\/12\/jd2004.pdf\">3 D\u00e9cembre 2004<\/a><\/p>\n","protected":false},"excerpt":{"rendered":"<p>http:\/\/journees-de-dynamique.imj-prg.fr\/ Journ\u00e9es pr\u00e9c\u00e9dentes&nbsp;: 19 Novembre 2010 24 Novembre 200625 Novembre 20053 D\u00e9cembre 2004<\/p>\n","protected":false},"author":1,"featured_media":0,"parent":0,"menu_order":0,"comment_status":"closed","ping_status":"closed","template":"","meta":{"footnotes":""},"class_list":["post-41","page","type-page","status-publish","hentry"],"_links":{"self":[{"href":"https:\/\/www.imj-prg.fr\/gd\/wp-json\/wp\/v2\/pages\/41","targetHints":{"allow":["GET"]}}],"collection":[{"href":"https:\/\/www.imj-prg.fr\/gd\/wp-json\/wp\/v2\/pages"}],"about":[{"href":"https:\/\/www.imj-prg.fr\/gd\/wp-json\/wp\/v2\/types\/page"}],"author":[{"embeddable":true,"href":"https:\/\/www.imj-prg.fr\/gd\/wp-json\/wp\/v2\/users\/1"}],"replies":[{"embeddable":true,"href":"https:\/\/www.imj-prg.fr\/gd\/wp-json\/wp\/v2\/comments?post=41"}],"version-history":[{"count":7,"href":"https:\/\/www.imj-prg.fr\/gd\/wp-json\/wp\/v2\/pages\/41\/revisions"}],"predecessor-version":[{"id":110,"href":"https:\/\/www.imj-prg.fr\/gd\/wp-json\/wp\/v2\/pages\/41\/revisions\/110"}],"wp:attachment":[{"href":"https:\/\/www.imj-prg.fr\/gd\/wp-json\/wp\/v2\/media?parent=41"}],"curies":[{"name":"wp","href":"https:\/\/api.w.org\/{rel}","templated":true}]}}