{"id":51,"date":"2020-12-17T10:59:24","date_gmt":"2020-12-17T09:59:24","guid":{"rendered":"http:\/\/dev.imj-prg.fr\/gd\/?page_id=51"},"modified":"2020-12-17T11:01:52","modified_gmt":"2020-12-17T10:01:52","slug":"math-et-cerveau","status":"publish","type":"page","link":"https:\/\/www.imj-prg.fr\/gd\/math-et-cerveau\/","title":{"rendered":"Math et Cerveau"},"content":{"rendered":"\n<p>Les journ\u00e9es Math et Cerveau sont organis\u00e9es par Daniel Bennequin. Il s\u2019agit de faire interagir neurobiologistes et math\u00e9maticiens et de sensibiliser ces derniers aux problemes de mod\u00e9lisation qui se posent en biologie.<\/p>\n\n\n\n<p>ATTENTION&nbsp;: prochaine journ\u00e9e programm\u00e9e le 3 avril 2009 (Espace-Coh\u00e9rence)<\/p>\n\n\n\n<hr class=\"wp-block-separator\"\/>\n\n\n\n<p>Journ\u00e9es pr\u00e9c\u00e9dentes&nbsp;:<\/p>\n\n\n\n<p><a href=\"\/gd\/wp-content\/uploads\/sites\/8\/2020\/12\/math-cerveau-2006.jpg\">Vendredi 10 Novembre 2006<\/a> (Vision\/Information)<br><a href=\"\/gd\/wp-content\/uploads\/sites\/8\/2020\/12\/math-cerveau-2005.pdf\">Vendredi 9 Decembre 2005<\/a> (Espaces et Neurones)<br><a href=\"\/gd\/wp-content\/uploads\/sites\/8\/2020\/12\/math-cerveau-2004.pdf\">Vendredi 18 Juin 2004<\/a> (Neurones)<br><a href=\"\/gd\/wp-content\/uploads\/sites\/8\/2020\/12\/sss2.jpg\" data-type=\"URL\">Vendredi 21 Mars 2003<\/a> (Vision)<\/p>\n","protected":false},"excerpt":{"rendered":"<p>Les journ\u00e9es Math et Cerveau sont organis\u00e9es par Daniel Bennequin. Il s\u2019agit de faire interagir neurobiologistes et math\u00e9maticiens et de sensibiliser ces derniers aux problemes de mod\u00e9lisation qui se posent en biologie. ATTENTION&nbsp;: prochaine journ\u00e9e programm\u00e9e le 3 avril 2009 (Espace-Coh\u00e9rence) Journ\u00e9es pr\u00e9c\u00e9dentes&nbsp;: Vendredi 10 Novembre 2006 (Vision\/Information)Vendredi 9 Decembre 2005 (Espaces et Neurones)Vendredi 18 [&hellip;]<\/p>\n","protected":false},"author":1,"featured_media":0,"parent":0,"menu_order":0,"comment_status":"closed","ping_status":"closed","template":"","meta":{"footnotes":""},"class_list":["post-51","page","type-page","status-publish","hentry"],"_links":{"self":[{"href":"https:\/\/www.imj-prg.fr\/gd\/wp-json\/wp\/v2\/pages\/51","targetHints":{"allow":["GET"]}}],"collection":[{"href":"https:\/\/www.imj-prg.fr\/gd\/wp-json\/wp\/v2\/pages"}],"about":[{"href":"https:\/\/www.imj-prg.fr\/gd\/wp-json\/wp\/v2\/types\/page"}],"author":[{"embeddable":true,"href":"https:\/\/www.imj-prg.fr\/gd\/wp-json\/wp\/v2\/users\/1"}],"replies":[{"embeddable":true,"href":"https:\/\/www.imj-prg.fr\/gd\/wp-json\/wp\/v2\/comments?post=51"}],"version-history":[{"count":3,"href":"https:\/\/www.imj-prg.fr\/gd\/wp-json\/wp\/v2\/pages\/51\/revisions"}],"predecessor-version":[{"id":59,"href":"https:\/\/www.imj-prg.fr\/gd\/wp-json\/wp\/v2\/pages\/51\/revisions\/59"}],"wp:attachment":[{"href":"https:\/\/www.imj-prg.fr\/gd\/wp-json\/wp\/v2\/media?parent=51"}],"curies":[{"name":"wp","href":"https:\/\/api.w.org\/{rel}","templated":true}]}}