{"id":60,"date":"2020-12-17T11:03:55","date_gmt":"2020-12-17T10:03:55","guid":{"rendered":"http:\/\/dev.imj-prg.fr\/gd\/?page_id=60"},"modified":"2020-12-17T11:13:24","modified_gmt":"2020-12-17T10:13:24","slug":"archive-seminaire-de-systemes-dynamiques","status":"publish","type":"page","link":"https:\/\/www.imj-prg.fr\/gd\/archive-seminaire-de-systemes-dynamiques\/","title":{"rendered":"Archives &#8211; S\u00e9minaire de Syst\u00e8mes Dynamiques"},"content":{"rendered":"\n<h2 class=\"wp-block-heading\">Le Vendredi de 14 h 00 \u00e0 16h00<\/h2>\n\n\n\n<h2 class=\"wp-block-heading\"><strong>B\u00e2timent Sophie Germain salle 2015<\/strong><\/h2>\n\n\n\n<h2 class=\"wp-block-heading\">Juin 2015<\/h2>\n\n\n\n<hr class=\"wp-block-separator\"\/>\n\n\n\n<p>Vendredi 26 juin&nbsp;: <strong>Raphael de la Llave (Georgia Tech)<\/strong>&nbsp;: \u00ab\u00a0Recent developments in the geometric program for Arnold diffusion\u00a0\u00bb<br><br><\/p>\n\n\n\n<hr class=\"wp-block-separator\"\/>\n\n\n\n<hr class=\"wp-block-separator\"\/>\n\n\n\n<h2 class=\"wp-block-heading\">Avril 2015<\/h2>\n\n\n\n<hr class=\"wp-block-separator\"\/>\n\n\n\n<p>Vendredi 3 avril&nbsp;: <strong>Zhiyan Zhao (IMJ-PRG)&nbsp;:<\/strong> \u00ab&nbsp;Diffusion balistique pour l\u2019op\u00e9rateur de Schr\u00f6dinger quasi-p\u00e9riodique en 1D&nbsp;\u00bb<br><br>Vendredi 10 avril&nbsp;: <strong>Richard Moeckel(Universit\u00e9 de Minnesota)&nbsp;:<\/strong> \u00ab&nbsp;The Foucault pendulum (with a twist)&nbsp;\u00bb<br><br>Vendredi 17 avril&nbsp;: <strong>Artur Avila (CNRS, IMJ-PRG)&nbsp;:<\/strong> TAP<\/p>\n\n\n\n<h2 class=\"wp-block-heading\">Mars 2015<\/h2>\n\n\n\n<hr class=\"wp-block-separator\"\/>\n\n\n\n<p>Vendredi 6 mars&nbsp;: <strong>Viviane Baladi (CNRS, ENS)&nbsp;: <\/strong>\u00ab&nbsp;Le spectre des flots billards de Sinai&nbsp;\u00bb<\/p>\n\n\n\n<p>Vendredi 13 mar:s <strong>Pierre Berger (CNRS, Universit\u00e9 Paris XIII)<\/strong>&nbsp;: \u00ab&nbsp;Familles C^r-g\u00e9n\u00e9riques ayant robustement une infinit\u00e9 de puits&nbsp;\u00bb<br><br>Vendredi 20 mars&nbsp;:<strong> pas de s\u00e9minaire<\/strong><br><br>Vendredi 27 mars&nbsp;: <strong>Jacques Fejoz (Universit\u00e9 Paris-Dauphine)&nbsp;: <\/strong>\u00ab&nbsp;Mouvements born\u00e9s dans le probl\u00e8me des N corps&nbsp;\u00bb<\/p>\n\n\n\n<h2 class=\"wp-block-heading\">F\u00e9vrier 2015<\/h2>\n\n\n\n<hr class=\"wp-block-separator\"\/>\n\n\n\n<p>Vendredi 6 f\u00e9vrier<strong>&nbsp;: Raphael Krikorian (UPMC, LPMA)&nbsp;: <\/strong>\u00ab&nbsp;Sur le probl\u00e8me de la presque r\u00e9ductibilit\u00e9 des diff\u00e9omorphismes du cercle&nbsp;\u00bb<\/p>\n\n\n\n<p>Vendredi 13 f\u00e9vrier&nbsp;: <strong>Georgi Popov (Universit\u00e9 de Nantes<\/strong>)&nbsp;: \u00ab&nbsp;Quantification asymptotique avec une erreur exponentiellement petite&nbsp;\u00bb<br><br>Vendredi 20 f\u00e9vrier&nbsp;: <strong>Laurent Stolovitch (CNRS, Universit\u00e9 de Nice)&nbsp;:<\/strong> \u00ab&nbsp;Application de la dynamique \u00e0 l\u2019\u00e9tude des vari\u00e9t\u00e9s r\u00e9elles au voisinage d\u2019une singularit\u00e9 de Cauchy-Riemann&nbsp;\u00bb<br><br>Vendredi 27 f\u00e9vrier&nbsp;: <strong>pas de s\u00e9minaire<\/strong><\/p>\n\n\n\n<h2 class=\"wp-block-heading\">Janvier 2015<\/h2>\n\n\n\n<hr class=\"wp-block-separator\"\/>\n\n\n\n<p>Vendredi 23 janvier&nbsp;: <strong>Giovanni Forni (Universit\u00e9 de Maryland)&nbsp;: <\/strong>\u00ab&nbsp;Sur l\u2019ergodicit\u00e9 des billiards dans les polygones non-rationnels&nbsp;\u00bb<br><br><br>Vendredi 30 janvier&nbsp;: <strong>Qi Zhou (UPMC, LPMA)&nbsp;:<\/strong> \u00ab&nbsp;Non-critical dry ten martini problem&nbsp;\u00bb<\/p>\n\n\n\n<h2 class=\"wp-block-heading\">D\u00e9cembre 2014<br><\/h2>\n\n\n\n<hr class=\"wp-block-separator\"\/>\n\n\n\n<p>Vendredi 5 d\u00e9cembre&nbsp;: <strong>Nikolaos Karaliolios (IMJ-PRG, P7)&nbsp;: <\/strong>\u00ab&nbsp;Distributions invariantes pour les cocycles quasip\u00e9riodiques dans TxSU(2)&nbsp;\u00bb<\/p>\n\n\n\n<p>Vendredi 19 d\u00e9cembre&nbsp;: <strong>Claire Chavaudret (Universit\u00e9 de Nice)<\/strong>&nbsp;: \u00ab&nbsp;Normalisation de champs de vecteurs r\u00e9sonants sous la condition A de Brjuno&nbsp;\u00bb<\/p>\n\n\n\n<h2 class=\"wp-block-heading\">Novembre 2014<br><\/h2>\n\n\n\n<hr class=\"wp-block-separator\"\/>\n\n\n\n<p>Vendredi<br>21 novembre&nbsp;: <strong>Bassam Fayad (IMJ-PRG, CNRS)<\/strong>&nbsp;: \u00ab&nbsp;Sur une classe de flots m\u00e9langeants sur les surfaces&nbsp;\u00bb<\/p>\n\n\n\n<hr class=\"wp-block-separator\"\/>\n\n\n\n<hr class=\"wp-block-separator\"\/>\n\n\n\n<h2 class=\"wp-block-heading\">Juin 2014<br><\/h2>\n\n\n\n<hr class=\"wp-block-separator\"\/>\n\n\n\n<p>Vendredi 6 juin&nbsp;: <strong>Marcel Guardia (IMJ-PRG)<\/strong>&nbsp;: \u00ab&nbsp;Nearly integrable systems with orbits accumulating to KAM tori&nbsp;\u00bb<\/p>\n\n\n\n<h2 class=\"wp-block-heading\">Mai 2014<br><\/h2>\n\n\n\n<hr class=\"wp-block-separator\"\/>\n\n\n\n<p>Vendredi 23 mai&nbsp;: <strong>Laurent Stolovitch (Universit\u00e9 de Nice, CNRS)<\/strong>&nbsp;: \u00ab&nbsp;Normalisation holomorphe de perturbations de champs de vecteurs lin\u00e9aires nilpotents&nbsp;\u00bb<\/p>\n\n\n\n<p>Vendredi 30 mai&nbsp;: <strong>Wei-Min Wang (Universit\u00e9 de Cergy, CNRS)<\/strong>&nbsp;: \u00ab&nbsp;Resolubilit\u00e9 globale de l\u2019\u00e9quation des ondes nonlin\u00e9aire&nbsp;: solutions quasi-p\u00e9riodiques&nbsp;\u00bb<\/p>\n\n\n\n<h2 class=\"wp-block-heading\">Avril 2014<br><\/h2>\n\n\n\n<hr class=\"wp-block-separator\"\/>\n\n\n\n<p>Vendredi 4 avril&nbsp;: <strong>Artur Avila (IMJ-PRG, CNRS)<\/strong>&nbsp;: \u00ab&nbsp;Estimates for locally stationary measures and continuity of Lyapunov exponents&nbsp;\u00bb<\/p>\n\n\n\n<p>Vendredi 11 avril&nbsp;: <strong>Liviana Palmisano (Universit\u00e9 d\u2019Orsay)<\/strong>&nbsp;: \u00ab&nbsp;Sur les applications du cercle avec un intervalle plat et flots de Cherry&nbsp;\u00bb<\/p>\n\n\n\n<p><strong>Du 18 avril au 16 mai&nbsp;: Pas de s\u00e9miniare<\/strong><\/p>\n\n\n\n<h2 class=\"wp-block-heading\">Mars 2014<br><\/h2>\n\n\n\n<hr class=\"wp-block-separator\"\/>\n\n\n\n<p>Vendredi 7 mars&nbsp;: <strong>Andres Navas (Universit\u00e9 de Santiago, Chili)<\/strong>&nbsp;: \u00ab&nbsp;Moyennes ergodiques et rapprochements par conjugaison&nbsp;\u00bb<\/p>\n\n\n\n<p>Vendredi 14 mars&nbsp;: <strong>Jens Marklof (Universit\u00e9 de Bristol)<\/strong>&nbsp;: \u00ab&nbsp;Super-diffusion in the periodic Lorentz gas&nbsp;\u00bb<\/p>\n\n\n\n<p>Vendredi 21 Mars&nbsp;: <strong>Bassam Fayad<\/strong> (IMJ-PRG, CNRS)&nbsp;: \u00ab&nbsp;Les diff\u00e9omorphismes analytiques conservatifs du disque d\u2019entropie topologique nulle ne sont pas m\u00e9langeants&nbsp;\u00bb<br><br>Vendredi 28 Mars&nbsp;: <strong>pas de s\u00e9minaire<\/strong><\/p>\n\n\n\n<h2 class=\"wp-block-heading\">F\u00e9vrier 2014<br><\/h2>\n\n\n\n<hr class=\"wp-block-separator\"\/>\n\n\n\n<p>Vendredi 7 f\u00e9vrier 2014&nbsp;: <strong>Alex Eskin (University of Chicago)<\/strong>&nbsp;: The SL(2,R) action on moduli space<\/p>\n\n\n\n<p>Vendredi 14 f\u00e9vrier 2014&nbsp;: <strong>Zhiyan Zhao (IMJ-PRG, Coll\u00e8ge de France)<\/strong>&nbsp;: Localization in some nonlinear quasi-crystal models<\/p>\n\n\n\n<p>Vendredi 21 f\u00e9vrier 2014&nbsp;: <strong>Ilya Vinogradov (Universit\u00e9 de Bristol)<\/strong>&nbsp;: \u00ab&nbsp;Effective Ratner Theorem for ASL(2, R) and the gaps of the sequence \\sqrt<em>n<\/em> mod (1)&nbsp;\u00bb<\/p>\n\n\n\n<p>Vendredi 28 f\u00e9vrier 2014&nbsp;:<strong> Sergei Kuksin (IMJ-PRG, CNRS)<\/strong>&nbsp;: \u00ab&nbsp;Birkhoff normal form and KAM for the mutidimensional nonlinear beam equation&nbsp;\u00bb<\/p>\n\n\n\n<h2 class=\"wp-block-heading\">Janvier 2014<br><\/h2>\n\n\n\n<hr class=\"wp-block-separator\"\/>\n\n\n\n<p>Vendredi 17 Janvier 2014&nbsp;: <strong>Carlos Matheus Santos<\/strong> <strong>(CNRS \u2013 Universit\u00e9 Paris 13)<\/strong>&nbsp;: Sur la vitesse de m\u00e9lange du flot g\u00e9od\u00e9sique de Weil-Petersson<\/p>\n\n\n\n<p>Vendredi 31 janvier 2014 <strong>Patrice Le Calvez (IMJ-PRG, UPMC)<\/strong>&nbsp;: Une preuve en dimension finie du th\u00e9or\u00e8me de Bramham sur les approximations p\u00e9riodiques des pseudo rotations<\/p>\n\n\n\n<hr class=\"wp-block-separator\"\/>\n\n\n\n<hr class=\"wp-block-separator\"\/>\n\n\n\n<h2 class=\"wp-block-heading\">Avril 2013<\/h2>\n\n\n\n<hr class=\"wp-block-separator\"\/>\n\n\n\n<p>5 avril&nbsp;: <strong>Laurent STOLOVITCH (Nice, CNRS)<\/strong>&nbsp;: Solutions quasi-pattern pour l\u2019\u00e9quation de Swift-Hohenberg<\/p>\n\n\n\n<h2 class=\"wp-block-heading\"><strong>NB&nbsp;: Le s\u00e9minaire du 5 avril a lieu sur le Site PRG, B\u00e2timent Sophie Germain, entr\u00e9e au croisement de l\u2019Avenue de France et de la Rue Alice Domon et L\u00e9onie Duquet, dans la salle 1012 (au premier \u00e9tage par le grand escalier \u00e0 droite en entrant)<br><\/strong><\/h2>\n\n\n\n<p>12 avril&nbsp;: <strong>Pierre BERGER (Paris XIII, CNRS)<\/strong>&nbsp;: Deux r\u00e9sultats autour de la conjecture d\u2019entropie positive de l\u2019application standard<\/p>\n\n\n\n<p>19 avril&nbsp;: <strong>Walter CRAIG (MacMaster University, Hamilton)<\/strong>&nbsp;: Dynamiques des filaments de tourbillon presque parall\u00e8les<\/p>\n\n\n\n<h2 class=\"wp-block-heading\">Mars 2013<\/h2>\n\n\n\n<hr class=\"wp-block-separator\"\/>\n\n\n\n<p>1er mars&nbsp;: <strong>Anton ZORICH (IMJ-PRG, Paris-Diderot)<\/strong>&nbsp;: Billards dans les polygones \u00e0 angles droits et volumes des espaces de modules des diff\u00e9rentielles quadratiques<br><br>8 mars&nbsp;: <strong>Alexei TSYGVINTSEV(ENS-Lyon)<\/strong>&nbsp;: G-fractions continues et la g\u00e9om\u00e9trie des fonctions analytiques born\u00e9es<br><br>15 mars&nbsp;: <strong>Nikolaos KARALIOLIOS(LPMA, UPMC)<\/strong>&nbsp;: R\u00e9ductibilit\u00e9 des cocycles quasi-p\u00e9riodiques dans des groupes de Lie compacts<\/p>\n\n\n\n<h2 class=\"wp-block-heading\">F\u00e9vrier 2013<\/h2>\n\n\n\n<hr class=\"wp-block-separator\"\/>\n\n\n\n<p>1 f\u00e9vrier 2013&nbsp;: <strong>Laurent NIEDERMAN (Orsay)&nbsp;:<\/strong> Stabilit\u00e9 superexponentielle g\u00e9n\u00e9rique des points fixes elliptiques dans les syst\u00e8mes hamiltoniens<br><br>8 f\u00e9vrier 2013&nbsp;: <strong>Chong-Qing CHENG (Universit\u00e9 de Nanjing)<\/strong>&nbsp;: Arnold diffusion in nearly integrable Hamiltonian systems with three degrees of freedom morphisms<\/p>\n\n\n\n<p>22 f\u00e9vrier&nbsp;: <strong>Sylvain CROVISIER (Orsay, CNRS)<\/strong>&nbsp;: Sur la densit\u00e9 et la stabilit\u00e9 de l\u2019ergodicit\u00e9 des diff\u00e9omorphismes conservatifs<\/p>\n\n\n\n<h2 class=\"wp-block-heading\">Janvier 2013<\/h2>\n\n\n\n<hr class=\"wp-block-separator\"\/>\n\n\n\n<p>25 janvier 2013&nbsp;: <strong>Bassam FAYAD (IMJ-PRG, CNRS)<\/strong> Lois limites pour des actions de Z^k et applications aux approximations diophantiennes<\/p>\n\n\n\n<hr class=\"wp-block-separator\"\/>\n\n\n\n<hr class=\"wp-block-separator\"\/>\n\n\n\n<h2 class=\"wp-block-heading\">Juin 2012<\/h2>\n\n\n\n<hr class=\"wp-block-separator\"\/>\n\n\n\n<p>1 juin 2012&nbsp;: <strong>pas de s\u00e9minaire<\/strong> (Trieste)<br><br>8 juin 2012&nbsp;: <strong>pas de s\u00e9minaire<\/strong> (Trieste+ Matherfest)<\/p>\n\n\n\n<p>15 juin 2012&nbsp;: <strong>10h30<\/strong> Soutenance de th\u00e8se de <strong>Dominique Malicet<\/strong> (salle \u00e0 pr\u00e9ciser)<\/p>\n\n\n\n<p>14h&nbsp;: <strong>Dimitri Dolgopyat<\/strong> Piecewise-smooth near-integrable maps<\/p>\n\n\n\n<h2 class=\"wp-block-heading\">Mai 2012<\/h2>\n\n\n\n<hr class=\"wp-block-separator\"\/>\n\n\n\n<p>4 mai 2012&nbsp;: <strong>Artur Avila<\/strong><br>La conjecture de presque- r\u00e9ducibilit\u00e9 pour les cocycles de T1 X SL(2,R) (I)<\/p>\n\n\n\n<p>11 mai 2012&nbsp;: <strong>pas de s\u00e9minaire<\/strong> (Shubfest)<br><br>18 mai 2012&nbsp;: <strong>Artur Avila<\/strong><br>La conjecture de presque- r\u00e9ducibilit\u00e9 pour les cocycles de T1 X SL(2,R) (II)<br><br>25 mai 2012&nbsp;: <strong>pas de s\u00e9minaire<\/strong> (Trieste)<\/p>\n\n\n\n<hr class=\"wp-block-separator\"\/>\n\n\n\n<h2 class=\"wp-block-heading\">Mars 2012<\/h2>\n\n\n\n<hr class=\"wp-block-separator\"\/>\n\n\n\n<p>2 mars 2012&nbsp;: <strong>pas de s\u00e9minaire<\/strong><br><br>9 mars 2012&nbsp;: <strong>Daniel Schnellman<\/strong><br>Sur la continuit\u00e9 H\u00f6lder au sens de Whitney de la mesure SRB dans la famille quadratique (avec V. Baladi et M . Benedicks)<br><br>16 mars 2012&nbsp;: <strong>Peter Haissinski<\/strong><br>Caract\u00e9risation topologique des fractions rationnelles<\/p>\n\n\n\n<h2 class=\"wp-block-heading\">F\u00e9vrier 2012<\/h2>\n\n\n\n<hr class=\"wp-block-separator\"\/>\n\n\n\n<p>3 f\u00e9vrier 2012&nbsp;: <strong>Mostapha Benhenda<\/strong><br>Estim\u00e9es de la lin\u00e9arisation de diff\u00e9omorphismes du cercle et<br>applications \u00e0 la quasi-r\u00e9ductibilit\u00e9 et aux diff\u00e9omorphismes qui<br>commutent<\/p>\n\n\n\n<p>10 f\u00e9vrier 2012&nbsp;: <strong>Manfred Eisendler<\/strong><br>Effective equidistribution of closed orbits on homogeneous spaces<br><br>17 f\u00e9vrier 2012&nbsp;: <strong>pas de s\u00e9minaire<\/strong><br><br>24 f\u00e9vrier 2012&nbsp;: <strong>Philippe Thieullen<br><\/strong>Titre \u00e0 pr\u00e9ciser<\/p>\n\n\n\n<h2 class=\"wp-block-heading\">Janvier 2012<\/h2>\n\n\n\n<hr class=\"wp-block-separator\"\/>\n\n\n\n<p>13 janvier 2012&nbsp;: <strong>Alain Chenciner<\/strong><br>Moment cin\u00e9tique et probl\u00e8me de Horn<br><br>20 janvier 2012&nbsp;: <strong>Tiphaine Jezequel<\/strong><br>Forme normale avec reste exponentiellement petit &#8211; Forme normale Hamiltonienne et orbites homoclines \u00e0 plusieurs boucles<br><br>27 janvier 2012&nbsp;: <strong>Dominique Malicet<\/strong><br>Lin\u00e9arisation simultan\u00e9e de diff\u00e9omorphismes du tore<\/p>\n\n\n\n<h2 class=\"wp-block-heading\">D\u00e9cembre 2011<\/h2>\n\n\n\n<hr class=\"wp-block-separator\"\/>\n\n\n\n<p>2 d\u00e9cembre 2011&nbsp;: <strong>Alain ALBOUY<\/strong> (IMJ, CNRS)<br>Finitude du nombre des \u00e9quilibres relatifs dans le probl\u00e8me newtonien des 5 corps (avec Vadim Kaloshin)<br><br>9 d\u00e9cembre 2011&nbsp;: <strong>Danijela DAMJANOVIC<\/strong> (Universit\u00e9 de Rice)<br>Non-trivial cohomology and local rigidity of group actions<br><br>16 d\u00e9cembre 2011&nbsp;: <strong>Freek VESTRINGE<\/strong> (Universit\u00e9 de Nice)<br>Renormalisation des selles analytiques dans le plan<\/p>\n\n\n\n<h2 class=\"wp-block-heading\">Novembre 2011<\/h2>\n\n\n\n<hr class=\"wp-block-separator\"\/>\n\n\n\n<p>4 novembre 2011&nbsp;: <strong>Arnaud DEHOVE<\/strong> (IMJ)<br>Id\u00e9es g\u00e9om\u00e9triques, r\u00e9sonance et principes r\u00e9cursifs fondamentaux en topologie plane<\/p>\n\n\n\n<p>18 novembre 2011&nbsp;: <strong>Vadim KALOSHIN<\/strong> (Universit\u00e9 de Maryland)<br>Existence of normally hyperbolic cylinders at a double resonance (joint with Ke Zhang)<\/p>\n\n\n\n<p>25 novembre 2011&nbsp;: <strong>Vincent DELECROIX<\/strong> (IMJ)<br>Le vent dans les arbres<\/p>\n\n\n\n<h2 class=\"wp-block-heading\">Octobre 2011<\/h2>\n\n\n\n<hr class=\"wp-block-separator\"\/>\n\n\n\n<p>21 octobre 2011&nbsp;: <strong>Bassam FAYAD<\/strong> (IMJ, CNRS)<br>Dynamique sur les r\u00e9seaux sur et distribution de n\u03b1 mod(1) sur le tore<\/p>\n\n\n\n<p>28 octobre 2011&nbsp;: <strong>Artur AVILA<\/strong> (IMJ, CNRS)<br>Sur la \u00ab\u00a0conjecture de Schr\u00f6dinger\u00a0\u00bb<\/p>\n\n\n\n<hr class=\"wp-block-separator\"\/>\n\n\n\n<hr class=\"wp-block-separator\"\/>\n\n\n\n<h2 class=\"wp-block-heading\">Avril 2011<\/h2>\n\n\n\n<hr class=\"wp-block-separator\"\/>\n\n\n\n<p>1 avril 2011&nbsp;: <strong>Jacques FEJOZ<\/strong> (IMJ)<br>D\u00e9monstration simple de KAM avec condition de Bruno<\/p>\n\n\n\n<p>8 avril 2011&nbsp;: <strong>Michael BENEDICKS<\/strong> (KTH, Stockholm)<br>Hyperbolicity and invariant measures for double covers of the circle (joint work with Ana Rodrigues)<\/p>\n\n\n\n<p>15 avril 2011&nbsp;: <strong>Tomas PERSSON<\/strong> (LTH, Lund, Su\u00e8de)<br>Smooth Livsic regularity for piecewise expanding maps<\/p>\n\n\n\n<h2 class=\"wp-block-heading\">Mars 2011<\/h2>\n\n\n\n<hr class=\"wp-block-separator\"\/>\n\n\n\n<p>11 mars 2011&nbsp;: <strong>Claire CHAVAUDRET<\/strong> (Scoula Normale, Pisa)<br>R\u00e9ductibilit\u00e9 presque partout des co-cycles de Schr\u00f6dinger en classe diff\u00e9rentiable<br><br>18 mars 2011&nbsp;: <strong>Patrick GERARD<\/strong> (Orsay)<br>Un syst\u00e8me hamiltonien compl\u00e8tement int\u00e9grable sur l\u2019espace de Hardy<br><br>25 mars 2011&nbsp;: <strong>Alejandro Kocsard<\/strong> (Universidade Federal Fluminense, Rio de Janeiro)<br>Invariant distributions for strictly ergodic diffeomorphisms<\/p>\n\n\n\n<h2 class=\"wp-block-heading\">F\u00e9vrier 2011<\/h2>\n\n\n\n<hr class=\"wp-block-separator\"\/>\n\n\n\n<p>4 f\u00e9vrier 2011 <strong>Erwan FAOU<\/strong> ( INRIA, ENS de Cachan Bretagne)<br>Cascade d\u2019\u00e9nergie (ou pas) dans l\u2019\u00e9quation de Schr\u00f6dinger non lin\u00e9aire cubique sur le tore<br><br>11 f\u00e9vrier 2011 <strong>pas de s\u00e9minaire<\/strong><br><br>18 f\u00e9vrier 2011 <strong>Pierre PAGEAULT<\/strong> (ENS-Lyon)<br>Structures ultram\u00e9triques, r\u00e9currence par chaine et fonctions de Lyapunov<\/p>\n\n\n\n<h2 class=\"wp-block-heading\">Janvier 2011<\/h2>\n\n\n\n<hr class=\"wp-block-separator\"\/>\n\n\n\n<p>14 janvier 2011 <strong>Maxime ZAVIDOVIQUE<\/strong> (ENS-Lyon)<strong> <u>\u00e0 Jussieu<\/u><\/strong><br>Th\u00e9orie KAM faible et Hamiltoniens en involution<\/p>\n\n\n\n<p>21 janvier 2011 <strong>David ZMIAIKOU<\/strong> (Orsay)<br>Origamis et groupes de permutation<br><br>28 janvier 2011 <strong>Ivar EKELAND<\/strong> ( Paris-Dauphine)<br>Sur le th\u00e9or\u00e8me des fonctions inverses<\/p>\n\n\n\n<h2 class=\"wp-block-heading\">D\u00e9cembre 2010<\/h2>\n\n\n\n<hr class=\"wp-block-separator\"\/>\n\n\n\n<p>17 d\u00e9cembre 2010 <strong>H\u00e9l\u00e8ne EYNARD-BONTEMPS<\/strong> (IMJ)<br>Centralisateurs des diff\u00e9omorphismes de la demi-droite<\/p>\n\n\n\n<p>10 d\u00e9cembre 2010 <strong>Daniel SCHNELLMANN<\/strong> (ENS)<br>Lyapunov exponent for some versions of Viana maps<\/p>\n\n\n\n<p>3 d\u00e9cembre 2010 <strong>Abed BOUNEMOURA<\/strong> (Universit\u00e9 de Warwick)<br>Stabilit\u00e9 effective et forme normale de Birkhoff<\/p>\n\n\n\n<h2 class=\"wp-block-heading\">Novembre 2010<\/h2>\n\n\n\n<hr class=\"wp-block-separator\"\/>\n\n\n\n<p>19 novembre 2010 <strong><a href=\"http:\/\/www.math.jussieu.fr\/~fejoz\/jd2010.html\">JOURNEE DYNAMIQUE<\/a><\/strong><\/p>\n\n\n\n<p><br>12 novembre 2010 <strong>Massimiliano BERTI<\/strong> (Universit\u00e9 de Napoli)<br>Quasi-periodic solutions of NLS with a multiplicative potential on T^d with Sobolev regularity<br><br>5 novembre 2010 <strong>Alexander BUFETOV<\/strong> (Rice University)<br>Limit theorems for parabolic flow<\/p>\n\n\n\n<h2 class=\"wp-block-heading\">Octobre 2010<\/h2>\n\n\n\n<hr class=\"wp-block-separator\"\/>\n\n\n\n<p>29 octobre 2010 <strong>Yutaka ISHII<\/strong> (Ecole Polytechnique)<br>Homotopy shadowing<br><br>22 octobre 2010 <strong>Jean-Fran\u00e7ois QUINT<\/strong> (Universit\u00e9 de Paris 13)<br>Mesures stationnaires et ferm\u00e9s invariants des espaces homog\u00e8nes<\/p>\n\n\n\n<p>15 octobre 2010 <strong>Frederico RODRIGUEZ HERTZ<\/strong> (Universida de la Republica, Montevideo)<br>Measure theory and geometric topology in dynamics<\/p>\n\n\n\n<p>8 octobre 2010 <strong>Michael YAMPOLSKY<\/strong> (University of Toronto)<br>Thurston equivalence and algorithmic decidability<br><br>1 octobre 2010 <strong>Anatole KATOK<\/strong> (Penn. State University)<br>Introduction to non-uniform measure rigidity<\/p>\n\n\n\n<h2 class=\"wp-block-heading\"><strong>Septembre 2010<\/strong><\/h2>\n\n\n\n<hr class=\"wp-block-separator\"\/>\n\n\n\n<p>24 septembre 2010 <strong>Anatole KATOK<\/strong> (Penn. State University)<br>New progress in differentiable rigidity of higher rank abelian group actions based on applications of KAM method<\/p>\n","protected":false},"excerpt":{"rendered":"<p>Le Vendredi de 14 h 00 \u00e0 16h00 B\u00e2timent Sophie Germain salle 2015 Juin 2015 Vendredi 26 juin&nbsp;: Raphael de la Llave (Georgia Tech)&nbsp;: \u00ab\u00a0Recent developments in the geometric program for Arnold diffusion\u00a0\u00bb Avril 2015 Vendredi 3 avril&nbsp;: Zhiyan Zhao (IMJ-PRG)&nbsp;: \u00ab&nbsp;Diffusion balistique pour l\u2019op\u00e9rateur de Schr\u00f6dinger quasi-p\u00e9riodique en 1D&nbsp;\u00bb Vendredi 10 avril&nbsp;: Richard Moeckel(Universit\u00e9 [&hellip;]<\/p>\n","protected":false},"author":1,"featured_media":0,"parent":0,"menu_order":0,"comment_status":"closed","ping_status":"closed","template":"","meta":{"footnotes":""},"class_list":["post-60","page","type-page","status-publish","hentry"],"_links":{"self":[{"href":"https:\/\/www.imj-prg.fr\/gd\/wp-json\/wp\/v2\/pages\/60","targetHints":{"allow":["GET"]}}],"collection":[{"href":"https:\/\/www.imj-prg.fr\/gd\/wp-json\/wp\/v2\/pages"}],"about":[{"href":"https:\/\/www.imj-prg.fr\/gd\/wp-json\/wp\/v2\/types\/page"}],"author":[{"embeddable":true,"href":"https:\/\/www.imj-prg.fr\/gd\/wp-json\/wp\/v2\/users\/1"}],"replies":[{"embeddable":true,"href":"https:\/\/www.imj-prg.fr\/gd\/wp-json\/wp\/v2\/comments?post=60"}],"version-history":[{"count":4,"href":"https:\/\/www.imj-prg.fr\/gd\/wp-json\/wp\/v2\/pages\/60\/revisions"}],"predecessor-version":[{"id":74,"href":"https:\/\/www.imj-prg.fr\/gd\/wp-json\/wp\/v2\/pages\/60\/revisions\/74"}],"wp:attachment":[{"href":"https:\/\/www.imj-prg.fr\/gd\/wp-json\/wp\/v2\/media?parent=60"}],"curies":[{"name":"wp","href":"https:\/\/api.w.org\/{rel}","templated":true}]}}