{"id":65,"date":"2020-12-17T11:06:38","date_gmt":"2020-12-17T10:06:38","guid":{"rendered":"http:\/\/dev.imj-prg.fr\/gd\/?page_id=65"},"modified":"2020-12-17T11:06:38","modified_gmt":"2020-12-17T10:06:38","slug":"archives-seminaire-sur-les-singularites","status":"publish","type":"page","link":"https:\/\/www.imj-prg.fr\/gd\/archives-seminaire-sur-les-singularites\/","title":{"rendered":"Archives &#8211; S\u00e9minaire sur les singularit\u00e9s"},"content":{"rendered":"\n<h2 class=\"wp-block-heading\">S\u00e9minaire sur les singularit\u00e9s (B. Teissier, H. Mourtada)<\/h2>\n\n\n\n<h3 class=\"wp-block-heading\"><strong>Mardi 16h-18h<\/strong><\/h3>\n\n\n\n<h3 class=\"wp-block-heading\"><strong>B\u00e2timent Sophie Germain, salle 6071<\/strong><\/h3>\n\n\n\n<h2 class=\"wp-block-heading\"><strong>Juin 2015<\/strong><\/h2>\n\n\n\n<hr class=\"wp-block-separator\"\/>\n\n\n\n<p><strong>Mercredi<\/strong> 3 juin&nbsp;: <strong>2 expos\u00e9s<\/strong><strong>, Exceptionnellement en salle 2016<\/strong>&nbsp;:<\/p>\n\n\n\n<p>14h-15h30&nbsp;:&nbsp;<strong>Vincent Cossart<\/strong>, R\u00e9solution des Singularit\u00e9s&nbsp;en dimension 3,&nbsp;caract\u00e9ristique mixte. R\u00e9duction \u00e0 la caract\u00e9ristique p&gt;0.<br>R\u00e9sum\u00e9&nbsp;: Notre th\u00e9or\u00e8me de r\u00e9solution en dimension 3, caract\u00e9ristique mixte donne une r\u00e9ponse positive en dimension 3 \u00e0 une conjecture c\u00e9l\u00e8bre d\u2019A. Grothendieck. Nous exposerons notre strat\u00e9gie pour faire la preuve.<br>Nous montrerons comment l\u2019\u00e9tude des gradu\u00e9s associ\u00e9s aux faces du poly\u00e8dre d\u2019Hironaka&nbsp;permet de se ramener au cas de la caract\u00e9ristique positive.<br><br>15h45-17h15&nbsp;:&nbsp;<strong>Steven Dale Cutkosky<\/strong>,&nbsp;Analytic Local Monomialization.&nbsp;<br>Abstract&nbsp;: We prove local monomialization theorems for regular analytic morphisms of complex and real analytic varieties. This give a generalization of earlier theorems of the speaker of this type for dominant morphisms of algebraic varieties, over a field of characteristic zero. In the analytic case, the notion of an \u00e9toile over a complex analytic space, defined by Hironaka, replaces the notion of a valuation of an algebraic function field.<\/p>\n\n\n\n<h2 class=\"wp-block-heading\"><strong>Mai 2015<\/strong><\/h2>\n\n\n\n<hr class=\"wp-block-separator\"\/>\n\n\n\n<p>Mardi 19 Mai&nbsp;: <strong>2 expos\u00e9s<\/strong>&nbsp;:<br>14h-15h30&nbsp;: <strong>Herwig Hauser<\/strong>&nbsp;:&nbsp;Approximation de Artin&nbsp;: Version classique vs version g\u00e9om\u00e9trique.<br>R\u00e9sum\u00e9&nbsp;: Dans cette conf\u00e9rence on pr\u00e9sentera, apr\u00e8s avoir raffraichi l\u2019\u00e9nconc\u00e9 original du th\u00e9or\u00e8me, le probl\u00e8me plus g\u00e9n\u00e9ral d\u2019\u00e9tudier la vari\u00e9t\u00e9 de dimension infinie de toutes les solutions en s\u00e9ries y(x) de l\u2019\u00e9quation fonctionelle f(x,y) = 0. Une bonne compr\u00e9hension de la g\u00e9om\u00e9trie de cette vari\u00e9t\u00e9 nous donnera apr\u00e8s le th\u00e9or\u00e8me d\u2019approximation \u00ab\u00a0gratuitement\u00a0\u00bb. Titre&nbsp;: Taux de contraction des it\u00e9r\u00e9s de germes superattractifs sur des singularit\u00e9s normales de surface.<br><br>15h45 -17h15&nbsp;: <strong>Patrick Popescu-Pampu&nbsp;:<\/strong> Quelques relations d\u2019ordre sur les points infiniment voisins.<br>R\u00e9sum\u00e9&nbsp;: J\u2019expliquerai des propri\u00e9t\u00e9s de quelques relations d\u2019ordre sur l\u2019ensemble des points infiniment voisins d\u2019un point lisse d\u2019une surface complexe, et leurs relations avec l\u2019adjacence des singularit\u00e9s de courbes planes. Il s\u2019agit d\u2019un travail en collaboration avec Javier Fernandez de Bobadilla et Maria Pe Pereira.<br><br><br>Mardi 26 Mai&nbsp;: <strong>2 expos\u00e9s, Exceptionnellement en salle 2016&nbsp;:<\/strong><br>15h-16h15&nbsp;: <strong>Charlie Petitjean&nbsp;:<\/strong> Notions \u00e9quivariantes de la rationalit\u00e9 uniforme.<br>R\u00e9sum\u00e9&nbsp;: Une vari\u00e9t\u00e9 alg\u00e9brique est uniform\u00e9ment rationnelle si tout point de cette vari\u00e9t\u00e9 admet un voisinage ouvert isomorphe \u00e0 un ouvert de l\u2019espace affine. Une telle vari\u00e9t\u00e9 est n\u00e9cessairement lisse et rationnelle, mais l\u2019inverse est une question ouverte. Dans cette expos\u00e9 on va consid\u00e9rer des vari\u00e9t\u00e9s munies d\u2019une action de groupe et introduire plusieurs d\u00e9finitions \u00e9quivariantes de la rationalit\u00e9 uniforme. On explicitera ensuite de nouveaux r\u00e9sultats pour certaines T-vari\u00e9t\u00e9s lisses rationnelles de dimensions 3.<br><br>16h30-17h45&nbsp;: <strong>Bernd Schober&nbsp;:<\/strong>&nbsp;A polyhedral characterization of quasi-ordinary singularities.<br>Abstract&nbsp;: In my talk I will present a new characterization of quasi-ordinary singularities which is based on a procedure involving polyhedra and which originated from discussions on my polyhedral approach to the invariant of Bierstone and Milman for resolution of singularities in characteristic zero.<br>First, I will give a short introduction to quasi-ordinary singularities within which I will explain how these are connected to the Newton polyhedron. This leads to the construction of our procedure. After stating the main theorem that this procedure characterizes quasi-ordinary singularities we will spend the remaining time of the talk on its proof. For this we will consider Newton maps and compare our procedure with the Newton process which Artal Bartolo, Cassou-Nogu\u00e8s, Luengo and Melle Hern\u00e1ndez used for their characterization of quasi-ordinary singularities.<br>(This is joint work with Hussein Mourtada).<\/p>\n\n\n\n<h2 class=\"wp-block-heading\"><strong>Avril 2015<\/strong><\/h2>\n\n\n\n<hr class=\"wp-block-separator\"\/>\n\n\n\n<p>Mardi 7 Avril<strong>&nbsp;: Matteo Ruggiero<\/strong>&nbsp;: Taux de contraction des it\u00e9r\u00e9s de germes superattractifs sur des singularit\u00e9s normales de surface.<br>Dans un travail en commun avec William Gignac, on montre que la suite des taux de contraction des it\u00e9r\u00e9s d\u2019un germe superattractif de (C^2,0) satisfait une certaine r\u00e9currence lin\u00e9aire. La preuve se base sur la construction d\u2019un mod\u00e8le alg\u00e9briquement stable pour de tels germes, et la dynamique induite sur l\u2019arbre des valuations. Dans un travail en cours, on consid\u00e8re la situation analogue dans un cadre singulier, en rempla\u00e7ant (C^2,0) par une singularit\u00e9 normale de surface.<\/p>\n\n\n\n<h2 class=\"wp-block-heading\"><strong>Mars 2015<\/strong><\/h2>\n\n\n\n<hr class=\"wp-block-separator\"\/>\n\n\n\n<p>Mardi 31 Mars&nbsp;: <strong>Roberto Castellini&nbsp;:<\/strong> Sur la d\u00e9formation des courbes singuli\u00e8res.<br>Dans un article de 1973, A\u2019Campo a utilis\u00e9 des d\u00e9formations delta-constantes de courbe r\u00e9elles singuli\u00e8res pour \u00e9tudier le groupe de monodromie de singularit\u00e9s des courbes complexes, ayant la propri\u00e9t\u00e9 d\u2019en \u00eatre equi-singuli\u00e8res. Sa construction \u00e9tait algorithmique, mais elle ne donnait aucune description du type topologique plong\u00e9 d\u2019une telle d\u00e9formation \u2013 le partage de A\u2019Campo.<br>Dans ma th\u00e8se, j\u2019ai d\u00e9velopp\u00e9 une m\u00e9thode pour comprendre ces types topologiques. De plus, il existe un partage canonique, qui peut \u00eatre obtenu facilement par un plongement dans le plan r\u00e9el de la voilure de la singularit\u00e9 initiale. Je vais expliquer cette construction pour une classe particuli\u00e8re de germes, que j\u2019appelle les germes r\u00e9els positifs. Cette construction est en r\u00e9alit\u00e9 valable pour tout germe, mais cette classe particuli\u00e8re est la plus facile \u00e0 d\u00e9crire.<br>Je vais aussi expliquer la notion de voilure, qui est un nouveau invariant pour germes singuliers introduit pour la premi\u00e8re fois par P. Popescu-Pampu en 2009.<\/p>\n\n\n\n<hr class=\"wp-block-separator\"\/>\n\n\n\n<hr class=\"wp-block-separator\"\/>\n\n\n\n<h2 class=\"wp-block-heading\"><strong>Janvier 2015<\/strong><\/h2>\n\n\n\n<hr class=\"wp-block-separator\"\/>\n\n\n\n<p>Mardi&nbsp;6 Janvier&nbsp;: <strong>Hussein Mourtada<\/strong>,&nbsp;Sur les gradients des fonctions d\u00e9finissables dans une structure o-minimale, d\u2019apr\u00e8s Kurdyka.<br><br>Mardi 13 Janvier&nbsp;: <strong>Matteo Ruggiero<\/strong>, Exemples de valuations divisorielles dont le gradu\u00e9 n\u2019est pas de type fini,&nbsp;d\u2019apr\u00e8s Cossart-Galindo-Piltant.<br><br>Mardi 20 Janvier&nbsp;: <strong>Takehiko Yasuda<\/strong>, The wild McKay correspondence, mass formulas and p-adic integration.<br><br>Abstract&nbsp;: The talk is about a version of the McKay correspondence in positive or mixed characteristic. Roughly speaking, this version gives an equality between a weighted count of extensions of a local field and a weighted count of rational points of a variety over a finite field (with respect to \u00ab\u00a0stringy weights\u00a0\u00bb). In a particular example, it relates mass formulas of Serre and Bhargava with the Hilbert scheme of n points on an affine plane. A proof of this result is based on p-adic integration. The talk is partly based on a joint work with Melanie Machett Wood.<\/p>\n\n\n\n<hr class=\"wp-block-separator\"\/>\n\n\n\n<hr class=\"wp-block-separator\"\/>\n\n\n\n<h2 class=\"wp-block-heading\"><strong>Octobre 2014<\/strong><\/h2>\n\n\n\n<hr class=\"wp-block-separator\"\/>\n\n\n\n<p>Mardi 14 Octobre&nbsp;&nbsp;: <strong>Bernard Teissier<\/strong>,&nbsp;Le th\u00e9or\u00e8me de Cohen valuatif et ses applications.<\/p>\n\n\n\n<p><strong>Exceptionnellement, Mercredi 22 Octobre<\/strong> \u00e0 16h30&nbsp;: <strong>Hiraku Kawanoue<\/strong>, Idealistic Filtration Program and the surface resolution of singularities.<\/p>\n\n\n\n<hr class=\"wp-block-separator\"\/>\n\n\n\n<hr class=\"wp-block-separator\"\/>\n\n\n\n<h2 class=\"wp-block-heading\"><strong>Mai 2014<br><\/strong><\/h2>\n\n\n\n<hr class=\"wp-block-separator\"\/>\n\n\n\n<p>Lundi 5 Mai&nbsp;&nbsp;: <strong>Ana Reguera&nbsp;:&nbsp;<\/strong>Sur les anneaux locaux de l\u2019espace des arcs aux points stables.<\/p>\n\n\n\n<p>Lundi 19 Mai&nbsp;&nbsp;: <strong>Ana Bel\u00e9n de Felipe<\/strong>&nbsp;: Sur l\u2019espace des valuations centr\u00e9es en un point d\u2019une vari\u00e9t\u00e9 alg\u00e9brique.<\/p>\n\n\n\n<h2 class=\"wp-block-heading\"><strong>Avril 2014<br><\/strong><\/h2>\n\n\n\n<hr class=\"wp-block-separator\"\/>\n\n\n\n<p>Lundi 28 Avril&nbsp;&nbsp;: <strong>Hussein Mourtada<\/strong>&nbsp;: Dimension de plongement en un point stable de l\u2019espace des arcs et la discr\u00e9pance de Mather.&nbsp;<\/p>\n\n\n\n<h2 class=\"wp-block-heading\"><strong>Mars 2014<br><\/strong><\/h2>\n\n\n\n<hr class=\"wp-block-separator\"\/>\n\n\n\n<p>Lundi 3&nbsp;Mars&nbsp;: <strong>Daniel Duart\u00e9<\/strong>&nbsp;: \u00c9clatement de Nash sup\u00e9rieur sur les vari\u00e9t\u00e9s toriques normales.<br><br><br>Lundi 17 Mars&nbsp;: <strong>Lorenzo Fantini<\/strong>&nbsp;:&nbsp;Normalized Berkovich spaces and surface singularities.<\/p>\n\n\n\n<p>Lundi 31 Mars&nbsp;: <strong>Junyi Xie<\/strong>&nbsp;: La conjecture Mordell-Lang dynamique pour les applications polynomiales sur le plan affine.<\/p>\n\n\n\n<h2 class=\"wp-block-heading\"><strong>F\u00e9vrier 2014<br><\/strong><\/h2>\n\n\n\n<hr class=\"wp-block-separator\"\/>\n\n\n\n<p>Lundi 3 F\u00e9vrier&nbsp;:&nbsp;<strong>Wael Mahboub<\/strong>&nbsp;: Une construction explicite des polyn\u00f4mes-cl\u00e9s.<br><br><br>Lundi 10 F\u00e9vrier&nbsp;: <strong>Jean-Christophe San Saturnino<\/strong>&nbsp;: Polyn\u00f4mes-cl\u00e9s et uniformisation locale.<\/p>\n\n\n\n<h2 class=\"wp-block-heading\"><strong>Janvier 2014<br><\/strong><\/h2>\n\n\n\n<hr class=\"wp-block-separator\"\/>\n\n\n\n<p>Lundi 13 Janvier 2014&nbsp;: <strong>Bernd Schober<\/strong>&nbsp;:&nbsp;A purely polyhedral approach to resolution of singularities in characteristic zero I<\/p>\n\n\n\n<p>Lundi 20 Janvier 2014&nbsp;: <strong>Bernd Schober<\/strong>&nbsp;:&nbsp;A purely polyhedral approach to resolution of singularities in characteristic zero II<\/p>\n\n\n\n<h2 class=\"wp-block-heading\"><strong>D\u00e9cembre 2013<br><\/strong><\/h2>\n\n\n\n<hr class=\"wp-block-separator\"\/>\n\n\n\n<p>Lundi 2 D\u00e9cembre&nbsp;: <strong>Bernard Teissier<\/strong>&nbsp;: Uniformisation des valuations d\u2019Abhyankar III.<\/p>\n\n\n\n<h2 class=\"wp-block-heading\"><strong>Novembre 2013<br><\/strong><\/h2>\n\n\n\n<hr class=\"wp-block-separator\"\/>\n\n\n\n<p>Lundi 25 Novembre&nbsp;: <strong>Bernard Teissier<\/strong>&nbsp;: Uniformisation des valuations d\u2019Abhyankar II.<\/p>\n\n\n\n<h2 class=\"wp-block-heading\"><strong>Octobre 2013<br><\/strong><\/h2>\n\n\n\n<hr class=\"wp-block-separator\"\/>\n\n\n\n<p>Lundi 7 Octobre&nbsp;: <strong>Matteo Ruggiero<\/strong>&nbsp;: Dynamique dans l\u2019arbre des valuations.<br><br>Lundi 14 Octobre&nbsp;: <strong>Matteo Ruggiero<\/strong>&nbsp;: Surfaces de Kato et valuations.<\/p>\n\n\n\n<p>Lundi 21 Octobre&nbsp;: <strong>Matteo Ruggiero<\/strong>&nbsp;:&nbsp;Exemples de Dynamique des valuations.<\/p>\n\n\n\n<p>Lundi 28 Octobre&nbsp;: <strong>Bernard Teissier<\/strong>&nbsp;:&nbsp;Uniformisation des valuations d\u2019Abhyankar I <strong>Exceptionnellement en salle 2014<\/strong>.<\/p>\n\n\n\n<h2 class=\"wp-block-heading\"><strong>Juin 2013<br><\/strong><\/h2>\n\n\n\n<hr class=\"wp-block-separator\"\/>\n\n\n\n<p>Lundi 17 Juin&nbsp;: <strong>Camille Pl\u00e9nat<\/strong>&nbsp;: Sur la multiplicit\u00e9 de familles de germes d\u2019hypersurfaces complexes \u00e0 mu constant (avec David Trotman)<\/p>\n\n\n\n<h2 class=\"wp-block-heading\"><strong>Avril 2013<br><\/strong><\/h2>\n\n\n\n<hr class=\"wp-block-separator\"\/>\n\n\n\n<p>Lundi 8 Avril&nbsp;:<strong> Mauricio Garay<\/strong>&nbsp;: D\u00e9termination essentielle sur un espace de Stein et th\u00e9orie KAM R\u00e9sum\u00e9&nbsp;:&nbsp;Dans l\u2019\u00e9tude des actions de groupes en dimension infinie, le cas des singularit\u00e9s isol\u00e9es d\u2019hypersurfaces constitue le premier exemple non trivial.Dans ce cas,&nbsp;le th\u00e9or\u00e8me de d\u00e9termination finie permet de ramener un germe d\u2019hypersurface \u00e0 une hypersurface alg\u00e9brique. Je montrerais comment la th\u00e9orie KAM permet d\u2019obtenir un r\u00e9sultat plus fort \u00e0 savoir l\u2019\u00e9limination de certains termes inessentiels d\u2019un germe d\u2019hypersurface le long d\u2019un compact de Stein. Ce r\u00e9sultat donne en retour, un \u00e9clairage sur la th\u00e9orie KAM et des structures qui y interviennent. Leur mise en \u00e9vidence constitue le premier jalon dans la d\u00e9monstration de la conjecture de Herman que j\u2019ai propos\u00e9 en 2012. R\u00e9f\u00e9rences :D\u00e9termination finie sur un espace de Stein ArXiv 1301 2439, 2013&nbsp;; The Herman conjecture, Oberwolfach Reports N. 46, 2012.&nbsp;<\/p>\n\n\n\n<h2 class=\"wp-block-heading\"><strong>Mars 2013<br><\/strong><\/h2>\n\n\n\n<hr class=\"wp-block-separator\"\/>\n\n\n\n<p>Lundi 4 Mars <strong>Guillaume Rond <\/strong>&nbsp;: Cl\u00f4ture alg\u00e9brique des corps de s\u00e9ries formelles<br><br>Lundi 18&nbsp;Mars <strong>Vincent Cossart<\/strong>&nbsp;: R\u00e9solution des singularit\u00e9s en caract\u00e9ristique mixte et dimension 3. (Un autre expos\u00e9 sur ce sujet par Olivier Piltant aura lieu ult\u00e9rieurement)<br><br>Lundi 25 Mars <strong>Hussein Mourtada<\/strong>&nbsp;: Espaces de jets des surfaces \u00e0<br>singularit\u00e9s quasi-ordinaires (Travail en collaboration avec Helena cobo)<\/p>\n\n\n\n<h2 class=\"wp-block-heading\"><strong>F\u00e9vrier 2013<br><\/strong><\/h2>\n\n\n\n<hr class=\"wp-block-separator\"\/>\n\n\n\n<p>Lundi 4 F\u00e9vrier&nbsp;: <strong>B. Teissier<\/strong>&nbsp;: Introduction \u00e0 la tropicalisation, amibes non archim\u00e9diennes.<\/p>\n\n\n\n<p>Lundi 11 F\u00e9vrier&nbsp;: <strong>Hussein Mourtada<\/strong>&nbsp;: Id\u00e9aux non d\u00e9g\u00e9n\u00e9r\u00e9s d\u2019apr\u00e8s Fuensanta Aroca et d\u2019autres<\/p>\n\n\n\n<p>Lundi 18 F\u00e9vrier&nbsp;: <strong>Matteo Ruggiero<\/strong>&nbsp;: Germes attractifs sur des singularit\u00e9s normales de surface.<\/p>\n\n\n\n<h2 class=\"wp-block-heading\"><strong>Janvier 2013<br><\/strong><\/h2>\n\n\n\n<hr class=\"wp-block-separator\"\/>\n\n\n\n<p>21 janvier&nbsp;:&nbsp;<strong>Kevin Langlois (Grenoble)<\/strong>&nbsp;: Sur les op\u00e9rations de tores alg\u00e9briques dans les vari\u00e9t\u00e9s affines.<\/p>\n\n\n\n<p>28 janvier&nbsp;:<strong> Jose Seade (Cuernavaca)<\/strong>&nbsp;: L\u00ea cycles and Milnor classes.<\/p>\n\n\n\n<h2 class=\"wp-block-heading\"><strong>D\u00e9cembre 2012<\/strong><\/h2>\n\n\n\n<hr class=\"wp-block-separator\"\/>\n\n\n\n<p>10 d\u00e9cembre&nbsp;:&nbsp;<strong>Hussein Mourtada<\/strong>&nbsp;: autour du travail de Pinaki Mondal<\/p>\n\n\n\n<h2 class=\"wp-block-heading\"><strong>Novembre 2012<\/strong><\/h2>\n\n\n\n<hr class=\"wp-block-separator\"\/>\n\n\n\n<p>5 novembre&nbsp;:&nbsp;<strong>Anne Pichon<\/strong>&nbsp;: Thick-Thin decomposition de surfaces normales<\/p>\n\n\n\n<p>19 novembre&nbsp;:&nbsp;<strong>Bernard Teissier<\/strong>&nbsp;: Valuations d\u2019Abhyankar et valuations quasi-monomiales<\/p>\n\n\n\n<h2 class=\"wp-block-heading\"><strong>Octobre 2012<\/strong><\/h2>\n\n\n\n<hr class=\"wp-block-separator\"\/>\n\n\n\n<p>8 Octobre&nbsp;: <strong>Dale Cutkosky<\/strong>&nbsp;: Asymptotic multiplicities&nbsp;: <a href=\"https:\/\/www.imj-prg.fr\/files\/cutkoskymultabs-1.pdf\">r\u00e9sum\u00e9<\/a><\/p>\n\n\n\n<p>15 Octobre&nbsp;: <strong>Pas de s\u00e9minaire<\/strong><\/p>\n\n\n\n<p>22 Octobre&nbsp;: <strong>Dale Cutkosky<\/strong>&nbsp;: Ramification of local rings along valuations&nbsp;: <a href=\"https:\/\/www.imj-prg.fr\/files\/cutkoskyvalramabs-1.pdf\">r\u00e9sum\u00e9<\/a><\/p>\n\n\n\n<p>29 Octobre&nbsp;:<strong>Pas de s\u00e9minaire<\/strong>&nbsp;<\/p>\n\n\n\n<hr class=\"wp-block-separator\"\/>\n\n\n\n<hr class=\"wp-block-separator\"\/>\n\n\n\n<h2 class=\"wp-block-heading\"><strong>Mai 2012<\/strong><\/h2>\n\n\n\n<hr class=\"wp-block-separator\"\/>\n\n\n\n<p>7 Mai&nbsp;: <strong>Evelia Garc\u00eda Barroso<\/strong> (La Laguna)&nbsp;: Caract\u00e8re non d\u00e9g\u00e9n\u00e9r\u00e9 du discriminant (travail en commun avec J. Gwozdziewicz, A. Lenarcik).<br><br>14 Mai&nbsp;: <strong>Hussein Mourtada<\/strong> (IMJ)&nbsp;: Construction de valuations, d\u2019apr\u00e8s Moghaddam.<\/p>\n\n\n\n<p>21 Mai&nbsp;:&nbsp;<strong>Ana Belen de Felipe Paramio<\/strong>&nbsp;: Valuations compatibles avec une projection, d\u2019apr\u00e8s Fuensanta Aroca.<br><br><strong>MARDI 29 Mai<\/strong>, <strong>14h30-16h30<\/strong> <strong>salle 1E20&nbsp;:<\/strong> M<strong>ohammad Moghaddam<\/strong> (IPM T\u00e9h\u00e9ran et Saskatoon)&nbsp;: Key polynomials, generalized power series and contact of valuations.<\/p>\n\n\n\n<h2 class=\"wp-block-heading\"><strong>Avril 2012<\/strong><\/h2>\n\n\n\n<hr class=\"wp-block-separator\"\/>\n\n\n\n<p>2 Avril&nbsp;: <strong>Patrick Popescu Pampu<\/strong>&nbsp;: Tropicalisation locale<br><em>R\u00e9sum\u00e9&nbsp;: Je pr\u00e9senterai un cadre fonctoriel pour la tropicalisation qui permet entre autres de tropicaliser des singularit\u00e9s (tropicalisation locale) et qui g\u00e9n\u00e9ralise l\u2019une des d\u00e9finitions de la tropicalisation des sous-vari\u00e9t\u00e9s des tores (tropicalisation globale). J\u2019expliquerai quelques propri\u00e9t\u00e9s des tropicalisations locales ainsi que la relation entre tropicalisation locale et globale. Il s\u2019agit d\u2019un travail fait en collaboration avec Dmitry Stepanov.<\/em><\/p>\n\n\n\n<p>30 Avril&nbsp;: <strong>Jawad Snoussi<\/strong> (Cuernavaca)&nbsp;:&nbsp;Criteres de regularite sur les germes de surfaces complexes.<\/p>\n\n\n\n<h2 class=\"wp-block-heading\"><strong>Mars 2012<\/strong><\/h2>\n\n\n\n<hr class=\"wp-block-separator\"\/>\n\n\n\n<p>5 Mars&nbsp;: <strong>Charles Favre<\/strong>&nbsp;: Th\u00e9or\u00e8me d\u2019Izumi et polyn\u00f4mes cl\u00e9s<br><br>Il n\u2019y aura pas de s\u00e9ance le 12 Mars en raison du colloque en l\u2019honneur de Daniel Bennequin<br><br>19 Mars&nbsp;: <strong>B. Teissier<\/strong>&nbsp;: un cas d\u2019uniformisation locale.<br><br>26 Mars&nbsp;: <strong>Charles Favre<\/strong>&nbsp;: Titre \u00e0 pr\u00e9ciser<\/p>\n\n\n\n<h2 class=\"wp-block-heading\"><strong>F\u00e9vrier 2012<\/strong><\/h2>\n\n\n\n<hr class=\"wp-block-separator\"\/>\n\n\n\n<p>6 F\u00e9vrier&nbsp;: <strong>Maria Pe Pereira<\/strong>&nbsp;: D\u00e9termination finie des valuations divisorielles<br><em>Dans la premi\u00e8re partie Maria Pe Pereira donnera la preuve d\u2019un resultat d\u00fb a De Fernex-Ein-Ishii montrant qu\u2019une valuation divisorielle sur une vari\u00e9t\u00e9 alg\u00e9brique est d\u00e9finie par ses valeurs sur un nombre fini de fonctions meromorphes. On pr\u00e9sentera l\u2019approche initiale bas\u00e9e sur l\u2019espace des arcs.<br>Dans la deuxi\u00e8me partie (le 5 Mars) Charles Favre discutera les relations entre ce r\u00e9sultat et les polyn\u00f4mes clefs.<\/em><\/p>\n\n\n\n<p>13 F\u00e9vrier&nbsp;: <strong>Hussein Mourtada<\/strong>&nbsp;: Espaces de jets des branches planes et racines approch\u00e9es<\/p>\n\n\n\n<p>27 F\u00e9vrier&nbsp;: <strong>Hussein Mourtada<\/strong>&nbsp;: Sur les polyn\u00f4mes cl\u00e9s associ\u00e9s \u00e0 une extension d\u2019une valuation<\/p>\n\n\n\n<h2 class=\"wp-block-heading\"><strong>Janvier 2012<\/strong><\/h2>\n\n\n\n<hr class=\"wp-block-separator\"\/>\n\n\n\n<p>9 Janvier&nbsp;: <strong>Hussein Mourtada<\/strong>&nbsp;: sur les polyn\u00f4mes-cl\u00e9s (suite)<\/p>\n\n\n\n<h2 class=\"wp-block-heading\"><strong>D\u00e9cembre 2011<\/strong><\/h2>\n\n\n\n<hr class=\"wp-block-separator\"\/>\n\n\n\n<p>5 D\u00e9cembre&nbsp;: <strong>B. Teissier<\/strong>&nbsp;: Polyn\u00f4mes cl\u00e9s et s\u00e9ries g\u00e9n\u00e9ratrices de valuation, suite et fin<\/p>\n\n\n\n<p>12 D\u00e9cembre&nbsp;: <strong>Hussein Mourtada<\/strong>&nbsp;: sur les polyn\u00f4mes-cl\u00e9s<\/p>\n\n\n\n<h2 class=\"wp-block-heading\"><strong>Novembre 2011<\/strong><\/h2>\n\n\n\n<hr class=\"wp-block-separator\"\/>\n\n\n\n<p>14 Novembre&nbsp;: <strong>B. Teissier<\/strong>&nbsp;: Polyn\u00f4mes cl\u00e9s et s\u00e9ries g\u00e9n\u00e9ratrices de valuations<\/p>\n\n\n\n<h2 class=\"wp-block-heading\"><strong>Octobre 2011<\/strong><\/h2>\n\n\n\n<hr class=\"wp-block-separator\"\/>\n\n\n\n<p>17 octobre&nbsp;: s\u00e9ance d\u2019organisation et <strong>Pedro Gonz\u00e1lez P\u00e9rez<\/strong>&nbsp;: \u00ab\u00a0Arbres d\u2019Eggers et cerf-volants\u00a0\u00bb<\/p>\n\n\n\n<hr class=\"wp-block-separator\"\/>\n\n\n\n<hr class=\"wp-block-separator\"\/>\n\n\n\n<h2 class=\"wp-block-heading\"><strong>Mai 2011<\/strong><\/h2>\n\n\n\n<hr class=\"wp-block-separator\"\/>\n\n\n\n<p>2 Mai&nbsp;: <strong>Michel Raibaut<\/strong>&nbsp;: \u00ab\u00a0Fibre de Milnor motivique\u00a0\u00bb<\/p>\n\n\n\n<p>9 Mai&nbsp;: <strong>Ana Reguera<\/strong>&nbsp;: \u00ab\u00a0Arcs et coins sur les singularites rationnelles de surface\u00a0\u00bb<\/p>\n\n\n\n<p>16 Mai&nbsp;: <strong>H. Hironaka<\/strong>&nbsp;: \u00ab\u00a0Resolution of Singularities\u00a0\u00bb <strong>en salle 0C02 (rez de chauss\u00e9e)<\/strong><\/p>\n\n\n\n<p>23 Mai&nbsp;: <strong>Charles Favre <\/strong>(Ecole Polytechnique)&nbsp;:Espaces de Zariski-Riemann<\/p>\n\n\n\n<p>30 Mai&nbsp;: <strong>Bernard Teissier<\/strong> (IMJ)&nbsp;:&nbsp;Espaces de Zariski-Riemann en g\u00e9om\u00e9trie torique<\/p>\n\n\n\n<h2 class=\"wp-block-heading\"><strong>Avril 2011<\/strong><\/h2>\n\n\n\n<hr class=\"wp-block-separator\"\/>\n\n\n\n<p>4 Avril&nbsp;: <strong>J. M.&nbsp;Wahl<\/strong> (Chapel Hill)&nbsp;: Smoothings of complex surface singularities with Milnor number 0 <a href=\"https:\/\/www.imj-prg.fr\/files\/ParisAbstr.pdf\" target=\"_blank\" rel=\"noreferrer noopener\">(r\u00e9sum\u00e9)<\/a><\/p>\n\n\n\n<h2 class=\"wp-block-heading\"><strong>Mars 2011<\/strong><\/h2>\n\n\n\n<hr class=\"wp-block-separator\"\/>\n\n\n\n<p>14 Mars&nbsp;: <strong>B. Teissier<\/strong> (IMJ)&nbsp;: Pr\u00e9sentation du s\u00e9minaire et introduction \u00e0 la&nbsp;g\u00e9om\u00e9trie tropicale<br><br>21 Mars&nbsp;: <strong>Michel Raibaut<\/strong> (IMJ)&nbsp;: Analytisation et tropicalisation, d\u2019apr\u00e8s Sam Payne<br><br>28 Mars&nbsp;: <strong>Maria Pe Pereira<\/strong>&nbsp;: Nash problem for surfaces <a href=\"https:\/\/www.imj-prg.fr\/files\/abstract_Jussieu.pdf\" target=\"_blank\" rel=\"noreferrer noopener\">(r\u00e9sum\u00e9)<\/a><\/p>\n","protected":false},"excerpt":{"rendered":"<p>S\u00e9minaire sur les singularit\u00e9s (B. Teissier, H. Mourtada) Mardi 16h-18h B\u00e2timent Sophie Germain, salle 6071 Juin 2015 Mercredi 3 juin&nbsp;: 2 expos\u00e9s, Exceptionnellement en salle 2016&nbsp;: 14h-15h30&nbsp;:&nbsp;Vincent Cossart, R\u00e9solution des Singularit\u00e9s&nbsp;en dimension 3,&nbsp;caract\u00e9ristique mixte. R\u00e9duction \u00e0 la caract\u00e9ristique p&gt;0.R\u00e9sum\u00e9&nbsp;: Notre th\u00e9or\u00e8me de r\u00e9solution en dimension 3, caract\u00e9ristique mixte donne une r\u00e9ponse positive en dimension 3 [&hellip;]<\/p>\n","protected":false},"author":1,"featured_media":0,"parent":0,"menu_order":0,"comment_status":"closed","ping_status":"closed","template":"","meta":{"footnotes":""},"class_list":["post-65","page","type-page","status-publish","hentry"],"_links":{"self":[{"href":"https:\/\/www.imj-prg.fr\/gd\/wp-json\/wp\/v2\/pages\/65","targetHints":{"allow":["GET"]}}],"collection":[{"href":"https:\/\/www.imj-prg.fr\/gd\/wp-json\/wp\/v2\/pages"}],"about":[{"href":"https:\/\/www.imj-prg.fr\/gd\/wp-json\/wp\/v2\/types\/page"}],"author":[{"embeddable":true,"href":"https:\/\/www.imj-prg.fr\/gd\/wp-json\/wp\/v2\/users\/1"}],"replies":[{"embeddable":true,"href":"https:\/\/www.imj-prg.fr\/gd\/wp-json\/wp\/v2\/comments?post=65"}],"version-history":[{"count":1,"href":"https:\/\/www.imj-prg.fr\/gd\/wp-json\/wp\/v2\/pages\/65\/revisions"}],"predecessor-version":[{"id":66,"href":"https:\/\/www.imj-prg.fr\/gd\/wp-json\/wp\/v2\/pages\/65\/revisions\/66"}],"wp:attachment":[{"href":"https:\/\/www.imj-prg.fr\/gd\/wp-json\/wp\/v2\/media?parent=65"}],"curies":[{"name":"wp","href":"https:\/\/api.w.org\/{rel}","templated":true}]}}