{"id":71,"date":"2020-12-17T11:09:15","date_gmt":"2020-12-17T10:09:15","guid":{"rendered":"http:\/\/dev.imj-prg.fr\/gd\/?page_id=71"},"modified":"2020-12-17T11:09:15","modified_gmt":"2020-12-17T10:09:15","slug":"archives-geometrie-et-physique-mathematique","status":"publish","type":"page","link":"https:\/\/www.imj-prg.fr\/gd\/archives-geometrie-et-physique-mathematique\/","title":{"rendered":"Archives &#8211; G\u00e9om\u00e9trie et physique math\u00e9matique"},"content":{"rendered":"\n<p>(S. Barannikov, D. Bennequin, F. H\u00e9lein, J. Kouneiher, V. Roubtsov)<br>Certains jeudi de 10 h 30 \u00e0 12 h&nbsp;: Sophie Germain salle 2017.<\/p>\n\n\n\n<p><a href=\"http:\/\/webusers.imj-prg.fr\/~frederic.helein\/gdt14-15.html\">http:\/\/webusers.imj-prg.fr\/&nbsp;frederic.helein\/gdt14-15.html<\/a><\/p>\n","protected":false},"excerpt":{"rendered":"<p>(S. Barannikov, D. Bennequin, F. H\u00e9lein, J. Kouneiher, V. Roubtsov)Certains jeudi de 10 h 30 \u00e0 12 h&nbsp;: Sophie Germain salle 2017. http:\/\/webusers.imj-prg.fr\/&nbsp;frederic.helein\/gdt14-15.html<\/p>\n","protected":false},"author":1,"featured_media":0,"parent":0,"menu_order":0,"comment_status":"closed","ping_status":"closed","template":"","meta":{"footnotes":""},"class_list":["post-71","page","type-page","status-publish","hentry"],"_links":{"self":[{"href":"https:\/\/www.imj-prg.fr\/gd\/wp-json\/wp\/v2\/pages\/71","targetHints":{"allow":["GET"]}}],"collection":[{"href":"https:\/\/www.imj-prg.fr\/gd\/wp-json\/wp\/v2\/pages"}],"about":[{"href":"https:\/\/www.imj-prg.fr\/gd\/wp-json\/wp\/v2\/types\/page"}],"author":[{"embeddable":true,"href":"https:\/\/www.imj-prg.fr\/gd\/wp-json\/wp\/v2\/users\/1"}],"replies":[{"embeddable":true,"href":"https:\/\/www.imj-prg.fr\/gd\/wp-json\/wp\/v2\/comments?post=71"}],"version-history":[{"count":1,"href":"https:\/\/www.imj-prg.fr\/gd\/wp-json\/wp\/v2\/pages\/71\/revisions"}],"predecessor-version":[{"id":72,"href":"https:\/\/www.imj-prg.fr\/gd\/wp-json\/wp\/v2\/pages\/71\/revisions\/72"}],"wp:attachment":[{"href":"https:\/\/www.imj-prg.fr\/gd\/wp-json\/wp\/v2\/media?parent=71"}],"curies":[{"name":"wp","href":"https:\/\/api.w.org\/{rel}","templated":true}]}}