{"id":12,"date":"2020-12-17T11:30:52","date_gmt":"2020-12-17T10:30:52","guid":{"rendered":"http:\/\/dev.imj-prg.fr\/grg\/?page_id=12"},"modified":"2020-12-17T11:30:52","modified_gmt":"2020-12-17T10:30:52","slug":"presentation","status":"publish","type":"page","link":"https:\/\/www.imj-prg.fr\/grg\/presentation\/","title":{"rendered":"Pr\u00e9sentation"},"content":{"rendered":"\n<hr class=\"wp-block-separator\" id=\"ligne-header\"\/>\n\n\n\n<p>Le projet \u00ab&nbsp;Groupes, repr\u00e9sentations et g\u00e9om\u00e9trie&nbsp;\u00bb (acronyme GRG) est n\u00e9 le premier janvier 2009 de la fusion des projets \u00ab&nbsp;Th\u00e9orie des groupes, repr\u00e9sentations, applications&nbsp;\u00bb (TG) et \u00ab&nbsp;Groupes finis et alg\u00e9briques&nbsp;\u00bb (GF) de l\u2019institut de math\u00e9matiques de Jussieu. Cette fusion correspond \u00e0 une convergence des th\u00e8mes scientifiques qui, au cours des ann\u00e9es, est devenue de plus en plus manifeste.<\/p>\n\n\n\n<p>L\u2019apparition de la th\u00e9orie des alg\u00e8bres de Lie de dimension infinie, l\u2019\u00e9tude des superstructures, la d\u00e9couverte des groupes quantiques, l\u2019\u00e9mergence de la th\u00e9orie g\u00e9om\u00e9trique des repr\u00e9sentations et de la m\u00e9thode de cat\u00e9gorification ont accentu\u00e9 tour \u00e0 tour la diversification des th\u00e8mes de recherche du projet TG et conduit \u00e0 son rapprochement avec le projet GF, dont le th\u00e8me principal, l\u2019\u00e9tude de la structure et des repr\u00e9sentations des groupes finis, a connu des \u00e9volutions analogues. Le th\u00e8me unificateur du projet fusionn\u00e9 est la th\u00e9orie des repr\u00e9sentations approch\u00e9e par des m\u00e9thodes alg\u00e9briques, g\u00e9om\u00e9triques et topologiques.<\/p>\n","protected":false},"excerpt":{"rendered":"<p>Le projet \u00ab&nbsp;Groupes, repr\u00e9sentations et g\u00e9om\u00e9trie&nbsp;\u00bb (acronyme GRG) est n\u00e9 le premier janvier 2009 de la fusion des projets \u00ab&nbsp;Th\u00e9orie des groupes, repr\u00e9sentations, applications&nbsp;\u00bb (TG) et \u00ab&nbsp;Groupes finis et alg\u00e9briques&nbsp;\u00bb (GF) de l\u2019institut de math\u00e9matiques de Jussieu. Cette fusion correspond \u00e0 une convergence des th\u00e8mes scientifiques qui, au cours des ann\u00e9es, est devenue de plus [&hellip;]<\/p>\n","protected":false},"author":1,"featured_media":0,"parent":0,"menu_order":0,"comment_status":"closed","ping_status":"closed","template":"","meta":{"footnotes":""},"class_list":["post-12","page","type-page","status-publish","hentry"],"_links":{"self":[{"href":"https:\/\/www.imj-prg.fr\/grg\/wp-json\/wp\/v2\/pages\/12","targetHints":{"allow":["GET"]}}],"collection":[{"href":"https:\/\/www.imj-prg.fr\/grg\/wp-json\/wp\/v2\/pages"}],"about":[{"href":"https:\/\/www.imj-prg.fr\/grg\/wp-json\/wp\/v2\/types\/page"}],"author":[{"embeddable":true,"href":"https:\/\/www.imj-prg.fr\/grg\/wp-json\/wp\/v2\/users\/1"}],"replies":[{"embeddable":true,"href":"https:\/\/www.imj-prg.fr\/grg\/wp-json\/wp\/v2\/comments?post=12"}],"version-history":[{"count":1,"href":"https:\/\/www.imj-prg.fr\/grg\/wp-json\/wp\/v2\/pages\/12\/revisions"}],"predecessor-version":[{"id":13,"href":"https:\/\/www.imj-prg.fr\/grg\/wp-json\/wp\/v2\/pages\/12\/revisions\/13"}],"wp:attachment":[{"href":"https:\/\/www.imj-prg.fr\/grg\/wp-json\/wp\/v2\/media?parent=12"}],"curies":[{"name":"wp","href":"https:\/\/api.w.org\/{rel}","templated":true}]}}