{"id":18,"date":"2020-12-17T11:33:25","date_gmt":"2020-12-17T10:33:25","guid":{"rendered":"http:\/\/dev.imj-prg.fr\/grg\/?page_id=18"},"modified":"2021-01-05T10:56:58","modified_gmt":"2021-01-05T09:56:58","slug":"seminaires","status":"publish","type":"page","link":"https:\/\/www.imj-prg.fr\/grg\/seminaires\/","title":{"rendered":"S\u00e9minaires"},"content":{"rendered":"\n<p class=\"has-text-align-right\"><a href=\"\/grg\/anciens-seminaires\/\">Historique<\/a><\/p>\n\n\n\n   <script type=\"text\/javascript\" src=\"https:\/\/www.imj-prg.fr\/js\/jquery.tablesorter.min.js\"><\/script>\n\n  \n    <div class=\"well\">\n                 \n     \t                                        \n\t\t<h2><a href ='\/gestion\/evenement\/1'>S\u00e9minaires\n     2025-2026    <\/a><\/h2>\n    <table class=\"table table-striped\">\n\n  <script type=\"text\/javascript\" id=\"js\">$(document).ready(function() {\n\n   $(\"table\").tablesorter({\n     sortList: [[0,0]]\n   });\n   });\n  }); <\/script>\n  <\/table>\n     <table  class=\"tabsem tablesorter table\"> <thead>\n      <tr>\n\t   <th> S\u00e9minaires<\/th>  <th>Responsables<\/th>  <th>Prochain <\/th><th>Prochain(s) intervenant(s)<\/th><th>Date<\/th>\n      <\/tr><\/thead>\n\t                                   \n            \n    \n\t<tr>\n\t<td><a href='\/gestion\/evenement\/affEvenement\/1'>S\u00e9minaire d&#039;Alg\u00e8bre<\/a><\/td>\n\t<td>J. Alev, D. Hernandez, B. Keller, Th. Levasseur, et S. Morier-Genoud.<\/td>\n            <td>Folding of cluster algebras and quantum toroidal algebras<\/td>\n    <td>    Lior Silberberg - ,\n        <\/td>\n    <td>13\/04\/2026 14:00 <\/td>\n                                                                                                                                      \n\t<\/tr>          \n     \t                                            \n            \n    \n\t<tr>\n\t<td><a href='\/gestion\/evenement\/affEvenement\/59'>S\u00e9minaire Groupes, Repr\u00e9sentations et G\u00e9om\u00e9trie<\/a><\/td>\n\t<td>Emmanuel Letellier, Michela Varagnolo, Eric Vasserot<\/td>\n                                                                        <td>The tame Deligne-Simpson problem<\/td>\n    <td>    Shu Cheng - UP,\n        <\/td>\n    <td>10\/04\/2026 10:30 <\/td>\n                                                                          \n\t<\/tr>          \n     \t       \n    \n\t<tr>\n\t<td><a href='\/gestion\/evenement\/affEvenement\/108'>S\u00e9minaire CAGe: Combinatorics, Arithmetic and Geometry<\/a><\/td>\n\t<td>Karim Adiprasito, Harald Helfgott, Vasso Petrotou and Arina Voorhaar<\/td>\n                                                                                                                                    <td>CAGE: Pratihar, Kalugin, M\u00fcyesser, Selyanin<\/td>\n    <td><\/td>\n    <td>13\/04\/2026 10:30 <\/td>\n                  <td><\/td>\n    <td><\/td>\n    <td><\/td>\n  \n\t<\/tr>     <\/table>\n<\/div>\n\n   \n    <div class=\"well\">\n                 \n              \n              \n         <\/table>\n<\/div>\n\n   \n    <div class=\"well\">\n                 \n              \n              \n         <\/table>\n<\/div>\n\n   \n    <div class=\"well\">\n                 \n              \n              \n         <\/table>\n<\/div>\n\n   \n    <div class=\"well\">\n                 \n              \n              \n         <\/table>\n<\/div>\n\n  \n","protected":false},"excerpt":{"rendered":"<p>Historique<\/p>\n","protected":false},"author":1,"featured_media":0,"parent":0,"menu_order":0,"comment_status":"closed","ping_status":"closed","template":"","meta":{"footnotes":""},"class_list":["post-18","page","type-page","status-publish","hentry"],"_links":{"self":[{"href":"https:\/\/www.imj-prg.fr\/grg\/wp-json\/wp\/v2\/pages\/18","targetHints":{"allow":["GET"]}}],"collection":[{"href":"https:\/\/www.imj-prg.fr\/grg\/wp-json\/wp\/v2\/pages"}],"about":[{"href":"https:\/\/www.imj-prg.fr\/grg\/wp-json\/wp\/v2\/types\/page"}],"author":[{"embeddable":true,"href":"https:\/\/www.imj-prg.fr\/grg\/wp-json\/wp\/v2\/users\/1"}],"replies":[{"embeddable":true,"href":"https:\/\/www.imj-prg.fr\/grg\/wp-json\/wp\/v2\/comments?post=18"}],"version-history":[{"count":2,"href":"https:\/\/www.imj-prg.fr\/grg\/wp-json\/wp\/v2\/pages\/18\/revisions"}],"predecessor-version":[{"id":50,"href":"https:\/\/www.imj-prg.fr\/grg\/wp-json\/wp\/v2\/pages\/18\/revisions\/50"}],"wp:attachment":[{"href":"https:\/\/www.imj-prg.fr\/grg\/wp-json\/wp\/v2\/media?parent=18"}],"curies":[{"name":"wp","href":"https:\/\/api.w.org\/{rel}","templated":true}]}}