{"id":20,"date":"2020-12-17T11:34:43","date_gmt":"2020-12-17T10:34:43","guid":{"rendered":"http:\/\/dev.imj-prg.fr\/grg\/?page_id=20"},"modified":"2025-11-11T17:04:35","modified_gmt":"2025-11-11T16:04:35","slug":"visiteurs-collaborateurs","status":"publish","type":"page","link":"https:\/\/www.imj-prg.fr\/grg\/visiteurs-collaborateurs\/","title":{"rendered":"Visiteurs \/ Collaborateurs"},"content":{"rendered":"\n\n<h2 class=\"wp-block-heading\">Visiteurs r\u00e9guliers<\/h2>\n\n\n\n<ul class=\"wp-block-list\">\n<li><a href=\"https:\/\/www.aup.edu\/profile\/rcorran\" style=\"color:maroon\">Ruth Corran<\/a> PR a l&rsquo;universit\u00e9 am\u00e9ricaine de Paris<\/li>\n<li><a href=\"https:\/\/www.lamfa.u-picardie.fr\/digne\/\" style=\"color:maroon\">Fran\u00e7ois Digne<\/a>, PR \u00e9m\u00e9rite \u00e0 Amiens<\/li>\n<li><a href=\"https:\/\/sites.google.com\/site\/olivierschiffmann\/\" style=\"color:maroon\">Olivier Schiffmann<\/a>, DR \u00e0 Orsay<\/li>\n<li><a href=\"https:\/\/cyagm.cnrs.fr\/membres\/michela-varagnolo\/\" style=\"color:maroon\">Michela Varagnolo<\/a>, MC \u00e0 Cergy-Pontoise<\/li><\/ul>\n\n\n\n<\/ul>\n\n\n\n\n<div>\n\n\n\n\n \t\t\t\t\t\t\t\t\t\t\t\t\t\t\t <hr><h2> Enseignant-Chercheurs <\/h2>\n\t\t\t<table class=\"table table-striped\"> <thead>\n\t\t\t<tr>\n\t\t\t<th>Civilit\u00e9 <\/th> <th>Prenom Nom<\/th>  <th>Universit\u00e9 d'origine<\/th> <th>Invit\u00e9 par <\/th>\n\t\t\t<th>Date arriv\u00e9e<\/th><th>Date d\u00e9part<\/th><th>Bureau<\/th>\n            <\/tr><\/thead>\n\t\t\t\t\t\n\t<tr>\n\n\t<td data-label=\"Civilit\u00e9\">M<\/td><td data-label=\"Prenom Nom\">\n\t\t\t\t<a href='https:\/\/sites.google.com\/view\/shunsuke-kano\/home'>\n\t\t\t\tShunsuke Kano<\/td> <\/a >  \t<td data-label=\"Universit\u00e9 d'origine\">Tohoku University<\/td><td data-label=\"Invit\u00e9 par\">Bernhard Keller<\/td>\n\t\t\t<td>19\/01\/2026<\/td><td>17\/12\/2026<\/td><td>aucun bureau disponible pour la p\u00e9riode<\/td>\n\t\n\n\t<\/tr>\n\t\t\t\t\t\t\t\t\n\t<tr>\n\n\t<td data-label=\"Civilit\u00e9\">Mme<\/td><td data-label=\"Prenom Nom\">\n\t\tMichela Varagnolo<\/td>\t<td data-label=\"Universit\u00e9 d'origine\">CY Cergy Paris Universit\u00e9<\/td><td data-label=\"Invit\u00e9 par\">Vasserot<\/td>\n\t\t\t<td>20\/01\/2026<\/td><td>19\/12\/2026<\/td><td><\/td>\n\t\n\n\t<\/tr>\n\t\t\t\t\t\t\t\t\t\t\t\t<\/table>\n\t\n\n\n\n  \t\t\t\t\t\t\t\t\t <hr><h2> Post-doctorants <\/h2>\n\t\t\t<table class=\"table table-striped\"> <thead>\n\t\t\t<tr>\n\t\t\t<th>Civilit\u00e9 <\/th> <th>Prenom Nom<\/th>  <th>Universit\u00e9 d'origine<\/th> <th>Invit\u00e9 par <\/th>\n\t\t\t<th>Date arriv\u00e9e<\/th><th>Date d\u00e9part<\/th><th>Bureau<\/th>\n            <\/tr><\/thead>\n\t\t\t\t\t\n\t<tr>\n\n\t<td>M<\/td><td>\tAiden Suter<\/td>\t<td>Universite de Waterloo, Canada<\/td><td>Eric Vasserot<\/td>\n\t\t<td>01\/09\/2025<\/td><td>31\/08\/2026<\/td><td><\/td>\n\n\t\n\n\t<\/tr>\n\t\t\t\t\t\t\t\t\t\t\t\t\t\t\t\t\t\n\t<tr>\n\n\t<td>M<\/td><td>\tMingfa CHEN<\/td>\t<td>Tsinghua University<\/td><td>Bernhard Keller<\/td>\n\t\t<td>16\/02\/2026<\/td><td>14\/02\/2027<\/td><td>aucun bureau disponible pour la p\u00e9riode<\/td>\n\n\t\n\n\t<\/tr>\n\t\t\t\t\t\t\t\t<\/table>\n\t\n\n  \t\n\t\t\t\t\t\t\t\t\t\t\t\t <hr><h2> Doctorants <\/h2>\n\t\t\t<table class=\"table table-striped\"> <thead>\n\t\t\t<tr>\n\t\t\t<th>Civilit\u00e9 <\/th> <th>Prenom Nom<\/th>  <th>Universit\u00e9 d'origine<\/th> <th>Invit\u00e9 par  <\/th>\n\t\t\t<th>Date arriv\u00e9e<\/th><th>Date d\u00e9part<\/th><th>Bureau<\/th>\n            <\/tr><\/thead>\n\t\t\t\t\t\n\t<tr>\n\n\t<td>M<\/td><td>\tHengyi WANG<\/td>\t<td>East Chine Normal University<\/td><td>Marc Rosso<\/td>\n\t\t<td>01\/09\/2025<\/td><td>31\/08\/2026<\/td><td><\/td>\n\t\n\n\t<\/tr>\n\t\t\t\t\t\t\t\t\t\t\t\t\t\t\t\t\t\n\t<tr>\n\n\t<td>M<\/td><td>\tRyu Tomonaga<\/td>\t<td>Universit\u00e9 de Tokyo<\/td><td>Bernhard Keller<\/td>\n\t\t<td>03\/06\/2026<\/td><td>21\/06\/2026<\/td><td><\/td>\n\t\n\n\t<\/tr>\n\t\t\t\t\t<\/table>\n\t\n\n\n\n\n\t\n\t\t\t\t\t\t\t\t\t\t\t\t\t\t\t\t\t\t\t\t\n\n\n\t\t\t\t\t\t\t\t\t\t\t\t\t\t\t\t\t\t\t\t\t\n\n <\/div>\n\n\n","protected":false},"excerpt":{"rendered":"<p>Visiteurs r\u00e9guliers Ruth Corran PR a l&rsquo;universit\u00e9 am\u00e9ricaine de Paris Fran\u00e7ois Digne, PR \u00e9m\u00e9rite \u00e0 Amiens Olivier Schiffmann, DR \u00e0 Orsay Michela Varagnolo, MC \u00e0 Cergy-Pontoise<\/p>\n","protected":false},"author":1,"featured_media":0,"parent":0,"menu_order":0,"comment_status":"closed","ping_status":"closed","template":"","meta":{"footnotes":""},"class_list":["post-20","page","type-page","status-publish","hentry"],"_links":{"self":[{"href":"https:\/\/www.imj-prg.fr\/grg\/wp-json\/wp\/v2\/pages\/20","targetHints":{"allow":["GET"]}}],"collection":[{"href":"https:\/\/www.imj-prg.fr\/grg\/wp-json\/wp\/v2\/pages"}],"about":[{"href":"https:\/\/www.imj-prg.fr\/grg\/wp-json\/wp\/v2\/types\/page"}],"author":[{"embeddable":true,"href":"https:\/\/www.imj-prg.fr\/grg\/wp-json\/wp\/v2\/users\/1"}],"replies":[{"embeddable":true,"href":"https:\/\/www.imj-prg.fr\/grg\/wp-json\/wp\/v2\/comments?post=20"}],"version-history":[{"count":6,"href":"https:\/\/www.imj-prg.fr\/grg\/wp-json\/wp\/v2\/pages\/20\/revisions"}],"predecessor-version":[{"id":116,"href":"https:\/\/www.imj-prg.fr\/grg\/wp-json\/wp\/v2\/pages\/20\/revisions\/116"}],"wp:attachment":[{"href":"https:\/\/www.imj-prg.fr\/grg\/wp-json\/wp\/v2\/media?parent=20"}],"curies":[{"name":"wp","href":"https:\/\/api.w.org\/{rel}","templated":true}]}}