{"id":22,"date":"2020-12-17T11:35:13","date_gmt":"2020-12-17T10:35:13","guid":{"rendered":"http:\/\/dev.imj-prg.fr\/grg\/?page_id=22"},"modified":"2025-11-11T17:09:30","modified_gmt":"2025-11-11T16:09:30","slug":"domaines-de-recherche","status":"publish","type":"page","link":"https:\/\/www.imj-prg.fr\/grg\/domaines-de-recherche\/","title":{"rendered":"Domaines de recherche"},"content":{"rendered":"\n<hr class=\"wp-block-separator\" id=\"ligne-header\" \/>\n\n\n\n<p>La th\u00e9orie des groupes et de leurs repr\u00e9sentations \u00e9tudie les sym\u00e9tries telles qu\u2019elles apparaissent en math\u00e9matiques et dans les sciences en g\u00e9n\u00e9ral, notamment en physique, chimie, biologie&#8230;<\/p>\n\n\n\n<p>Les th\u00e8mes de recherche de l\u2019\u00e9quipe couvrent de nombreuses sp\u00e9cialit\u00e9s \u00e0 l\u2019int\u00e9rieur de ce domaine et notamment les groupes et alg\u00e8bres de Lie, la th\u00e9orie g\u00e9om\u00e9trique des repr\u00e9sentations, les groupes finis, les groupes quantiques, la th\u00e9orie de la cat\u00e9gorification, la g\u00e9om\u00e9trie des repr\u00e9sentations des groupes de surfaces sauvages (et r\u00e9guliers), les alg\u00e8bres de Hecke et de Cherednik, les alg\u00e8bres amass\u00e9es&#8230;<\/p>\n","protected":false},"excerpt":{"rendered":"<p>La th\u00e9orie des groupes et de leurs repr\u00e9sentations \u00e9tudie les sym\u00e9tries telles qu\u2019elles apparaissent en math\u00e9matiques et dans les sciences en g\u00e9n\u00e9ral, notamment en physique, chimie, biologie&#8230; Les th\u00e8mes de recherche de l\u2019\u00e9quipe couvrent de nombreuses sp\u00e9cialit\u00e9s \u00e0 l\u2019int\u00e9rieur de ce domaine et notamment les groupes et alg\u00e8bres de Lie, la th\u00e9orie g\u00e9om\u00e9trique des repr\u00e9sentations, [&hellip;]<\/p>\n","protected":false},"author":1,"featured_media":0,"parent":0,"menu_order":0,"comment_status":"closed","ping_status":"closed","template":"","meta":{"footnotes":""},"class_list":["post-22","page","type-page","status-publish","hentry"],"_links":{"self":[{"href":"https:\/\/www.imj-prg.fr\/grg\/wp-json\/wp\/v2\/pages\/22","targetHints":{"allow":["GET"]}}],"collection":[{"href":"https:\/\/www.imj-prg.fr\/grg\/wp-json\/wp\/v2\/pages"}],"about":[{"href":"https:\/\/www.imj-prg.fr\/grg\/wp-json\/wp\/v2\/types\/page"}],"author":[{"embeddable":true,"href":"https:\/\/www.imj-prg.fr\/grg\/wp-json\/wp\/v2\/users\/1"}],"replies":[{"embeddable":true,"href":"https:\/\/www.imj-prg.fr\/grg\/wp-json\/wp\/v2\/comments?post=22"}],"version-history":[{"count":3,"href":"https:\/\/www.imj-prg.fr\/grg\/wp-json\/wp\/v2\/pages\/22\/revisions"}],"predecessor-version":[{"id":118,"href":"https:\/\/www.imj-prg.fr\/grg\/wp-json\/wp\/v2\/pages\/22\/revisions\/118"}],"wp:attachment":[{"href":"https:\/\/www.imj-prg.fr\/grg\/wp-json\/wp\/v2\/media?parent=22"}],"curies":[{"name":"wp","href":"https:\/\/api.w.org\/{rel}","templated":true}]}}