{"id":24,"date":"2020-12-17T11:35:46","date_gmt":"2020-12-17T10:35:46","guid":{"rendered":"http:\/\/dev.imj-prg.fr\/grg\/?page_id=24"},"modified":"2025-11-11T16:22:50","modified_gmt":"2025-11-11T15:22:50","slug":"colloques","status":"publish","type":"page","link":"https:\/\/www.imj-prg.fr\/grg\/colloques\/","title":{"rendered":"Colloques"},"content":{"rendered":"\n<hr class=\"wp-block-separator\" id=\"ligne-header\" \/>\n\n\n\n<ul class=\"wp-block-list\"><li>Conf\u00e9rence\n<a href=\"https:\/\/webusers.imj-prg.fr\/~philip.boalch\/Mars2017\/\" style=\"color:maroon\">Irregular Connections, Character Varieties and Physics<\/a>,  Paris 7, 6-9 Mars 2017 <\/li> \n<li>Conf\u00e9rence <a href=\"http:\/\/www.dmf.unisalento.it\/~chirivi\/cdcVenice\/\" style=\"color:maroon\">en l&rsquo;honneur de Corrado De Concini<\/a> \u00e0 Venise du 16 au 19 septembre 2019.<\/li><li>\u00c9cole d&rsquo;\u00e9t\u00e9 <a href=\"http:\/\/www.hcm.uni-bonn.de\/hs-stability-conditions-representation-theory-2019\/\" style=\"color:maroon\">\u00ab Hausdorff School on Stability Conditions in Representation Theory \u00bb<\/a> \u00e0 Bonn en Allemagne du 16 au 20 septembre 2019.<\/li><li>Trimestre <a href=\"http:\/\/reptheory2020.imj-prg.fr\/\" style=\"color:maroon\">\u00ab&nbsp;Representation Theory, Paris&nbsp;\u00bb<\/a> du 6 janvier au 3 avril 2020 \u00e0 l&rsquo;IHP.<\/li><\/ul>\n\n\n","protected":false},"excerpt":{"rendered":"<p>Conf\u00e9rence Irregular Connections, Character Varieties and Physics, Paris 7, 6-9 Mars 2017 Conf\u00e9rence en l&rsquo;honneur de Corrado De Concini \u00e0 Venise du 16 au 19 septembre 2019. \u00c9cole d&rsquo;\u00e9t\u00e9 \u00ab Hausdorff School on Stability Conditions in Representation Theory \u00bb \u00e0 Bonn en Allemagne du 16 au 20 septembre 2019. Trimestre \u00ab&nbsp;Representation Theory, Paris&nbsp;\u00bb du 6 [&hellip;]<\/p>\n","protected":false},"author":1,"featured_media":0,"parent":0,"menu_order":0,"comment_status":"closed","ping_status":"closed","template":"","meta":{"footnotes":""},"class_list":["post-24","page","type-page","status-publish","hentry"],"_links":{"self":[{"href":"https:\/\/www.imj-prg.fr\/grg\/wp-json\/wp\/v2\/pages\/24","targetHints":{"allow":["GET"]}}],"collection":[{"href":"https:\/\/www.imj-prg.fr\/grg\/wp-json\/wp\/v2\/pages"}],"about":[{"href":"https:\/\/www.imj-prg.fr\/grg\/wp-json\/wp\/v2\/types\/page"}],"author":[{"embeddable":true,"href":"https:\/\/www.imj-prg.fr\/grg\/wp-json\/wp\/v2\/users\/1"}],"replies":[{"embeddable":true,"href":"https:\/\/www.imj-prg.fr\/grg\/wp-json\/wp\/v2\/comments?post=24"}],"version-history":[{"count":6,"href":"https:\/\/www.imj-prg.fr\/grg\/wp-json\/wp\/v2\/pages\/24\/revisions"}],"predecessor-version":[{"id":112,"href":"https:\/\/www.imj-prg.fr\/grg\/wp-json\/wp\/v2\/pages\/24\/revisions\/112"}],"wp:attachment":[{"href":"https:\/\/www.imj-prg.fr\/grg\/wp-json\/wp\/v2\/media?parent=24"}],"curies":[{"name":"wp","href":"https:\/\/api.w.org\/{rel}","templated":true}]}}