{"id":31,"date":"2020-12-17T11:39:15","date_gmt":"2020-12-17T10:39:15","guid":{"rendered":"http:\/\/dev.imj-prg.fr\/grg\/?page_id=31"},"modified":"2021-01-05T10:58:05","modified_gmt":"2021-01-05T09:58:05","slug":"theses","status":"publish","type":"page","link":"https:\/\/www.imj-prg.fr\/grg\/theses\/","title":{"rendered":"Th\u00e8ses"},"content":{"rendered":"<link rel=\"stylesheet\" type=\"text\/css\" href=\"https:\/\/cdn.datatables.net\/v\/dt\/dt-1.10.23\/datatables.min.css\"\/>\n \n<script type=\"text\/javascript\" src=\"https:\/\/cdn.datatables.net\/v\/dt\/dt-1.10.23\/datatables.min.js\"><\/script>\n\n<script>\njQuery(document).ready(function($){\n\t\n    $('#tabthese').DataTable({\n\t\tlanguage: {\turl: 'https:\/\/cdn.datatables.net\/plug-ins\/1.10.22\/i18n\/French.json'},\n\t\tpageLength: 50,\n\t\torder: [[ 2, 'desc' ]],\n\t\tdrawCallback: function(settings) {\n\t\t\tvar pagination = $(this).closest('.dataTables_wrapper').find('.dataTables_paginate');\n\t\t\tpagination.toggle(this.api().page.info().pages > 1);\n\t\t\trowCount = $('#tabthese tr').length;\n\t\t\tif(rowCount < 50){\n\t\t\t\n\t\t\t\t$( \"#tabthese_length\" ).hide();\n\t\t\t\t\n\t\t\t\t$( \"#tabthese_info\" ).text(rowCount+ ' \u00e9l\u00e9ments');\n\t\t\t}\n\t\t}\n\t\t\t\t\t\n        });\n\t} );\n<\/script>\n\t\t<table id=\"tabthese\" class=\"display\" ><thead><tr><th>Nom<\/th> <th>Titre<\/th><th>Ann\u00e9e<\/th><th>Directeur de th\u00e8se<\/th><th> <\/th><\/tr><\/thead><tr><td>Liu Miantao<\/td><td>Sur la cat\u00e9gorification de la vari\u00e9t\u00e9 amass\u00e9e des triplets de drapeaux<\/td><td>2025<\/td><td>Bernahrd Keller<\/td><td><br><a href=\"https:\/\/www.theses.fr\/s353219\">Lien theses.fr<\/a><\/td><\/tr><tr><td>Contu Alessandro<\/td><td>Cat\u00e9gorifications additive et mono\u00efdale d'alg\u00e8bres amass\u00e9es<\/td><td>2024<\/td><td>Bernhard Keller<\/td><td><br><a href=\"https:\/\/www.theses.fr\/2024UNIP7306\">Lien theses.fr<\/a><\/td><\/tr><tr><td>Gottesman Tal<\/td><td>Ensembles ordonn\u00e9s Calabi-Yau fractionnaires<\/td><td>2024<\/td><td>B. Rognerud<\/td><td><br><a href=\"https:\/\/www.theses.fr\/2024UNIP7287\">Lien theses.fr<\/a><\/td><\/tr><tr><td>Huet Tancrede<\/td><td>Vers une quantification des alg\u00e8bres de partitions<\/td><td>2024<\/td><td>Marc Rosso<\/td><td><br><a href=\"https:\/\/www.theses.fr\/s208284\">Lien theses.fr<\/a><\/td><\/tr><tr><td>Pinet Th\u00e9o<\/td><td>Quantum affine algebras and related algebras: R-matrices, inflations and integrable systems<\/td><td>2024<\/td><td>David Hernandez<\/td><td><\/td><\/tr><tr><td>Scognamiglio Tommaso<\/td><td>Champs de caract\u00e8res pour surfaces de Riemann et multplicit\u00e9s pour caract\u00e8res de Gln(Fq)<\/td><td>2024<\/td><td>Emmanuel Letellier<\/td><td><br><a href=\"https:\/\/www.theses.fr\/s261268\">Lien theses.fr<\/a><\/td><\/tr><tr><td>Wang Keyu<\/td><td>Integrable systems, quantum affine Borel algebras, and elliptic difference equations<\/td><td>2024<\/td><td>David Hernandez<\/td><td><\/td><\/tr><tr><td>Chen Xiaofa<\/td><td>Sur les dg-cat\u00e9gories exactes<\/td><td>2023<\/td><td>Bernhard Keller<\/td><td><\/td><\/tr><tr><td>Liu Junyang<\/td><td>Sur la conjecture d'Amiot<\/td><td>2023<\/td><td>Bernhard Keller<\/td><td><\/td><\/tr><tr><td>Maltoni Leonardo<\/td><td>Pr\u00e9sentation \u00e0 la Bernstein de la cat\u00e9gorie de Hecke affine<\/td><td>2022<\/td><td>Daniel Juteau<\/td><td><br><a href=\"https:\/\/www.theses.fr\/2022SORUS538\">Lien theses.fr<\/a><\/td><\/tr><tr><td>Ballandras Mathieu<\/td><td>Weyl group actions on the cohomology of character and quiver varieties<\/td><td>2021<\/td><td>Emmanuel Letellier, Fernando Rodriguez Villegas<\/td><td><br><a href=\"https:\/\/www.theses.fr\/2021UNIP7083\">Lien theses.fr<\/a><\/td><\/tr><tr><td>Wu Yilin<\/td><td>Relative Calabi-Yau structures in representation theory<\/td><td>2021<\/td><td>Bernhard Keller et Guodong Zhou<\/td><td><br><a href=\"http:\/\/www.imj-prg.fr\/theses\/\/pdf\/yilin_wu.pdf\"><img decoding=\"async\" src=\"http:\/\/www.imj-prg.fr\/wp-content\/themes\/imjprg\/images\/pdf.png\"> <\/a><\/td><\/tr><tr><td>Casbi Elie<\/td><td>Cat\u00e9gorifications d'alg\u00e8bres amass\u00e9es et repr\u00e9sentations d'alg\u00e8bres de Hecke carquois<\/td><td>2020<\/td><td>David Hernandez<\/td><td><br><a href=\"http:\/\/www.imj-prg.fr\/theses\/\/pdf\/elie_casbi.pdf\"><img decoding=\"async\" src=\"http:\/\/www.imj-prg.fr\/wp-content\/themes\/imjprg\/images\/pdf.png\"> <\/a><\/td><\/tr><tr><td>Liu Wille<\/td><td><\/td><td>2020<\/td><td>Eric Vasserot<\/td><td><\/td><\/tr><tr><td>Bittmann L\u00e9a<\/td><td>Anneaux de Grothendieck quantiques, alg\u00e8bres amass\u00e9es et cat\u00e9gorie O affine quantique<\/td><td>2019<\/td><td>David Hernandez<\/td><td><\/td><\/tr><tr><td>Chaneb Reda<\/td><td>Matrice de d\u00e9composition des groupes r\u00e9ductifs finis en petite caract\u00e9ristique<\/td><td>2019<\/td><td>Olivier BRUNAT<\/td><td><\/td><\/tr><tr><td>Ghazizadeh Parisa<\/td><td>On the torsion part in the cohomology of Deligne-Lusztig varieties<\/td><td>2019<\/td><td>Olivier Dudas<\/td><td><\/td><\/tr><tr><td>Gorsky Mikhail<\/td><td><\/td><td>2019<\/td><td>B. Keller<\/td><td><\/td><\/tr><tr><td>Denoncin David<\/td><td>Ordinary and modular characters for normal inclusions of finite groups : Application to alternating, special linear and unitary groups<\/td><td>2017<\/td><td>Marc Cabanes<\/td><td><\/td><\/tr><tr><td>Wang Zhengfang<\/td><td>Equivalence singuli\u00e8re \u00e0 la Morita et la cohomologie de Hochschild singuli\u00e8re<\/td><td>2016<\/td><td>Marc Rosso et Alexander Zimmermann<\/td><td><\/td><\/tr><tr><td>Lin Jyun ao<\/td><td>\"Alg\u00e8bres de Hall sph\u00e9riques des courbes pond\u00e9r\u00e9es et alg\u00e8bres de battages<\/td><td>2015<\/td><td>MARC ROSSO<\/td><td><\/td><\/tr><tr><td>Maksimau Ruslan<\/td><td>\"Alg\u00e8bres KLR et alg\u00e8bre de Carquois-Schur\"<\/td><td>2015<\/td><td>ERIC VASSEROT<\/td><td><\/td><\/tr><tr><td>Yu Yue tony<\/td><td>\u00ab Premiers pas de la g\u00e9om\u00e9trie \u00e9numerative non archim\u00e9dienne \u00bb<\/td><td>2015<\/td><td>BERNHARD KELLER<\/td><td><\/td><\/tr><tr><td>Zhang Huafeng<\/td><td>\"Repr\u00e9sentations des super-alg\u00e8bres affines quantiques\"<\/td><td>2015<\/td><td>DAVID HERNANDEZ<\/td><td><\/td><\/tr><tr><td>Chiche Jonathan<\/td><td>La th\u00e9orie de l'homotopie des 2-cat\u00e9gories<\/td><td>2014<\/td><td>Georges Maltsiniotis<\/td><td><br><a href=\"http:\/\/www.imj-prg.fr\/theses\/\/pdf\/jonathan_chiche.pdf\"><img decoding=\"async\" src=\"http:\/\/www.imj-prg.fr\/wp-content\/themes\/imjprg\/images\/pdf.png\"> <\/a><\/td><\/tr><tr><td>Fratila Dragos<\/td><td>\"Alg\u00e8bres de Hall, formes automorphes et la g\u00e9om\u00e9trie des fibres principaux sur une courbe elliptique\"<\/td><td>2014<\/td><td>OLIVIER SCHIFFMANN<\/td><td><\/td><\/tr><tr><td>Alharbat Sadek<\/td><td>\"About affine braid  groups and Markov trace related\"<\/td><td>2013<\/td><td>FRANCOIS DIGNE<\/td><td><\/td><\/tr><tr><td>Biland Erwan<\/td><td>\"Repr\u00e9sentations modulaires et structure locale des groupes finis\"<\/td><td>2013<\/td><td>MICHEL BROUE<\/td><td><\/td><\/tr><tr><td>Bouayad Alexandre<\/td><td>\"Alg\u00e8bres Enveloppantes Quantiques G\u00e9n\u00e9ralis\u00e9es, Alg\u00e8bres de Kac-Moody Color\u00e9es et Interpolation de Langlands\"<\/td><td>2013<\/td><td>INCONNU<\/td><td><\/td><\/tr><tr><td>Mansuy Mathieu<\/td><td>\"Repr\u00e9sentations l-extr\u00e9males des alg\u00e8bres toro\u00efdales quantiques\"<\/td><td>2013<\/td><td>DAVID HERNANDEZ<\/td><td><\/td><\/tr><tr><td>Ngo Van dinh<\/td><td>\"Construction de repr\u00e9sentations supercuspidales des groupes spinoriels d\u00e9finis sur des corps $p$-adiques au moyen de types semi-simples\"<\/td><td>2013<\/td><td>CORINE BLONDEL<\/td><td><\/td><\/tr><tr><td>Zaiter Mouchira<\/td><td><\/td><td>2013<\/td><td>JEAN-YVES CHARBONNEL<\/td><td><\/td><\/tr><tr><td>Fang Xin<\/td><td>\"Autour des alg\u00e8bres de battages quantiques : id\u00e9aux de d\u00e9finition, sp\u00e9cialisation et cohomologie\"<\/td><td>2012<\/td><td>MARC ROSSO<\/td><td><br><a href=\"http:\/\/www.imj-prg.fr\/theses\/\/pdf\/xin_fang.pdf\"><img decoding=\"async\" src=\"http:\/\/www.imj-prg.fr\/wp-content\/themes\/imjprg\/images\/pdf.png\"> <\/a><\/td><\/tr><tr><td>Guo Lingyan<\/td><td>\"Cat\u00e9gories amass\u00e9es sup\u00e9rieures et frises tropicales\"<\/td><td>2012<\/td><td>BERNHARD KELLER<\/td><td><br><a href=\"http:\/\/www.imj-prg.fr\/theses\/\/pdf\/lingyan_guo.pdf\"><img decoding=\"async\" src=\"http:\/\/www.imj-prg.fr\/wp-content\/themes\/imjprg\/images\/pdf.png\"> <\/a><\/td><\/tr><tr><td>Lasy Trafim<\/td><td>\"Traces de Markov sp\u00e9ciales et formule de Gomi pour les groupes de r\u00e9flexion\"<\/td><td>2012<\/td><td>JEAN MICHEL<\/td><td><br><a href=\"http:\/\/www.imj-prg.fr\/theses\/\/pdf\/trafim_lasy.pdf\"><img decoding=\"async\" src=\"http:\/\/www.imj-prg.fr\/wp-content\/themes\/imjprg\/images\/pdf.png\"> <\/a><\/td><\/tr><tr><td>Lebed Victoria<\/td><td>\"Objets tress\u00e9s : une \u00e9tude unificatrice de structures alg\u00e9briques et une cat\u00e9gorification des tresses virtuelles\"<\/td><td>2012<\/td><td>MARC ROSSO<\/td><td><br><a href=\"http:\/\/www.imj-prg.fr\/theses\/\/pdf\/victoria_lebed.pdf\"><img decoding=\"async\" src=\"http:\/\/www.imj-prg.fr\/wp-content\/themes\/imjprg\/images\/pdf.png\"> <\/a><\/td><\/tr><tr><td>Qin Fan<\/td><td>\"Alg\u00e9bres amass\u00e9es quantiques acycliques\"<\/td><td>2012<\/td><td>BERNHARD KELLER<\/td><td><\/td><\/tr><tr><td>Plamondon Pierre-guy<\/td><td>\"Cat\u00e9gories amass\u00e9es aux espaces de morphismes de dimension infinie, applications\"<\/td><td>2011<\/td><td>BERNHARD KELLER<\/td><td><br><a href=\"http:\/\/www.imj-prg.fr\/theses\/\/pdf\/pierre-guy_plamondon.pdf\"><img decoding=\"async\" src=\"http:\/\/www.imj-prg.fr\/wp-content\/themes\/imjprg\/images\/pdf.png\"> <\/a><\/td><\/tr><tr><td>Ara Dimitri<\/td><td>Sur les infini-groupo\u00efdes de Grothendieck et une variante infini-cat\u00e9gorique<\/td><td>2010<\/td><td>GEORGES MALTSINIOTIS<\/td><td><br><a href=\"http:\/\/www.imj-prg.fr\/theses\/\/pdf\/dimitri_ara.pdf\"><img decoding=\"async\" src=\"http:\/\/www.imj-prg.fr\/wp-content\/themes\/imjprg\/images\/pdf.png\"> <\/a><\/td><\/tr><tr><td>Shan Peng<\/td><td>Bases canoniques et graduations associ\u00e9es aux alg\u00e8bres de Hecke doublement affines rationnelles<\/td><td>2010<\/td><td>ERIC VASSEROT<\/td><td><br><a href=\"http:\/\/www.imj-prg.fr\/theses\/\/pdf\/peng_shan.pdf\"><img decoding=\"async\" src=\"http:\/\/www.imj-prg.fr\/wp-content\/themes\/imjprg\/images\/pdf.png\"> <\/a><\/td><\/tr><tr><td>Batakidis Panagiotis<\/td><td>DEFORMATION PAR QUANTIFICATION ET THEORIE DE LIE<\/td><td>2009<\/td><td>CHARLES TOROSSIAN<\/td><td><\/td><\/tr><tr><td>Jian Runqiang<\/td><td>THEORIE DE CHERN-WEIL SOUS LES GROUPES QUANTIQUES<\/td><td>2009<\/td><td>MARC ROSSO<\/td><td><br><a href=\"http:\/\/www.imj-prg.fr\/theses\/\/pdf\/runqiang_jian.pdf\"><img decoding=\"async\" src=\"http:\/\/www.imj-prg.fr\/wp-content\/themes\/imjprg\/images\/pdf.png\"> <\/a><\/td><\/tr><tr><td>Palu Yann<\/td><td>DES CATEGORIES TRIANGULEES AUX ALGEBRES AMASSEES<\/td><td>2009<\/td><td>BERNHARD KELLER<\/td><td><br><a href=\"http:\/\/www.imj-prg.fr\/theses\/\/pdf\/yann_palu.pdf\"><img decoding=\"async\" src=\"http:\/\/www.imj-prg.fr\/wp-content\/themes\/imjprg\/images\/pdf.png\"> <\/a><\/td><\/tr><tr><td>Amiot Claire<\/td><td>SUR LES PETITES CATEGORIES TRIANGULEES<\/td><td>2008<\/td><td>BERNHARD KELLER<\/td><td><br><a href=\"http:\/\/www.imj-prg.fr\/theses\/\/pdf\/claire_amiot.pdf\"><img decoding=\"async\" src=\"http:\/\/www.imj-prg.fr\/wp-content\/themes\/imjprg\/images\/pdf.png\"> <\/a><\/td><\/tr><tr><td>Libedinsky Nicolas<\/td><td>AUTOUR DE LA CATEGORIE DES BIMODULES DE SOERGEL<\/td><td>2008<\/td><td>RAPHAEL ROUQUIER<\/td><td><br><a href=\"http:\/\/www.imj-prg.fr\/theses\/\/pdf\/nicolas_libedinsky.pdf\"><img decoding=\"async\" src=\"http:\/\/www.imj-prg.fr\/wp-content\/themes\/imjprg\/images\/pdf.png\"> <\/a><\/td><\/tr><tr><td>Matringe Nadir<\/td><td>DINSTINCTION ET FONCTIONS L D'ASAI DES REPRESENTATIONS GENERIQUES DE GL (N) SUR UN CORPS P-ADIQUE<\/td><td>2008<\/td><td>PAUL GERARDIN<\/td><td><\/td><\/tr><tr><td>Porta Marco<\/td><td>Les Cat\u00e9gories triangul\u00e9es bien engendr\u00e9es.<\/td><td>2008<\/td><td>BERNHARD KELLER<\/td><td><br><a href=\"http:\/\/www.imj-prg.fr\/theses\/\/pdf\/marco_porta.pdf\"><img decoding=\"async\" src=\"http:\/\/www.imj-prg.fr\/wp-content\/themes\/imjprg\/images\/pdf.png\"> <\/a><\/td><\/tr><tr><td>Chlouveraki Maria<\/td><td>Sur les alg\u00e8bres de Hecke cyclotomiques des groupes de r\u00e9flexions complexes<\/td><td>2007<\/td><td>MICHEL BROUE<\/td><td><br><a href=\"http:\/\/www.imj-prg.fr\/theses\/\/pdf\/maria_chlouveraki.pdf\"><img decoding=\"async\" src=\"http:\/\/www.imj-prg.fr\/wp-content\/themes\/imjprg\/images\/pdf.png\"> <\/a><\/td><\/tr><tr><td>Juteau Daniel<\/td><td>CORRESPONDANCE DE SPRINGER MODULAIRE ET MATRICES DE DECOMPOSITION<\/td><td>2007<\/td><td>RAPHAEL ROUQUIER<\/td><td><\/td><\/tr><tr><td>Tabuada Goncalo<\/td><td>Th\u00e9orie homotopique des DG- cat\u00e9gories<\/td><td>2007<\/td><td>BERNHARD KELLER<\/td><td><\/td><\/tr><tr><td>Moreau Anne<\/td><td>QUELQUES PROPRIETES DE L'INDICE DANS UNE ALGEBRE DE LIE SEMI-SIMPLE<\/td><td>2006<\/td><td>JEAN-YVES CHARBONNEL<\/td><td><\/td><\/tr><tr><td>Samy-modeliar Mouny<\/td><td>CERTAINES CONSTRUCTIONS LIEES AUX FONCTEURS DE MACKEY COHOMOLOGIQUES<\/td><td>2005<\/td><td>SERGE BOUC<\/td><td><\/td><\/tr><tr><td>Sebestean Magda<\/td><td>Correspondance de MCKAY et cat\u00e9gories d\u00e9riv\u00e9es<\/td><td>2005<\/td><td>RAPHAEL ROUQUIER<\/td><td><br><a href=\"http:\/\/www.imj-prg.fr\/theses\/\/pdf\/magda_sebestean.pdf\"><img decoding=\"async\" src=\"http:\/\/www.imj-prg.fr\/wp-content\/themes\/imjprg\/images\/pdf.png\"> <\/a><\/td><\/tr><tr><td>Genet Gwenaelle<\/td><td>Inclusion d'alg\u00e8bres de Hecke et nombres de d\u00e9composition<\/td><td>2004<\/td><td>MARC CABANES<\/td><td><\/td><\/tr><tr><td>Cochet Charles<\/td><td>R\u00e9duction des graphes de Goresky-Kottwitz-MacPherson ; nombres de Kostka et coefficients de Littlewood-Richardson<\/td><td>2003<\/td><td>MICHELE VERGNE<\/td><td><br><a href=\"http:\/\/www.imj-prg.fr\/theses\/\/pdf\/charles_cochet.pdf\"><img decoding=\"async\" src=\"http:\/\/www.imj-prg.fr\/wp-content\/themes\/imjprg\/images\/pdf.png\"> <\/a><\/td><\/tr><tr><td>Lefevre Kenji<\/td><td>Sur les A-infini-categories<\/td><td>2003<\/td><td>BERNHARD KELLER<\/td><td><br><a href=\"http:\/\/www.imj-prg.fr\/theses\/\/pdf\/kenji_lefevre.pdf\"><img decoding=\"async\" src=\"http:\/\/www.imj-prg.fr\/wp-content\/themes\/imjprg\/images\/pdf.png\"> <\/a><\/td><\/tr><tr><td>Letellier Emmanuel<\/td><td>Transformation de Fourier des fonctions invariantes sur les alg\u00e8bres de Lie finies<\/td><td>2003<\/td><td>JEAN MICHEL<\/td><td><\/td><\/tr><tr><td>Petracci Emanuela<\/td><td>Functional equations and Lie algebras<\/td><td>2003<\/td><td>MICHEL DUFLO<\/td><td><\/td><\/tr><tr><td>Schroll Sybille<\/td><td>Sur la dualit\u00e9 d'Alvis-Curtis et les groupes lin\u00e9aires<\/td><td>2003<\/td><td>MICHEL BROUE<\/td><td><\/td><\/tr><tr><td>Willems Matthieu<\/td><td>Cohomologie et K-th\u00e9orie \u00e9quivariantes des tours de Bott et des vari\u00e9t\u00e9s de drapeaux. Application au calcul de Schubert<\/td><td>2003<\/td><td>MICHELE VERGNE<\/td><td><\/td><\/tr><tr><td>Gonard Bertrand<\/td><td>Cat\u00e9gories d\u00e9riv\u00e9es de blocs a d\u00e9faut non ab\u00e9lien de GL(2,q)<\/td><td>2002<\/td><td>MICHEL BROUE<\/td><td><br><a href=\"http:\/\/www.imj-prg.fr\/theses\/\/pdf\/bertrand_gonard.pdf\"><img decoding=\"async\" src=\"http:\/\/www.imj-prg.fr\/wp-content\/themes\/imjprg\/images\/pdf.png\"> <\/a><\/td><\/tr><tr><td>Bourizk Ismail<\/td><td>Certains foncteurs simples associ\u00e9s aux bi-ensembles<\/td><td>2001<\/td><td>SERGE BOUC<\/td><td><\/td><\/tr><tr><td>Panichi Marie-noelle<\/td><td>Caract\u00e9risations du spectre temp\u00e9r\u00e9 de GL(n,C)\/GL(n,R)<\/td><td>2001<\/td><td>PAUL GERARDIN<\/td><td><\/td><\/tr><tr><td>Riss Mariane<\/td><td>Relev\u00e9s d'isotypie et descentes de Shintani - Le groupe symplectique de dimension 4 sur Fq, q impair<\/td><td>2001<\/td><td>MICHEL BROUE<\/td><td><br><a href=\"http:\/\/www.imj-prg.fr\/theses\/\/pdf\/mariane_riss.pdf\"><img decoding=\"async\" src=\"http:\/\/www.imj-prg.fr\/wp-content\/themes\/imjprg\/images\/pdf.png\"> <\/a><\/td><\/tr><tr><td>Grenie Loic<\/td><td>Valeurs sp\u00e9ciales de fonctions L de GLr x GLr<\/td><td>2000<\/td><td>MICHAEL HARRIS<\/td><td><br><a href=\"http:\/\/www.imj-prg.fr\/theses\/\/pdf\/loic_grenie.pdf\"><img decoding=\"async\" src=\"http:\/\/www.imj-prg.fr\/wp-content\/themes\/imjprg\/images\/pdf.png\"> <\/a><\/td><\/tr><tr><td>Dupont Serge<\/td><td>Solvari\u00e9t\u00e9s projectives de dimension trois<\/td><td>1999<\/td><td>YVES BENOIST<\/td><td><\/td><\/tr><tr><td>Bessis David<\/td><td>Sur les groupes de r\u00e9flexions complexes<\/td><td>1998<\/td><td>MICHEL BROUE<\/td><td><\/td><\/tr><tr><td>Lavaud Pascal<\/td><td>Doctorat de math\u00e9matiques<\/td><td>1998<\/td><td>Michel Duflo<\/td><td><\/td><\/tr><tr><td>Papalexiou Nicolas<\/td><td><\/td><td>1998<\/td><td>JEAN-YVES CHARBONNEL<\/td><td><\/td><\/tr><tr><td>Bettaieb Karem<\/td><td>Sur les repr\u00e9sentations induites d'elliptiques d'un groupe r\u00e9ductif p-adique<\/td><td>1997<\/td><td>PAUL GERARDIN<\/td><td><\/td><\/tr><tr><td>Klingler Bruno<\/td><td>Vari\u00e9t\u00e9s lorentziennes \u00e0 courbure constante et surfaces projectives complexes<\/td><td>1997<\/td><td>YVES BENOIST<\/td><td><\/td><\/tr><tr><td>Saint-germain Michel<\/td><td>Alg\u00e8bres de Poisson et structures transverses<\/td><td>1997<\/td><td>MICHEL DUFLO<\/td><td><\/td><\/tr><tr><td>Bonnafe Cedric<\/td><td>Foncteurs de Lusztig dans SLn<\/td><td>1996<\/td><td>JEAN MICHEL<\/td><td><\/td><\/tr><tr><td>Oliveira santos Jose<\/td><td><\/td><td>1996<\/td><td>MICHEL DUFLO<\/td><td><\/td><\/tr><tr><td>Torossian Charles<\/td><td>Doctorat de Math\u00e9matiques<\/td><td>1991<\/td><td>Michel Duflo<\/td><td><\/td><\/tr><\/table>\n\n\n\n<p><\/p>\n","protected":false},"excerpt":{"rendered":"","protected":false},"author":1,"featured_media":0,"parent":0,"menu_order":0,"comment_status":"closed","ping_status":"closed","template":"","meta":{"footnotes":""},"class_list":["post-31","page","type-page","status-publish","hentry"],"_links":{"self":[{"href":"https:\/\/www.imj-prg.fr\/grg\/wp-json\/wp\/v2\/pages\/31","targetHints":{"allow":["GET"]}}],"collection":[{"href":"https:\/\/www.imj-prg.fr\/grg\/wp-json\/wp\/v2\/pages"}],"about":[{"href":"https:\/\/www.imj-prg.fr\/grg\/wp-json\/wp\/v2\/types\/page"}],"author":[{"embeddable":true,"href":"https:\/\/www.imj-prg.fr\/grg\/wp-json\/wp\/v2\/users\/1"}],"replies":[{"embeddable":true,"href":"https:\/\/www.imj-prg.fr\/grg\/wp-json\/wp\/v2\/comments?post=31"}],"version-history":[{"count":3,"href":"https:\/\/www.imj-prg.fr\/grg\/wp-json\/wp\/v2\/pages\/31\/revisions"}],"predecessor-version":[{"id":53,"href":"https:\/\/www.imj-prg.fr\/grg\/wp-json\/wp\/v2\/pages\/31\/revisions\/53"}],"wp:attachment":[{"href":"https:\/\/www.imj-prg.fr\/grg\/wp-json\/wp\/v2\/media?parent=31"}],"curies":[{"name":"wp","href":"https:\/\/api.w.org\/{rel}","templated":true}]}}