{"id":4,"date":"2020-12-15T14:39:06","date_gmt":"2020-12-15T13:39:06","guid":{"rendered":"http:\/\/dev.imj-prg.fr\/grg\/?page_id=4"},"modified":"2026-01-05T11:54:23","modified_gmt":"2026-01-05T10:54:23","slug":"accueil","status":"publish","type":"page","link":"https:\/\/www.imj-prg.fr\/grg\/","title":{"rendered":"Accueil"},"content":{"rendered":"\n<div class=\"wp-block-columns is-layout-flex wp-container-core-columns-is-layout-9d6595d7 wp-block-columns-is-layout-flex\">\n<div class=\"wp-block-column is-layout-flow wp-block-column-is-layout-flow\" style=\"flex-basis:40%\">\n<figure class=\"wp-block-image size-full is-style-default\"><img loading=\"lazy\" decoding=\"async\" width=\"640\" height=\"401\" src=\"https:\/\/www.imj-prg.fr\/grg\/wp-content\/uploads\/sites\/9\/2025\/11\/pic.jpg\" alt=\"\" class=\"wp-image-80\" srcset=\"https:\/\/www.imj-prg.fr\/grg\/wp-content\/uploads\/sites\/9\/2025\/11\/pic.jpg 640w, https:\/\/www.imj-prg.fr\/grg\/wp-content\/uploads\/sites\/9\/2025\/11\/pic-300x188.jpg 300w\" sizes=\"auto, (max-width: 640px) 100vw, 640px\" \/><\/figure>\n<\/div>\n\n\n\n<div class=\"wp-block-column is-layout-flow wp-block-column-is-layout-flow\" style=\"flex-basis:60%\">\n<h3 class=\"wp-block-heading\">Groupes, Repr\u00e9sentations et G\u00e9om\u00e9trie<\/h3>\n\n\n\n<p><strong>Responsable d&rsquo;\u00e9quipe :<\/strong> <a style=\"color:maroon\" href=\"https:\/\/webusers.imj-prg.fr\/~emmanuel.letellier\/\">Emmanuel Letellier<\/a><br> <strong>Responsable adjoint :<\/strong> <a style=\"color:maroon\" href=\"https:\/\/webusers.imj-prg.fr\/~philip.boalch\/\">Philip Boalch<\/a><\/p>\n\n\n\n<p><strong>Gestionnaire :<\/strong> Jos\u00e9e Reyno<\/p>\n\n\n\n<h4 class=\"wp-block-heading\"><a href=\"https:\/\/www.imj-prg.fr\/gestion\/evenement\/affEvenement\/59\" style=\"color:maroon\">S\u00e9minaire Groupes, Repr\u00e9sentations et G\u00e9om\u00e9trie<\/a><\/h4>\n\n\n\n<h4 class=\"wp-block-heading\"><a href=\"https:\/\/www.imj-prg.fr\/gestion\/evenement\/affEvenement\/1\" style=\"color:maroon\">S\u00e9minaire d&rsquo;Alg\u00e8bre<\/a><\/h4>\n\n\n\n<p><strong>Adresse postale :<\/strong> IMJ-PRG &#8211; UMR7586 <br>Universit\u00e9 Paris Cit\u00e9, Boite Courrier 7012 <br>B\u00e2timent Sophie Germain 6e \u00e9tage,<br>8 Place Aur\u00e9lie Nemours, <br>75205 Paris Cedex 13<\/p>\n\n\n\n<p><strong>Latitude :<\/strong> 48.827068 | <strong>Longitude :<\/strong> 2.380519<\/p>\n\n\n\n<hr class=\"wp-block-separator has-css-opacity\" \/>\n\n\n\n<h4 class=\"wp-block-heading\">Quelques liens<\/h4>\n\n\n\n<p><a href=\"http:\/\/www.imj-prg.fr\/fa\/\" style=\"color:maroon\">Le projet formes automorphes.<\/a><br>\n<a href=\"https:\/\/www.lamfa.u-picardie.fr\/GAT\" style=\"color:maroon\">La th\u00e9orie des groupes \u00e0 Amiens<\/a><\/p>\n<\/div>\n<\/div>\n\n\n\n<p><\/p>\n","protected":false},"excerpt":{"rendered":"<p>Groupes, Repr\u00e9sentations et G\u00e9om\u00e9trie Responsable d&rsquo;\u00e9quipe : Emmanuel Letellier Responsable adjoint : Philip Boalch Gestionnaire : Jos\u00e9e Reyno S\u00e9minaire Groupes, Repr\u00e9sentations et G\u00e9om\u00e9trie S\u00e9minaire d&rsquo;Alg\u00e8bre Adresse postale : IMJ-PRG &#8211; UMR7586 Universit\u00e9 Paris Cit\u00e9, Boite Courrier 7012 B\u00e2timent Sophie Germain 6e \u00e9tage,8 Place Aur\u00e9lie Nemours, 75205 Paris Cedex 13 Latitude : 48.827068 | Longitude : [&hellip;]<\/p>\n","protected":false},"author":1,"featured_media":0,"parent":0,"menu_order":0,"comment_status":"closed","ping_status":"closed","template":"","meta":{"footnotes":""},"class_list":["post-4","page","type-page","status-publish","hentry"],"_links":{"self":[{"href":"https:\/\/www.imj-prg.fr\/grg\/wp-json\/wp\/v2\/pages\/4","targetHints":{"allow":["GET"]}}],"collection":[{"href":"https:\/\/www.imj-prg.fr\/grg\/wp-json\/wp\/v2\/pages"}],"about":[{"href":"https:\/\/www.imj-prg.fr\/grg\/wp-json\/wp\/v2\/types\/page"}],"author":[{"embeddable":true,"href":"https:\/\/www.imj-prg.fr\/grg\/wp-json\/wp\/v2\/users\/1"}],"replies":[{"embeddable":true,"href":"https:\/\/www.imj-prg.fr\/grg\/wp-json\/wp\/v2\/comments?post=4"}],"version-history":[{"count":39,"href":"https:\/\/www.imj-prg.fr\/grg\/wp-json\/wp\/v2\/pages\/4\/revisions"}],"predecessor-version":[{"id":145,"href":"https:\/\/www.imj-prg.fr\/grg\/wp-json\/wp\/v2\/pages\/4\/revisions\/145"}],"wp:attachment":[{"href":"https:\/\/www.imj-prg.fr\/grg\/wp-json\/wp\/v2\/media?parent=4"}],"curies":[{"name":"wp","href":"https:\/\/api.w.org\/{rel}","templated":true}]}}