{"id":38,"date":"2020-12-18T09:32:01","date_gmt":"2020-12-18T08:32:01","guid":{"rendered":"http:\/\/dev.imj-prg.fr\/hsm\/?page_id=38"},"modified":"2020-12-18T09:32:01","modified_gmt":"2020-12-18T08:32:01","slug":"presentation","status":"publish","type":"page","link":"https:\/\/www.imj-prg.fr\/hsm\/presentation\/","title":{"rendered":"Pr\u00e9sentation"},"content":{"rendered":"\n<hr class=\"wp-block-separator\" id=\"ligne-header\"\/>\n\n\n\n<p>Le projet \u00ab&nbsp;histoire des sciences math\u00e9matiques&nbsp;\u00bb existe \u00e0 l\u2019Institut de math\u00e9matiques de Jussieu depuis le 1er janvier 2003.<\/p>\n\n\n\n<p>La sp\u00e9cialit\u00e9 de cette \u00e9quipe est l\u2019histoire moderne et contemporaine des sciences math\u00e9matiques, c\u2019est-\u00e0-dire l\u2019\u00e9tude de l\u2019\u00e9volution des math\u00e9matiques et de leurs interactions, du XVI<sup>e<\/sup> au XX<sup>e<\/sup> si\u00e8cle. Par-del\u00e0 la diversit\u00e9 des sujets abord\u00e9s et des m\u00e9thodes utilis\u00e9es, l\u2019unit\u00e9 de l\u2019\u00e9quipe se manifeste par une orientation claire dans le sens d\u2019un travail sp\u00e9cifiquement historique et par une convergence des centres d\u2019int\u00e9r\u00eat sur quelques grands th\u00e8mes, relatifs \u00e0 l\u2019\u00e9tude des rapports entre les diverses sciences math\u00e9matiques et celles de leurs repr\u00e9sentations \u00e0 certains moments de l\u2019histoire.<br>Un des objectifs du projet est de d\u00e9velopper la formation d\u2019\u00e9tudiants de math\u00e9matiques \u00e0 la recherche historique, dans la cadre de l\u2019Ecole doctorale de sciences math\u00e9matiques de Paris Centre.<\/p>\n\n\n\n<h3 class=\"wp-block-heading\">Axes transversaux<\/h3>\n\n\n\n<p>1. L\u2019histoire de l\u2019exp\u00e9rience math\u00e9matique<\/p>\n\n\n\n<p>2. Sources et corpus dans le contexte des humanit\u00e9s num\u00e9riques<\/p>\n\n\n\n<h3 class=\"wp-block-heading\">Axes sp\u00e9cifiques<\/h3>\n\n\n\n<p>\u2014 Math\u00e9matiques pr\u00e9-euclidiennes<\/p>\n\n\n\n<p>\u2014 Les sciences math\u00e9matiques 1750-1850&nbsp;: continuit\u00e9s et ruptures<\/p>\n\n\n\n<p>\u2014 Histoire de l\u2019arithm\u00e9tique et de l\u2019alg\u00e8bre, 1800-1940<\/p>\n\n\n\n<p>\u2014 Math\u00e9matiques et sciences connexes, 18e-21e si\u00e8cles<\/p>\n\n\n\n<p>\u2014 Archives et histoire du campus de Jussieu<\/p>\n\n\n\n<p>\u2014 Les m\u00e9thodes de l\u2019enseignement de l\u2019histoire des math\u00e9matiques<\/p>\n\n\n\n<p>\u2014 Histoire de l\u2019histoire des math\u00e9matiques<\/p>\n","protected":false},"excerpt":{"rendered":"<p>Le projet \u00ab&nbsp;histoire des sciences math\u00e9matiques&nbsp;\u00bb existe \u00e0 l\u2019Institut de math\u00e9matiques de Jussieu depuis le 1er janvier 2003. La sp\u00e9cialit\u00e9 de cette \u00e9quipe est l\u2019histoire moderne et contemporaine des sciences math\u00e9matiques, c\u2019est-\u00e0-dire l\u2019\u00e9tude de l\u2019\u00e9volution des math\u00e9matiques et de leurs interactions, du XVIe au XXe si\u00e8cle. Par-del\u00e0 la diversit\u00e9 des sujets abord\u00e9s et des m\u00e9thodes [&hellip;]<\/p>\n","protected":false},"author":1,"featured_media":0,"parent":0,"menu_order":0,"comment_status":"closed","ping_status":"closed","template":"","meta":{"footnotes":""},"class_list":["post-38","page","type-page","status-publish","hentry"],"_links":{"self":[{"href":"https:\/\/www.imj-prg.fr\/hsm\/wp-json\/wp\/v2\/pages\/38","targetHints":{"allow":["GET"]}}],"collection":[{"href":"https:\/\/www.imj-prg.fr\/hsm\/wp-json\/wp\/v2\/pages"}],"about":[{"href":"https:\/\/www.imj-prg.fr\/hsm\/wp-json\/wp\/v2\/types\/page"}],"author":[{"embeddable":true,"href":"https:\/\/www.imj-prg.fr\/hsm\/wp-json\/wp\/v2\/users\/1"}],"replies":[{"embeddable":true,"href":"https:\/\/www.imj-prg.fr\/hsm\/wp-json\/wp\/v2\/comments?post=38"}],"version-history":[{"count":1,"href":"https:\/\/www.imj-prg.fr\/hsm\/wp-json\/wp\/v2\/pages\/38\/revisions"}],"predecessor-version":[{"id":39,"href":"https:\/\/www.imj-prg.fr\/hsm\/wp-json\/wp\/v2\/pages\/38\/revisions\/39"}],"wp:attachment":[{"href":"https:\/\/www.imj-prg.fr\/hsm\/wp-json\/wp\/v2\/media?parent=38"}],"curies":[{"name":"wp","href":"https:\/\/api.w.org\/{rel}","templated":true}]}}