{"id":4,"date":"2020-12-15T14:40:17","date_gmt":"2020-12-15T13:40:17","guid":{"rendered":"http:\/\/dev.imj-prg.fr\/hsm\/?page_id=4"},"modified":"2026-01-05T11:55:00","modified_gmt":"2026-01-05T10:55:00","slug":"accueil","status":"publish","type":"page","link":"https:\/\/www.imj-prg.fr\/hsm\/","title":{"rendered":"Accueil"},"content":{"rendered":"\n<div class=\"wp-block-columns is-layout-flex wp-container-core-columns-is-layout-9d6595d7 wp-block-columns-is-layout-flex\">\n<div class=\"wp-block-column is-layout-flow wp-block-column-is-layout-flow\" style=\"flex-basis:65%\">\n<div class=\"wp-block-columns is-layout-flex wp-container-core-columns-is-layout-9d6595d7 wp-block-columns-is-layout-flex\">\n<div class=\"wp-block-column is-layout-flow wp-block-column-is-layout-flow\">\n<figure class=\"wp-block-image size-large is-resized\"><img loading=\"lazy\" decoding=\"async\" width=\"368\" height=\"96\" src=\"http:\/\/dev.imj-prg.fr\/hsm\/wp-content\/uploads\/sites\/10\/2020\/12\/eleves-droite.jpg\" alt=\"\" class=\"wp-image-10\" style=\"width:368px;height:96px\" srcset=\"https:\/\/www.imj-prg.fr\/hsm\/wp-content\/uploads\/sites\/10\/2020\/12\/eleves-droite.jpg 368w, https:\/\/www.imj-prg.fr\/hsm\/wp-content\/uploads\/sites\/10\/2020\/12\/eleves-droite-300x78.jpg 300w\" sizes=\"auto, (max-width: 368px) 100vw, 368px\" \/><\/figure>\n\n\n\n<figure class=\"wp-block-image size-full is-resized\"><img loading=\"lazy\" decoding=\"async\" width=\"478\" height=\"574\" src=\"https:\/\/www.imj-prg.fr\/hsm\/wp-content\/uploads\/sites\/10\/2021\/11\/Encyclopedie2.jpg\" alt=\"\" class=\"wp-image-118\" style=\"width:239px;height:287px\" srcset=\"https:\/\/www.imj-prg.fr\/hsm\/wp-content\/uploads\/sites\/10\/2021\/11\/Encyclopedie2.jpg 478w, https:\/\/www.imj-prg.fr\/hsm\/wp-content\/uploads\/sites\/10\/2021\/11\/Encyclopedie2-250x300.jpg 250w\" sizes=\"auto, (max-width: 478px) 100vw, 478px\" \/><\/figure>\n<\/div>\n\n\n\n<div class=\"wp-block-column is-layout-flow wp-block-column-is-layout-flow\">\n<h1 class=\"wp-block-heading has-text-align-center\">Histoire des sciences math\u00e9matiques (HSM)<\/h1>\n\n\n\n<p class=\"has-text-align-center\"><strong>Responsable d\u2019\u00e9quipe\u00a0:<\/strong> <a href=\"https:\/\/webusers.imj-prg.fr\/~david.aubin\/\">David Aubin<\/a><br><strong>Gestionnaire\u00a0:<\/strong> Mouna Chouch\u00e8ne<\/p>\n\n\n\n<p class=\"has-text-align-center\">Adresse postale&nbsp;:<\/p>\n\n\n\n<figure class=\"wp-block-table\"><table class=\"has-fixed-layout\"><tbody><tr><td class=\"has-text-align-center\" data-align=\"center\">IMJ-PRG &#8211; UMR 7586<br>Sorbonne Universit\u00e9<br>Boite courrier 247<br>Couloir 16-26 4e \u00e9tage<br>4 place Jussieu<br>75252 Paris Cedex 05<\/td><\/tr><\/tbody><\/table><\/figure>\n\n\n\n<p><\/p>\n<\/div>\n<\/div>\n\n\n\n<h3 class=\"wp-block-heading\">Actualit\u00e9s<\/h3>\n\n\n\n<ul class=\"wp-block-list\">\n<li>Jemma Lorenat, associate Professor of Mathematics at Pizer College (USA), et ancienne doctorante de notre \u00e9quipe, sera conf\u00e9renci\u00e8re invit\u00e9e dans la section d&rsquo;histoire des math\u00e9matiques du prochain ICM, en 2026<\/li>\n<\/ul>\n\n\n\n<h3 class=\"wp-block-heading\">S\u00e9minaires<\/h3>\n\n\n\n<ul class=\"wp-block-list\">\n<li>&nbsp;<strong><a rel=\"noreferrer noopener\" href=\"https:\/\/www.imj-prg.fr\/gestion\/evenement\/affEvenement\/55\" data-type=\"URL\" data-id=\"https:\/\/www.imj-prg.fr\/gestion\/evenement\/affEvenement\/55\" target=\"_blank\">S\u00e9minaire de l\u2019\u00e9quipe HSM<\/a><\/strong><\/li>\n<\/ul>\n\n\n\n<p><\/p>\n\n\n\n<ul class=\"wp-block-list\">\n<li><a href=\"http:\/\/enccre.academie-sciences.fr\/encyclopedie\/seminaire\/\" data-type=\"URL\" data-id=\"https:\/\/dalembert.hypotheses.org\/1371\" target=\"_blank\" rel=\"noreferrer noopener\">S\u00e9minaire de l\u2019<em>ENCCRE<\/em><\/a> <\/li>\n\n\n\n<li><a href=\"https:\/\/vhs.hypotheses.org\/\">S\u00e9minaire VHS<\/a><\/li>\n<\/ul>\n\n\n\n<h3 class=\"wp-block-heading\">Publications<\/h3>\n\n\n\n<ul class=\"wp-block-list\">\n<li><strong><a href=\"https:\/\/www.imj-prg.fr\/hsm\/publications\" data-type=\"URL\" data-id=\"https:\/\/www.imj-prg.fr\/hsm\/publications\">Toutes les publications des membres de l\u2019\u00e9quipe<\/a><\/strong><\/li>\n<\/ul>\n<\/div>\n\n\n\n<div class=\"wp-block-column is-layout-flow wp-block-column-is-layout-flow\" style=\"flex-basis:25%\"><div class=\"wp-block-image\">\n<figure class=\"aligncenter size-full is-resized\"><img loading=\"lazy\" decoding=\"async\" width=\"600\" height=\"859\" src=\"https:\/\/www.imj-prg.fr\/hsm\/wp-content\/uploads\/sites\/10\/2023\/12\/Couv-volume-III-11.jpg\" alt=\"\" class=\"wp-image-136\" style=\"width:183px;height:auto\" srcset=\"https:\/\/www.imj-prg.fr\/hsm\/wp-content\/uploads\/sites\/10\/2023\/12\/Couv-volume-III-11.jpg 600w, https:\/\/www.imj-prg.fr\/hsm\/wp-content\/uploads\/sites\/10\/2023\/12\/Couv-volume-III-11-210x300.jpg 210w\" sizes=\"auto, (max-width: 600px) 100vw, 600px\" \/><\/figure>\n<\/div>\n\n\n<div style=\"height:10px\" aria-hidden=\"true\" class=\"wp-block-spacer\"><\/div>\n\n\n\n<p class=\"has-text-align-center has-small-font-size\">Hugues Chabot, Marie Jacob, Ir\u00e8ne Passeron (ed.), <em>D&rsquo;Alembert acad\u00e9micien des sciences<\/em>, <em>\u0152uvres compl\u00e8tes de D&rsquo;Alembert<\/em>, s\u00e9rie III, volume 11, CNRS Editions, Paris, 2022 .<\/p>\n\n\n<div class=\"wp-block-image is-resized\">\n<figure class=\"aligncenter size-full\"><img loading=\"lazy\" decoding=\"async\" width=\"500\" height=\"783\" src=\"https:\/\/www.imj-prg.fr\/hsm\/wp-content\/uploads\/sites\/10\/2021\/11\/Cassini_cover.jpg\" alt=\"\" class=\"wp-image-94\" style=\"width:186px;height:auto\" srcset=\"https:\/\/www.imj-prg.fr\/hsm\/wp-content\/uploads\/sites\/10\/2021\/11\/Cassini_cover.jpg 500w, https:\/\/www.imj-prg.fr\/hsm\/wp-content\/uploads\/sites\/10\/2021\/11\/Cassini_cover-192x300.jpg 192w\" sizes=\"auto, (max-width: 500px) 100vw, 500px\" \/><\/figure>\n<\/div>\n\n\n<div style=\"height:10px\" aria-hidden=\"true\" class=\"wp-block-spacer\"><\/div>\n\n\n\n<p class=\"has-text-align-center has-small-font-size\">David Aubin, <em>Femmes, vulgarisation et pratique des sciences au si\u00e8cle des Lumi\u00e8res. Les Dialogues sur l\u2019astronomie et la Lettre sur la figure de la Terre de C\u00e9sar-Fran\u00e7ois Cassini de Thury<\/em>, Brepols, 2020<\/p>\n\n\n\n<p><\/p>\n\n\n<div class=\"wp-block-image\">\n<figure class=\"aligncenter size-large is-resized\"><img loading=\"lazy\" decoding=\"async\" width=\"731\" height=\"1024\" src=\"https:\/\/www.imj-prg.fr\/hsm\/wp-content\/uploads\/sites\/10\/2025\/02\/goldstein__uvres_coumet_couverture-731x1024.jpg\" alt=\"\" class=\"wp-image-161\" style=\"width:186px\" srcset=\"https:\/\/www.imj-prg.fr\/hsm\/wp-content\/uploads\/sites\/10\/2025\/02\/goldstein__uvres_coumet_couverture-731x1024.jpg 731w, https:\/\/www.imj-prg.fr\/hsm\/wp-content\/uploads\/sites\/10\/2025\/02\/goldstein__uvres_coumet_couverture-214x300.jpg 214w, https:\/\/www.imj-prg.fr\/hsm\/wp-content\/uploads\/sites\/10\/2025\/02\/goldstein__uvres_coumet_couverture-768x1075.jpg 768w, https:\/\/www.imj-prg.fr\/hsm\/wp-content\/uploads\/sites\/10\/2025\/02\/goldstein__uvres_coumet_couverture-1097x1536.jpg 1097w, https:\/\/www.imj-prg.fr\/hsm\/wp-content\/uploads\/sites\/10\/2025\/02\/goldstein__uvres_coumet_couverture-1463x2048.jpg 1463w, https:\/\/www.imj-prg.fr\/hsm\/wp-content\/uploads\/sites\/10\/2025\/02\/goldstein__uvres_coumet_couverture.jpg 1500w\" sizes=\"auto, (max-width: 731px) 100vw, 731px\" \/><\/figure>\n<\/div>\n\n\n<p class=\"has-text-align-center has-small-font-size\">Ernest Coumet, <em>\u0152uvres<\/em>, vol. 2, Besan\u00e7on, PUFC, 2019, \u00e9dition,&nbsp;introduction et commentaires Catherine Goldstein<\/p>\n<\/div>\n<\/div>\n","protected":false},"excerpt":{"rendered":"<p>Histoire des sciences math\u00e9matiques (HSM) Responsable d\u2019\u00e9quipe\u00a0: David AubinGestionnaire\u00a0: Mouna Chouch\u00e8ne Adresse postale&nbsp;: IMJ-PRG &#8211; UMR 7586Sorbonne Universit\u00e9Boite courrier 247Couloir 16-26 4e \u00e9tage4 place Jussieu75252 Paris Cedex 05 Actualit\u00e9s S\u00e9minaires Publications Hugues Chabot, Marie Jacob, Ir\u00e8ne Passeron (ed.), D&rsquo;Alembert acad\u00e9micien des sciences, \u0152uvres compl\u00e8tes de D&rsquo;Alembert, s\u00e9rie III, volume 11, CNRS Editions, Paris, 2022 . [&hellip;]<\/p>\n","protected":false},"author":1,"featured_media":0,"parent":0,"menu_order":0,"comment_status":"closed","ping_status":"closed","template":"","meta":{"footnotes":""},"class_list":["post-4","page","type-page","status-publish","hentry"],"_links":{"self":[{"href":"https:\/\/www.imj-prg.fr\/hsm\/wp-json\/wp\/v2\/pages\/4","targetHints":{"allow":["GET"]}}],"collection":[{"href":"https:\/\/www.imj-prg.fr\/hsm\/wp-json\/wp\/v2\/pages"}],"about":[{"href":"https:\/\/www.imj-prg.fr\/hsm\/wp-json\/wp\/v2\/types\/page"}],"author":[{"embeddable":true,"href":"https:\/\/www.imj-prg.fr\/hsm\/wp-json\/wp\/v2\/users\/1"}],"replies":[{"embeddable":true,"href":"https:\/\/www.imj-prg.fr\/hsm\/wp-json\/wp\/v2\/comments?post=4"}],"version-history":[{"count":76,"href":"https:\/\/www.imj-prg.fr\/hsm\/wp-json\/wp\/v2\/pages\/4\/revisions"}],"predecessor-version":[{"id":176,"href":"https:\/\/www.imj-prg.fr\/hsm\/wp-json\/wp\/v2\/pages\/4\/revisions\/176"}],"wp:attachment":[{"href":"https:\/\/www.imj-prg.fr\/hsm\/wp-json\/wp\/v2\/media?parent=4"}],"curies":[{"name":"wp","href":"https:\/\/api.w.org\/{rel}","templated":true}]}}