{"id":40,"date":"2020-12-18T09:32:37","date_gmt":"2020-12-18T08:32:37","guid":{"rendered":"http:\/\/dev.imj-prg.fr\/hsm\/?page_id=40"},"modified":"2020-12-18T09:32:37","modified_gmt":"2020-12-18T08:32:37","slug":"membres","status":"publish","type":"page","link":"https:\/\/www.imj-prg.fr\/hsm\/membres\/","title":{"rendered":"Membres"},"content":{"rendered":"<h2><a id=\"0\">Permanents<\/a><\/h2>\n\t\t<link rel=\"stylesheet\" type=\"text\/css\" href=\"https:\/\/cdn.datatables.net\/v\/dt\/dt-1.10.23\/datatables.min.css\"\/>\n \n<script type=\"text\/javascript\" src=\"https:\/\/cdn.datatables.net\/v\/dt\/dt-1.10.23\/datatables.min.js\"><\/script>\n\n<script>\njQuery(document).ready(function($){\n\t\n    $('#tabmembresPermanents').DataTable({\n\t\tlanguage: {\turl: 'https:\/\/cdn.datatables.net\/plug-ins\/1.10.22\/i18n\/French.json'},\n\t\tpageLength: 50,\n\t\torder: [[ 1, 'asc' ]],\n\t\tdrawCallback: function(settings) {\n\t\t\tvar pagination = $(this).closest('.dataTables_wrapper').find('.dataTables_paginate');\n\t\t\tpagination.toggle(this.api().page.info().pages > 1);\n\t\t\trowCount = $('#tabmembresPermanents tr').length;\n\t\t\tif(rowCount < 50){\n\t\t\t\n\t\t\t\t$( \"#tabmembresPermanents_length\" ).hide();\n\t\t\t\trowCountdim=rowCount-1;\n\t\t\t\t$( \"#tabmembresPermanents_info\" ).text(rowCountdim+ ' \u00e9l\u00e9ments');\n\t\t\t}\n\t\t}\n\t\t\t\t\t\n        });\n\t} );\n<\/script>\n\t\t<table id=\"tabmembresPermanents\" class=\"display\" >\n\t\t  <thead><tr><th>Civilit\u00e9 <\/th><th>Nom <\/th><th>Statut<\/th><th>Organisme<\/th><th>Site<\/th><th>Bureau<\/th><th>T\u00e9l\u00e9phone<\/th><\/tr><\/thead> <tbody> <tr><td>M<\/td><td><button class=\"btn btn-danger\" data-toggle=\"modal\" data-target=\"#myModal-davidaubin\">AUBIN David<\/button>\t\t\n<div class=\"modal fade\" id=\"myModal-davidaubin\" tabindex=\"-1\" role=\"dialog\" aria-labelledby=\"myModalLabel\" aria-hidden=\"true\">\n  <div class=\"modal-dialog\">\n    <div class=\"modal-content\">\n      <div class=\"modal-header\">  \n\t  <h4 class=\"modal-title\" id=\"myModalLabel\">David AUBIN<\/h4>\n        <button type=\"button\" class=\"close\" data-dismiss=\"modal\"><span aria-hidden=\"true\">&times;<\/span><span class=\"sr-only\">Close<\/span><\/button>\n            <\/div>\n      <div class=\"modal-body\"><img src='https:\/\/www.imj-prg.fr\/membres\/photo\/david_aubin.png'><br><a href=\"http:\/\/webusers.imj-prg.fr\/~david.aubin\/\" target=\"_blank\">http:\/\/webusers.imj-prg.fr\/~david.aubin\/<\/a><br><br>Histoire des Sciences Math\u00e9matiques<br> Permanents<br>Professeur des universit\u00e9s<br>Sorbonne Universit\u00e9<br><br><script type=\"text\/javascript\">\n<!--\nvar tg=\"<\";             \nvar nom=\"david.aubin\";\nvar arob=\"@\";\n \nvar hote1=\"imj\";\nvar hote2=\"-prg.fr\";       \n\ndocument.write(tg+\"a hr\"+\"ef=mai\"+\"lto:\"+nom);\ndocument.write(arob+hote1+hote2+\">\"+nom+arob+hote1+hote2+tg+\"\/a>\");\n-->\n<\/script><br>Campus Pierre et Marie Curie<br>Bureau:  16-26 402<br>01 44 27 41 18<br> <\/div>\n      <div class=\"modal-footer\">\n        <button type=\"button\" class=\"btn btn-default\" data-dismiss=\"modal\">Close<\/button>\n      \n      <\/div>\n    <\/div>\n  <\/div>\n<\/div>\t<\/td><td>Professeur des universit\u00e9s<\/td><td>Sorbonne Universit\u00e9<\/td><td>Campus Pierre et Marie Curie<\/td> <td>16-26 402<\/td><td>01 44 27 41 18<\/td><\/tr>\n<tr><td>Mme<\/td><td><button class=\"btn btn-danger\" data-toggle=\"modal\" data-target=\"#myModal-catherinegoldstein\">GOLDSTEIN Catherine<\/button>\t\t\n<div class=\"modal fade\" id=\"myModal-catherinegoldstein\" tabindex=\"-1\" role=\"dialog\" aria-labelledby=\"myModalLabel\" aria-hidden=\"true\">\n  <div class=\"modal-dialog\">\n    <div class=\"modal-content\">\n      <div class=\"modal-header\">  \n\t  <h4 class=\"modal-title\" id=\"myModalLabel\">Catherine GOLDSTEIN<\/h4>\n        <button type=\"button\" class=\"close\" data-dismiss=\"modal\"><span aria-hidden=\"true\">&times;<\/span><span class=\"sr-only\">Close<\/span><\/button>\n            <\/div>\n      <div class=\"modal-body\"><a href=\"https:\/\/webusers.imj-prg.fr\/~catherine.goldstein\/\" target=\"_blank\">https:\/\/webusers.imj-prg.fr\/~catherine.goldstein\/<\/a><br>Histoire des Sciences Math\u00e9matiques<br> Permanents<br>Directrice de recherche<br>CNRS<br><br><script type=\"text\/javascript\">\n<!--\nvar tg=\"<\";             \nvar nom=\"catherine.goldstein\";\nvar arob=\"@\";\n \nvar hote1=\"imj\";\nvar hote2=\"-prg.fr\";       \n\ndocument.write(tg+\"a hr\"+\"ef=mai\"+\"lto:\"+nom);\ndocument.write(arob+hote1+hote2+\">\"+nom+arob+hote1+hote2+tg+\"\/a>\");\n-->\n<\/script><br>Campus Pierre et Marie Curie<br>Bureau:  16-26 407<br>-<br>-<br> <\/div>\n      <div class=\"modal-footer\">\n        <button type=\"button\" class=\"btn btn-default\" data-dismiss=\"modal\">Close<\/button>\n      \n      <\/div>\n    <\/div>\n  <\/div>\n<\/div>\t<\/td><td>Directrice de recherche<\/td><td>CNRS<\/td><td>Campus Pierre et Marie Curie<\/td> <td>16-26 407<\/td><td>- -<\/td><\/tr>\n<tr><td>M<\/td><td><button class=\"btn btn-danger\" data-toggle=\"modal\" data-target=\"#myModal-alexandreguilbaud\">GUILBAUD Alexandre<\/button>\t\t\n<div class=\"modal fade\" id=\"myModal-alexandreguilbaud\" tabindex=\"-1\" role=\"dialog\" aria-labelledby=\"myModalLabel\" aria-hidden=\"true\">\n  <div class=\"modal-dialog\">\n    <div class=\"modal-content\">\n      <div class=\"modal-header\">  \n\t  <h4 class=\"modal-title\" id=\"myModalLabel\">Alexandre GUILBAUD<\/h4>\n        <button type=\"button\" class=\"close\" data-dismiss=\"modal\"><span aria-hidden=\"true\">&times;<\/span><span class=\"sr-only\">Close<\/span><\/button>\n            <\/div>\n      <div class=\"modal-body\"><a href=\"http:\/\/webusers.imj-prg.fr\/~alexandre.guilbaud\/\" target=\"_blank\">http:\/\/webusers.imj-prg.fr\/~alexandre.guilbaud\/<\/a><br><br>Histoire des Sciences Math\u00e9matiques<br> Permanents<br>Ma\u00eetre de conf\u00e9rences<br>Sorbonne Universit\u00e9<br><br><script type=\"text\/javascript\">\n<!--\nvar tg=\"<\";             \nvar nom=\"alexandre.guilbaud\";\nvar arob=\"@\";\n \nvar hote1=\"imj\";\nvar hote2=\"-prg.fr\";       \n\ndocument.write(tg+\"a hr\"+\"ef=mai\"+\"lto:\"+nom);\ndocument.write(arob+hote1+hote2+\">\"+nom+arob+hote1+hote2+tg+\"\/a>\");\n-->\n<\/script><br>Campus Pierre et Marie Curie<br>Bureau:  16-26 406<br> <\/div>\n      <div class=\"modal-footer\">\n        <button type=\"button\" class=\"btn btn-default\" data-dismiss=\"modal\">Close<\/button>\n      \n      <\/div>\n    <\/div>\n  <\/div>\n<\/div>\t<\/td><td>Ma\u00eetre de conf\u00e9rences<\/td><td>Sorbonne Universit\u00e9<\/td><td>Campus Pierre et Marie Curie<\/td> <td>16-26 406<\/td><td><\/td><\/tr>\n<tr><td>Mme<\/td><td><button class=\"btn btn-danger\" data-toggle=\"modal\" data-target=\"#myModal-irenepasseron\">PASSERON Ir\u00e8ne<\/button>\t\t\n<div class=\"modal fade\" id=\"myModal-irenepasseron\" tabindex=\"-1\" role=\"dialog\" aria-labelledby=\"myModalLabel\" aria-hidden=\"true\">\n  <div class=\"modal-dialog\">\n    <div class=\"modal-content\">\n      <div class=\"modal-header\">  \n\t  <h4 class=\"modal-title\" id=\"myModalLabel\">Ir\u00e8ne PASSERON<\/h4>\n        <button type=\"button\" class=\"close\" data-dismiss=\"modal\"><span aria-hidden=\"true\">&times;<\/span><span class=\"sr-only\">Close<\/span><\/button>\n            <\/div>\n      <div class=\"modal-body\"><a href=\"http:\/\/webusers.imj-prg.fr\/~irene.passeron\/\" target=\"_blank\">http:\/\/webusers.imj-prg.fr\/~irene.passeron\/<\/a><br><br>Histoire des Sciences Math\u00e9matiques<br> Permanents<br>Directrice de recherche<br>CNRS<br><br><script type=\"text\/javascript\">\n<!--\nvar tg=\"<\";             \nvar nom=\"irene.passeron\";\nvar arob=\"@\";\n \nvar hote1=\"imj\";\nvar hote2=\"-prg.fr\";       \n\ndocument.write(tg+\"a hr\"+\"ef=mai\"+\"lto:\"+nom);\ndocument.write(arob+hote1+hote2+\">\"+nom+arob+hote1+hote2+tg+\"\/a>\");\n-->\n<\/script><br>Campus Pierre et Marie Curie<br>Bureau:  16-26 404<br> <\/div>\n      <div class=\"modal-footer\">\n        <button type=\"button\" class=\"btn btn-default\" data-dismiss=\"modal\">Close<\/button>\n      \n      <\/div>\n    <\/div>\n  <\/div>\n<\/div>\t<\/td><td>Directrice de recherche<\/td><td>CNRS<\/td><td>Campus Pierre et Marie Curie<\/td> <td>16-26 404<\/td><td><\/td><\/tr>\n <\/tbody> <\/table>\n<h2><a id=\"1\">Em\u00e9rites<\/a><\/h2>\n\t\t<link rel=\"stylesheet\" type=\"text\/css\" href=\"https:\/\/cdn.datatables.net\/v\/dt\/dt-1.10.23\/datatables.min.css\"\/>\n \n<script type=\"text\/javascript\" src=\"https:\/\/cdn.datatables.net\/v\/dt\/dt-1.10.23\/datatables.min.js\"><\/script>\n\n<script>\njQuery(document).ready(function($){\n\t\n    $('#tabmembresEm\u00e9rites').DataTable({\n\t\tlanguage: {\turl: 'https:\/\/cdn.datatables.net\/plug-ins\/1.10.22\/i18n\/French.json'},\n\t\tpageLength: 50,\n\t\torder: [[ 1, 'asc' ]],\n\t\tdrawCallback: function(settings) {\n\t\t\tvar pagination = $(this).closest('.dataTables_wrapper').find('.dataTables_paginate');\n\t\t\tpagination.toggle(this.api().page.info().pages > 1);\n\t\t\trowCount = $('#tabmembresEm\u00e9rites tr').length;\n\t\t\tif(rowCount < 50){\n\t\t\t\n\t\t\t\t$( \"#tabmembresEm\u00e9rites_length\" ).hide();\n\t\t\t\trowCountdim=rowCount-1;\n\t\t\t\t$( \"#tabmembresEm\u00e9rites_info\" ).text(rowCountdim+ ' \u00e9l\u00e9ments');\n\t\t\t}\n\t\t}\n\t\t\t\t\t\n        });\n\t} );\n<\/script>\n\t\t<table id=\"tabmembresEm\u00e9rites\" class=\"display\" >\n\t\t  <thead><tr><th>Civilit\u00e9 <\/th><th>Nom <\/th><th>Organisme<\/th><th>Site<\/th><th>Bureau<\/th><th>T\u00e9l\u00e9phone<\/th><\/tr><\/thead> <tbody> <tr><td>M<\/td><td><button class=\"btn btn-danger\" data-toggle=\"modal\" data-target=\"#myModal-christiangilain\">GILAIN Christian<\/button>\t\t\n<div class=\"modal fade\" id=\"myModal-christiangilain\" tabindex=\"-1\" role=\"dialog\" aria-labelledby=\"myModalLabel\" aria-hidden=\"true\">\n  <div class=\"modal-dialog\">\n    <div class=\"modal-content\">\n      <div class=\"modal-header\">  \n\t  <h4 class=\"modal-title\" id=\"myModalLabel\">Christian GILAIN<\/h4>\n        <button type=\"button\" class=\"close\" data-dismiss=\"modal\"><span aria-hidden=\"true\">&times;<\/span><span class=\"sr-only\">Close<\/span><\/button>\n            <\/div>\n      <div class=\"modal-body\"><a href=\"http:\/\/webusers.imj-prg.fr\/~christian.gilain\/\" target=\"_blank\">http:\/\/webusers.imj-prg.fr\/~christian.gilain\/<\/a><br><br>Histoire des Sciences Math\u00e9matiques<br> Em\u00e9rites<br><br>Sorbonne Universit\u00e9<br><br><script type=\"text\/javascript\">\n<!--\nvar tg=\"<\";             \nvar nom=\"christian.gilain\";\nvar arob=\"@\";\n \nvar hote1=\"imj\";\nvar hote2=\"-prg.fr\";       \n\ndocument.write(tg+\"a hr\"+\"ef=mai\"+\"lto:\"+nom);\ndocument.write(arob+hote1+hote2+\">\"+nom+arob+hote1+hote2+tg+\"\/a>\");\n-->\n<\/script><br>Campus Pierre et Marie Curie<br>Bureau:  16-26 406<br>01 44 27 74 01<br> <\/div>\n      <div class=\"modal-footer\">\n        <button type=\"button\" class=\"btn btn-default\" data-dismiss=\"modal\">Close<\/button>\n      \n      <\/div>\n    <\/div>\n  <\/div>\n<\/div>\t<\/td><td>Sorbonne Universit\u00e9<\/td><td>Campus Pierre et Marie Curie<\/td> <td>16-26 406<\/td><td>01 44 27 74 01<\/td><\/tr>\n <\/tbody> <\/table>\n<h2><a id=\"2\">B\u00e9n\u00e9voles<\/a><\/h2>\n\t\t<link rel=\"stylesheet\" type=\"text\/css\" href=\"https:\/\/cdn.datatables.net\/v\/dt\/dt-1.10.23\/datatables.min.css\"\/>\n \n<script type=\"text\/javascript\" src=\"https:\/\/cdn.datatables.net\/v\/dt\/dt-1.10.23\/datatables.min.js\"><\/script>\n\n<script>\njQuery(document).ready(function($){\n\t\n    $('#tabmembresB\u00e9n\u00e9voles').DataTable({\n\t\tlanguage: {\turl: 'https:\/\/cdn.datatables.net\/plug-ins\/1.10.22\/i18n\/French.json'},\n\t\tpageLength: 50,\n\t\torder: [[ 1, 'asc' ]],\n\t\tdrawCallback: function(settings) {\n\t\t\tvar pagination = $(this).closest('.dataTables_wrapper').find('.dataTables_paginate');\n\t\t\tpagination.toggle(this.api().page.info().pages > 1);\n\t\t\trowCount = $('#tabmembresB\u00e9n\u00e9voles tr').length;\n\t\t\tif(rowCount < 50){\n\t\t\t\n\t\t\t\t$( \"#tabmembresB\u00e9n\u00e9voles_length\" ).hide();\n\t\t\t\trowCountdim=rowCount-1;\n\t\t\t\t$( \"#tabmembresB\u00e9n\u00e9voles_info\" ).text(rowCountdim+ ' \u00e9l\u00e9ments');\n\t\t\t}\n\t\t}\n\t\t\t\t\t\n        });\n\t} );\n<\/script>\n\t\t<table id=\"tabmembresB\u00e9n\u00e9voles\" class=\"display\" >\n\t\t  <thead><tr><th>Civilit\u00e9 <\/th><th>Nom <\/th><th>Organisme<\/th><th>Site<\/th><th>Bureau<\/th><th>T\u00e9l\u00e9phone<\/th><\/tr><\/thead> <tbody> <tr><td>M<\/td><td><button class=\"btn btn-danger\" data-toggle=\"modal\" data-target=\"#myModal-salomonofman\">OFMAN Salomon<\/button>\t\t\n<div class=\"modal fade\" id=\"myModal-salomonofman\" tabindex=\"-1\" role=\"dialog\" aria-labelledby=\"myModalLabel\" aria-hidden=\"true\">\n  <div class=\"modal-dialog\">\n    <div class=\"modal-content\">\n      <div class=\"modal-header\">  \n\t  <h4 class=\"modal-title\" id=\"myModalLabel\">Salomon OFMAN<\/h4>\n        <button type=\"button\" class=\"close\" data-dismiss=\"modal\"><span aria-hidden=\"true\">&times;<\/span><span class=\"sr-only\">Close<\/span><\/button>\n            <\/div>\n      <div class=\"modal-body\"><a href=\"http:\/\/webusers.imj-prg.fr\/~salomon.ofman\/\" target=\"_blank\">http:\/\/webusers.imj-prg.fr\/~salomon.ofman\/<\/a><br><br>Histoire des Sciences Math\u00e9matiques<br> B\u00e9n\u00e9voles<br><br>CNRS<br><br><script type=\"text\/javascript\">\n<!--\nvar tg=\"<\";             \nvar nom=\"salomon.ofman\";\nvar arob=\"@\";\n \nvar hote1=\"imj\";\nvar hote2=\"-prg.fr\";       \n\ndocument.write(tg+\"a hr\"+\"ef=mai\"+\"lto:\"+nom);\ndocument.write(arob+hote1+hote2+\">\"+nom+arob+hote1+hote2+tg+\"\/a>\");\n-->\n<\/script><br>Campus Pierre et Marie Curie<br>Bureau:  16-26 408<br> <\/div>\n      <div class=\"modal-footer\">\n        <button type=\"button\" class=\"btn btn-default\" data-dismiss=\"modal\">Close<\/button>\n      \n      <\/div>\n    <\/div>\n  <\/div>\n<\/div>\t<\/td><td>CNRS<\/td><td>Campus Pierre et Marie Curie<\/td> <td>16-26 408<\/td><td><\/td><\/tr>\n<tr><td>M<\/td><td><button class=\"btn btn-danger\" data-toggle=\"modal\" data-target=\"#myModal-jamesritter\">RITTER James<\/button>\t\t\n<div class=\"modal fade\" id=\"myModal-jamesritter\" tabindex=\"-1\" role=\"dialog\" aria-labelledby=\"myModalLabel\" aria-hidden=\"true\">\n  <div class=\"modal-dialog\">\n    <div class=\"modal-content\">\n      <div class=\"modal-header\">  \n\t  <h4 class=\"modal-title\" id=\"myModalLabel\">James RITTER<\/h4>\n        <button type=\"button\" class=\"close\" data-dismiss=\"modal\"><span aria-hidden=\"true\">&times;<\/span><span class=\"sr-only\">Close<\/span><\/button>\n            <\/div>\n      <div class=\"modal-body\"><a href=\"http:\/\/webusers.imj-prg.fr\/~james.ritter\/\" target=\"_blank\">http:\/\/webusers.imj-prg.fr\/~james.ritter\/<\/a><br><br>Histoire des Sciences Math\u00e9matiques<br> B\u00e9n\u00e9voles<br><br>Sorbonne Universit\u00e9<br><br><script type=\"text\/javascript\">\n<!--\nvar tg=\"<\";             \nvar nom=\"james.ritter\";\nvar arob=\"@\";\n \nvar hote1=\"imj\";\nvar hote2=\"-prg.fr\";       \n\ndocument.write(tg+\"a hr\"+\"ef=mai\"+\"lto:\"+nom);\ndocument.write(arob+hote1+hote2+\">\"+nom+arob+hote1+hote2+tg+\"\/a>\");\n-->\n<\/script><br>Campus Pierre et Marie Curie<br>Bureau:  <br> <\/div>\n      <div class=\"modal-footer\">\n        <button type=\"button\" class=\"btn btn-default\" data-dismiss=\"modal\">Close<\/button>\n      \n      <\/div>\n    <\/div>\n  <\/div>\n<\/div>\t<\/td><td>Sorbonne Universit\u00e9<\/td><td>Campus Pierre et Marie Curie<\/td> <td><\/td><td><\/td><\/tr>\n <\/tbody> <\/table>\n<h2><a id=\"3\">Post-doctorants<\/a><\/h2>\n\t\t<link rel=\"stylesheet\" type=\"text\/css\" href=\"https:\/\/cdn.datatables.net\/v\/dt\/dt-1.10.23\/datatables.min.css\"\/>\n \n<script type=\"text\/javascript\" src=\"https:\/\/cdn.datatables.net\/v\/dt\/dt-1.10.23\/datatables.min.js\"><\/script>\n\n<script>\njQuery(document).ready(function($){\n\t\n    $('#tabmembresPost-doctorants').DataTable({\n\t\tlanguage: {\turl: 'https:\/\/cdn.datatables.net\/plug-ins\/1.10.22\/i18n\/French.json'},\n\t\tpageLength: 50,\n\t\torder: [[ 1, 'asc' ]],\n\t\tdrawCallback: function(settings) {\n\t\t\tvar pagination = $(this).closest('.dataTables_wrapper').find('.dataTables_paginate');\n\t\t\tpagination.toggle(this.api().page.info().pages > 1);\n\t\t\trowCount = $('#tabmembresPost-doctorants tr').length;\n\t\t\tif(rowCount < 50){\n\t\t\t\n\t\t\t\t$( \"#tabmembresPost-doctorants_length\" ).hide();\n\t\t\t\trowCountdim=rowCount-1;\n\t\t\t\t$( \"#tabmembresPost-doctorants_info\" ).text(rowCountdim+ ' \u00e9l\u00e9ments');\n\t\t\t}\n\t\t}\n\t\t\t\t\t\n        });\n\t} );\n<\/script>\n\t\t<table id=\"tabmembresPost-doctorants\" class=\"display\" >\n\t\t  <thead><tr><th>Civilit\u00e9 <\/th><th>Nom <\/th><th>Financeur \/ Employeur<\/th><th>Site<\/th><th>Bureau<\/th><th>T\u00e9l\u00e9phone<\/th><\/tr><\/thead> <tbody> <tr><td>M<\/td><td><button class=\"btn btn-danger\" data-toggle=\"modal\" data-target=\"#myModal-florianmathieu\">MATHIEU Florian<\/button>\t\t\n<div class=\"modal fade\" id=\"myModal-florianmathieu\" tabindex=\"-1\" role=\"dialog\" aria-labelledby=\"myModalLabel\" aria-hidden=\"true\">\n  <div class=\"modal-dialog\">\n    <div class=\"modal-content\">\n      <div class=\"modal-header\">  \n\t  <h4 class=\"modal-title\" id=\"myModalLabel\">Florian MATHIEU<\/h4>\n        <button type=\"button\" class=\"close\" data-dismiss=\"modal\"><span aria-hidden=\"true\">&times;<\/span><span class=\"sr-only\">Close<\/span><\/button>\n            <\/div>\n      <div class=\"modal-body\"><a href=\"http:\/\/webusers.imj-prg.fr\/~florian.mathieu\/\" target=\"_blank\">http:\/\/webusers.imj-prg.fr\/~florian.mathieu\/<\/a><br><br>Histoire des Sciences Math\u00e9matiques<br> Post-doctorants<br><br>CNRS<br><br><script type=\"text\/javascript\">\n<!--\nvar tg=\"<\";             \nvar nom=\"florian.mathieu\";\nvar arob=\"@\";\n \nvar hote1=\"imj\";\nvar hote2=\"-prg.fr\";       \n\ndocument.write(tg+\"a hr\"+\"ef=mai\"+\"lto:\"+nom);\ndocument.write(arob+hote1+hote2+\">\"+nom+arob+hote1+hote2+tg+\"\/a>\");\n-->\n<\/script><br>Campus Pierre et Marie Curie<br>Bureau:  16-26 405<br> <\/div>\n      <div class=\"modal-footer\">\n        <button type=\"button\" class=\"btn btn-default\" data-dismiss=\"modal\">Close<\/button>\n      \n      <\/div>\n    <\/div>\n  <\/div>\n<\/div>\t<\/td><td>ANR \/ CNRS<\/td><td>Campus Pierre et Marie Curie<\/td> <td>16-26 405<\/td><td><\/td><\/tr>\n <\/tbody> <\/table>\n<h2><a id=\"5\">Doctorants<\/a><\/h2>\n\t\t<link rel=\"stylesheet\" type=\"text\/css\" href=\"https:\/\/cdn.datatables.net\/v\/dt\/dt-1.10.23\/datatables.min.css\"\/>\n \n<script type=\"text\/javascript\" src=\"https:\/\/cdn.datatables.net\/v\/dt\/dt-1.10.23\/datatables.min.js\"><\/script>\n\n<script>\njQuery(document).ready(function($){\n\t\n    $('#tabmembresDoctorants').DataTable({\n\t\tlanguage: {\turl: 'https:\/\/cdn.datatables.net\/plug-ins\/1.10.22\/i18n\/French.json'},\n\t\tpageLength: 50,\n\t\torder: [[ 1, 'asc' ]],\n\t\tdrawCallback: function(settings) {\n\t\t\tvar pagination = $(this).closest('.dataTables_wrapper').find('.dataTables_paginate');\n\t\t\tpagination.toggle(this.api().page.info().pages > 1);\n\t\t\trowCount = $('#tabmembresDoctorants tr').length;\n\t\t\tif(rowCount < 50){\n\t\t\t\n\t\t\t\t$( \"#tabmembresDoctorants_length\" ).hide();\n\t\t\t\trowCountdim=rowCount-1;\n\t\t\t\t$( \"#tabmembresDoctorants_info\" ).text(rowCountdim+ ' \u00e9l\u00e9ments');\n\t\t\t}\n\t\t}\n\t\t\t\t\t\n        });\n\t} );\n<\/script>\n\t\t<table id=\"tabmembresDoctorants\" class=\"display\" >\n\t\t  <thead><tr><th>Civilit\u00e9 <\/th><th>Nom <\/th><th>Organisme<\/th><th>Ann\u00e9e d'inscription<\/th><th>Directeur de th\u00e8se<\/th><th>Tuteur<\/th><th>Site<\/th><th>Bureau<\/th><th>T\u00e9l\u00e9phone<\/th><\/tr><\/thead> <tbody> <tr><td>M<\/td><td><button class=\"btn btn-danger\" data-toggle=\"modal\" data-target=\"#myModal-nicolasjoannes\">JOANNES Nicolas<\/button>\t\t\n<div class=\"modal fade\" id=\"myModal-nicolasjoannes\" tabindex=\"-1\" role=\"dialog\" aria-labelledby=\"myModalLabel\" aria-hidden=\"true\">\n  <div class=\"modal-dialog\">\n    <div class=\"modal-content\">\n      <div class=\"modal-header\">  \n\t  <h4 class=\"modal-title\" id=\"myModalLabel\">Nicolas JOANNES<\/h4>\n        <button type=\"button\" class=\"close\" data-dismiss=\"modal\"><span aria-hidden=\"true\">&times;<\/span><span class=\"sr-only\">Close<\/span><\/button>\n            <\/div>\n      <div class=\"modal-body\"><a href=\"http:\/\/webusers.imj-prg.fr\/~nicolas.joannes\/\" target=\"_blank\">http:\/\/webusers.imj-prg.fr\/~nicolas.joannes\/<\/a><br><br>Histoire des Sciences Math\u00e9matiques<br>Sorbonne Universit\u00e9<br><br><script type=\"text\/javascript\">\n<!--\nvar tg=\"<\";             \nvar nom=\"nicolas.joannes\";\nvar arob=\"@\";\n \nvar hote1=\"imj\";\nvar hote2=\"-prg.fr\";       \n\ndocument.write(tg+\"a hr\"+\"ef=mai\"+\"lto:\"+nom);\ndocument.write(arob+hote1+hote2+\">\"+nom+arob+hote1+hote2+tg+\"\/a>\");\n-->\n<\/script><br>Campus Pierre et Marie Curie<br>Bureau:  <br>Directeur de th\u00e8se  : Alexandre Guilbaud et Ir\u00e8ne Passeron<br>Tuteur  : Catherine Goldstein<br>Circulation et transmission des illustrations en sciences math\u00e9matiques aux XVIIe et XVIIIe si\u00e8cles<br>Ann\u00e9e d'inscription : 2023<br> <\/div>\n      <div class=\"modal-footer\">\n        <button type=\"button\" class=\"btn btn-default\" data-dismiss=\"modal\">Close<\/button>\n      \n      <\/div>\n    <\/div>\n  <\/div>\n<\/div>\t<\/td><td>Sorbonne Universit\u00e9<\/td><td>2023<\/td><td>Alexandre Guilbaud et Ir\u00e8ne Passeron<\/td><td>Catherine Goldstein<\/td><td>Campus Pierre et Marie Curie<\/td> <td><\/td><td><\/td><\/tr>\n <\/tbody> <\/table>\n<h2><a id=\"7\">Associ\u00e9s<\/a><\/h2>\n\t\t<link rel=\"stylesheet\" type=\"text\/css\" href=\"https:\/\/cdn.datatables.net\/v\/dt\/dt-1.10.23\/datatables.min.css\"\/>\n \n<script type=\"text\/javascript\" src=\"https:\/\/cdn.datatables.net\/v\/dt\/dt-1.10.23\/datatables.min.js\"><\/script>\n\n<script>\njQuery(document).ready(function($){\n\t\n    $('#tabmembresAssoci\u00e9s').DataTable({\n\t\tlanguage: {\turl: 'https:\/\/cdn.datatables.net\/plug-ins\/1.10.22\/i18n\/French.json'},\n\t\tpageLength: 50,\n\t\torder: [[ 1, 'asc' ]],\n\t\tdrawCallback: function(settings) {\n\t\t\tvar pagination = $(this).closest('.dataTables_wrapper').find('.dataTables_paginate');\n\t\t\tpagination.toggle(this.api().page.info().pages > 1);\n\t\t\trowCount = $('#tabmembresAssoci\u00e9s tr').length;\n\t\t\tif(rowCount < 50){\n\t\t\t\n\t\t\t\t$( \"#tabmembresAssoci\u00e9s_length\" ).hide();\n\t\t\t\trowCountdim=rowCount-1;\n\t\t\t\t$( \"#tabmembresAssoci\u00e9s_info\" ).text(rowCountdim+ ' \u00e9l\u00e9ments');\n\t\t\t}\n\t\t}\n\t\t\t\t\t\n        });\n\t} );\n<\/script>\n\t\t<table id=\"tabmembresAssoci\u00e9s\" class=\"display\" >\n\t\t  <thead><tr><th>Civilit\u00e9 <\/th><th>Nom <\/th><th>Organisme<\/th><th>Site<\/th><th>Bureau<\/th><th>T\u00e9l\u00e9phone<\/th><\/tr><\/thead> <tbody> <tr><td>M<\/td><td><button class=\"btn btn-danger\" data-toggle=\"modal\" data-target=\"#myModal-thierryjoffredo\">JOFFREDO Thierry<\/button>\t\t\n<div class=\"modal fade\" id=\"myModal-thierryjoffredo\" tabindex=\"-1\" role=\"dialog\" aria-labelledby=\"myModalLabel\" aria-hidden=\"true\">\n  <div class=\"modal-dialog\">\n    <div class=\"modal-content\">\n      <div class=\"modal-header\">  \n\t  <h4 class=\"modal-title\" id=\"myModalLabel\">Thierry JOFFREDO<\/h4>\n        <button type=\"button\" class=\"close\" data-dismiss=\"modal\"><span aria-hidden=\"true\">&times;<\/span><span class=\"sr-only\">Close<\/span><\/button>\n            <\/div>\n      <div class=\"modal-body\"><img src='https:\/\/www.imj-prg.fr\/membres\/photo\/thierry_joffredo.jpeg'><br><a href=\"http:\/\/webusers.imj-prg.fr\/~thierry.joffredo\/\" target=\"_blank\">http:\/\/webusers.imj-prg.fr\/~thierry.joffredo\/<\/a><br><br>Histoire des Sciences Math\u00e9matiques<br> Associ\u00e9s<br><br>Acad\u00e9mie de Rennes<br><br><script type=\"text\/javascript\">\n<!--\nvar tg=\"<\";             \nvar nom=\"thierry.joffredo\";\nvar arob=\"@\";\n \nvar hote1=\"imj\";\nvar hote2=\"-prg.fr\";       \n\ndocument.write(tg+\"a hr\"+\"ef=mai\"+\"lto:\"+nom);\ndocument.write(arob+hote1+hote2+\">\"+nom+arob+hote1+hote2+tg+\"\/a>\");\n-->\n<\/script><br>Campus Pierre et Marie Curie<br>Bureau:  16-26 404<br> <\/div>\n      <div class=\"modal-footer\">\n        <button type=\"button\" class=\"btn btn-default\" data-dismiss=\"modal\">Close<\/button>\n      \n      <\/div>\n    <\/div>\n  <\/div>\n<\/div>\t<\/td><td>Acad\u00e9mie de Rennes<\/td><td>Campus Pierre et Marie Curie<\/td> <td>16-26 404<\/td><td><\/td><\/tr>\n <\/tbody> <\/table>\n <div class=\" col-sm-2 sans-bordure\">\n <ul class=\" nav-membres hidden-print hidden-xs  affix\"><li ><a href=\"#0\">Permanents (4)<\/a> <\/li><li ><a href=\"#1\">Em\u00e9rites (1)<\/a> <\/li><li ><a href=\"#2\">B\u00e9n\u00e9voles (2)<\/a> <\/li><li ><a href=\"#3\">Post-doctorants (1)<\/a> <\/li><li ><a href=\"#4\">Jeunes docteurs (0)<\/a> <\/li><li ><a href=\"#5\">Doctorants (1)<\/a> <\/li><li ><a href=\"#6\">Administration ()<\/a> <\/li><li ><a href=\"#7\">Associ\u00e9s (1)<\/a> <\/li><li ><a href=\"#8\">D\u00e9tachements ()<\/a> <\/li><li ><a href=\"#9\">Autres ()<\/a> <\/li>\n","protected":false},"excerpt":{"rendered":"","protected":false},"author":1,"featured_media":0,"parent":0,"menu_order":0,"comment_status":"closed","ping_status":"closed","template":"","meta":{"footnotes":""},"class_list":["post-40","page","type-page","status-publish","hentry"],"_links":{"self":[{"href":"https:\/\/www.imj-prg.fr\/hsm\/wp-json\/wp\/v2\/pages\/40","targetHints":{"allow":["GET"]}}],"collection":[{"href":"https:\/\/www.imj-prg.fr\/hsm\/wp-json\/wp\/v2\/pages"}],"about":[{"href":"https:\/\/www.imj-prg.fr\/hsm\/wp-json\/wp\/v2\/types\/page"}],"author":[{"embeddable":true,"href":"https:\/\/www.imj-prg.fr\/hsm\/wp-json\/wp\/v2\/users\/1"}],"replies":[{"embeddable":true,"href":"https:\/\/www.imj-prg.fr\/hsm\/wp-json\/wp\/v2\/comments?post=40"}],"version-history":[{"count":1,"href":"https:\/\/www.imj-prg.fr\/hsm\/wp-json\/wp\/v2\/pages\/40\/revisions"}],"predecessor-version":[{"id":41,"href":"https:\/\/www.imj-prg.fr\/hsm\/wp-json\/wp\/v2\/pages\/40\/revisions\/41"}],"wp:attachment":[{"href":"https:\/\/www.imj-prg.fr\/hsm\/wp-json\/wp\/v2\/media?parent=40"}],"curies":[{"name":"wp","href":"https:\/\/api.w.org\/{rel}","templated":true}]}}