{"id":55,"date":"2020-12-18T09:40:53","date_gmt":"2020-12-18T08:40:53","guid":{"rendered":"http:\/\/dev.imj-prg.fr\/hsm\/?page_id=55"},"modified":"2020-12-18T09:40:53","modified_gmt":"2020-12-18T08:40:53","slug":"theses","status":"publish","type":"page","link":"https:\/\/www.imj-prg.fr\/hsm\/theses\/","title":{"rendered":"Th\u00e8ses"},"content":{"rendered":"<link rel=\"stylesheet\" type=\"text\/css\" href=\"https:\/\/cdn.datatables.net\/v\/dt\/dt-1.10.23\/datatables.min.css\"\/>\n \n<script type=\"text\/javascript\" src=\"https:\/\/cdn.datatables.net\/v\/dt\/dt-1.10.23\/datatables.min.js\"><\/script>\n\n<script>\njQuery(document).ready(function($){\n\t\n    $('#tabthese').DataTable({\n\t\tlanguage: {\turl: 'https:\/\/cdn.datatables.net\/plug-ins\/1.10.22\/i18n\/French.json'},\n\t\tpageLength: 50,\n\t\torder: [[ 2, 'desc' ]],\n\t\tdrawCallback: function(settings) {\n\t\t\tvar pagination = $(this).closest('.dataTables_wrapper').find('.dataTables_paginate');\n\t\t\tpagination.toggle(this.api().page.info().pages > 1);\n\t\t\trowCount = $('#tabthese tr').length;\n\t\t\tif(rowCount < 50){\n\t\t\t\n\t\t\t\t$( \"#tabthese_length\" ).hide();\n\t\t\t\t\n\t\t\t\t$( \"#tabthese_info\" ).text(rowCount+ ' \u00e9l\u00e9ments');\n\t\t\t}\n\t\t}\n\t\t\t\t\t\n        });\n\t} );\n<\/script>\n\t\t<table id=\"tabthese\" class=\"display\" ><thead><tr><th>Nom<\/th> <th>Titre<\/th><th>Ann\u00e9e<\/th><th>Directeur de th\u00e8se<\/th><th> <\/th><\/tr><\/thead><tr><td>Mathieu Florian<\/td><td>Usages politiques et populaires du savoir astronomique : entre science et utopies r\u00e9volutionnaires (France, 1871-1939)<\/td><td>2022<\/td><td>David AUBIN<\/td><td><br><a href=\"https:\/\/www.theses.fr\/2022UPASK007\">Lien theses.fr<\/a><\/td><\/tr><tr><td>Deias Dalia<\/td><td>Inventer l'Observatoire : sciences & politique au temps de Giovanni Domenico Cassini (1625-1712)<\/td><td>2020<\/td><td>David Aubin<\/td><td><\/td><\/tr><tr><td>Delgado Hector<\/td><td>Indivisibles, correspondances et controverses : Cavalieri, Galil\u00e9e,Torricelli et Guldin<\/td><td>2017<\/td><td>Catherine Goldstein \/ Sophie Roux<\/td><td><\/td><\/tr><tr><td>Le Francois<\/td><td>\"Vingt-sept droites sur une surface cubique : rencontres entre groupes, \u00e9quations et g\u00e9om\u00e9trie dans la deuxi\u00e8me moiti\u00e9 du 19\u00e8me si\u00e8cle\"<\/td><td>2015<\/td><td>CATHERINE GOLDSTEIN<\/td><td><\/td><\/tr><tr><td>Lorenat Jemma<\/td><td>\"Die Freude an der Gestalt '': m\u00e9thodes, figures et pratiques de la g\u00e9om\u00e9trie au d\u00e9but du dix-neuvi\u00e8me si\u00e8cle.<\/td><td>2015<\/td><td>CATHERINE GOLDSTEIN<\/td><td><\/td><\/tr><tr><td>Beaubois Francis<\/td><td>Doctorat de SHS - histoire des math\u00e9matiques<\/td><td>2014<\/td><td>David Aubin<\/td><td><\/td><\/tr><tr><td>Paumier Anne-sandrine<\/td><td>Laurent Schwartz (1915-2002) et la vie collective des math\u00e9matiques<\/td><td>2014<\/td><td>David Aubin<\/td><td><\/td><\/tr><tr><td>Boucard Jenny<\/td><td>\u00ab rapprochement curieux de l'alg\u00e8bre et de la th\u00e9orie des nombres  \u00bb : \u00e9tudes sur l'utilisation des congruences en France de 1801 \u00e0 1850\"<\/td><td>2011<\/td><td>CATHERINE GOLDSTEIN<\/td><td><br><a href=\"http:\/\/www.imj-prg.fr\/theses\/\/pdf\/jenny_boucard.pdf\"><img decoding=\"async\" src=\"http:\/\/www.imj-prg.fr\/wp-content\/themes\/imjprg\/images\/pdf.png\"> <\/a><\/td><\/tr><tr><td>Ginoux Jean-marc<\/td><td>Analyse math\u00e9matique des ph\u00e9nom\u00e8nes oscillatoires non lin\u00e9aires<\/td><td>2011<\/td><td>CHRISTIAN GILAIN<\/td><td><\/td><\/tr><tr><td>Leloup Juliette<\/td><td>L'entre-deux-guerres math\u00e9matique \u00e0 travers les th\u00e8ses soutenues en France<\/td><td>2009<\/td><td>CATHERINE GOLDSTEIN<\/td><td><br><a href=\"http:\/\/www.imj-prg.fr\/theses\/\/pdf\/juliette_leloup.pdf\"><img decoding=\"async\" src=\"http:\/\/www.imj-prg.fr\/wp-content\/themes\/imjprg\/images\/pdf.png\"> <\/a><\/td><\/tr><tr><td>Delcourt Jean<\/td><td>ALGEBRE ET GEOMETRIE : LES COURBES GAUCHES DE CLAIRAUT A SERRET ET FRENET<\/td><td>2007<\/td><td>CHRISTIAN GILAIN<\/td><td><br><a href=\"http:\/\/www.imj-prg.fr\/theses\/\/pdf\/jean_delcourt.pdf\"><img decoding=\"async\" src=\"http:\/\/www.imj-prg.fr\/wp-content\/themes\/imjprg\/images\/pdf.png\"> <\/a><\/td><\/tr><tr><td>Gauthier Sebastien<\/td><td>La g\u00e9om\u00e9trie des nombres comme discipline (1890-1945) \"<\/td><td>2007<\/td><td>CATHERINE GOLDSTEIN<\/td><td><\/td><\/tr><tr><td>Alfonsi Liliane<\/td><td>ETIENNE BEZOUT ( 1730-1783) : MATHEMATICIEN, ACADEMICIEN ET PROFESSEUR AU SIECLE DES LUMIERES<\/td><td>2005<\/td><td>CHRISTIAN GILAIN<\/td><td><\/td><\/tr><\/table>\n","protected":false},"excerpt":{"rendered":"","protected":false},"author":1,"featured_media":0,"parent":0,"menu_order":0,"comment_status":"closed","ping_status":"closed","template":"","meta":{"footnotes":""},"class_list":["post-55","page","type-page","status-publish","hentry"],"_links":{"self":[{"href":"https:\/\/www.imj-prg.fr\/hsm\/wp-json\/wp\/v2\/pages\/55","targetHints":{"allow":["GET"]}}],"collection":[{"href":"https:\/\/www.imj-prg.fr\/hsm\/wp-json\/wp\/v2\/pages"}],"about":[{"href":"https:\/\/www.imj-prg.fr\/hsm\/wp-json\/wp\/v2\/types\/page"}],"author":[{"embeddable":true,"href":"https:\/\/www.imj-prg.fr\/hsm\/wp-json\/wp\/v2\/users\/1"}],"replies":[{"embeddable":true,"href":"https:\/\/www.imj-prg.fr\/hsm\/wp-json\/wp\/v2\/comments?post=55"}],"version-history":[{"count":1,"href":"https:\/\/www.imj-prg.fr\/hsm\/wp-json\/wp\/v2\/pages\/55\/revisions"}],"predecessor-version":[{"id":56,"href":"https:\/\/www.imj-prg.fr\/hsm\/wp-json\/wp\/v2\/pages\/55\/revisions\/56"}],"wp:attachment":[{"href":"https:\/\/www.imj-prg.fr\/hsm\/wp-json\/wp\/v2\/media?parent=55"}],"curies":[{"name":"wp","href":"https:\/\/api.w.org\/{rel}","templated":true}]}}