{"id":60,"date":"2020-12-18T09:42:16","date_gmt":"2020-12-18T08:42:16","guid":{"rendered":"http:\/\/dev.imj-prg.fr\/hsm\/?page_id=60"},"modified":"2020-12-18T09:42:16","modified_gmt":"2020-12-18T08:42:16","slug":"liens","status":"publish","type":"page","link":"https:\/\/www.imj-prg.fr\/hsm\/liens\/","title":{"rendered":"Liens"},"content":{"rendered":"\n<hr class=\"wp-block-separator\" id=\"ligne-header\"\/>\n\n\n\n<h2 class=\"wp-block-heading\"><strong>Catalogues de biblioth\u00e8ques<\/strong><\/h2>\n\n\n\n<h3 class=\"wp-block-heading\">\u00e0 Paris<\/h3>\n\n\n\n<ul class=\"wp-block-list\"><li><a href=\"http:\/\/bleuet3.bius.jussieu.fr\/\">biblioth\u00e8que interuniversitaire scientifique de jussieu<\/a> (<a href=\"http:\/\/jubil.upmc.fr\/\">portail jubil<\/a>) et la <a href=\"http:\/\/www.biblio.math.jussieu.fr\/biblijmr.html\">biblioth\u00e8que de math\u00e9matiques-recherche<\/a>.<\/li><li><a href=\"http:\/\/biblio-centrale.univ-paris-diderot.fr\/catalogue.php\">biblioth\u00e8que centrale<\/a> de l\u2019universit\u00e9 Paris-Diderot.<\/li><li><a href=\"http:\/\/catalogue.bnf.fr\/\">biblioth\u00e8que nationale de france<\/a> \/ <a href=\"http:\/\/reservation.bnf.fr\/\">r\u00e9server<\/a> sa place et ses documents.<\/li><li>biblioth\u00e8que du <a href=\"http:\/\/cimnts2.mnhn.fr\/mnhnbib\/default.asp\">mus\u00e9um d\u2019histoire naturelle<\/a>.<\/li><li>biblioth\u00e8que du <a href=\"http:\/\/bibliotheque.cnam.fr\">CNAM<\/a>.<\/li><li><a href=\"http:\/\/med.cite-sciences.fr\/ALEPH\">m\u00e9diath\u00e8que<\/a>, cit\u00e9 des sciences et de l\u2019industrie de la Villette.<\/li><li><a href=\"http:\/\/www-bsg.univ-paris1.fr\/home.htm\">biblioth\u00e8que sainte-genevi\u00e8ve<\/a>.<\/li><li><a href=\"http:\/\/www.bpi.fr\/\">biblioth\u00e8que publique d\u2019information<\/a> (centre georges-pompidou).<\/li><li><a href=\"https:\/\/www.bibliotheque-mazarine.fr\/fr\/\">biblioth\u00e8que Mazarine<\/a>.<\/li><\/ul>\n","protected":false},"excerpt":{"rendered":"<p>Catalogues de biblioth\u00e8ques \u00e0 Paris biblioth\u00e8que interuniversitaire scientifique de jussieu (portail jubil) et la biblioth\u00e8que de math\u00e9matiques-recherche. biblioth\u00e8que centrale de l\u2019universit\u00e9 Paris-Diderot. biblioth\u00e8que nationale de france \/ r\u00e9server sa place et ses documents. biblioth\u00e8que du mus\u00e9um d\u2019histoire naturelle. biblioth\u00e8que du CNAM. m\u00e9diath\u00e8que, cit\u00e9 des sciences et de l\u2019industrie de la Villette. biblioth\u00e8que sainte-genevi\u00e8ve. biblioth\u00e8que publique [&hellip;]<\/p>\n","protected":false},"author":1,"featured_media":0,"parent":0,"menu_order":0,"comment_status":"closed","ping_status":"closed","template":"","meta":{"footnotes":""},"class_list":["post-60","page","type-page","status-publish","hentry"],"_links":{"self":[{"href":"https:\/\/www.imj-prg.fr\/hsm\/wp-json\/wp\/v2\/pages\/60","targetHints":{"allow":["GET"]}}],"collection":[{"href":"https:\/\/www.imj-prg.fr\/hsm\/wp-json\/wp\/v2\/pages"}],"about":[{"href":"https:\/\/www.imj-prg.fr\/hsm\/wp-json\/wp\/v2\/types\/page"}],"author":[{"embeddable":true,"href":"https:\/\/www.imj-prg.fr\/hsm\/wp-json\/wp\/v2\/users\/1"}],"replies":[{"embeddable":true,"href":"https:\/\/www.imj-prg.fr\/hsm\/wp-json\/wp\/v2\/comments?post=60"}],"version-history":[{"count":1,"href":"https:\/\/www.imj-prg.fr\/hsm\/wp-json\/wp\/v2\/pages\/60\/revisions"}],"predecessor-version":[{"id":61,"href":"https:\/\/www.imj-prg.fr\/hsm\/wp-json\/wp\/v2\/pages\/60\/revisions\/61"}],"wp:attachment":[{"href":"https:\/\/www.imj-prg.fr\/hsm\/wp-json\/wp\/v2\/media?parent=60"}],"curies":[{"name":"wp","href":"https:\/\/api.w.org\/{rel}","templated":true}]}}