{"id":13,"date":"2020-12-18T10:53:35","date_gmt":"2020-12-18T09:53:35","guid":{"rendered":"http:\/\/dev.imj-prg.fr\/lm\/?page_id=13"},"modified":"2023-02-07T09:19:26","modified_gmt":"2023-02-07T08:19:26","slug":"presentation","status":"publish","type":"page","link":"https:\/\/www.imj-prg.fr\/lm\/presentation\/","title":{"rendered":"Pr\u00e9sentation"},"content":{"rendered":"\n<p>L\u2019\u00c9quipe de Logique Math\u00e9matique (ELM) a \u00e9t\u00e9 constitu\u00e9e en unit\u00e9 de recherche autonome en 1982 (sous diverses appellations, notamment UMR7056 jusqu\u2019\u00e0 fin 2008, et FRE 3233 en 2009-2010) et l\u2019est rest\u00e9e jusqu\u2019\u00e0 fin 2010. Elle est actuellement un projet de l\u2019UMR 7586, depuis le 1er janvier 2011, et est rattach\u00e9e \u00e0 l\u2019Universit\u00e9 Paris- Diderot Paris 7. L\u2019ELM est une \u00e9quipe de logique math\u00e9matique g\u00e9n\u00e9raliste, dont le spectre scientifique, tr\u00e8s large, va des fondements aux applications de la logique aux autres branches des math\u00e9matiques et \u00e0 l\u2019informatique th\u00e9orique.<\/p>\n\n\n\n<p>L\u2019\u00e9quipe est enti\u00e8rement localis\u00e9e sur le site de Paris-Diderot (b\u00e2timent Sophie Germain).<\/p>\n\n\n\n<p>Les recherches y sont structur\u00e9es en trois th\u00e8mes&nbsp;:<\/p>\n\n\n\n<ul class=\"wp-block-list\">\n<li>Th\u00e9orie des mod\u00e8les et applications en alg\u00e8bre, analyse et g\u00e9om\u00e9trie<\/li>\n\n\n\n<li>Th\u00e9orie des ensembles et applications en analyse<\/li>\n\n\n\n<li>Complexit\u00e9, logique et applications \u00e0 l\u2019informatique<\/li>\n<\/ul>\n\n\n\n<p><\/p>\n\n\n\n<p>ANR de l\u2019\u00e9quipe (voir aussi la <a href=\"\/contrats\/\">page des contrats de l\u2019IMJ-PRG<\/a>)\u00a0:<\/p>\n\n\n\n<ul class=\"wp-block-list\">\n<li><a href=\"https:\/\/anr.fr\/Projet-ANR-19-CE48-0012\">ACTC<\/a><\/li>\n<\/ul>\n\n\n\n<p>ANR pass\u00e9es&nbsp;:<\/p>\n\n\n\n<ul class=\"wp-block-list\">\n<li><a href=\"https:\/\/webusers.imj-prg.fr\/~todor.tsankov\/agrume\/\">AGRUME<\/a><\/li>\n\n\n\n<li><a href=\"http:\/\/www.ens-lyon.fr\/LIP\/MC2\/CompA\/\">CompA<\/a><\/li>\n\n\n\n<li><a href=\"http:\/\/www.logique.jussieu.fr\/~zoe\/ValCoMo\/\">ValCoMo<\/a><\/li>\n\n\n\n<li><a href=\"http:\/\/www.logique.jussieu.fr\/~zoe\/MODIG\/\">MODIG<\/a><\/li>\n<\/ul>\n\n\n\n<p>Autres projets\/actions&nbsp;:<\/p>\n\n\n\n<p>\u2022 <a href=\"https:\/\/webusers.imj-prg.fr\/~tamara.servi\/\">Tamara Servi<\/a> est co-organisatrice d&rsquo;un <a href=\"http:\/\/www.fields.utoronto.ca\/activities\/21-22\/tame\">semestre th\u00e9matique au Fields Institute<\/a> au premier semestre 2022<br>\u2022 <a href=\"http:\/\/wact.math.univ-paris-diderot.fr\/\">Workshop on Algebraic Complexity Theory (WACT) 2018<\/a><br>\u2022 Semestre <a href=\"http:\/\/modvac18.math.ens.fr\/\"><em>Model Theory, Combinatorics and Valued fields<\/em><\/a> en 2018<br>\u2022 Projet CEFIPRA <em>Arithmetic circuits computing polynomials<\/em>, 2012-2016<br>\u2022 <a href=\"http:\/\/www.logique.jussieu.fr\/modnet9\/Home\/index.php\">MODNET&nbsp;: Marie Curie Research Training Network in Model Theory and its Applications<\/a>, 2005-2008<\/p>\n","protected":false},"excerpt":{"rendered":"<p>L\u2019\u00c9quipe de Logique Math\u00e9matique (ELM) a \u00e9t\u00e9 constitu\u00e9e en unit\u00e9 de recherche autonome en 1982 (sous diverses appellations, notamment UMR7056 jusqu\u2019\u00e0 fin 2008, et FRE 3233 en 2009-2010) et l\u2019est rest\u00e9e jusqu\u2019\u00e0 fin 2010. Elle est actuellement un projet de l\u2019UMR 7586, depuis le 1er janvier 2011, et est rattach\u00e9e \u00e0 l\u2019Universit\u00e9 Paris- Diderot Paris [&hellip;]<\/p>\n","protected":false},"author":1,"featured_media":0,"parent":0,"menu_order":0,"comment_status":"closed","ping_status":"closed","template":"","meta":{"footnotes":""},"class_list":["post-13","page","type-page","status-publish","hentry"],"_links":{"self":[{"href":"https:\/\/www.imj-prg.fr\/lm\/wp-json\/wp\/v2\/pages\/13","targetHints":{"allow":["GET"]}}],"collection":[{"href":"https:\/\/www.imj-prg.fr\/lm\/wp-json\/wp\/v2\/pages"}],"about":[{"href":"https:\/\/www.imj-prg.fr\/lm\/wp-json\/wp\/v2\/types\/page"}],"author":[{"embeddable":true,"href":"https:\/\/www.imj-prg.fr\/lm\/wp-json\/wp\/v2\/users\/1"}],"replies":[{"embeddable":true,"href":"https:\/\/www.imj-prg.fr\/lm\/wp-json\/wp\/v2\/comments?post=13"}],"version-history":[{"count":8,"href":"https:\/\/www.imj-prg.fr\/lm\/wp-json\/wp\/v2\/pages\/13\/revisions"}],"predecessor-version":[{"id":113,"href":"https:\/\/www.imj-prg.fr\/lm\/wp-json\/wp\/v2\/pages\/13\/revisions\/113"}],"wp:attachment":[{"href":"https:\/\/www.imj-prg.fr\/lm\/wp-json\/wp\/v2\/media?parent=13"}],"curies":[{"name":"wp","href":"https:\/\/api.w.org\/{rel}","templated":true}]}}