{"id":203,"date":"2025-01-26T22:33:40","date_gmt":"2025-01-26T21:33:40","guid":{"rendered":"https:\/\/www.imj-prg.fr\/lm\/?page_id=203"},"modified":"2025-01-26T22:39:27","modified_gmt":"2025-01-26T21:39:27","slug":"deces-de-zoe-chatzidakis","status":"publish","type":"page","link":"https:\/\/www.imj-prg.fr\/lm\/deces-de-zoe-chatzidakis\/","title":{"rendered":"D\u00e9c\u00e8s de Zo\u00e9 Chatzidakis"},"content":{"rendered":"\n<p>C\u2019est avec une tr\u00e8s grande tristesse que nous avons appris le d\u00e9c\u00e8s de Zo\u00e9 Chatzidakis le 22 janvier 2025 \u00e0 Paris. Directrice de recherche au CNRS, membre historique de l\u2019\u00e9quipe de logique, la disparition de Zo\u00e9 laisse un vide immense pour tous ceux, amis, collaborateurs, qui l\u2019ont connue. <\/p>\n\n\n\n<p><a href=\"https:\/\/www.fields.utoronto.ca\/news\/Memoriam-Dr-Zo\u00e9-Chatzidakis\">https:\/\/www.fields.utoronto.ca\/news\/Memoriam-Dr-Zo\u00e9-Chatzidakis<\/a><\/p>\n\n\n\n<p><a href=\"https:\/\/smf.emath.fr\/actualites-smf\/deces-de-zoe-chatzidakis\">https:\/\/smf.emath.fr\/actualites-smf\/deces-de-zoe-chatzidakis<\/a><\/p>\n\n\n\n<p>Ses obs\u00e8ques auront lieu le samedi 15 f\u00e9vrier \u00e0 11h30 au cr\u00e9matorium du P\u00e8re-Lachaise,\u00a055 rue des Rondeaux, Paris 20e.<\/p>\n","protected":false},"excerpt":{"rendered":"<p>C\u2019est avec une tr\u00e8s grande tristesse que nous avons appris le d\u00e9c\u00e8s de Zo\u00e9 Chatzidakis le 22 janvier 2025 \u00e0 Paris. Directrice de recherche au CNRS, membre historique de l\u2019\u00e9quipe de logique, la disparition de Zo\u00e9 laisse un vide immense pour tous ceux, amis, collaborateurs, qui l\u2019ont connue. https:\/\/www.fields.utoronto.ca\/news\/Memoriam-Dr-Zo\u00e9-Chatzidakis https:\/\/smf.emath.fr\/actualites-smf\/deces-de-zoe-chatzidakis Ses obs\u00e8ques auront lieu le [&hellip;]<\/p>\n","protected":false},"author":13,"featured_media":0,"parent":0,"menu_order":0,"comment_status":"closed","ping_status":"closed","template":"","meta":{"footnotes":""},"class_list":["post-203","page","type-page","status-publish","hentry"],"_links":{"self":[{"href":"https:\/\/www.imj-prg.fr\/lm\/wp-json\/wp\/v2\/pages\/203","targetHints":{"allow":["GET"]}}],"collection":[{"href":"https:\/\/www.imj-prg.fr\/lm\/wp-json\/wp\/v2\/pages"}],"about":[{"href":"https:\/\/www.imj-prg.fr\/lm\/wp-json\/wp\/v2\/types\/page"}],"author":[{"embeddable":true,"href":"https:\/\/www.imj-prg.fr\/lm\/wp-json\/wp\/v2\/users\/13"}],"replies":[{"embeddable":true,"href":"https:\/\/www.imj-prg.fr\/lm\/wp-json\/wp\/v2\/comments?post=203"}],"version-history":[{"count":3,"href":"https:\/\/www.imj-prg.fr\/lm\/wp-json\/wp\/v2\/pages\/203\/revisions"}],"predecessor-version":[{"id":208,"href":"https:\/\/www.imj-prg.fr\/lm\/wp-json\/wp\/v2\/pages\/203\/revisions\/208"}],"wp:attachment":[{"href":"https:\/\/www.imj-prg.fr\/lm\/wp-json\/wp\/v2\/media?parent=203"}],"curies":[{"name":"wp","href":"https:\/\/api.w.org\/{rel}","templated":true}]}}