{"id":21,"date":"2020-12-18T10:57:28","date_gmt":"2020-12-18T09:57:28","guid":{"rendered":"http:\/\/dev.imj-prg.fr\/lm\/?page_id=21"},"modified":"2025-05-19T22:37:33","modified_gmt":"2025-05-19T20:37:33","slug":"seminaires","status":"publish","type":"page","link":"https:\/\/www.imj-prg.fr\/lm\/seminaires\/","title":{"rendered":"S\u00e9minaires"},"content":{"rendered":"\n<h2 class=\"wp-block-heading\"><a href=\"https:\/\/gtm.imj-prg.fr\/\">Page du s\u00e9minaire G\u00e9om\u00e9trie et Th\u00e9orie des Mod\u00e8les<\/a><\/h2>\n\n\n\n<p class=\"has-text-align-right\"><a href=\"\/lm\/anciens-seminaires\/\">Historique<\/a><\/p>\n\n\n\n   <script type=\"text\/javascript\" src=\"https:\/\/www.imj-prg.fr\/js\/jquery.tablesorter.min.js\"><\/script>\n\n  \n    <div class=\"well\">\n                 \n     \t                                        \n\t\t<h2><a href ='\/gestion\/evenement\/1'>S\u00e9minaires\n     2025-2026    <\/a><\/h2>\n    <table class=\"table table-striped\">\n\n  <script type=\"text\/javascript\" id=\"js\">$(document).ready(function() {\n\n   $(\"table\").tablesorter({\n     sortList: [[0,0]]\n   });\n   });\n  }); <\/script>\n  <\/table>\n     <table  class=\"tabsem tablesorter table\"> <thead>\n      <tr>\n\t   <th> S\u00e9minaires<\/th>  <th>Responsables<\/th>  <th>Prochain <\/th><th>Prochain(s) intervenant(s)<\/th><th>Date<\/th>\n      <\/tr><\/thead>\n\t                                   \n            \n    \n\t<tr>\n\t<td><a href='\/gestion\/evenement\/affEvenement\/52'>S\u00e9minaire G\u00e9om\u00e9trie et Th\u00e9orie des Mod\u00e8les<\/a><\/td>\n\t<td>Raf Cluckers, Georges Comte, Antoine Ducros, Tamara Servi<\/td>\n                                                <td>TBA<\/td>\n    <td>    Kostantinos Kartas - ,\n        <\/td>\n    <td>17\/04\/2026 11:00 <\/td>\n                                                                                                              \n\t<\/tr>          \n     \t                                            \n            \n    \n\t<tr>\n\t<td><a href='\/gestion\/evenement\/affEvenement\/66'>S\u00e9minaire G\u00e9n\u00e9ral de Logique<\/a><\/td>\n\t<td>S. Anscombe, V. Bagayoko, D. Basak, H. Fournier<\/td>\n                                                                                                <td>Isomorphism of certain universal sofic groups<\/td>\n    <td>    Ben De Bondt - IMJ-PRG,\n        <\/td>\n    <td>13\/04\/2026 16:00 <\/td>\n                                                              \n\t<\/tr>          \n     \t       \n    \n\t<tr>\n\t<td><a href='\/gestion\/evenement\/affEvenement\/70'>S\u00e9minaire Structures alg\u00e9briques ordonn\u00e9es<\/a><\/td>\n\t<td>V. Bagayoko, F. Delon, M. Dickmann, D. Gondard<\/td>\n                                                                                                                                                          <td><\/td>\n    <td><\/td>\n    <td><\/td>\n  \n\t<\/tr>          \n     \t       \n    \n\t<tr>\n\t<td><a href='\/gestion\/evenement\/affEvenement\/71'>S\u00e9minaire Th\u00e9orie des mod\u00e8les et groupes<\/a><\/td>\n\t<td>T. Ibarlucia, F. Oger, F. Point<\/td>\n                                                                                                      <td>Preservation under reduced products in continuous logic.<\/td>\n    <td>    Ivory Fronteau - ,\n        <\/td>\n    <td>14\/04\/2026 10:30 <\/td>\n                                                        \n\t<\/tr>     <\/table>\n<\/div>\n\n   \n    <div class=\"well\">\n                 \n              \n              \n              \n         <\/table>\n<\/div>\n\n   \n    <div class=\"well\">\n                 \n              \n              \n              \n         <\/table>\n<\/div>\n\n   \n    <div class=\"well\">\n                 \n              \n              \n              \n         <\/table>\n<\/div>\n\n   \n    <div class=\"well\">\n                 \n              \n              \n              \n         <\/table>\n<\/div>\n\n  \n\n\n\n<p><\/p>\n\n\n\n<p><\/p>\n","protected":false},"excerpt":{"rendered":"<p>Page du s\u00e9minaire G\u00e9om\u00e9trie et Th\u00e9orie des Mod\u00e8les Historique<\/p>\n","protected":false},"author":1,"featured_media":0,"parent":0,"menu_order":0,"comment_status":"closed","ping_status":"closed","template":"","meta":{"footnotes":""},"class_list":["post-21","page","type-page","status-publish","hentry"],"_links":{"self":[{"href":"https:\/\/www.imj-prg.fr\/lm\/wp-json\/wp\/v2\/pages\/21","targetHints":{"allow":["GET"]}}],"collection":[{"href":"https:\/\/www.imj-prg.fr\/lm\/wp-json\/wp\/v2\/pages"}],"about":[{"href":"https:\/\/www.imj-prg.fr\/lm\/wp-json\/wp\/v2\/types\/page"}],"author":[{"embeddable":true,"href":"https:\/\/www.imj-prg.fr\/lm\/wp-json\/wp\/v2\/users\/1"}],"replies":[{"embeddable":true,"href":"https:\/\/www.imj-prg.fr\/lm\/wp-json\/wp\/v2\/comments?post=21"}],"version-history":[{"count":5,"href":"https:\/\/www.imj-prg.fr\/lm\/wp-json\/wp\/v2\/pages\/21\/revisions"}],"predecessor-version":[{"id":222,"href":"https:\/\/www.imj-prg.fr\/lm\/wp-json\/wp\/v2\/pages\/21\/revisions\/222"}],"wp:attachment":[{"href":"https:\/\/www.imj-prg.fr\/lm\/wp-json\/wp\/v2\/media?parent=21"}],"curies":[{"name":"wp","href":"https:\/\/api.w.org\/{rel}","templated":true}]}}