{"id":27,"date":"2020-12-18T11:02:01","date_gmt":"2020-12-18T10:02:01","guid":{"rendered":"http:\/\/dev.imj-prg.fr\/lm\/?page_id=27"},"modified":"2025-01-26T22:37:49","modified_gmt":"2025-01-26T21:37:49","slug":"anciens-membres","status":"publish","type":"page","link":"https:\/\/www.imj-prg.fr\/lm\/anciens-membres\/","title":{"rendered":"Anciens membres"},"content":{"rendered":"\n<ul class=\"wp-block-list\">\n<li><a href=\"https:\/\/www.imj-prg.fr\/lm\/deces-de-zoe-chatzidakis\/\" data-type=\"page\" data-id=\"203\"><strong>D\u00e9c\u00e8s de Zo\u00e9 Chatzidakis<\/strong><\/a><\/li>\n\n\n\n<li><strong><a href=\"\/lm\/deces-de-patrick-dehornoy\/\">D\u00e9c\u00e8s de Patrick Dehornoy<\/a><\/strong><\/li>\n\n\n\n<li><strong><a href=\"\/lm\/deces-de-francois-lucas\/\">D\u00e9c\u00e8s de Fran\u00e7ois Lucas<\/a><\/strong><\/li>\n\n\n\n<li><strong><a href=\"\/lm\/deces-de-daniel-lacombe\/\">D\u00e9c\u00e8s de Daniel Lacombe<\/a><\/strong><\/li>\n\n\n\n<li><a href=\"\/lm\/anciens-membres-2\/\"><strong>Anciens membres<\/strong><\/a><\/li>\n<\/ul>\n\n\n\n<p><\/p>\n","protected":false},"excerpt":{"rendered":"","protected":false},"author":1,"featured_media":0,"parent":0,"menu_order":0,"comment_status":"closed","ping_status":"closed","template":"","meta":{"footnotes":""},"class_list":["post-27","page","type-page","status-publish","hentry"],"_links":{"self":[{"href":"https:\/\/www.imj-prg.fr\/lm\/wp-json\/wp\/v2\/pages\/27","targetHints":{"allow":["GET"]}}],"collection":[{"href":"https:\/\/www.imj-prg.fr\/lm\/wp-json\/wp\/v2\/pages"}],"about":[{"href":"https:\/\/www.imj-prg.fr\/lm\/wp-json\/wp\/v2\/types\/page"}],"author":[{"embeddable":true,"href":"https:\/\/www.imj-prg.fr\/lm\/wp-json\/wp\/v2\/users\/1"}],"replies":[{"embeddable":true,"href":"https:\/\/www.imj-prg.fr\/lm\/wp-json\/wp\/v2\/comments?post=27"}],"version-history":[{"count":9,"href":"https:\/\/www.imj-prg.fr\/lm\/wp-json\/wp\/v2\/pages\/27\/revisions"}],"predecessor-version":[{"id":206,"href":"https:\/\/www.imj-prg.fr\/lm\/wp-json\/wp\/v2\/pages\/27\/revisions\/206"}],"wp:attachment":[{"href":"https:\/\/www.imj-prg.fr\/lm\/wp-json\/wp\/v2\/media?parent=27"}],"curies":[{"name":"wp","href":"https:\/\/api.w.org\/{rel}","templated":true}]}}