{"id":29,"date":"2020-12-18T11:03:33","date_gmt":"2020-12-18T10:03:33","guid":{"rendered":"http:\/\/dev.imj-prg.fr\/lm\/?page_id=29"},"modified":"2024-09-24T16:27:08","modified_gmt":"2024-09-24T14:27:08","slug":"liens-utiles","status":"publish","type":"page","link":"https:\/\/www.imj-prg.fr\/lm\/liens-utiles\/","title":{"rendered":"Liens utiles"},"content":{"rendered":"\n<h3 class=\"wp-block-heading\">Biblioth\u00e8que de l\u2019\u00e9quipe<\/h3>\n\n\n\n<p><a href=\"http:\/\/koha.logique.sg.lan\/\">http:\/\/koha.logique.sg.lan\/<\/a>&nbsp;: accessible \u00e0 partir de Sophie Germain ou en utilisant un proxy<\/p>\n\n\n\n<h3 class=\"wp-block-heading\">Les comptes rendus des conseils de l&rsquo;\u00e9quipe<\/h3>\n\n\n\n<p><a href=\"https:\/\/www.imj-prg.fr\/lm\/comptes-rendus\/\">https:\/\/www.imj-prg.fr\/lm\/comptes-rendus\/<\/a><\/p>\n\n\n\n<h3 class=\"wp-block-heading\">Liens utiles<\/h3>\n\n\n\n<p><a href=\"https:\/\/webmail.imj-prg.fr\">Webmail de l\u2019universit\u00e9 Paris Diderot<\/a><\/p>\n\n\n\n<p><a href=\"http:\/\/www.logique.jussieu.fr\/archive\">Archive de l\u2019ancien site de l\u2019\u00e9quipe de logique<\/a><\/p>\n\n\n\n<p><a href=\"http:\/\/www.math.univ-paris-diderot.fr\/\">UFR de math\u00e9matiques de l\u2019universit\u00e9 Paris Diderot<\/a><\/p>\n\n\n\n<p><a href=\"http:\/\/www.sciencesmaths-paris.fr\/\">Fondation Sciences Math\u00e9matiques de Paris<\/a><\/p>\n\n\n\n<p><a href=\"https:\/\/ed386.sorbonne-universite.fr\/fr\/index.html\">\u00c9cole Doctorale Sciences Math\u00e9matiques de Paris Centre<\/a><\/p>\n\n\n\n<p><a href=\"http:\/\/www.math-info-paris.cnrs.fr\/bibli\/\">Biblioth\u00e8ques MIR &#8211; Paris Math\u00e9matiques Informatique Recherche<\/a><\/p>\n\n\n\n<p><a href=\"http:\/\/postes.smai.emath.fr\">Op\u00e9ration Postes<\/a><\/p>\n\n\n\n<p>Serveur MODNET de Th\u00e9orie des Mod\u00e8les&nbsp;:<br><a href=\"http:\/\/modnet.imj-prg.fr\/Publications\/Preprint%20server\/\">Preprints<\/a><br><a href=\"http:\/\/modnet.imj-prg.fr\/Meetings%20and%20events\/\">Colloques<\/a><br><a href=\"http:\/\/www.logique.jussieu.fr\/modnet9\/Job%20openings\/\">Offres d\u2019<\/a><a href=\"http:\/\/modnet.imj-prg.fr\/Job%20openings\/\">emploi<\/a><\/p>\n\n\n\n<h3 class=\"wp-block-heading\"><a href=\"https:\/\/www.imj-prg.fr\/liens-et-documents-utiles\/\">Liens et documents utiles (proc\u00e9dures mission) sur le site de l&rsquo;IMJ-PRG<\/a><\/h3>\n\n\n\n<p><\/p>\n","protected":false},"excerpt":{"rendered":"<p>Biblioth\u00e8que de l\u2019\u00e9quipe http:\/\/koha.logique.sg.lan\/&nbsp;: accessible \u00e0 partir de Sophie Germain ou en utilisant un proxy Les comptes rendus des conseils de l&rsquo;\u00e9quipe https:\/\/www.imj-prg.fr\/lm\/comptes-rendus\/ Liens utiles Webmail de l\u2019universit\u00e9 Paris Diderot Archive de l\u2019ancien site de l\u2019\u00e9quipe de logique UFR de math\u00e9matiques de l\u2019universit\u00e9 Paris Diderot Fondation Sciences Math\u00e9matiques de Paris \u00c9cole Doctorale Sciences Math\u00e9matiques de [&hellip;]<\/p>\n","protected":false},"author":1,"featured_media":0,"parent":0,"menu_order":0,"comment_status":"closed","ping_status":"closed","template":"","meta":{"footnotes":""},"class_list":["post-29","page","type-page","status-publish","hentry"],"_links":{"self":[{"href":"https:\/\/www.imj-prg.fr\/lm\/wp-json\/wp\/v2\/pages\/29","targetHints":{"allow":["GET"]}}],"collection":[{"href":"https:\/\/www.imj-prg.fr\/lm\/wp-json\/wp\/v2\/pages"}],"about":[{"href":"https:\/\/www.imj-prg.fr\/lm\/wp-json\/wp\/v2\/types\/page"}],"author":[{"embeddable":true,"href":"https:\/\/www.imj-prg.fr\/lm\/wp-json\/wp\/v2\/users\/1"}],"replies":[{"embeddable":true,"href":"https:\/\/www.imj-prg.fr\/lm\/wp-json\/wp\/v2\/comments?post=29"}],"version-history":[{"count":4,"href":"https:\/\/www.imj-prg.fr\/lm\/wp-json\/wp\/v2\/pages\/29\/revisions"}],"predecessor-version":[{"id":170,"href":"https:\/\/www.imj-prg.fr\/lm\/wp-json\/wp\/v2\/pages\/29\/revisions\/170"}],"wp:attachment":[{"href":"https:\/\/www.imj-prg.fr\/lm\/wp-json\/wp\/v2\/media?parent=29"}],"curies":[{"name":"wp","href":"https:\/\/api.w.org\/{rel}","templated":true}]}}