{"id":39,"date":"2020-12-18T11:06:35","date_gmt":"2020-12-18T10:06:35","guid":{"rendered":"http:\/\/dev.imj-prg.fr\/lm\/?page_id=39"},"modified":"2020-12-18T11:06:35","modified_gmt":"2020-12-18T10:06:35","slug":"deces-de-patrick-dehornoy","status":"publish","type":"page","link":"https:\/\/www.imj-prg.fr\/lm\/deces-de-patrick-dehornoy\/","title":{"rendered":"D\u00e9c\u00e8s de Patrick Dehornoy"},"content":{"rendered":"\n<hr class=\"wp-block-separator\" id=\"ligne-header\"\/>\n\n\n\n<p>C\u2019est avec une grande tristesse que nous avons appris le d\u00e9c\u00e8s le 4 septembre 2019 de Patrick Dehornoy. Il fut chercheur au CNRS dans notre \u00e9quipe de 1975 \u00e0 1982 puis professeur \u00e0 l\u2019universit\u00e9 de Caen. Ses premiers travaux concernent la th\u00e9orie des ensembles. Il se consacra ensuite<br>\u00e0 la th\u00e9orie des tresses en appliquant des propri\u00e9t\u00e9s de grands cardinaux. Il fut par ailleurs l\u2019un des contributeurs principaux au d\u00e9veloppement des m\u00e9thodes de Garside en th\u00e9orie des groupes. Ses r\u00e9sultats furent r\u00e9compens\u00e9s par plusieurs prix (Prix Ferran Balaguer, Prix Langevin, EMS Monograph Award).<br>De 2009 \u00e0 2013, il fut directeur adjoint scientifique de l\u2019INSMI (Institut national des math\u00e9matiques et de leurs interactions) au CNRS.<br>Il a marqu\u00e9 profond\u00e9ment certains membres de l\u2019\u00e9quipe et du \u00ab\u00a0paradis des math\u00e9maticiens\u00a0\u00bb nous accompagnera longtemps.<\/p>\n\n\n\n<p>Une s\u00e9lection de livres et vid\u00e9os&nbsp;:<\/p>\n\n\n\n<p><img loading=\"lazy\" decoding=\"async\" src=\"https:\/\/www.imj-prg.fr\/lm\/squelettes-dist\/puce.gif\" alt=\"-\" width=\"8\" height=\"11\">&nbsp;\u00ab\u00a0Braids and Self Distributivity\u00a0\u00bb (2000)<br><img loading=\"lazy\" decoding=\"async\" src=\"https:\/\/www.imj-prg.fr\/lm\/squelettes-dist\/puce.gif\" alt=\"-\" width=\"8\" height=\"11\">&nbsp;\u00ab\u00a0Ordering braids\u00a0\u00bb avec Ivan Dynnikov, Dale Rolfsen, Bert Wiest, (2008)<br><img loading=\"lazy\" decoding=\"async\" src=\"https:\/\/www.imj-prg.fr\/lm\/squelettes-dist\/puce.gif\" alt=\"-\" width=\"8\" height=\"11\">&nbsp;\u00ab\u00a0Foundations of Garside theory\u00a0\u00bb avec Fran\u00e7ois Digne, Eddy Godelle, Daan Krammer, Jean Michel, \u00ab\u00a0Foundations of Garside theory\u00a0\u00bb (2015)<br><img loading=\"lazy\" decoding=\"async\" src=\"https:\/\/www.imj-prg.fr\/lm\/squelettes-dist\/puce.gif\" alt=\"-\" width=\"8\" height=\"11\">&nbsp;\u00ab\u00a0La th\u00e9orie des ensembles. Introduction \u00e0 une th\u00e9orie de l\u2019infini et des grands cardinaux\u00a0\u00bb (2017)<br><img loading=\"lazy\" decoding=\"async\" src=\"https:\/\/www.imj-prg.fr\/lm\/squelettes-dist\/puce.gif\" alt=\"-\" width=\"8\" height=\"11\">&nbsp;\u00ab\u00a0Le calcul des tresses\u00a0\u00bb (2019)<\/p>\n\n\n\n<p><img loading=\"lazy\" decoding=\"async\" src=\"https:\/\/www.imj-prg.fr\/lm\/squelettes-dist\/puce.gif\" alt=\"-\" width=\"8\" height=\"11\">&nbsp;\u00ab\u00a0Le paradis des Math\u00e9maticiens\u00a0\u00bb&nbsp;: <a href=\"https:\/\/vimeo.com\/205778279\">https:\/\/vimeo.com\/205778279<\/a><\/p>\n","protected":false},"excerpt":{"rendered":"<p>C\u2019est avec une grande tristesse que nous avons appris le d\u00e9c\u00e8s le 4 septembre 2019 de Patrick Dehornoy. Il fut chercheur au CNRS dans notre \u00e9quipe de 1975 \u00e0 1982 puis professeur \u00e0 l\u2019universit\u00e9 de Caen. Ses premiers travaux concernent la th\u00e9orie des ensembles. Il se consacra ensuite\u00e0 la th\u00e9orie des tresses en appliquant des [&hellip;]<\/p>\n","protected":false},"author":1,"featured_media":0,"parent":0,"menu_order":0,"comment_status":"closed","ping_status":"closed","template":"","meta":{"footnotes":""},"class_list":["post-39","page","type-page","status-publish","hentry"],"_links":{"self":[{"href":"https:\/\/www.imj-prg.fr\/lm\/wp-json\/wp\/v2\/pages\/39","targetHints":{"allow":["GET"]}}],"collection":[{"href":"https:\/\/www.imj-prg.fr\/lm\/wp-json\/wp\/v2\/pages"}],"about":[{"href":"https:\/\/www.imj-prg.fr\/lm\/wp-json\/wp\/v2\/types\/page"}],"author":[{"embeddable":true,"href":"https:\/\/www.imj-prg.fr\/lm\/wp-json\/wp\/v2\/users\/1"}],"replies":[{"embeddable":true,"href":"https:\/\/www.imj-prg.fr\/lm\/wp-json\/wp\/v2\/comments?post=39"}],"version-history":[{"count":1,"href":"https:\/\/www.imj-prg.fr\/lm\/wp-json\/wp\/v2\/pages\/39\/revisions"}],"predecessor-version":[{"id":40,"href":"https:\/\/www.imj-prg.fr\/lm\/wp-json\/wp\/v2\/pages\/39\/revisions\/40"}],"wp:attachment":[{"href":"https:\/\/www.imj-prg.fr\/lm\/wp-json\/wp\/v2\/media?parent=39"}],"curies":[{"name":"wp","href":"https:\/\/api.w.org\/{rel}","templated":true}]}}