{"id":4,"date":"2020-12-15T14:41:31","date_gmt":"2020-12-15T13:41:31","guid":{"rendered":"http:\/\/dev.imj-prg.fr\/lm\/?page_id=4"},"modified":"2026-04-12T21:10:19","modified_gmt":"2026-04-12T19:10:19","slug":"accueil","status":"publish","type":"page","link":"https:\/\/www.imj-prg.fr\/lm\/","title":{"rendered":"Accueil"},"content":{"rendered":"\n<div class=\"wp-block-columns is-layout-flex wp-container-core-columns-is-layout-9d6595d7 wp-block-columns-is-layout-flex\">\n<div class=\"wp-block-column is-layout-flow wp-block-column-is-layout-flow\">\n<figure class=\"wp-block-image size-large is-resized\"><img decoding=\"async\" src=\"\/lm\/wp-content\/uploads\/sites\/11\/2020\/12\/accueil.png\" alt=\"\" style=\"width:312px;height:346px\" \/><\/figure>\n<\/div>\n\n\n\n<div class=\"wp-block-column is-layout-flow wp-block-column-is-layout-flow\">\n<h3 class=\"wp-block-heading\">Equipe Logique Math\u00e9matique<\/h3>\n\n\n\n<p><strong>Responsable d\u2019\u00e9quipe&nbsp;:<\/strong> Tamara Servi<br><strong>Responsable adjoint : <\/strong>Arnaud Durand<\/p>\n\n\n\n<p><strong>Tr\u00e9sorier : <\/strong>Herv\u00e9 Fournier<br><strong>Gestionnaire&nbsp;:<\/strong> Myl\u00e8ne Merciris<\/p>\n\n\n\n<p>Localisation de l\u2019\u00e9quipe&nbsp;: b\u00e2timent Sophie Germain, 6e \u00e9tage<br><a href=\"\/acces\/\">Adresse et acc\u00e8s<\/a><\/p>\n<\/div>\n\n\n\n<div class=\"wp-block-column is-layout-flow wp-block-column-is-layout-flow\">\n<h3 class=\"wp-block-heading\">Actualit\u00e9s<\/h3>\n\n\n\n<p>Cr\u00e9ation du <a href=\"https:\/\/sciencesmaths-paris.fr\/d-autres-programmes-et-projets\/prix-de-these-zoe-chatzidakis\">prix de th\u00e8se Zo\u00e9 Chatzidakis<\/a><\/p>\n\n\n\n<p>Visite de Nutan Limaye (IT university of Copenhagen) et Srikanth Srinivasan (University of Copenhagen) du 25 mars au 17 avril 2026<\/p>\n\n\n\n<p>Visite de Mira Tartarotti (Oxford) du 9 au 22 avril<\/p>\n\n\n\n<p><\/p>\n\n\n\n<p><\/p>\n\n\n\n<p><\/p>\n\n\n\n<p><\/p>\n\n\n\n<p><\/p>\n\n\n\n<p><\/p>\n\n\n\n<p><\/p>\n\n\n\n<p><\/p>\n<\/div>\n<\/div>\n\n\n\n   <script type=\"text\/javascript\" src=\"https:\/\/www.imj-prg.fr\/js\/jquery.tablesorter.min.js\"><\/script>\n\n  \n    <div class=\"well\">\n                 \n     \t                                        \n\t\t<h2><a href ='\/gestion\/evenement\/1'>S\u00e9minaires\n     2025-2026    <\/a><\/h2>\n    <table class=\"table table-striped\">\n\n  <script type=\"text\/javascript\" id=\"js\">$(document).ready(function() {\n\n   $(\"table\").tablesorter({\n     sortList: [[0,0]]\n   });\n   });\n  }); <\/script>\n  <\/table>\n     <table  class=\"tabsem tablesorter table\"> <thead>\n      <tr>\n\t   <th> S\u00e9minaires<\/th>  <th>Responsables<\/th>  <th>Prochain <\/th><th>Prochain(s) intervenant(s)<\/th><th>Date<\/th>\n      <\/tr><\/thead>\n\t                                   \n            \n    \n\t<tr>\n\t<td><a href='\/gestion\/evenement\/affEvenement\/52'>S\u00e9minaire G\u00e9om\u00e9trie et Th\u00e9orie des Mod\u00e8les<\/a><\/td>\n\t<td>Raf Cluckers, Georges Comte, Antoine Ducros, Tamara Servi<\/td>\n                                                <td>The leading constant in Malle&#039;s conjecture over function fields<\/td>\n    <td>    Tim Santens - ,\n        <\/td>\n    <td>29\/05\/2026 16:00 <\/td>\n                                                                    \n\t<\/tr>          \n     \t                                            \n            \n    \n\t<tr>\n\t<td><a href='\/gestion\/evenement\/affEvenement\/66'>S\u00e9minaire G\u00e9n\u00e9ral de Logique<\/a><\/td>\n\t<td>S. Anscombe, V. Bagayoko, D. Basak, H. Fournier<\/td>\n                                                                                                                <td><\/td>\n    <td><\/td>\n    <td><\/td>\n  \n\t<\/tr>          \n     \t       \n    \n\t<tr>\n\t<td><a href='\/gestion\/evenement\/affEvenement\/70'>S\u00e9minaire Structures alg\u00e9briques ordonn\u00e9es<\/a><\/td>\n\t<td>V. Bagayoko, F. Delon, M. Dickmann, D. Gondard<\/td>\n                                                                                    <td>Linear theories of global fields with absolute values<\/td>\n    <td>    Arno Fehm - TU Dresden,\n        <\/td>\n    <td>19\/05\/2026 10:30 <\/td>\n                                \n\t<\/tr>          \n     \t       \n    \n\t<tr>\n\t<td><a href='\/gestion\/evenement\/affEvenement\/71'>S\u00e9minaire Th\u00e9orie des mod\u00e8les et groupes<\/a><\/td>\n\t<td>T. Ibarlucia, F. Oger, F. Point<\/td>\n                                                                                                                <td><\/td>\n    <td><\/td>\n    <td><\/td>\n  \n\t<\/tr>     <\/table>\n<\/div>\n\n   \n    <div class=\"well\">\n                 \n              \n              \n              \n         <\/table>\n<\/div>\n\n   \n    <div class=\"well\">\n                 \n              \n              \n              \n         <\/table>\n<\/div>\n\n   \n    <div class=\"well\">\n                 \n              \n              \n              \n         <\/table>\n<\/div>\n\n   \n    <div class=\"well\">\n                 \n              \n              \n              \n         <\/table>\n<\/div>\n\n  \n","protected":false},"excerpt":{"rendered":"<p>Equipe Logique Math\u00e9matique Responsable d\u2019\u00e9quipe&nbsp;: Tamara ServiResponsable adjoint : Arnaud Durand Tr\u00e9sorier : Herv\u00e9 FournierGestionnaire&nbsp;: Myl\u00e8ne Merciris Localisation de l\u2019\u00e9quipe&nbsp;: b\u00e2timent Sophie Germain, 6e \u00e9tageAdresse et acc\u00e8s Actualit\u00e9s Cr\u00e9ation du prix de th\u00e8se Zo\u00e9 Chatzidakis Visite de Nutan Limaye (IT university of Copenhagen) et Srikanth Srinivasan (University of Copenhagen) du 25 mars au 17 avril [&hellip;]<\/p>\n","protected":false},"author":1,"featured_media":0,"parent":0,"menu_order":0,"comment_status":"closed","ping_status":"closed","template":"","meta":{"footnotes":""},"class_list":["post-4","page","type-page","status-publish","hentry"],"_links":{"self":[{"href":"https:\/\/www.imj-prg.fr\/lm\/wp-json\/wp\/v2\/pages\/4","targetHints":{"allow":["GET"]}}],"collection":[{"href":"https:\/\/www.imj-prg.fr\/lm\/wp-json\/wp\/v2\/pages"}],"about":[{"href":"https:\/\/www.imj-prg.fr\/lm\/wp-json\/wp\/v2\/types\/page"}],"author":[{"embeddable":true,"href":"https:\/\/www.imj-prg.fr\/lm\/wp-json\/wp\/v2\/users\/1"}],"replies":[{"embeddable":true,"href":"https:\/\/www.imj-prg.fr\/lm\/wp-json\/wp\/v2\/comments?post=4"}],"version-history":[{"count":59,"href":"https:\/\/www.imj-prg.fr\/lm\/wp-json\/wp\/v2\/pages\/4\/revisions"}],"predecessor-version":[{"id":248,"href":"https:\/\/www.imj-prg.fr\/lm\/wp-json\/wp\/v2\/pages\/4\/revisions\/248"}],"wp:attachment":[{"href":"https:\/\/www.imj-prg.fr\/lm\/wp-json\/wp\/v2\/media?parent=4"}],"curies":[{"name":"wp","href":"https:\/\/api.w.org\/{rel}","templated":true}]}}