{"id":42,"date":"2020-12-18T11:12:16","date_gmt":"2020-12-18T10:12:16","guid":{"rendered":"http:\/\/dev.imj-prg.fr\/lm\/?page_id=42"},"modified":"2025-01-25T22:28:06","modified_gmt":"2025-01-25T21:28:06","slug":"deces-de-daniel-lacombe","status":"publish","type":"page","link":"https:\/\/www.imj-prg.fr\/lm\/deces-de-daniel-lacombe\/","title":{"rendered":"D\u00e9c\u00e8s de Daniel Lacombe"},"content":{"rendered":"\n\n\n<p>L\u2019\u00e9quipe de logique math\u00e9matique salue avec \u00e9motion la m\u00e9moire de Daniel Lacombe, d\u00e9c\u00e9d\u00e9 le 2 f\u00e9vrier 2016.<br>La renaissance de la logique en France dans les ann\u00e9es 1960, une trentaine d\u2019ann\u00e9es apr\u00e8s la disparition de Jacques Herbrand, doit \u00e9norm\u00e9ment \u00e0 Lacombe. Il a entra\u00een\u00e9 dans son sillage tous ceux qui allaient contribuer \u00e0 cette renaissance et d\u00e9velopper \u00e0 Paris un des p\u00f4les les plus importants de la logique math\u00e9matique mondiale.<br>C\u2019est Lacombe qui a introduit pour la premi\u00e8re fois la logique dans les enseignements g\u00e9n\u00e9ralistes de math\u00e9matiques post-baccalaur\u00e9at. Il a fait de Paris 7 une universit\u00e9 pionni\u00e8re en la mati\u00e8re, attirant un large public d\u2019\u00e9tudiants.<br>Il incarnait parfaitement un des principes fondateurs de notre universit\u00e9&nbsp;: la pluridisciplinarit\u00e9. F\u00e9ru de philosophie et de linguistique, comme en t\u00e9moignaient ses cours, il a aussi favoris\u00e9 l\u2019\u00e9mergence de la didactique des disciplines et sa reconnaissance institutionnelle.<br>La priorit\u00e9 qu\u2019il donnait \u00e0 l\u2019\u00e9tude du langage math\u00e9matique, et la grande attention qu\u2019il portait \u00e0 la formation des enseignants (les deux choses allant de pair pour lui), l\u2019ont conduit \u00e0 s\u2019\u00e9loigner de la recherche en logique apr\u00e8s d\u2019importants travaux en th\u00e9orie de la calculabilit\u00e9.<br>S\u2019il n\u2019a pas \u00e9t\u00e9 formellement un membre de notre \u00e9quipe, il en est toujours rest\u00e9 tr\u00e8s proche, et il peut certainement \u00eatre consid\u00e9r\u00e9 comme un de ses p\u00e8res fondateurs.<\/p>\n\n\n\n<h2 class=\"wp-block-heading\">Hommage \u00e0 Daniel Lacombe<\/h2>\n\n\n\n<p>Mardi 21 mars 2017 \u2013 10h30-19h00<br>Universit\u00e9 Paris Diderot<br>B\u00e2timent Sophie Germain \u2013 Amphi Turing<br>8 place Aur\u00e9lie Nemours, Paris 13e<\/p>\n\n\n\n<p>Professeur \u00e0 l\u2019universit\u00e9 Paris 7, il a \u00e9t\u00e9 l\u2019initiateur de ce qui allait devenir l\u2019\u00e9quipe de logique, et a fait de notre universit\u00e9 une pionni\u00e8re pour l\u2019enseignement et la recherche en logique math\u00e9matique. Parall\u00e8lement, il a fortement contribu\u00e9 au d\u00e9veloppement de la didactique des math\u00e9matiques et a entretenu des liens \u00e9troits avec linguistes, philosophes et \u00e9pist\u00e9mologues.<br>Nous voulons lui rendre hommage pour ces multiples activit\u00e9s. Nous \u00e9voquerons en particulier sa participation \u00e0 un film r\u00e9alis\u00e9 par une autre personnalit\u00e9 marquante de l\u2019universit\u00e9&nbsp;: Bernard Cuau. La fille de ce dernier, l\u2019actrice Marianne Denicourt, nous fait l\u2019amiti\u00e9 de participer \u00e0 cette journ\u00e9e.<\/p>\n\n\n\n<p><strong>Programme<\/strong><\/p>\n\n\n\n<p>10h30 Accueil des participants<\/p>\n\n\n\n<p>10h45 Serge Grigorieff (IRIF, universit\u00e9 Paris Diderot)<br><em>Daniel Lacombe et l\u2019analyse r\u00e9cursive&nbsp;: ses contributions et l\u2019\u00e9tat de l\u2019art aujourd\u2019hui<\/em><\/p>\n\n\n\n<p>12h00 Zo\u00e9 Mesnil (LDAR, universit\u00e9 Paris-Est Cr\u00e9teil)<br><em>La logique math\u00e9matique comme outil pour une analyse \u00ab&nbsp;na\u00efve&nbsp;\u00bb du langage des math\u00e9maticiens<\/em><\/p>\n\n\n\n<p>13h15 Pause d\u00e9jeuner<\/p>\n\n\n\n<p>14h30 Pierre Cartier (IHES)<br><em>Quelques souvenirs personnels de Daniel Lacombe<\/em><\/p>\n\n\n\n<p>15h45 Projection du film \u00ab&nbsp;Parole d\u2019homme&nbsp;\u00bb (1980), de Bernard Cuau, professeur \u00e0 Paris 7.<br><em>Consacr\u00e9 \u00e0 \u00ab&nbsp;l\u2019affaire des diamants de Bokassa&nbsp;\u00bb, ce film a b\u00e9n\u00e9fici\u00e9 d\u2019un casting prestigieux, avec Val\u00e9ry Giscard d\u2019Estaing et Daniel Lacombe&nbsp;!<\/em><\/p>\n\n\n\n<p>16h45 T\u00e9moignages sur Daniel Lacombe et Bernard Cuau<br><em>Avec, entre autres, Josette Adda, Jean-Louis Berdot, Fran\u00e7ois Chouquet, Ren\u00e9 Cori, Max Dickmann, Jean-Louis Krivine.<\/em><\/p>\n\n\n\n<p>18h00 Pot amical<\/p>\n","protected":false},"excerpt":{"rendered":"<p>L\u2019\u00e9quipe de logique math\u00e9matique salue avec \u00e9motion la m\u00e9moire de Daniel Lacombe, d\u00e9c\u00e9d\u00e9 le 2 f\u00e9vrier 2016.La renaissance de la logique en France dans les ann\u00e9es 1960, une trentaine d\u2019ann\u00e9es apr\u00e8s la disparition de Jacques Herbrand, doit \u00e9norm\u00e9ment \u00e0 Lacombe. Il a entra\u00een\u00e9 dans son sillage tous ceux qui allaient contribuer \u00e0 cette renaissance et [&hellip;]<\/p>\n","protected":false},"author":1,"featured_media":0,"parent":0,"menu_order":0,"comment_status":"closed","ping_status":"closed","template":"","meta":{"footnotes":""},"class_list":["post-42","page","type-page","status-publish","hentry"],"_links":{"self":[{"href":"https:\/\/www.imj-prg.fr\/lm\/wp-json\/wp\/v2\/pages\/42","targetHints":{"allow":["GET"]}}],"collection":[{"href":"https:\/\/www.imj-prg.fr\/lm\/wp-json\/wp\/v2\/pages"}],"about":[{"href":"https:\/\/www.imj-prg.fr\/lm\/wp-json\/wp\/v2\/types\/page"}],"author":[{"embeddable":true,"href":"https:\/\/www.imj-prg.fr\/lm\/wp-json\/wp\/v2\/users\/1"}],"replies":[{"embeddable":true,"href":"https:\/\/www.imj-prg.fr\/lm\/wp-json\/wp\/v2\/comments?post=42"}],"version-history":[{"count":7,"href":"https:\/\/www.imj-prg.fr\/lm\/wp-json\/wp\/v2\/pages\/42\/revisions"}],"predecessor-version":[{"id":201,"href":"https:\/\/www.imj-prg.fr\/lm\/wp-json\/wp\/v2\/pages\/42\/revisions\/201"}],"wp:attachment":[{"href":"https:\/\/www.imj-prg.fr\/lm\/wp-json\/wp\/v2\/media?parent=42"}],"curies":[{"name":"wp","href":"https:\/\/api.w.org\/{rel}","templated":true}]}}