{"id":47,"date":"2020-12-18T11:14:32","date_gmt":"2020-12-18T10:14:32","guid":{"rendered":"http:\/\/dev.imj-prg.fr\/lm\/?page_id=47"},"modified":"2020-12-18T11:14:32","modified_gmt":"2020-12-18T10:14:32","slug":"deces-de-francois-lucas","status":"publish","type":"page","link":"https:\/\/www.imj-prg.fr\/lm\/deces-de-francois-lucas\/","title":{"rendered":"D\u00e9c\u00e8s de Fran\u00e7ois Lucas"},"content":{"rendered":"\n<p>Fran\u00e7ois Lucas est mort le 25 avril 2016, apr\u00e8s des ann\u00e9es d\u2019un combat courageux et intense contre la maladie. Il avait \u00e9t\u00e9 l\u2019un des tout premiers membres du groupe de logique parisien, dans les ann\u00e9es 70. Il aura \u00e9t\u00e9 jusqu\u2019\u00e0 la fin un auditeur et un intervenant assidu du S\u00e9minaire sur les Structures Alg\u00e9briques Ordonn\u00e9s. Tout en continuant d\u2019apporter des contributions r\u00e9guli\u00e8res \u00e0 la th\u00e9orie des mod\u00e8les des structures ordonn\u00e9es, il avait d\u00e9velopp\u00e9 d\u2019autres th\u00e8mes de recherche importants. Il faut en particulier signaler sa collaboration avec James Madden, Daniel Schaub et Mark Spivakovski sur la conjecture de Pierce-Birkhoff. Un <a href=\"http:\/\/afst.cedram.org\/afst-bin\/feuilleter?id=AFST_2012_6_21_2\"><u>volume en son honneur<\/u><\/a> a \u00e9t\u00e9 publi\u00e9 aux Annales de la Facult\u00e9 des Sciences de Toulouse en 2012, dont l\u2019introduction donne un compte-rendu plus d\u00e9taill\u00e9 de ses travaux. Tr\u00e8s dynamique et chaleureux, Fran\u00e7ois a \u00e9t\u00e9 co-organisateur de nombreuses rencontres scientifiques au CIRM et \u00e0 Angers. C\u2019\u00e9tait un militant syndical engag\u00e9 qui a repr\u00e9sent\u00e9 les math\u00e9maticiens au CNU. Il \u00e9tait plus g\u00e9n\u00e9ralement un citoyen du monde, tr\u00e8s actif dans le milieu associatif. Sa curiosit\u00e9 intellectuelle et sa passion pour les arts \u00e9taient immenses. Il pratiquait lui-m\u00eame la gravure, il avait cr\u00e9\u00e9 et animait une association permettant d\u2019exercer cet art.<\/p>\n\n\n\n<p>BIBLIOGRAPHIE SCIENTIFIQUE DE FRAN\u00c7OIS LUCAS<br>(les liens n\u00e9cessitent une authentification AMS ou un acc\u00e8s depuis une institution abonn\u00e9e)<\/p>\n\n\n\n<p><strong>Lucas, F., Schaub, D., Spivakovsky, M.&nbsp;, <\/strong>On the Pierce-Birkhoff conjecture. <em><a href=\"http:\/\/www.ams.org\/mathscinet\/search\/journaldoc.html?cn=J_Algebra\" target=\"_blank\" rel=\"noreferrer noopener\">J. Algebra<\/a><\/em> <a href=\"http:\/\/www.ams.org\/mathscinet\/search\/publications.html?pg1=ISSI&amp;s1=331928\" target=\"_blank\" rel=\"noreferrer noopener\">435 <\/a><a href=\"http:\/\/www.ams.org\/mathscinet\/search\/publications.html?pg1=ISSI&amp;s1=331928\" target=\"_blank\" rel=\"noreferrer noopener\">(2015), <\/a>124\u2013158.<\/p>\n\n\n\n<p><strong>Lucas, F., Madden, J., Schaub, D., Spivakovsky, M.&nbsp;,&nbsp;<\/strong>Approximate roots of a valuation and the Pierce-Birkhoff conjecture. <em><a href=\"http:\/\/www.ams.org\/mathscinet\/search\/journaldoc.html?cn=Ann_Fac_Sci_Toulouse_Math_6\" target=\"_blank\" rel=\"noreferrer noopener\">Ann. Fac. Sci. Toulouse Math. (6)<\/a><\/em> <a href=\"http:\/\/www.ams.org\/mathscinet\/search\/publications.html?pg1=ISSI&amp;s1=304864\" target=\"_blank\" rel=\"noreferrer noopener\">21 <\/a><a href=\"http:\/\/www.ams.org\/mathscinet\/search\/publications.html?pg1=ISSI&amp;s1=304864\" target=\"_blank\" rel=\"noreferrer noopener\">(2012), <\/a><a href=\"http:\/\/www.ams.org\/mathscinet\/search\/publications.html?pg1=ISSI&amp;s1=304864\" target=\"_blank\" rel=\"noreferrer noopener\">no. 2,<\/a> 259\u2013342.<\/p>\n\n\n\n<p><strong>Lucas, F., Madden, J., Schaub, D., Spivakovsky, M., <\/strong>Introduction to the Pierce-Birkhoff conjecture and the real spectrum. (Spanish) <em><a href=\"http:\/\/www.ams.org\/mathscinet\/search\/journaldoc.html?cn=Rev_Semin_Iberoam_Mat\" target=\"_blank\" rel=\"noreferrer noopener\"><u>Rev. Semin. Iberoam. Mat.<\/u><\/a><\/em> <a href=\"http:\/\/www.ams.org\/mathscinet\/search\/publications.html?pg1=ISSI&amp;s1=331021\" target=\"_blank\" rel=\"noreferrer noopener\">4 <\/a><a href=\"http:\/\/www.ams.org\/mathscinet\/search\/publications.html?pg1=ISSI&amp;s1=331021\" target=\"_blank\" rel=\"noreferrer noopener\">(2010), <\/a><a href=\"http:\/\/www.ams.org\/mathscinet\/search\/publications.html?pg1=ISSI&amp;s1=331021\" target=\"_blank\" rel=\"noreferrer noopener\">no. 1,<\/a> 13\u201336.<\/p>\n\n\n\n<p><strong>Lucas, F., Madden, J., Schaub, D., Spivakovsky, M.&nbsp;,<\/strong> On connectedness of sets in the real spectra of polynomial rings. <em><a href=\"http:\/\/www.ams.org\/mathscinet\/search\/journaldoc.html?cn=Manuscripta_Math\" target=\"_blank\" rel=\"noreferrer noopener\">Manuscripta Math.<\/a><\/em> <a href=\"http:\/\/www.ams.org\/mathscinet\/search\/publications.html?pg1=ISSI&amp;s1=271616\" target=\"_blank\" rel=\"noreferrer noopener\">128 <\/a><a href=\"http:\/\/www.ams.org\/mathscinet\/search\/publications.html?pg1=ISSI&amp;s1=271616\" target=\"_blank\" rel=\"noreferrer noopener\">(2009), <\/a><a href=\"http:\/\/www.ams.org\/mathscinet\/search\/publications.html?pg1=ISSI&amp;s1=271616\" target=\"_blank\" rel=\"noreferrer noopener\">no. 4,<\/a> 505\u2013547.<\/p>\n\n\n\n<p><strong>Lucas, F., Schaub, D., Spivakovsky, M.&nbsp;,<\/strong> On points at infinity of real spectra of polynomial rings. Special volume in honor of Melvin Hochster. <em><a href=\"http:\/\/www.ams.org\/mathscinet\/search\/journaldoc.html?cn=Michigan_Math_J\" target=\"_blank\" rel=\"noreferrer noopener\">Michigan Math. J.<\/a><\/em> <a href=\"http:\/\/www.ams.org\/mathscinet\/search\/publications.html?pg1=ISSI&amp;s1=270546\" target=\"_blank\" rel=\"noreferrer noopener\">57 <\/a><a href=\"http:\/\/www.ams.org\/mathscinet\/search\/publications.html?pg1=ISSI&amp;s1=270546\" target=\"_blank\" rel=\"noreferrer noopener\">(2008), <\/a>587\u2013599.<\/p>\n\n\n\n<p><strong>Lucas, F.,<\/strong> Lattices of antichains of a root system. General algebra and ordered sets. <em><a href=\"http:\/\/www.ams.org\/mathscinet\/search\/journaldoc.html?cn=Tatra_Mt_Math_Publ\" target=\"_blank\" rel=\"noreferrer noopener\">Tatra Mt. Math. Publ.<\/a><\/em> <a href=\"http:\/\/www.ams.org\/mathscinet\/search\/publications.html?pg1=ISSI&amp;s1=213372\" target=\"_blank\" rel=\"noreferrer noopener\">27 <\/a><a href=\"http:\/\/www.ams.org\/mathscinet\/search\/publications.html?pg1=ISSI&amp;s1=213372\" target=\"_blank\" rel=\"noreferrer noopener\">(2003), <\/a>177\u2013187.<\/p>\n\n\n\n<p><strong>Lucas, F.,<\/strong> First-order theories of subgroups of divisible Hahn products. <em><a href=\"http:\/\/www.ams.org\/mathscinet\/search\/journaldoc.html?cn=Ann_Pure_Appl_Logic\" target=\"_blank\" rel=\"noreferrer noopener\">Ann. Pure Appl. Logic<\/a><\/em> <a href=\"http:\/\/www.ams.org\/mathscinet\/search\/publications.html?pg1=ISSI&amp;s1=210930\" target=\"_blank\" rel=\"noreferrer noopener\">121 <\/a><a href=\"http:\/\/www.ams.org\/mathscinet\/search\/publications.html?pg1=ISSI&amp;s1=210930\" target=\"_blank\" rel=\"noreferrer noopener\">(2003), <\/a><a href=\"http:\/\/www.ams.org\/mathscinet\/search\/publications.html?pg1=ISSI&amp;s1=210930\" target=\"_blank\" rel=\"noreferrer noopener\">no. 2-3,<\/a> 261\u2013279.<\/p>\n\n\n\n<p>Dickmann, M., Gluschankof, D., Lucas, F., The Order Structure of the Real Spectrum of Commutative Rings,<em>J. Algebra<\/em> 229 (2000), 175-204.<\/p>\n\n\n\n<p>Cignoli, R., Gluschankof, D., Lucas, F., Prime spectra of lattice-ordered abelian groups. <em><a href=\"http:\/\/www.ams.org\/mathscinet\/search\/journaldoc.html?cn=J_Pure_Appl_Algebra\" target=\"_blank\" rel=\"noreferrer noopener\">J. Pure Appl. Algebra<\/a><\/em> <a href=\"http:\/\/www.ams.org\/mathscinet\/search\/publications.html?pg1=ISSI&amp;s1=172215\" target=\"_blank\" rel=\"noreferrer noopener\">136 <\/a><a href=\"http:\/\/www.ams.org\/mathscinet\/search\/publications.html?pg1=ISSI&amp;s1=172215\" target=\"_blank\" rel=\"noreferrer noopener\">(1999), <\/a><a href=\"http:\/\/www.ams.org\/mathscinet\/search\/publications.html?pg1=ISSI&amp;s1=172215\" target=\"_blank\" rel=\"noreferrer noopener\">no. 3,<\/a> 217\u2013229.<\/p>\n\n\n\n<p>Gluschankof, D., Lucas, F., Hyper-regular lattice-ordered groups. <em><a href=\"http:\/\/www.ams.org\/mathscinet\/search\/journaldoc.html?cn=J_Symbolic_Logic\" target=\"_blank\" rel=\"noreferrer noopener\">J. Symbolic Logic<\/a><\/em> <a href=\"http:\/\/www.ams.org\/mathscinet\/search\/publications.html?pg1=ISSI&amp;s1=129277\" target=\"_blank\" rel=\"noreferrer noopener\">58 <\/a><a href=\"http:\/\/www.ams.org\/mathscinet\/search\/publications.html?pg1=ISSI&amp;s1=129277\" target=\"_blank\" rel=\"noreferrer noopener\">(1993), <\/a><a href=\"http:\/\/www.ams.org\/mathscinet\/search\/publications.html?pg1=ISSI&amp;s1=129277\" target=\"_blank\" rel=\"noreferrer noopener\">no. 4,<\/a> 1342\u20131358.<\/p>\n\n\n\n<p>Giraudet, M., Lucas, F., Groupes \u00e0 moiti\u00e9 ordonn\u00e9s. <em><a href=\"http:\/\/www.ams.org\/mathscinet\/search\/journaldoc.html?cn=Fund_Math\" target=\"_blank\" rel=\"noreferrer noopener\">Fund. Math.<\/a><\/em> <a href=\"http:\/\/www.ams.org\/mathscinet\/search\/publications.html?pg1=ISSI&amp;s1=114636\" target=\"_blank\" rel=\"noreferrer noopener\">139 <\/a><a href=\"http:\/\/www.ams.org\/mathscinet\/search\/publications.html?pg1=ISSI&amp;s1=114636\" target=\"_blank\" rel=\"noreferrer noopener\">(1991), <\/a><a href=\"http:\/\/www.ams.org\/mathscinet\/search\/publications.html?pg1=ISSI&amp;s1=114636\" target=\"_blank\" rel=\"noreferrer noopener\">no. 2,<\/a> 75\u201389.<\/p>\n\n\n\n<p>Lucas, F., Some applications of definable spine analysis in ordered abelian groups. <em>Ordered algebraic structures (Cura\u00e7ao, 1988), <\/em>123\u2013128, <a href=\"http:\/\/www.ams.org\/mathscinet\/search\/series.html?cn=Math_Appl\" target=\"_blank\" rel=\"noreferrer noopener\">Math. Appl., 55,<\/a> <em>Kluwer Acad. Publ., Dordrecht,<\/em> 1989.<\/p>\n\n\n\n<p>Lucas, F., Th\u00e9orie des mod\u00e8les des groupes ab\u00e9liens ordonn\u00e9s&nbsp;; Habilitation \u00e0 diriger des recherches, Universit\u00e9 Paris VII, juin 1996.<\/p>\n\n\n\n<p>Delon, F., Lucas, F., Inclusions et produits de groupes ab\u00e9liens ordonn\u00e9s \u00e9tudi\u00e9s au premier ordre. <em><a href=\"http:\/\/www.ams.org\/mathscinet\/search\/journaldoc.html?cn=J_Symbolic_Logic\" target=\"_blank\" rel=\"noreferrer noopener\">J. Symbolic Logic<\/a><\/em> <a href=\"http:\/\/www.ams.org\/mathscinet\/search\/publications.html?pg1=ISSI&amp;s1=70005\" target=\"_blank\" rel=\"noreferrer noopener\">54 <\/a><a href=\"http:\/\/www.ams.org\/mathscinet\/search\/publications.html?pg1=ISSI&amp;s1=70005\" target=\"_blank\" rel=\"noreferrer noopener\">(1989), <\/a><a href=\"http:\/\/www.ams.org\/mathscinet\/search\/publications.html?pg1=ISSI&amp;s1=70005\" target=\"_blank\" rel=\"noreferrer noopener\">no. 2,<\/a> 499\u2013511.<\/p>\n\n\n\n<p>Lucas, F., \u00c9quivalence \u00e9l\u00e9mentaire et produits. <em><a href=\"http:\/\/www.ams.org\/mathscinet\/search\/journaldoc.html?cn=C_R_Acad_Sci_Paris_Ser_AB\" target=\"_blank\" rel=\"noreferrer noopener\">C. R. Acad. Sci. Paris S\u00e9r. A-B<\/a><\/em> <strong>287 <\/strong>(1978), no. 2, A41\u2013A42.<\/p>\n","protected":false},"excerpt":{"rendered":"<p>Fran\u00e7ois Lucas est mort le 25 avril 2016, apr\u00e8s des ann\u00e9es d\u2019un combat courageux et intense contre la maladie. Il avait \u00e9t\u00e9 l\u2019un des tout premiers membres du groupe de logique parisien, dans les ann\u00e9es 70. Il aura \u00e9t\u00e9 jusqu\u2019\u00e0 la fin un auditeur et un intervenant assidu du S\u00e9minaire sur les Structures Alg\u00e9briques Ordonn\u00e9s. [&hellip;]<\/p>\n","protected":false},"author":1,"featured_media":0,"parent":0,"menu_order":0,"comment_status":"closed","ping_status":"closed","template":"","meta":{"footnotes":""},"class_list":["post-47","page","type-page","status-publish","hentry"],"_links":{"self":[{"href":"https:\/\/www.imj-prg.fr\/lm\/wp-json\/wp\/v2\/pages\/47","targetHints":{"allow":["GET"]}}],"collection":[{"href":"https:\/\/www.imj-prg.fr\/lm\/wp-json\/wp\/v2\/pages"}],"about":[{"href":"https:\/\/www.imj-prg.fr\/lm\/wp-json\/wp\/v2\/types\/page"}],"author":[{"embeddable":true,"href":"https:\/\/www.imj-prg.fr\/lm\/wp-json\/wp\/v2\/users\/1"}],"replies":[{"embeddable":true,"href":"https:\/\/www.imj-prg.fr\/lm\/wp-json\/wp\/v2\/comments?post=47"}],"version-history":[{"count":1,"href":"https:\/\/www.imj-prg.fr\/lm\/wp-json\/wp\/v2\/pages\/47\/revisions"}],"predecessor-version":[{"id":49,"href":"https:\/\/www.imj-prg.fr\/lm\/wp-json\/wp\/v2\/pages\/47\/revisions\/49"}],"wp:attachment":[{"href":"https:\/\/www.imj-prg.fr\/lm\/wp-json\/wp\/v2\/media?parent=47"}],"curies":[{"name":"wp","href":"https:\/\/api.w.org\/{rel}","templated":true}]}}