{"id":52,"date":"2020-12-18T11:18:55","date_gmt":"2020-12-18T10:18:55","guid":{"rendered":"http:\/\/dev.imj-prg.fr\/lm\/?page_id=52"},"modified":"2020-12-18T11:18:55","modified_gmt":"2020-12-18T10:18:55","slug":"anciens-membres-2","status":"publish","type":"page","link":"https:\/\/www.imj-prg.fr\/lm\/anciens-membres-2\/","title":{"rendered":"Anciens membres"},"content":{"rendered":"\n<figure class=\"wp-block-table\"><table><tbody><tr><th>Nom&nbsp;<\/th><th>E-mail<br>@logique.jussieu.fr<\/th><th>&nbsp;T\u00e9l\u00e9phone&nbsp;<br>01 57 2 +<\/th><th>&nbsp;Bureau&nbsp;<\/th><th>&nbsp;<\/th><\/tr><tr><td>Vincent Astier<\/td><td>vincent.astier@ucd.ie<\/td><td>&nbsp;<\/td><td>&nbsp;<\/td><td>University College, Dublin<\/td><\/tr><tr><td>Olivier Bastonero<\/td><td>olivier.bastonero_at_siemens.com<\/td><td>&nbsp;<\/td><td>&nbsp;<\/td><td>&nbsp;<\/td><\/tr><tr><td>Khadija Bayoud<\/td><td>bayoud_at_logique.jussieu.fr<\/td><td>&nbsp;<\/td><td>&nbsp;<\/td><td>&nbsp;<\/td><\/tr><tr><td><a href=\"http:\/\/people.maths.ox.ac.uk\/~bays\/\">Martin Bays<\/a><\/td><td>mbays_at_sdf.org<\/td><td>&nbsp;<\/td><td>&nbsp;<\/td><td>Postdoc \u00e0 McMaster University<\/td><\/tr><tr><td><a href=\"http:\/\/www.maths.leeds.ac.uk\/~benoist\/\">Franck Benoist<\/a><\/td><td>franck.benoist_at_math.u-psud.fr<\/td><td>&nbsp;<\/td><td>&nbsp;<\/td><td>Paris 11<\/td><\/tr><tr><td><a href=\"http:\/\/math.univ-lyon1.fr\/~begnac\/\">Itay Ben Yaacov<\/a><\/td><td>&nbsp;<\/td><td>&nbsp;<\/td><td>&nbsp;<\/td><td>Lyon I<\/td><\/tr><tr><td><a href=\"http:\/\/www.pps.univ-paris-diderot.fr\/~berline\">Chantal Berline<\/a><\/td><td>Chantal.Berline_at_pps.univ-paris-diderot.fr<\/td><td>79250<\/td><td>5A43<\/td><td>Paris 7 &#8211; PPS<\/td><\/tr><tr><td>Claude Bernard<\/td><td>&nbsp;<\/td><td>&nbsp;<\/td><td>&nbsp;<\/td><td>&nbsp;<\/td><\/tr><tr><td><a href=\"http:\/\/www.univ-paris12.fr\/lacl\/bes\">Alexis Bes<\/a><\/td><td>bes_at_univ-paris12.fr<\/td><td>&nbsp;<\/td><td>&nbsp;<\/td><td>Paris 12<\/td><\/tr><tr><td>\u00d6zlem Beyarslan<\/td><td>ozlem.beyarslan_at_boun.edu.tr&nbsp;<\/td><td>&nbsp;<\/td><td>&nbsp;<\/td><td>Bogazici University<\/td><\/tr><tr><td><a href=\"http:\/\/math.univ-lyon1.fr\/~blossier\/\">Thomas Blossier<\/a><\/td><td>blossier_at_math.univ-lyon1.fr<\/td><td>&nbsp;<\/td><td>&nbsp;<\/td><td>Lyon I<\/td><\/tr><tr><td><a href=\"http:\/\/www.math.u-psud.fr\/~bouscare\/index.html\">Elisabeth Bouscaren<\/a><\/td><td>Elisabeth.Bouscaren_at_math.u-psud.fr<\/td><td>79158<\/td><td>5A9<\/td><td>Paris 11<\/td><\/tr><tr><td><a href=\"http:\/\/www1.maths.leeds.ac.uk\/pure\/logic\/homepages\/bwilliams.html\">David Bradley-Williams<\/a><\/td><td>mmdbbw_at_leeds.ac.uk<\/td><td>&nbsp;<\/td><td>&nbsp;<\/td><td>&nbsp;<\/td><\/tr><tr><td>Ronald Bustamante-Medina<\/td><td>bustam_at_gmail.com&nbsp;<\/td><td>&nbsp;<\/td><td>&nbsp;<\/td><td>Costa-Rica<\/td><\/tr><tr><td><a href=\"http:\/\/www.logique.jussieu.fr\/~carroy\/\">Rapha\u00ebl Carroy<\/a><\/td><td>carroy_at_math.univ-paris-diderot.fr<\/td><td>&nbsp;<\/td><td>&nbsp;<\/td><td>Universit\u00e9 de Turin<\/td><\/tr><tr><td><a href=\"http:\/\/www.lri.fr\/~chapuis\/\">Olivier Chapuis<\/a><\/td><td>chapuis_at_lri.fr<\/td><td>&nbsp;<\/td><td>&nbsp;<\/td><td>Paris 11, LRI<\/td><\/tr><tr><td><a href=\"http:\/\/www.math.ens.fr\/~zchatzid\/\">Zo\u00e9 Chatzidakis<\/a><\/td><td>zchatzid_at_dma.ens.fr<\/td><td>9206<\/td><td>630<\/td><td>ENS-Ulm<\/td><\/tr><tr><td>Eugenio Chinchilla<\/td><td>eugenio<\/td><td>&nbsp;<\/td><td>&nbsp;<\/td><td>Costa-Rica<\/td><\/tr><tr><td><a href=\"http:\/\/www.dma.ens.fr\/~chomette\/\">Thomas Chomette<\/a><\/td><td>chomette_at_dmi.ens.fr<\/td><td>&nbsp;<\/td><td>&nbsp;<\/td><td>ENS-Ulm<\/td><\/tr><tr><td><a href=\"http:\/\/www.logique.jussieu.fr\/~conduche\/index.html\">Fran\u00e7ois Conduch\u00e9<\/a><\/td><td><\/td><td>&nbsp;<\/td><td>&nbsp;<\/td><td>D\u00e9c\u00e9d\u00e9 le 6 novembre 2010<\/td><\/tr><tr><td>Jean Coret<\/td><td>&nbsp;<\/td><td>&nbsp;<\/td><td>&nbsp;<\/td><td>D\u00e9c\u00e9d\u00e9 le 20 juin 2000<\/td><\/tr><tr><td><a href=\"http:\/\/www.cmi.univ-mrs.fr\/~coulbois\/\">Thierry Coulbois<\/a><\/td><td>thierry.coulbois_at_univ.u-3mrs.fr<\/td><td>&nbsp;<\/td><td>&nbsp;<\/td><td>Aix Marseille 3<\/td><\/tr><tr><td><a href=\"http:\/\/www.logique.jussieu.fr\/~danos\">Vincent Danos<\/a><\/td><td>Vincent.Danos_at_pps.univ-paris-diderot.fr<\/td><td>79216<\/td><td>5A23<\/td><td>Paris 7 &#8211; PPS&nbsp;<\/td><\/tr><tr><td><a href=\"http:\/\/math.univ-angers.fr\/~darniere\/\">Luck Darni\u00e8re<\/a><\/td><td>Luck.Darniere_at_univ-angers.fr<\/td><td>&nbsp;<\/td><td>&nbsp;<\/td><td>Angers<\/td><\/tr><tr><td>Arnaud Delobelle<\/td><td>delobelle_at_blueyonder.co.uk<\/td><td>&nbsp;<\/td><td>&nbsp;<\/td><td>&nbsp;<\/td><\/tr><tr><td><a href=\"http:\/\/www.math.rutgers.edu\/~adeloro\/\">Adrien Deloro<\/a><\/td><td>adeloro@math.jussieu.fr<\/td><td>&nbsp;<\/td><td>&nbsp;<\/td><td>Paris 6<\/td><\/tr><tr><td>Marko Djordjevic<\/td><td>marko<\/td><td>&nbsp;<\/td><td>&nbsp;<\/td><td>&nbsp;<\/td><\/tr><tr><td>Jacques Duparc<\/td><td>jduparc_at_unil.ch<\/td><td>&nbsp;<\/td><td>&nbsp;<\/td><td>Lausanne (Suisse)<\/td><\/tr><tr><td>Karim Er-Rhaimini<\/td><td>errhaimini<\/td><td>&nbsp;<\/td><td>&nbsp;<\/td><td>Professeur agr\u00e9g\u00e9 dans le secondaire<\/td><\/tr><tr><td><a href=\"http:\/\/www.logique.jussieu.fr\/~fontanella\/\">Laura Fontanella<\/a><\/td><td>fontanella<\/td><td>&nbsp;<\/td><td>&nbsp;<\/td><td>&nbsp;<\/td><\/tr><tr><td>Catherine Gourion<\/td><td>gourion<\/td><td>&nbsp;<\/td><td>&nbsp;<\/td><td>&nbsp;<\/td><\/tr><tr><td>Gwyneth Harrison-Shermoen<\/td><td>gwyneth_at_math.berkeley.edu<\/td><td>&nbsp;<\/td><td>&nbsp;<\/td><td>Berkeley<\/td><\/tr><tr><td>Yassine Hachaichi<\/td><td>&nbsp;<\/td><td>&nbsp;<\/td><td>&nbsp;<\/td><td>&nbsp;<\/td><\/tr><tr><td><a href=\"http:\/\/www.math.mcmaster.ca\/~hongj37\/\">Jizhan Hong<\/a><\/td><td>hongj37_at_math.mcmaster.ca<\/td><td>&nbsp;<\/td><td>&nbsp;<\/td><td>&nbsp;<\/td><\/tr><tr><td>Philippe Ithier<\/td><td>ithier<\/td><td>79182<\/td><td>5A27<\/td><td>&nbsp;<\/td><\/tr><tr><td><a href=\"http:\/\/math.univ-lyon1.fr\/~jaligot\">Eric Jaligot<\/a><\/td><td>jaligot_at_math.univ-lyon1.fr<\/td><td>&nbsp;<\/td><td>&nbsp;<\/td><td>Lyon I<\/td><\/tr><tr><td><a href=\"http:\/\/www-philo.univ-paris1.fr\/Joinet\/index.html\">Jean-Baptiste Joinet<\/a>&nbsp;<\/td><td>Jean-Baptiste.Joinet_at_univ-paris1.fr<\/td><td>79248<\/td><td>5A35<\/td><td>Paris I &#8211; PPS<\/td><\/tr><tr><td><a href=\"http:\/\/sunpool.mathematik.uni-freiburg.de\/home\/junker\/\">Markus Junker<\/a><\/td><td>junker_at_math.uni-freiburg.de<\/td><td>&nbsp;<\/td><td>&nbsp;<\/td><td>Postdoc, Freiburg<\/td><\/tr><tr><td><a href=\"http:\/\/www.logique.jussieu.fr\/~bkoenig\">Bernhard Koenig<\/a><\/td><td>bkoenig_*at*_math.toronto.edu<\/td><td>&nbsp;<\/td><td>&nbsp;<\/td><td>Post-Doc U. Toronto<\/td><\/tr><tr><td>Martin Koerwien<\/td><td>koerwien<\/td><td>&nbsp;<\/td><td>&nbsp;<\/td><td>Post-doc \u00e0 Barcelone<\/td><\/tr><tr><td><a href=\"http:\/\/www.pps.univ-paris-diderot.fr\/~krivine\">Jean-Louis Krivine<\/a><\/td><td>Jean-Louis.Krivine_at_pps.univ-paris-diderot.fr<\/td><td>79248<\/td><td>5A31<\/td><td>Paris 7 &#8211; PPS&nbsp;<\/td><\/tr><tr><td>Samuel Lacas<\/td><td>lacas<\/td><td>&nbsp;<\/td><td>&nbsp;<\/td><td>&nbsp;<\/td><\/tr><tr><td>Daniel Lascar<\/td><td>lascar<\/td><td>5413<\/td><td>5A38<\/td><td>&nbsp;<\/td><\/tr><tr><td>Cl\u00e9ment Lasserre<\/td><td>lasserre<\/td><td>&nbsp;<\/td><td>&nbsp;<\/td><td>Post-doc \u00e0 Grenoble<\/td><\/tr><tr><td>Yves Legrandg\u00e9rard<\/td><td>Yves.Legrandgerard_at_pps.univ-paris-diderot.fr<\/td><td>79257<\/td><td>5A29<\/td><td>Paris 7 &#8211; PPS<\/td><\/tr><tr><td>Julien Levy<\/td><td>julien.levy_at_ens.fr<\/td><td>&nbsp;<\/td><td>&nbsp;<\/td><td>&nbsp;<\/td><\/tr><tr><td><a href=\"http:\/\/www.logique.jussieu.fr\/~maalouf\/\">Fares Maalouf<\/a><\/td><td>maalouf<\/td><td>&nbsp;<\/td><td>&nbsp;<\/td><td>Universit\u00e9 de Humboldt<\/td><\/tr><tr><td>Jean Malifaud<\/td><td>malifaud<\/td><td>79197<\/td><td>5A3<\/td><td>&nbsp;<\/td><\/tr><tr><td>Hugo Mariano<\/td><td>&nbsp;<\/td><td>&nbsp;<\/td><td>&nbsp;<\/td><td>&nbsp;<\/td><\/tr><tr><td><a href=\"http:\/\/www.pasco.uni-paderborn.de\/dp\/ansicht\/kunden\/pasco\/pasco\/index.phtml?dia_id=1&amp;ber_id=131&amp;inh_id=0\">Stefan Mengel<\/a><\/td><td>smengel_at_mail.uni-paderborn.de<\/td><td>&nbsp;<\/td><td>&nbsp;<\/td><td>&nbsp;<\/td><\/tr><tr><td>Lionel Nguyen Van Th\u00e9<\/td><td>nguyenl, nguyen_*at*_math.ucalgary.ca<\/td><td>&nbsp;<\/td><td>&nbsp;<\/td><td>Post-Doc Calgary<\/td><\/tr><tr><td><a href=\"http:\/\/www.logique.jussieu.fr\/~olive\/index.html\">Fr\u00e9d\u00e9ric Olive<\/a><\/td><td>olive_at_cmi.univ-mrs.fr<\/td><td>&nbsp;<\/td><td>&nbsp;<\/td><td>Marseille<\/td><\/tr><tr><td>G\u00f6nen\u00e7 Onay<\/td><td>gonenc<\/td><td>&nbsp;<\/td><td>&nbsp;<\/td><td>&nbsp;<\/td><\/tr><tr><td><a href=\"http:\/\/math.univ-lyon1.fr\/~ould\/\">Abderezak Ould Houcine<\/a><\/td><td>ould_at_math.univ-lyon1.fr<\/td><td>&nbsp;<\/td><td>&nbsp;<\/td><td>Lyon I<\/td><\/tr><tr><td><a href=\"http:\/\/www.pps.univ-paris-diderot.fr\/~padovani\">Vincent Padovani<\/a><\/td><td>Vincent.Padovani_at_pps.univ-paris-diderot.fr<\/td><td>&nbsp;<\/td><td>&nbsp;<\/td><td>Paris 7 &#8211; PPS<\/td><\/tr><tr><td>Julien Page<\/td><td>julien.page_at_free.fr<\/td><td>5614<\/td><td>5C6<\/td><td>&nbsp;<\/td><\/tr><tr><td>Michel Parigot<\/td><td>Michel.Parigot_at_pps.univ-paris-diderot.fr<\/td><td>79251<\/td><td>5A32<\/td><td>Paris 7 &#8211; PPS<br>Membre du conseil du M2<\/td><\/tr><tr><td>Ana P\u00e9on Nieto<\/td><td>apeonnieto@gmail.com<\/td><td>&nbsp;<\/td><td>&nbsp;<\/td><td>&nbsp;<\/td><\/tr><tr><td><a href=\"http:\/\/sylvain.berbiqui.org\/\">Sylvain Peyronnet<\/a><\/td><td>syp lri fr<\/td><td>&nbsp;<\/td><td>&nbsp;<\/td><td>LRI (Orsay)<\/td><\/tr><tr><td>Sandra Quickert<\/td><td>quickert<\/td><td>&nbsp;<\/td><td>&nbsp;<\/td><td>&nbsp;<\/td><\/tr><tr><\/tr><tr><td><a href=\"http:\/\/www.lama.univ-savoie.fr\/~RAFFALLI\">Christophe Raffalli<\/a><\/td><td>Christophe.Raffalli_at_univ-savoie.fr<\/td><td>&nbsp;<\/td><td>&nbsp;<\/td><td>Chamb\u00e9ry<\/td><\/tr><tr><td><a href=\"http:\/\/www.logique.jussieu.fr\/~criviere\">C\u00e9dric Rivi\u00e8re<\/a><\/td><td>cedric.riviere_at_umh.ac.be<\/td><td>&nbsp;<\/td><td>&nbsp;<\/td><td>FNRS Mons<\/td><\/tr><tr><td><a href=\"http:\/\/www.pps.univ-paris-diderot.fr\/~roziere\">Paul Rozi\u00e8re<\/a><\/td><td>Paul.Roziere_at_pps.univ-paris-diderot.fr<\/td><td>79257<\/td><td>5A29<\/td><td>Paris 7 &#8211; PPS<br>Membre du conseil du M2<\/td><\/tr><tr><td>Harold Schellinx<\/td><td>&nbsp;<\/td><td>&nbsp;<\/td><td>&nbsp;<\/td><td>&nbsp;<\/td><\/tr><tr><td>Michael Schmeling<\/td><td>schmeli<\/td><td>&nbsp;<\/td><td>&nbsp;<\/td><td>Munich<\/td><\/tr><tr><td>Malcolm Schonfield<\/td><td>mschon<\/td><td>&nbsp;<\/td><td>&nbsp;<\/td><td>&nbsp;<\/td><\/tr><tr><td>R\u00e9mi Strullu<\/td><td>rstrullu<\/td><td>&nbsp;<\/td><td>&nbsp;<\/td><td>&nbsp;<\/td><\/tr><tr><td>Maryvonne Teissier<\/td><td>daguet_at_math.jussieu.fr&nbsp;<\/td><td>&nbsp;<\/td><td>&nbsp;<\/td><td>&nbsp;<\/td><\/tr><tr><td><a href=\"http:\/\/www.logique.jussieu.fr\/~tortora\/index.html\">Lorenzo Tortora<\/a><\/td><td>tortora_at_uniroma3.it<\/td><td>&nbsp;<\/td><td>&nbsp;<\/td><td>Rome III<\/td><\/tr><tr><td><a href=\"http:\/\/www.pps.univ-paris-diderot.fr\/~vallee\">Thierry Vall\u00e9e<\/a><\/td><td>vallee<\/td><td>&nbsp;<\/td><td>&nbsp;<\/td><td>&nbsp;<\/td><\/tr><tr><td>Matteo Viale<\/td><td>matvial<\/td><td>&nbsp;<\/td><td>&nbsp;<\/td><td>Post-Doc KGRC Wien<\/td><\/tr><tr><td><a href=\"http:\/\/www2.udec.cl\/~xvidaux\/index.html\">Xavier Vidaux<\/a><\/td><td>xvidaux_at_udec.cl<\/td><td>&nbsp;<\/td><td>&nbsp;<\/td><td>Concepcion (Chili)<\/td><\/tr><tr><td>Fran\u00e7oise Ville<\/td><td>ville<\/td><td>&nbsp;<\/td><td>&nbsp;<\/td><td>&nbsp;<\/td><\/tr><tr><td>Dimitris Vlitas<\/td><td>vlitas<\/td><td>&nbsp;<\/td><td>&nbsp;<\/td><td>&nbsp;<\/td><\/tr><tr><td>Karim Zahidi<\/td><td>zahidi<\/td><td>&nbsp;<\/td><td>&nbsp;<\/td><td>Anvers<\/td><\/tr><\/tbody><\/table><\/figure>\n\n\n\n<hr class=\"wp-block-separator\" id=\"ligne-pied\"\/>\n","protected":false},"excerpt":{"rendered":"<p>Nom&nbsp; E-mail@logique.jussieu.fr &nbsp;T\u00e9l\u00e9phone&nbsp;01 57 2 + &nbsp;Bureau&nbsp; &nbsp; Vincent Astier vincent.astier@ucd.ie &nbsp; &nbsp; University College, Dublin Olivier Bastonero olivier.bastonero_at_siemens.com &nbsp; &nbsp; &nbsp; Khadija Bayoud bayoud_at_logique.jussieu.fr &nbsp; &nbsp; &nbsp; Martin Bays mbays_at_sdf.org &nbsp; &nbsp; Postdoc \u00e0 McMaster University Franck Benoist franck.benoist_at_math.u-psud.fr &nbsp; &nbsp; Paris 11 Itay Ben Yaacov &nbsp; &nbsp; &nbsp; Lyon I Chantal Berline Chantal.Berline_at_pps.univ-paris-diderot.fr [&hellip;]<\/p>\n","protected":false},"author":1,"featured_media":0,"parent":0,"menu_order":0,"comment_status":"closed","ping_status":"closed","template":"","meta":{"footnotes":""},"class_list":["post-52","page","type-page","status-publish","hentry"],"_links":{"self":[{"href":"https:\/\/www.imj-prg.fr\/lm\/wp-json\/wp\/v2\/pages\/52","targetHints":{"allow":["GET"]}}],"collection":[{"href":"https:\/\/www.imj-prg.fr\/lm\/wp-json\/wp\/v2\/pages"}],"about":[{"href":"https:\/\/www.imj-prg.fr\/lm\/wp-json\/wp\/v2\/types\/page"}],"author":[{"embeddable":true,"href":"https:\/\/www.imj-prg.fr\/lm\/wp-json\/wp\/v2\/users\/1"}],"replies":[{"embeddable":true,"href":"https:\/\/www.imj-prg.fr\/lm\/wp-json\/wp\/v2\/comments?post=52"}],"version-history":[{"count":1,"href":"https:\/\/www.imj-prg.fr\/lm\/wp-json\/wp\/v2\/pages\/52\/revisions"}],"predecessor-version":[{"id":53,"href":"https:\/\/www.imj-prg.fr\/lm\/wp-json\/wp\/v2\/pages\/52\/revisions\/53"}],"wp:attachment":[{"href":"https:\/\/www.imj-prg.fr\/lm\/wp-json\/wp\/v2\/media?parent=52"}],"curies":[{"name":"wp","href":"https:\/\/api.w.org\/{rel}","templated":true}]}}