{"id":25,"date":"2020-12-18T11:37:29","date_gmt":"2020-12-18T10:37:29","guid":{"rendered":"http:\/\/dev.imj-prg.fr\/tga\/?page_id=25"},"modified":"2024-09-05T09:38:38","modified_gmt":"2024-09-05T07:38:38","slug":"activites","status":"publish","type":"page","link":"https:\/\/www.imj-prg.fr\/tga\/activites\/","title":{"rendered":"Projets auxquels des membres de l&rsquo;\u00e9quipe TGA participent"},"content":{"rendered":"\n<h2 class=\"wp-block-heading\" id=\"projets-en-cours\">Projets en cours<\/h2>\n\n\n\n<figure class=\"wp-block-table is-style-stripes\"><table><thead><tr><th>Projet<\/th><th>Coordinateurs<\/th><th>Participants chez TGA<\/th><th>Dur\u00e9e<\/th><\/tr><\/thead><tbody><tr><td><a href=\"http:\/\/gdrgagc.math.cnrs.fr\/spip.php?article57\">GdR GAGC<\/a><\/td><td>St\u00e9phane Druel (directeur), <strong>Antoine Chambert-Loir<\/strong> et <strong>Alessandro Chiodo<\/strong> (responsables locaux)<\/td><td>Gentiana Danila , Lionel Darondeau, Olivier Debarre, Antoine Ducros, Elba Garc\u00eda Failde, Fr\u00e9d\u00e9ric Han, Marco Maculan, Christian Peskine, Claire Voisin<\/td><td>2020-2025<\/td><\/tr><tr><td><a href=\"https:\/\/rtop.math.cnrs.fr\/\">RT Topologie Alg\u00e9brique et G\u00e9om\u00e9trique<\/a><\/td><td><strong>Emmanuel Wagner<\/strong> (directeur)<\/td><td>Christian Blanchet, Catherine Gille, Yves Guiraud, Najib Idrissi, Muriel Livernet, Gregor Masbaum, Pierre Vogel, Emmanuel Wagner<\/td><td>2024-<br>&#8230;<\/td><\/tr><tr><td><a rel=\"noreferrer noopener\" href=\"https:\/\/team.inria.fr\/ouragan\/\" target=\"_blank\">\u00c9quipe INRIA Ouragan<\/a><\/td><td>Fabrice Rouillier<\/td><td>Yves Guiraud<\/td><td>2021-<br>&#8230;<\/td><\/tr><tr><td><a rel=\"noreferrer noopener\" href=\"https:\/\/www.erc-hyperk.org\/\" target=\"_blank\">ERC Synergy Grant HyperK<\/a><\/td><td><strong>Olivier Debarre<\/strong>, Daniel Huybrechts, Emanuele Macr\u00ec, <strong>Claire Voisin<\/strong><\/td><td>Olivier Debarre, Dmitrii Pirozhkov, Jieao Song, Claire Voisin<\/td><td>2020-2026<\/td><\/tr><tr><td><a rel=\"noreferrer noopener\" href=\"https:\/\/massuyea.perso.math.cnrs.fr\/AlMaRe.html\" target=\"_blank\">ANR AlMaRe<\/a><\/td><td>Gwena\u00ebl Massuyeau<\/td><td>Emmanuel Wagner<\/td><td>2020-2024<\/td><\/tr><tr><td><a href=\"https:\/\/anr-charms.pages.math.cnrs.fr\/index.html\" data-type=\"URL\" data-id=\"https:\/\/anr-charms.pages.math.cnrs.fr\/index.html\" target=\"_blank\" rel=\"noreferrer noopener\">ANR CHARMS<\/a><\/td><td>Yann Palu<\/td><td>Emmanuel Wagner<\/td><td>2019-2023<\/td><\/tr><tr><td>ANR HighAGT<\/td><td>Bruno Vallette<\/td><td>Najib Idrissi<\/td><td>2021-2024<\/td><\/tr><tr><td>AEx INRIA R\u00e9al<\/td><td><strong>Yves Guiraud<\/strong><\/td><td>Yves Guiraud<\/td><td>2020-2025<\/td><\/tr><tr><td><a href=\"https:\/\/shocos.idrissi.eu\/\" target=\"_blank\" rel=\"noreferrer noopener\">ANR SHoCoS<\/a><\/td><td><strong>Najib Idrissi<\/strong><\/td><td>Yves Guiraud, Najib Idrissi<\/td><td>2022-<br>2027<\/td><\/tr><\/tbody><\/table><\/figure>\n\n\n\n<p><\/p>\n\n\n\n<h2 class=\"wp-block-heading\" id=\"projets-passes\">Projets pass\u00e9s<\/h2>\n\n\n\n<figure class=\"wp-block-table is-style-stripes\"><table><thead><tr><th>Projet<\/th><th>Coordinateurs<\/th><th>Participants chez TGA<\/th><th>Dur\u00e9e<\/th><\/tr><\/thead><tbody><tr><td><a href=\"http:\/\/tresses.math.cnrs.fr\/\" target=\"_blank\" rel=\"noreferrer noopener\">GdR Tresses<\/a><\/td><td><strong>Emmanuel Wagner<\/strong><\/td><td>Catherine Gille, Yves Guiraud, Gregor Masbaum, Emmanuel Wagner<\/td><td>2000-2023<\/td><\/tr><tr><td><a href=\"https:\/\/gdrhtop.apps.math.cnrs.fr\/\" target=\"_blank\" rel=\"noreferrer noopener\">GDR Th\u00e9orie de l\u2019homotopie et applications<\/a><\/td><td>Antoine Touz\u00e9 (directeur), <strong>Muriel Livernet<\/strong> (responsable locale)<\/td><td>Yves Guiraud, Najib Idrissi, Muriel Livernet<\/td><td>2022-2023<\/td><\/tr><tr><td><a rel=\"noreferrer noopener\" href=\"http:\/\/gdrtop.math.cnrs.fr\/\" target=\"_blank\">GdR Topologie Alg\u00e9brique et Applications<\/a><\/td><td>David Chataur<\/td><td>Yves Guiraud, Najib Idrissi, Muriel Livernet<\/td><td>2017-2020<\/td><\/tr><tr><td><a href=\"https:\/\/www.irif.fr\/equipes\/pi.r2\/index\" target=\"_blank\" rel=\"noreferrer noopener\">\u00c9quipe INRIA PI.R2<\/a><\/td><td>Pierre-Louis Curien, Alexis Saurin<\/td><td>Yves Guiraud<\/td><td>2012-2020<\/td><\/tr><tr><td><a rel=\"noreferrer noopener\" href=\"http:\/\/poulain.perso.math.cnrs.fr\/AHA.html\" target=\"_blank\">ANR AHA<\/a><\/td><td>Lo\u00efc Poulain d&rsquo;Andecy<\/td><td>Emmanuel Wagner<\/td><td>2018-2022<\/td><\/tr><tr><td><a rel=\"noreferrer noopener\" href=\"http:\/\/catag.math.cnrs.fr\/\" target=\"_blank\">ANR CatAG<\/a><\/td><td>\u00c9tienne Mann<\/td><td>Alessandro Chiodo<\/td><td>2018-2022<\/td><\/tr><tr><td><a href=\"http:\/\/www.lama.univ-savoie.fr\/pagesmembres\/comte\/DEFIGEO\/home.html\" target=\"_blank\" rel=\"noreferrer noopener\">ANR DEFIGEO<\/a><\/td><td>Fran\u00e7ois Loeser<\/td><td>Antoince Chambert-Loir, Antoine Ducros<\/td><td>2015-2019<\/td><\/tr><tr><td><a href=\"https:\/\/webusers.imj-prg.fr\/~anna.cadoret\/ECOVA.html\" target=\"_blank\" rel=\"noreferrer noopener\">ANR ECOVA<\/a><\/td><td>Anna Cadoret<\/td><td>Cyril Demarche<\/td><td>2015-2019<\/td><\/tr><tr><td><a rel=\"noreferrer noopener\" href=\"https:\/\/webusers.imj-prg.fr\/~penka.georgieva\/enumgeom\/\" target=\"_blank\">ANR ENUMGEOM<\/a><\/td><td>Penka Georgieva<\/td><td>Xavier Blot, Alessandro Chiodo, Hernan Iriarte, Yichen Zhao<\/td><td>2018-2022<\/td><\/tr><tr><td><a href=\"http:\/\/geolie.math.univ-lyon1.fr\/\" target=\"_blank\" rel=\"noreferrer noopener\">ANR GeoLie<\/a><\/td><td>Nicolas Ressayre<\/td><td>Mathieu Florence<\/td><td>2015-2019<\/td><\/tr><tr><td><a rel=\"noreferrer noopener\" href=\"https:\/\/ochotop.univ-lille.fr\/\" target=\"_blank\">FNS-ANR OCHoTop<\/a><\/td><td>Beno\u00eet Fresse, Kathryn Hess<\/td><td>Mario Gon\u00e7alves Lamas, Muriel Livernet<\/td><td>2019-2022<\/td><\/tr><tr><td><a rel=\"noreferrer noopener\" href=\"https:\/\/webusers.imj-prg.fr\/~marco.maculan\/pergamo\/\" target=\"_blank\">ANR PERGAMO<\/a><\/td><td>Javier Fres\u00e1n<\/td><td>Gerard Freixas, Marco Maculan<\/td><td>2018-2022<\/td><\/tr><tr><td>ANR R\u00e9gulateurs<\/td><td>Vincent Maillot<\/td><td>Gerard Freixas, Vincent Maillot<\/td><td>2012-2016<\/td><\/tr><\/tbody><\/table><\/figure>\n","protected":false},"excerpt":{"rendered":"<p>Projets en cours Projet Coordinateurs Participants chez TGA Dur\u00e9e GdR GAGC St\u00e9phane Druel (directeur), Antoine Chambert-Loir et Alessandro Chiodo (responsables locaux) Gentiana Danila , Lionel Darondeau, Olivier Debarre, Antoine Ducros, Elba Garc\u00eda Failde, Fr\u00e9d\u00e9ric Han, Marco Maculan, Christian Peskine, Claire Voisin 2020-2025 RT Topologie Alg\u00e9brique et G\u00e9om\u00e9trique Emmanuel Wagner (directeur) Christian Blanchet, Catherine Gille, Yves [&hellip;]<\/p>\n","protected":false},"author":1,"featured_media":0,"parent":0,"menu_order":0,"comment_status":"closed","ping_status":"closed","template":"","meta":{"footnotes":""},"class_list":["post-25","page","type-page","status-publish","hentry"],"_links":{"self":[{"href":"https:\/\/www.imj-prg.fr\/tga\/wp-json\/wp\/v2\/pages\/25","targetHints":{"allow":["GET"]}}],"collection":[{"href":"https:\/\/www.imj-prg.fr\/tga\/wp-json\/wp\/v2\/pages"}],"about":[{"href":"https:\/\/www.imj-prg.fr\/tga\/wp-json\/wp\/v2\/types\/page"}],"author":[{"embeddable":true,"href":"https:\/\/www.imj-prg.fr\/tga\/wp-json\/wp\/v2\/users\/1"}],"replies":[{"embeddable":true,"href":"https:\/\/www.imj-prg.fr\/tga\/wp-json\/wp\/v2\/comments?post=25"}],"version-history":[{"count":27,"href":"https:\/\/www.imj-prg.fr\/tga\/wp-json\/wp\/v2\/pages\/25\/revisions"}],"predecessor-version":[{"id":279,"href":"https:\/\/www.imj-prg.fr\/tga\/wp-json\/wp\/v2\/pages\/25\/revisions\/279"}],"wp:attachment":[{"href":"https:\/\/www.imj-prg.fr\/tga\/wp-json\/wp\/v2\/media?parent=25"}],"curies":[{"name":"wp","href":"https:\/\/api.w.org\/{rel}","templated":true}]}}