{"id":29,"date":"2020-12-18T11:38:32","date_gmt":"2020-12-18T10:38:32","guid":{"rendered":"http:\/\/dev.imj-prg.fr\/tga\/?page_id=29"},"modified":"2023-11-15T10:19:16","modified_gmt":"2023-11-15T09:19:16","slug":"lesarchives","status":"publish","type":"page","link":"https:\/\/www.imj-prg.fr\/tga\/lesarchives\/","title":{"rendered":"Archives de l&rsquo;\u00e9quipe TGA"},"content":{"rendered":"\n<p><a href=\"https:\/\/www.imj-prg.fr\/tga\/jlp\/\">Quelques documents de Joseph Le Potier<\/a><\/p>\n\n\n\n<h2 class=\"wp-block-heading\">Tous les articles post\u00e9s sur ce site<\/h2>\n\n\n\n<div class=\"wp-block-query alignfull is-layout-flow wp-block-query-is-layout-flow\">\n<div class=\"wp-block-group alignfull\" style=\"padding-top:0;padding-right:var(--wp--preset--spacing--40);padding-bottom:var(--wp--preset--spacing--40);padding-left:var(--wp--preset--spacing--40)\"><div class=\"wp-block-group__inner-container is-layout-flow wp-block-group-is-layout-flow\"><ul style=\"text-transform:none;\" class=\"alignfull wp-block-post-template is-layout-flow wp-block-post-template-is-layout-flow\"><li class=\"wp-block-post post-325 post type-post status-publish format-standard hentry category-non-classe\">\n\n<div class=\"wp-block-group\" style=\"padding-bottom:var(--wp--preset--spacing--50)\"><div class=\"wp-block-group__inner-container is-layout-flow wp-block-group-is-layout-flow\">\n<div class=\"wp-block-group is-nowrap is-layout-flex wp-container-core-group-is-layout-35784577 wp-block-group-is-layout-flex\" style=\"border-bottom-color:var(--wp--preset--color--contrast);border-bottom-width:4px;padding-top:var(--wp--preset--spacing--30);padding-right:0;padding-bottom:var(--wp--preset--spacing--30);padding-left:0\"><div style=\"font-style:normal;font-weight:600;letter-spacing:1px; margin-top:0;margin-right:0;margin-bottom:0;margin-left:0;\" class=\"has-text-align-left has-link-color wp-elements-4e24d0a3b0378ff281a2d794d88438e6 wp-block-post-date has-text-color has-contrast-color has-medium-font-size\"><time datetime=\"2025-11-05T09:22:44+01:00\">5 novembre<\/time><\/div>\n\n<div style=\"font-style:normal;font-weight:600;letter-spacing:1px; margin-top:0;margin-right:0;margin-bottom:0;margin-left:0;\" class=\"has-text-align-left has-link-color wp-elements-2f1d14294fd09096109401e8870f4f9a wp-block-post-date has-text-color has-contrast-color has-medium-font-size\"><time datetime=\"2025-11-05T09:22:44+01:00\">2025<\/time><\/div><\/div>\n\n\n<h2 style=\"font-style:normal;font-weight:600;line-height:1.1; padding-top:var(--wp--preset--spacing--30);\" class=\"has-link-color wp-elements-e9b0e4afffc8eab2e35be1a05d8ee307 wp-block-post-title has-text-color has-contrast-color has-large-font-size\"><a href=\"https:\/\/www.imj-prg.fr\/tga\/demi-journee-dequipe-25-novembre-2025\/\" target=\"_self\" >Demi-journ\u00e9e d\u2019\u00e9quipe \u2013 25 novembre 2025<\/a><\/h2><\/div><\/div>\n\n<\/li><li class=\"wp-block-post post-302 post type-post status-publish format-standard hentry category-non-classe\">\n\n<div class=\"wp-block-group\" style=\"padding-bottom:var(--wp--preset--spacing--50)\"><div class=\"wp-block-group__inner-container is-layout-flow wp-block-group-is-layout-flow\">\n<div class=\"wp-block-group is-nowrap is-layout-flex wp-container-core-group-is-layout-35784577 wp-block-group-is-layout-flex\" style=\"border-bottom-color:var(--wp--preset--color--contrast);border-bottom-width:4px;padding-top:var(--wp--preset--spacing--30);padding-right:0;padding-bottom:var(--wp--preset--spacing--30);padding-left:0\"><div style=\"font-style:normal;font-weight:600;letter-spacing:1px; margin-top:0;margin-right:0;margin-bottom:0;margin-left:0;\" class=\"has-text-align-left has-link-color wp-elements-4e24d0a3b0378ff281a2d794d88438e6 wp-block-post-date has-text-color has-contrast-color has-medium-font-size\"><time datetime=\"2025-06-03T09:00:19+02:00\">3 juin<\/time><\/div>\n\n<div style=\"font-style:normal;font-weight:600;letter-spacing:1px; margin-top:0;margin-right:0;margin-bottom:0;margin-left:0;\" class=\"has-text-align-left has-link-color wp-elements-2f1d14294fd09096109401e8870f4f9a wp-block-post-date has-text-color has-contrast-color has-medium-font-size\"><time datetime=\"2025-06-03T09:00:19+02:00\">2025<\/time><\/div><\/div>\n\n\n<h2 style=\"font-style:normal;font-weight:600;line-height:1.1; padding-top:var(--wp--preset--spacing--30);\" class=\"has-link-color wp-elements-e9b0e4afffc8eab2e35be1a05d8ee307 wp-block-post-title has-text-color has-contrast-color has-large-font-size\"><a href=\"https:\/\/www.imj-prg.fr\/tga\/demi-journee-des-doctorant-e-s-de-lequipe-tga-2025\/\" target=\"_self\" >Demi-Journ\u00e9e des doctorant.e.s de l\u2019\u00e9quipe TGA 2025<\/a><\/h2><\/div><\/div>\n\n<\/li><li class=\"wp-block-post post-282 post type-post status-publish format-standard hentry category-non-classe\">\n\n<div class=\"wp-block-group\" style=\"padding-bottom:var(--wp--preset--spacing--50)\"><div class=\"wp-block-group__inner-container is-layout-flow wp-block-group-is-layout-flow\">\n<div class=\"wp-block-group is-nowrap is-layout-flex wp-container-core-group-is-layout-35784577 wp-block-group-is-layout-flex\" style=\"border-bottom-color:var(--wp--preset--color--contrast);border-bottom-width:4px;padding-top:var(--wp--preset--spacing--30);padding-right:0;padding-bottom:var(--wp--preset--spacing--30);padding-left:0\"><div style=\"font-style:normal;font-weight:600;letter-spacing:1px; margin-top:0;margin-right:0;margin-bottom:0;margin-left:0;\" class=\"has-text-align-left has-link-color wp-elements-4e24d0a3b0378ff281a2d794d88438e6 wp-block-post-date has-text-color has-contrast-color has-medium-font-size\"><time datetime=\"2024-11-27T15:46:05+01:00\">27 novembre<\/time><\/div>\n\n<div style=\"font-style:normal;font-weight:600;letter-spacing:1px; margin-top:0;margin-right:0;margin-bottom:0;margin-left:0;\" class=\"has-text-align-left has-link-color wp-elements-2f1d14294fd09096109401e8870f4f9a wp-block-post-date has-text-color has-contrast-color has-medium-font-size\"><time datetime=\"2024-11-27T15:46:05+01:00\">2024<\/time><\/div><\/div>\n\n\n<h2 style=\"font-style:normal;font-weight:600;line-height:1.1; padding-top:var(--wp--preset--spacing--30);\" class=\"has-link-color wp-elements-e9b0e4afffc8eab2e35be1a05d8ee307 wp-block-post-title has-text-color has-contrast-color has-large-font-size\"><a href=\"https:\/\/www.imj-prg.fr\/tga\/demi-journee-dequipe-9-decembre-2024\/\" target=\"_self\" >Demi-journ\u00e9e d&rsquo;\u00e9quipe &#8211; 9 d\u00e9cembre 2024<\/a><\/h2><\/div><\/div>\n\n<\/li><\/ul><\/div><\/div>\n\n\n\n<div class=\"wp-block-group\" style=\"margin-top:0;margin-bottom:0;padding-top:var(--wp--preset--spacing--40);padding-right:var(--wp--preset--spacing--40);padding-bottom:var(--wp--preset--spacing--40);padding-left:var(--wp--preset--spacing--40)\"><div class=\"wp-block-group__inner-container is-layout-flow wp-block-group-is-layout-flow\"><nav class=\"wp-block-query-pagination is-content-justification-space-between is-nowrap is-layout-flex wp-container-core-query-pagination-is-layout-0dfbf163 wp-block-query-pagination-is-layout-flex\" aria-label=\"Pagination\">\n\n\n<a href=\"\/tga\/wp-json\/wp\/v2\/pages\/29?query-1-page=2\" style=\"font-size:2rem;font-style:normal;font-weight:600;text-transform:uppercase;letter-spacing:1px;\" class=\"wp-block-query-pagination-next\">Page suivante<\/a>\n<\/nav><\/div><\/div>\n<\/div>\n","protected":false},"excerpt":{"rendered":"<p>Quelques documents de Joseph Le Potier Tous les articles post\u00e9s sur ce site<\/p>\n","protected":false},"author":1,"featured_media":0,"parent":0,"menu_order":0,"comment_status":"closed","ping_status":"closed","template":"","meta":{"footnotes":""},"class_list":["post-29","page","type-page","status-publish","hentry"],"_links":{"self":[{"href":"https:\/\/www.imj-prg.fr\/tga\/wp-json\/wp\/v2\/pages\/29","targetHints":{"allow":["GET"]}}],"collection":[{"href":"https:\/\/www.imj-prg.fr\/tga\/wp-json\/wp\/v2\/pages"}],"about":[{"href":"https:\/\/www.imj-prg.fr\/tga\/wp-json\/wp\/v2\/types\/page"}],"author":[{"embeddable":true,"href":"https:\/\/www.imj-prg.fr\/tga\/wp-json\/wp\/v2\/users\/1"}],"replies":[{"embeddable":true,"href":"https:\/\/www.imj-prg.fr\/tga\/wp-json\/wp\/v2\/comments?post=29"}],"version-history":[{"count":11,"href":"https:\/\/www.imj-prg.fr\/tga\/wp-json\/wp\/v2\/pages\/29\/revisions"}],"predecessor-version":[{"id":225,"href":"https:\/\/www.imj-prg.fr\/tga\/wp-json\/wp\/v2\/pages\/29\/revisions\/225"}],"wp:attachment":[{"href":"https:\/\/www.imj-prg.fr\/tga\/wp-json\/wp\/v2\/media?parent=29"}],"curies":[{"name":"wp","href":"https:\/\/api.w.org\/{rel}","templated":true}]}}