{"id":4,"date":"2020-12-15T14:46:12","date_gmt":"2020-12-15T13:46:12","guid":{"rendered":"http:\/\/dev.imj-prg.fr\/tga\/?page_id=4"},"modified":"2026-01-05T11:56:39","modified_gmt":"2026-01-05T10:56:39","slug":"accueil","status":"publish","type":"page","link":"https:\/\/www.imj-prg.fr\/tga\/","title":{"rendered":"Topologie et G\u00e9om\u00e9trie Alg\u00e9briques"},"content":{"rendered":"<h1 class=\"wp-block-site-title\">Topologie et G\u00e9om\u00e9trie Alg\u00e9briques<\/h1>\n\n\n<p><\/p>\n\n\n\n<hr class=\"wp-block-separator has-alpha-channel-opacity\" \/>\n\n\n\n<div class=\"wp-block-media-text is-stacked-on-mobile is-vertically-aligned-center is-style-default\" style=\"grid-template-columns:38% auto\"><figure class=\"wp-block-media-text__media\"><a href=\"https:\/\/www.imj-prg.fr\/tga\/wp-content\/uploads\/sites\/12\/2023\/11\/tga-tableau.png\"><img loading=\"lazy\" decoding=\"async\" width=\"620\" height=\"331\" src=\"https:\/\/www.imj-prg.fr\/tga\/wp-content\/uploads\/sites\/12\/2023\/11\/tga-tableau.png\" alt=\"\" class=\"wp-image-202 size-full\" srcset=\"https:\/\/www.imj-prg.fr\/tga\/wp-content\/uploads\/sites\/12\/2023\/11\/tga-tableau.png 620w, https:\/\/www.imj-prg.fr\/tga\/wp-content\/uploads\/sites\/12\/2023\/11\/tga-tableau-300x160.png 300w\" sizes=\"auto, (max-width: 620px) 100vw, 620px\" \/><\/a><\/figure><div class=\"wp-block-media-text__content\">\n<p class=\"has-medium-font-size\">\u00c9quipe-projet de l&rsquo;Institut de Math\u00e9matiques de Jussieu-Paris Rive Gauche.<\/p>\n\n\n\n<p class=\"has-text-align-left has-medium-font-size\">Responsable d\u2019\u00e9quipe\u00a0: <a href=\"http:\/\/sebastien.boucksom.perso.math.cnrs.fr\/\">S\u00e9bastien Boucksom<\/a><br>Responsable adjoint\u00a0: <a href=\"https:\/\/idrissi.eu\">Najib Idrissi<\/a><br>Gestionnaire\u00a0: Mouna Chouch\u00e8ne<\/p>\n\n\n\n<p class=\"has-medium-font-size\"><a href=\"https:\/\/www.imj-prg.fr\/tga\/presentation\/\">Pr\u00e9sentation de l\u2019\u00e9quipe TGA<\/a> r\u00e9dig\u00e9e \u00e0 l&rsquo;occasion des 25 ans de l&rsquo;IMJ-PRG.<\/p>\n<\/div><\/div>\n\n\n\n<hr class=\"wp-block-separator has-alpha-channel-opacity\" \/>\n\n\n\n<h2 class=\"wp-block-heading\">Derni\u00e8res actualit\u00e9s<\/h2>\n\n\n<ul class=\"wp-block-latest-posts__list wp-block-latest-posts\"><li><a class=\"wp-block-latest-posts__post-title\" href=\"https:\/\/www.imj-prg.fr\/tga\/demi-journee-dequipe-25-novembre-2025\/\">Demi-journ\u00e9e d\u2019\u00e9quipe \u2013 25 novembre 2025<\/a><div class=\"wp-block-latest-posts__post-excerpt\">La prochaine (demi-)journ\u00e9e de l&rsquo;\u00e9quipe TGA aura lieu le mardi 25 novembre 2025, de 14h \u00e0 18h \u00e0 Sophie Germain (salle 1016). Nous aurons le plaisir d&rsquo;\u00e9couter :<\/div><\/li>\n<li><a class=\"wp-block-latest-posts__post-title\" href=\"https:\/\/www.imj-prg.fr\/tga\/demi-journee-des-doctorant-e-s-de-lequipe-tga-2025\/\">Demi-Journ\u00e9e des doctorant.e.s de l\u2019\u00e9quipe TGA 2025<\/a><div class=\"wp-block-latest-posts__post-excerpt\">L&rsquo;\u00e9dition 2025 de la demi-journ\u00e9e des doctorant.e.s de l&rsquo;\u00e9quipe TGA aura lieu le mercredi 18 juin apr\u00e8s-midi, sur le campus des Grands Moulins, dans la salle 1015 du b\u00e2timent Sophie Germain. Expos\u00e9s<\/div><\/li>\n<li><a class=\"wp-block-latest-posts__post-title\" href=\"https:\/\/www.imj-prg.fr\/tga\/demi-journee-dequipe-9-decembre-2024\/\">Demi-journ\u00e9e d&rsquo;\u00e9quipe &#8211; 9 d\u00e9cembre 2024<\/a><div class=\"wp-block-latest-posts__post-excerpt\">La prochaine (demi-)journ\u00e9e de l&rsquo;\u00e9quipe TGA aura lieu le lundi 9 d\u00e9cembre prochain, de 14h \u00e0 18h \u00e0 Jussieu (salle 1525-502). Elle consistera en une s\u00e9rie d&rsquo;expos\u00e9s de nouveaux membres de l&rsquo;\u00e9quipe (Yonatan Harpaz, Mirko Mauri, Enrica Mazzon, Manh Linh Nguyen, et Victor Roca Lucio), et sera suivie d&rsquo;un ap\u00e9ritif d\u00eenatoire.<\/div><\/li>\n<li><a class=\"wp-block-latest-posts__post-title\" href=\"https:\/\/www.imj-prg.fr\/tga\/reunion-dequipe-tga-4-octobre-2024\/\">R\u00e9union d&rsquo;\u00e9quipe TGA &#8211; 4 octobre 2024<\/a><div class=\"wp-block-latest-posts__post-excerpt\">Le 4 octobre 2024 \u00e0 midi, dans le b\u00e2timent Sophie Germain, en salle 6033.<\/div><\/li>\n<li><a class=\"wp-block-latest-posts__post-title\" href=\"https:\/\/www.imj-prg.fr\/tga\/demi-journee-des-doctorant-e-s-de-lequipe-tga-2024\/\">Demi-Journ\u00e9e des doctorant.e.s de l&rsquo;\u00e9quipe TGA 2024<\/a><div class=\"wp-block-latest-posts__post-excerpt\">L&rsquo;\u00e9dition 2024 de la demi-journ\u00e9e des doctorant.e.s de l&rsquo;\u00e9quipe TGA aura lieu le mercredi 29 mai apr\u00e8s-midi, en salle 1516-101, sur le campus Jussieu. Cette apr\u00e8s-midi sera \u00e9galement l&rsquo;occasion de f\u00eater la r\u00e9ception du prix Crafoord 2024 par notre coll\u00e8gue Claire Voisin. L&rsquo;apr\u00e8s-midi sera suivie d&rsquo;un ap\u00e9ritif dinatoire, dans la rotonde 16 au cinqui\u00e8me \u00e9tage.\u2026 <a class=\"wp-block-latest-posts__read-more\" href=\"https:\/\/www.imj-prg.fr\/tga\/demi-journee-des-doctorant-e-s-de-lequipe-tga-2024\/\" rel=\"noopener noreferrer\">Lire la suite<span class=\"screen-reader-text\">\u00a0: Demi-Journ\u00e9e des doctorant.e.s de l&rsquo;\u00e9quipe TGA 2024<\/span><\/a><\/div><\/li>\n<li><a class=\"wp-block-latest-posts__post-title\" href=\"https:\/\/www.imj-prg.fr\/tga\/journee-de-lequipe-5-decembre-2023\/\">Journ\u00e9e de l&rsquo;\u00e9quipe &#8211; 5 d\u00e9cembre 2023<\/a><div class=\"wp-block-latest-posts__post-excerpt\">Une journ\u00e9e d&rsquo;\u00e9quipe aura lieu le mardi 5 d\u00e9cembre 2023 apr\u00e8s-midi, sur le campus PRG, dans le b\u00e2timent Sophie Germain, en salle 1013 (contrairement \u00e0 ce qui a \u00e9t\u00e9 annonc\u00e9 pr\u00e9c\u00e9demment !). Programme Les expos\u00e9s auront lieu dans la salle 1013 du b\u00e2timent Sophie Germain, l&rsquo;ap\u00e9ro au septi\u00e8me \u00e9tage du b\u00e2timent dans l&rsquo;espace de convivialit\u00e9.<\/div><\/li>\n<li><a class=\"wp-block-latest-posts__post-title\" href=\"https:\/\/www.imj-prg.fr\/tga\/reunion-dequipe-19-octobre-2023\/\">R\u00e9union d&rsquo;\u00e9quipe &#8211; 19 octobre 2023<\/a><div class=\"wp-block-latest-posts__post-excerpt\">Lors de cette r\u00e9union, l&rsquo;\u00e9quipe a \u00e9lu S\u00e9bastien Boucksom comme responsable d&rsquo;\u00e9quipe et Najib Idrissi comme responsable adjoint. Toute l&rsquo;\u00e9quipe a remerci\u00e9 Muriel Livernet et Cyril Demarche pour leur travail durant les cinq derni\u00e8res ann\u00e9es. Cette r\u00e9union fut \u00e9galement l&rsquo;occasion d&rsquo;accueillir les nouveaux membres de l&rsquo;\u00e9quipe :<\/div><\/li>\n<li><a class=\"wp-block-latest-posts__post-title\" href=\"https:\/\/www.imj-prg.fr\/tga\/journee-des-doctorants-de-lequipe-tga-2023\/\">Journ\u00e9e des doctorants de l&rsquo;\u00e9quipe TGA 2023<\/a><div class=\"wp-block-latest-posts__post-excerpt\">Mardi 13 juin \u00e0 Jussieu, salle 15-16 101<\/div><\/li>\n<\/ul>","protected":false},"excerpt":{"rendered":"<p>\u00c9quipe-projet de l&rsquo;Institut de Math\u00e9matiques de Jussieu-Paris Rive Gauche. Responsable d\u2019\u00e9quipe\u00a0: S\u00e9bastien BoucksomResponsable adjoint\u00a0: Najib IdrissiGestionnaire\u00a0: Mouna Chouch\u00e8ne Pr\u00e9sentation de l\u2019\u00e9quipe TGA r\u00e9dig\u00e9e \u00e0 l&rsquo;occasion des 25 ans de l&rsquo;IMJ-PRG. Derni\u00e8res actualit\u00e9s<\/p>\n","protected":false},"author":1,"featured_media":118,"parent":0,"menu_order":0,"comment_status":"closed","ping_status":"closed","template":"","meta":{"footnotes":""},"class_list":["post-4","page","type-page","status-publish","has-post-thumbnail","hentry"],"_links":{"self":[{"href":"https:\/\/www.imj-prg.fr\/tga\/wp-json\/wp\/v2\/pages\/4","targetHints":{"allow":["GET"]}}],"collection":[{"href":"https:\/\/www.imj-prg.fr\/tga\/wp-json\/wp\/v2\/pages"}],"about":[{"href":"https:\/\/www.imj-prg.fr\/tga\/wp-json\/wp\/v2\/types\/page"}],"author":[{"embeddable":true,"href":"https:\/\/www.imj-prg.fr\/tga\/wp-json\/wp\/v2\/users\/1"}],"replies":[{"embeddable":true,"href":"https:\/\/www.imj-prg.fr\/tga\/wp-json\/wp\/v2\/comments?post=4"}],"version-history":[{"count":47,"href":"https:\/\/www.imj-prg.fr\/tga\/wp-json\/wp\/v2\/pages\/4\/revisions"}],"predecessor-version":[{"id":336,"href":"https:\/\/www.imj-prg.fr\/tga\/wp-json\/wp\/v2\/pages\/4\/revisions\/336"}],"wp:featuredmedia":[{"embeddable":true,"href":"https:\/\/www.imj-prg.fr\/tga\/wp-json\/wp\/v2\/media\/118"}],"wp:attachment":[{"href":"https:\/\/www.imj-prg.fr\/tga\/wp-json\/wp\/v2\/media?parent=4"}],"curies":[{"name":"wp","href":"https:\/\/api.w.org\/{rel}","templated":true}]}}