{"id":17,"date":"2020-12-18T13:10:54","date_gmt":"2020-12-18T12:10:54","guid":{"rendered":"http:\/\/dev.imj-prg.fr\/tn\/?page_id=17"},"modified":"2020-12-18T13:10:54","modified_gmt":"2020-12-18T12:10:54","slug":"anciens-seminaires","status":"publish","type":"page","link":"https:\/\/www.imj-prg.fr\/tn\/?page_id=17","title":{"rendered":"Anciens s\u00e9minaires"},"content":{"rendered":"\n   <script type=\"text\/javascript\" src=\"https:\/\/www.imj-prg.fr\/js\/jquery.tablesorter.min.js\"><\/script>\n\n  \n    <div class=\"well\">\n                 \n     \t                                        \n\t\t<h2><a href ='\/gestion\/evenement\/1'>S\u00e9minaires\n        <\/a><\/h2>\n    <table class=\"table table-striped\">\n\n  <script type=\"text\/javascript\" id=\"js\">$(document).ready(function() {\n\n   $(\"table\").tablesorter({\n     sortList: [[0,0]]\n   });\n   });\n  }); <\/script>\n  <\/table>\n     <table  class=\"tabsem tablesorter table\"> <thead>\n      <tr>\n\t   <th> S\u00e9minaires<\/th>  <th>Responsables<\/th>  <th>Prochain <\/th><th>Prochain(s) intervenant(s)<\/th><th>Date<\/th>\n      <\/tr><\/thead>\n\t                                   \n            \n    \n\t<tr>\n\t<td><a href='\/gestion\/evenement\/affEvenement\/4'>S\u00e9minaire Groupes R\u00e9ductifs et Formes Automorphes<\/a><\/td>\n\t<td>Alexis Bouthier, Francesco Lemma<\/td>\n                  <td>Rel\u00e2che (vacances de P\u00e2ques)<\/td>\n    <td><\/td>\n    <td>20\/04\/2026 10:30 <\/td>\n                                                                              <td><\/td>\n    <td><\/td>\n    <td><\/td>\n  \n\t<\/tr>          \n     \t                                            \n            \n    \n\t<tr>\n\t<td><a href='\/gestion\/evenement\/affEvenement\/70'>S\u00e9minaire Structures alg\u00e9briques ordonn\u00e9es<\/a><\/td>\n\t<td>V. Bagayoko, F. Delon, M. Dickmann, D. Gondard<\/td>\n                                                                                        <td><\/td>\n    <td><\/td>\n    <td><\/td>\n  \n\t<\/tr>          \n     \t       \n    \n\t<tr>\n\t<td><a href='\/gestion\/evenement\/affEvenement\/78'>S\u00e9minaire Groupe d&#039;\u00c9tude sur les Probl\u00e8mes Diophantiens<\/a><\/td>\n\t<td><\/td>\n                                                                                        <td><\/td>\n    <td><\/td>\n    <td><\/td>\n  \n\t<\/tr>          \n     \t       \n    \n\t<tr>\n\t<td><a href='\/gestion\/evenement\/affEvenement\/79'>S\u00e9minaire Autour des cycles alg\u00e9briques<\/a><\/td>\n\t<td>A. Cadoret - F. Charles - J. Fres\u00e1n - M. Morrow<\/td>\n                                                                                        <td><\/td>\n    <td><\/td>\n    <td><\/td>\n  \n\t<\/tr>          \n     \t       \n    \n\t<tr>\n\t<td><a href='\/gestion\/evenement\/affEvenement\/82'>S\u00e9minaire Th\u00e9orie des Nombres<\/a><\/td>\n\t<td>K\u0119stutis \u010cesnavi\u010dius, Marc Hindry, Wieslawa Nizio\u0142, Cathy Swaenepoel<\/td>\n                                                                        <td><\/td>\n    <td>    Ning Guo - Harbin Institute of Technology,\n        <\/td>\n    <td>04\/05\/2026 14:00 <\/td>\n                    \n\t<\/tr>          \n     \t       \n    \n\t<tr>\n\t<td><a href='\/gestion\/evenement\/affEvenement\/91'>S\u00e9minaire Arithmetic Geometry Preprint Seminar<\/a><\/td>\n\t<td>Yves Andr\u00e9, Javier Fres\u00e1n, Wies\u0142awa Nizio\u0142<\/td>\n                                                                              <td>&quot;Holonomic D-cap-modules on rigid analytic spaces&quot; after Bode<\/td>\n    <td>    Raoul Hallopeau - IMJ_PRG,\n        <\/td>\n    <td>06\/05\/2026 16:00 <\/td>\n              \n\t<\/tr>          \n              \n     \t       \n    \n\t<tr>\n\t<td><a href='\/gestion\/evenement\/affEvenement\/108'>S\u00e9minaire CAGe: Combinatorics, Arithmetic and Geometry<\/a><\/td>\n\t<td>Karim Adiprasito, Harald Helfgott, Vasso Petrotou and Arina Voorhaar<\/td>\n                                                                                        <td><\/td>\n    <td><\/td>\n    <td><\/td>\n  \n\t<\/tr>          \n              \n     \t       \n    \n\t<tr>\n\t<td><a href='\/gestion\/evenement\/affEvenement\/112'>S\u00e9minaire ANR Franco-Suisse &quot;Etiene&quot;<\/a><\/td>\n\t<td>Farrell Brumley<\/td>\n                                                                                        <td><\/td>\n    <td><\/td>\n    <td><\/td>\n  \n\t<\/tr>     <\/table>\n<\/div>\n\n   \n    <div class=\"well\">\n                 \n              \n              \n              \n              \n              \n              \n     \t                                        \n\t\t<h2><a href ='\/gestion\/evenement\/2'>Groupes de travail\n        <\/a><\/h2>\n    <table class=\"table table-striped\">\n\n  <script type=\"text\/javascript\" id=\"js\">$(document).ready(function() {\n\n   $(\"table\").tablesorter({\n     sortList: [[0,0]]\n   });\n   });\n  }); <\/script>\n  <\/table>\n     <table  class=\"tabsem tablesorter table\"> <thead>\n      <tr>\n\t   <th> Groupes de travail<\/th>  <th>Responsables<\/th>  <th>Prochain <\/th><th>Prochain(s) intervenant(s)<\/th><th>Date<\/th>\n      <\/tr><\/thead>\n\t                                   \n            \n    \n\t<tr>\n\t<td><a href='\/gestion\/evenement\/affEvenement\/100'>Groupe de travail Formalisme des 6 foncteurs<\/a><\/td>\n\t<td>Gabriel Ribeiro, Benoit Stroh<\/td>\n                                                                                        <td><\/td>\n    <td><\/td>\n    <td><\/td>\n  \n\t<\/tr>          \n              \n     \t                                            \n            \n    \n\t<tr>\n\t<td><a href='\/gestion\/evenement\/affEvenement\/110'>Groupe de travail Id\u00e9al d&#039;Eisenstein et motifs d&#039;Artin<\/a><\/td>\n\t<td>Emmanuel Lecouturier, Lo\u00efc Merel<\/td>\n                                                                                        <td><\/td>\n    <td><\/td>\n    <td><\/td>\n  \n\t<\/tr>          \n         <\/table>\n<\/div>\n\n   \n    <div class=\"well\">\n                 \n              \n              \n              \n              \n              \n              \n              \n              \n              \n         <\/table>\n<\/div>\n\n   \n    <div class=\"well\">\n                 \n              \n              \n              \n              \n              \n              \n              \n              \n              \n         <\/table>\n<\/div>\n\n   \n    <div class=\"well\">\n                 \n              \n              \n              \n              \n              \n              \n              \n              \n              \n         <\/table>\n<\/div>\n\n  \n","protected":false},"excerpt":{"rendered":"","protected":false},"author":1,"featured_media":0,"parent":0,"menu_order":0,"comment_status":"closed","ping_status":"closed","template":"","meta":{"footnotes":""},"class_list":["post-17","page","type-page","status-publish","hentry"],"_links":{"self":[{"href":"https:\/\/www.imj-prg.fr\/tn\/index.php?rest_route=\/wp\/v2\/pages\/17","targetHints":{"allow":["GET"]}}],"collection":[{"href":"https:\/\/www.imj-prg.fr\/tn\/index.php?rest_route=\/wp\/v2\/pages"}],"about":[{"href":"https:\/\/www.imj-prg.fr\/tn\/index.php?rest_route=\/wp\/v2\/types\/page"}],"author":[{"embeddable":true,"href":"https:\/\/www.imj-prg.fr\/tn\/index.php?rest_route=\/wp\/v2\/users\/1"}],"replies":[{"embeddable":true,"href":"https:\/\/www.imj-prg.fr\/tn\/index.php?rest_route=%2Fwp%2Fv2%2Fcomments&post=17"}],"version-history":[{"count":1,"href":"https:\/\/www.imj-prg.fr\/tn\/index.php?rest_route=\/wp\/v2\/pages\/17\/revisions"}],"predecessor-version":[{"id":18,"href":"https:\/\/www.imj-prg.fr\/tn\/index.php?rest_route=\/wp\/v2\/pages\/17\/revisions\/18"}],"wp:attachment":[{"href":"https:\/\/www.imj-prg.fr\/tn\/index.php?rest_route=%2Fwp%2Fv2%2Fmedia&parent=17"}],"curies":[{"name":"wp","href":"https:\/\/api.w.org\/{rel}","templated":true}]}}