{"id":4,"date":"2020-12-15T14:48:39","date_gmt":"2020-12-15T13:48:39","guid":{"rendered":"http:\/\/dev.imj-prg.fr\/tn\/?page_id=4"},"modified":"2026-01-05T11:57:41","modified_gmt":"2026-01-05T10:57:41","slug":"accueil","status":"publish","type":"page","link":"https:\/\/www.imj-prg.fr\/tn\/","title":{"rendered":"Accueil"},"content":{"rendered":"\n<div class=\"wp-block-columns is-layout-flex wp-container-core-columns-is-layout-9d6595d7 wp-block-columns-is-layout-flex\">\n<div class=\"wp-block-column is-layout-flow wp-block-column-is-layout-flow\">\n<div class=\"wp-block-cover\"><video class=\"wp-block-cover__video-background intrinsic-ignore\" autoplay muted loop playsinline src=\"https:\/\/www.imj-prg.fr\/tn\/wp-content\/uploads\/sites\/13\/2024\/01\/Escher.m4v\" data-object-fit=\"cover\"><\/video><span aria-hidden=\"true\" class=\"wp-block-cover__background has-background-dim\"><\/span><div class=\"wp-block-cover__inner-container is-layout-flow wp-block-cover-is-layout-flow\">\n<p class=\"has-text-align-center has-large-font-size\"><\/p>\n<\/div><\/div>\n<\/div>\n\n\n\n<div class=\"wp-block-column is-layout-flow wp-block-column-is-layout-flow\">\n<h2 class=\"wp-block-heading\">Equipe Th\u00e9orie des nombres<\/h2>\n\n\n\n<p><strong>Responsable d\u2019\u00e9quipe\u00a0:<\/strong> <a href=\"http:\/\/javier.fresan.perso.math.cnrs.fr\/\">Javier Fresan<\/a><br><strong>Responsables adjoints\u00a0:<\/strong> Pierre Charollois, Marc Hindry<br><strong>Gestionnaire\u00a0:<\/strong> Kahina Bencheikh<\/p>\n\n\n\n<figure class=\"wp-block-table\"><table><tbody><tr><td>IMJ-PRG &#8211; UMR 7586<br>Sorbonne universit\u00e9<br>Bo\u00eete courrier 247<br>Couloir 15-25 4e \u00e9tage<br>4 place Jussieu<br>75252 Paris Cedex 05<\/td><\/tr><\/tbody><\/table><\/figure>\n\n\n\n<figure class=\"wp-block-table\"><table><tbody><tr><td>IMJ-PRG &#8211; UMR 7586<br>Universit\u00e9 Paris Diderot<br>Bo\u00eete courrier 7012<br>B\u00e2timent Sophie Germain<br>6e \u00e9tage<br>8 Place Aur\u00e9lie Nemours<br>75205 Paris Cedex 13<\/td><\/tr><\/tbody><\/table><\/figure>\n<\/div>\n<\/div>\n","protected":false},"excerpt":{"rendered":"<p>Equipe Th\u00e9orie des nombres Responsable d\u2019\u00e9quipe\u00a0: Javier FresanResponsables adjoints\u00a0: Pierre Charollois, Marc HindryGestionnaire\u00a0: Kahina Bencheikh IMJ-PRG &#8211; UMR 7586Sorbonne universit\u00e9Bo\u00eete courrier 247Couloir 15-25 4e \u00e9tage4 place Jussieu75252 Paris Cedex 05 IMJ-PRG &#8211; UMR 7586Universit\u00e9 Paris DiderotBo\u00eete courrier 7012B\u00e2timent Sophie Germain6e \u00e9tage8 Place Aur\u00e9lie Nemours75205 Paris Cedex 13<\/p>\n","protected":false},"author":1,"featured_media":0,"parent":0,"menu_order":0,"comment_status":"closed","ping_status":"closed","template":"","meta":{"footnotes":""},"class_list":["post-4","page","type-page","status-publish","hentry"],"_links":{"self":[{"href":"https:\/\/www.imj-prg.fr\/tn\/index.php?rest_route=\/wp\/v2\/pages\/4","targetHints":{"allow":["GET"]}}],"collection":[{"href":"https:\/\/www.imj-prg.fr\/tn\/index.php?rest_route=\/wp\/v2\/pages"}],"about":[{"href":"https:\/\/www.imj-prg.fr\/tn\/index.php?rest_route=\/wp\/v2\/types\/page"}],"author":[{"embeddable":true,"href":"https:\/\/www.imj-prg.fr\/tn\/index.php?rest_route=\/wp\/v2\/users\/1"}],"replies":[{"embeddable":true,"href":"https:\/\/www.imj-prg.fr\/tn\/index.php?rest_route=%2Fwp%2Fv2%2Fcomments&post=4"}],"version-history":[{"count":13,"href":"https:\/\/www.imj-prg.fr\/tn\/index.php?rest_route=\/wp\/v2\/pages\/4\/revisions"}],"predecessor-version":[{"id":183,"href":"https:\/\/www.imj-prg.fr\/tn\/index.php?rest_route=\/wp\/v2\/pages\/4\/revisions\/183"}],"wp:attachment":[{"href":"https:\/\/www.imj-prg.fr\/tn\/index.php?rest_route=%2Fwp%2Fv2%2Fmedia&parent=4"}],"curies":[{"name":"wp","href":"https:\/\/api.w.org\/{rel}","templated":true}]}}