{"id":40,"date":"2021-12-07T09:58:29","date_gmt":"2021-12-07T08:58:29","guid":{"rendered":"https:\/\/www.imj-prg.fr\/tn\/?page_id=40"},"modified":"2023-06-22T12:58:32","modified_gmt":"2023-06-22T10:58:32","slug":"colloques-conferences","status":"publish","type":"page","link":"https:\/\/www.imj-prg.fr\/tn\/?page_id=40","title":{"rendered":"Colloques \/ Conf\u00e9rences"},"content":{"rendered":"\n<p class=\"has-text-align-left\"><\/p>\n\n\n\n<ul class=\"has-black-color has-text-color wp-block-list\">\n<li><strong>A Conference in Arithmetic Algebraic Geometry in Memory of Jan Nekov\u00e1\u0159<\/strong>. Le Bois-Marie, Centre de conf\u00e9rences Marylin et James Simons (IHES). 9-13 octobre 2023. <a href=\"https:\/\/indico.math.cnrs.fr\/event\/9977\/\">Page web<\/a>. <\/li>\n\n\n\n<li><strong>Workshop in Arithmetic geometry<\/strong>. Aula Urbano VIII &#8211; Palazzo Argiletum (Roma Tre) Roma. 28 f\u00e9vrier-4 mars 2022. <a rel=\"noreferrer noopener\" href=\"https:\/\/webusers.imj-prg.fr\/~anna.cadoret\/ECOVAFinal2.html\" target=\"_blank\">Page web<\/a>.<\/li>\n\n\n\n<li><strong>Cohomology of varieties<\/strong>. Banach Center, IM PAN Warsaw. 28 mars-1er avril 2022. <a rel=\"noreferrer noopener\" href=\"http:\/\/achinger.impan.pl\/conf2022.html\" data-type=\"URL\" data-id=\"http:\/\/achinger.impan.pl\/conf2022.html\" target=\"_blank\"><mark class=\"has-inline-color has-vivid-cyan-blue-color\">Page web<\/mark><\/a>.<\/li>\n\n\n\n<li><strong>Periods, Motives and Differential Equations: between Arithmetic and Geometry<\/strong>. On the occasion of Yves Andr\u00e9&rsquo;s 60th++ birthday. Institut Henri Poincar\u00e9, 11-15 avril 2022. <a rel=\"noreferrer noopener\" href=\"https:\/\/periodes.sciencesconf.org\" data-type=\"URL\" data-id=\"https:\/\/periodes.sciencesconf.org\" target=\"_blank\"><mark class=\"has-inline-color has-vivid-cyan-blue-color\">Page web<\/mark><\/a>. <\/li>\n\n\n\n<li><strong>Diophantine Geometry and L-functions : Hindry 65<\/strong>. Institut de Math\u00e9matiques de Bordeaux. 26-30 septembre 2020. <a rel=\"noreferrer noopener\" href=\"http:\/\/pazuki.perso.math.cnrs.fr\/Hindry65.html\" data-type=\"URL\" data-id=\"http:\/\/pazuki.perso.math.cnrs.fr\/Hindry65.html\" target=\"_blank\"><mark class=\"has-inline-color has-vivid-cyan-blue-color\">Page web<\/mark><\/a>.<\/li>\n\n\n\n<li><strong>Motives, quadratic forms and arithmetic.<\/strong> \u00c0 l&rsquo;occasion du 64\u00e8me anniversaire de Bruno Kahn. Universit\u00e9 d&rsquo;Artois. 24-28 octobre 2022. <a rel=\"noreferrer noopener\" href=\"https:\/\/indico.math.cnrs.fr\/event\/6044\/\" data-type=\"URL\" data-id=\"https:\/\/indico.math.cnrs.fr\/event\/6044\/\" target=\"_blank\"><mark class=\"has-inline-color has-vivid-cyan-blue-color\">Page web<\/mark><\/a>.<\/li>\n<\/ul>\n\n\n\n<p><\/p>\n","protected":false},"excerpt":{"rendered":"","protected":false},"author":22,"featured_media":0,"parent":0,"menu_order":0,"comment_status":"closed","ping_status":"closed","template":"","meta":{"footnotes":""},"class_list":["post-40","page","type-page","status-publish","hentry"],"_links":{"self":[{"href":"https:\/\/www.imj-prg.fr\/tn\/index.php?rest_route=\/wp\/v2\/pages\/40","targetHints":{"allow":["GET"]}}],"collection":[{"href":"https:\/\/www.imj-prg.fr\/tn\/index.php?rest_route=\/wp\/v2\/pages"}],"about":[{"href":"https:\/\/www.imj-prg.fr\/tn\/index.php?rest_route=\/wp\/v2\/types\/page"}],"author":[{"embeddable":true,"href":"https:\/\/www.imj-prg.fr\/tn\/index.php?rest_route=\/wp\/v2\/users\/22"}],"replies":[{"embeddable":true,"href":"https:\/\/www.imj-prg.fr\/tn\/index.php?rest_route=%2Fwp%2Fv2%2Fcomments&post=40"}],"version-history":[{"count":22,"href":"https:\/\/www.imj-prg.fr\/tn\/index.php?rest_route=\/wp\/v2\/pages\/40\/revisions"}],"predecessor-version":[{"id":79,"href":"https:\/\/www.imj-prg.fr\/tn\/index.php?rest_route=\/wp\/v2\/pages\/40\/revisions\/79"}],"wp:attachment":[{"href":"https:\/\/www.imj-prg.fr\/tn\/index.php?rest_route=%2Fwp%2Fv2%2Fmedia&parent=40"}],"curies":[{"name":"wp","href":"https:\/\/api.w.org\/{rel}","templated":true}]}}